{"id":522,"date":"2013-11-30T00:09:00","date_gmt":"2013-11-29T21:09:00","guid":{"rendered":"https:\/\/rightstuff.eu\/shop\/uncategorized\/13f\/"},"modified":"2025-01-22T01:37:17","modified_gmt":"2025-01-22T00:37:17","slug":"13f","status":"publish","type":"product","link":"https:\/\/rightstuff.eu\/pl\/produkt\/13f\/","title":{"rendered":"P\u0142aska ig\u0142a cieniuj\u0105ca 13F"},"content":{"rendered":"<p>Nawet je\u015bli osoba, kt\u00f3ra nie wie nic o sztuce tatua\u017cu, zobaczy tak\u0105 ig\u0142\u0119, nazwie j\u0105 \"p\u0142ask\u0105\" ze wzgl\u0119du na jej kszta\u0142t. U\u017cywane do wykonywania g\u0119stych pi\u00f3r, nak\u0142adania cienkich linii, wype\u0142niania szkicu lub nak\u0142adania cieni, te ig\u0142y 13F musz\u0105 by\u0107 obecne w\u015br\u00f3d narz\u0119dzi profesjonalisty tatua\u017cu. D\u0142ugo\u015b\u0107 igie\u0142 13F z podstaw\u0105 wynosi 50 mm. W zale\u017cno\u015bci od powy\u017cszego, ig\u0142a dzia\u0142a pod k\u0105tem lub p\u0142asko (pod k\u0105tem ostrym). Za pomoc\u0105 tego narz\u0119dzia mistrz mo\u017ce r\u00f3wnie\u017c rysowa\u0107 w\u0142osy i kr\u00f3tkie linie jednym ruchem. Kiedy artysta pracuje przy u\u017cyciu p\u0142askiej pozycji ig\u0142y, mo\u017ce wykona\u0107 pi\u00f3rkowanie na ca\u0142ej szeroko\u015bci powierzchni, podczas gdy kraw\u0119dzie igie\u0142 s\u0142u\u017c\u0105 do tworzenia linii. Podniesienie igie\u0142 i pozostawienie jednej z nich do pracy jest dobre do rysowania w\u0142os\u00f3w. Mistrz pracuj\u0105cy z tymi ig\u0142ami musi by\u0107 bardzo ostro\u017cny, poniewa\u017c boczne ruchy mog\u0105 prowadzi\u0107 do skalecze\u0144 sk\u00f3ry.<\/p>","protected":false},"excerpt":{"rendered":"<p>50 sztuk\/opakowanie<\/p>","protected":false},"featured_media":28758,"comment_status":"open","ping_status":"closed","template":"","meta":{"site-sidebar-layout":"","site-content-layout":"","ast-site-content-layout":"default","site-content-style":"default","site-sidebar-style":"default","ast-global-header-display":"","ast-banner-title-visibility":"","ast-main-header-display":"","ast-hfb-above-header-display":"","ast-hfb-below-header-display":"","ast-hfb-mobile-header-display":"","site-post-title":"","ast-breadcrumbs-content":"","ast-featured-img":"","footer-sml-layout":"","ast-disable-related-posts":"","theme-transparent-header-meta":"","adv-header-id-meta":"","stick-header-meta":"","header-above-stick-meta":"","header-main-stick-meta":"","header-below-stick-meta":"","astra-migrate-meta-layouts":"default","ast-page-background-enabled":"default","ast-page-background-meta":{"desktop":{"background-color":"var(--ast-global-color-4)","background-image":"","background-repeat":"repeat","background-position":"center center","background-size":"auto","background-attachment":"scroll","background-type":"","background-media":"","overlay-type":"","overlay-color":"","overlay-opacity":"","overlay-gradient":""},"tablet":{"background-color":"","background-image":"","background-repeat":"repeat","background-position":"center center","background-size":"auto","background-attachment":"scroll","background-type":"","background-media":"","overlay-type":"","overlay-color":"","overlay-opacity":"","overlay-gradient":""},"mobile":{"background-color":"","background-image":"","background-repeat":"repeat","background-position":"center center","background-size":"auto","background-attachment":"scroll","background-type":"","background-media":"","overlay-type":"","overlay-color":"","overlay-opacity":"","overlay-gradient":""}},"ast-content-background-meta":{"desktop":{"background-color":"var(--ast-global-color-5)","background-image":"","background-repeat":"repeat","background-position":"center center","background-size":"auto","background-attachment":"scroll","background-type":"","background-media":"","overlay-type":"","overlay-color":"","overlay-opacity":"","overlay-gradient":""},"tablet":{"background-color":"var(--ast-global-color-5)","background-image":"","background-repeat":"repeat","background-position":"center center","background-size":"auto","background-attachment":"scroll","background-type":"","background-media":"","overlay-type":"","overlay-color":"","overlay-opacity":"","overlay-gradient":""},"mobile":{"background-color":"var(--ast-global-color-5)","background-image":"","background-repeat":"repeat","background-position":"center center","background-size":"auto","background-attachment":"scroll","background-type":"","background-media":"","overlay-type":"","overlay-color":"","overlay-opacity":"","overlay-gradient":""}}},"product_brand":[],"product_cat":[26],"product_tag":[81,102,91,92],"class_list":{"0":"post-522","1":"product","2":"type-product","3":"status-publish","4":"has-post-thumbnail","6":"product_cat-flat","7":"product_tag-cartridge-tattoo-needles","8":"product_tag-rotary-tattoo-needles","9":"product_tag-tattoo-equipment","10":"product_tag-tattoo-machines-parts","11":"pa_brand-rightstuff","12":"desktop-align-center","13":"tablet-align-left","14":"mobile-align-left","15":"ast-product-gallery-layout-horizontal-slider","16":"ast-product-gallery-with-no-image","17":"ast-product-tabs-layout-horizontal","19":"first","20":"outofstock","21":"taxable","22":"shipping-taxable","23":"purchasable","24":"product-type-simple"},"_links":{"self":[{"href":"https:\/\/rightstuff.eu\/pl\/wp-json\/wp\/v2\/product\/522","targetHints":{"allow":["GET"]}}],"collection":[{"href":"https:\/\/rightstuff.eu\/pl\/wp-json\/wp\/v2\/product"}],"about":[{"href":"https:\/\/rightstuff.eu\/pl\/wp-json\/wp\/v2\/types\/product"}],"replies":[{"embeddable":true,"href":"https:\/\/rightstuff.eu\/pl\/wp-json\/wp\/v2\/comments?post=522"}],"version-history":[{"count":0,"href":"https:\/\/rightstuff.eu\/pl\/wp-json\/wp\/v2\/product\/522\/revisions"}],"wp:featuredmedia":[{"embeddable":true,"href":"https:\/\/rightstuff.eu\/pl\/wp-json\/wp\/v2\/media\/28758"}],"wp:attachment":[{"href":"https:\/\/rightstuff.eu\/pl\/wp-json\/wp\/v2\/media?parent=522"}],"wp:term":[{"taxonomy":"product_brand","embeddable":true,"href":"https:\/\/rightstuff.eu\/pl\/wp-json\/wp\/v2\/product_brand?post=522"},{"taxonomy":"product_cat","embeddable":true,"href":"https:\/\/rightstuff.eu\/pl\/wp-json\/wp\/v2\/product_cat?post=522"},{"taxonomy":"product_tag","embeddable":true,"href":"https:\/\/rightstuff.eu\/pl\/wp-json\/wp\/v2\/product_tag?post=522"}],"curies":[{"name":"wp","href":"https:\/\/api.w.org\/{rel}","templated":true}]}}