{"id":521,"date":"2013-11-30T00:08:00","date_gmt":"2013-11-29T21:08:00","guid":{"rendered":"https:\/\/rightstuff.eu\/shop\/uncategorized\/11f\/"},"modified":"2025-01-22T01:37:18","modified_gmt":"2025-01-22T00:37:18","slug":"11f","status":"publish","type":"product","link":"https:\/\/rightstuff.eu\/pl\/produkt\/11f\/","title":{"rendered":"P\u0142aska ig\u0142a cieniuj\u0105ca 11F"},"content":{"rendered":"<p>Ostatnio na rynku pojawi\u0142y si\u0119 p\u0142askie ig\u0142y lutowane w jednym zestawie. Znacznie przyspieszaj\u0105 one proces pracy i pozwalaj\u0105 na r\u00f3wnomierne na\u0142o\u017cenie farby pod sk\u00f3r\u0119. Je\u015bli na wra\u017cliwych obszarach tworzony jest ma\u0142y wz\u00f3r, kontur jest nak\u0142adany za pomoc\u0105 jednej, maksymalnie trzech igie\u0142. Podczas pracy z ig\u0142ami potrzebna jest pot\u0119\u017cna maszyna. Urz\u0105dzenia typu rotorowego, cho\u0107 s\u0105 mniej wydajne ni\u017c indukcyjne <a href=\"https:\/\/rightstuff.eu\/product-category\/tattoo-machines\/\">maszyny do tatua\u017cu<\/a> s\u0105 preferowane podczas pracy z tego typu materia\u0142ami. Ka\u017cdy profesjonalny mistrz wykonuj\u0105cy tatua\u017c u\u017cywa okre\u015blonych igie\u0142, w tym okr\u0105g\u0142ych i p\u0142askich. Podczas gdy okr\u0105g\u0142e ig\u0142y s\u0142u\u017c\u0105 g\u0142\u00f3wnie do tworzenia kontur\u00f3w i \"pisania\" czego\u015b na sk\u00f3rze, p\u0142askie ig\u0142y do tatua\u017cu 11F, kt\u00f3re s\u0105 p\u00f3\u017aniej u\u017cywane do pracy, s\u0142u\u017c\u0105 do cieniowania i malowania tych obraz\u00f3w. Te p\u0142askie ig\u0142y s\u0105 umieszczone w jednej p\u0142aszczy\u017anie i przyspawane w jednym rz\u0119dzie. Wysokiej jako\u015bci sterylne ig\u0142y (o \u015brednicy 0,35 mm) doskonale nadaj\u0105 si\u0119 do p\u0142ynnych przej\u015b\u0107 i p\u00f3\u0142ton\u00f3w.<\/p>","protected":false},"excerpt":{"rendered":"<p>50 sztuk\/opakowanie<\/p>","protected":false},"featured_media":28757,"comment_status":"open","ping_status":"closed","template":"","meta":{"site-sidebar-layout":"","site-content-layout":"","ast-site-content-layout":"default","site-content-style":"default","site-sidebar-style":"default","ast-global-header-display":"","ast-banner-title-visibility":"","ast-main-header-display":"","ast-hfb-above-header-display":"","ast-hfb-below-header-display":"","ast-hfb-mobile-header-display":"","site-post-title":"","ast-breadcrumbs-content":"","ast-featured-img":"","footer-sml-layout":"","ast-disable-related-posts":"","theme-transparent-header-meta":"","adv-header-id-meta":"","stick-header-meta":"","header-above-stick-meta":"","header-main-stick-meta":"","header-below-stick-meta":"","astra-migrate-meta-layouts":"default","ast-page-background-enabled":"default","ast-page-background-meta":{"desktop":{"background-color":"var(--ast-global-color-4)","background-image":"","background-repeat":"repeat","background-position":"center center","background-size":"auto","background-attachment":"scroll","background-type":"","background-media":"","overlay-type":"","overlay-color":"","overlay-opacity":"","overlay-gradient":""},"tablet":{"background-color":"","background-image":"","background-repeat":"repeat","background-position":"center center","background-size":"auto","background-attachment":"scroll","background-type":"","background-media":"","overlay-type":"","overlay-color":"","overlay-opacity":"","overlay-gradient":""},"mobile":{"background-color":"","background-image":"","background-repeat":"repeat","background-position":"center center","background-size":"auto","background-attachment":"scroll","background-type":"","background-media":"","overlay-type":"","overlay-color":"","overlay-opacity":"","overlay-gradient":""}},"ast-content-background-meta":{"desktop":{"background-color":"var(--ast-global-color-5)","background-image":"","background-repeat":"repeat","background-position":"center center","background-size":"auto","background-attachment":"scroll","background-type":"","background-media":"","overlay-type":"","overlay-color":"","overlay-opacity":"","overlay-gradient":""},"tablet":{"background-color":"var(--ast-global-color-5)","background-image":"","background-repeat":"repeat","background-position":"center center","background-size":"auto","background-attachment":"scroll","background-type":"","background-media":"","overlay-type":"","overlay-color":"","overlay-opacity":"","overlay-gradient":""},"mobile":{"background-color":"var(--ast-global-color-5)","background-image":"","background-repeat":"repeat","background-position":"center center","background-size":"auto","background-attachment":"scroll","background-type":"","background-media":"","overlay-type":"","overlay-color":"","overlay-opacity":"","overlay-gradient":""}}},"product_brand":[],"product_cat":[26],"product_tag":[81,102,91,92],"class_list":{"0":"post-521","1":"product","2":"type-product","3":"status-publish","4":"has-post-thumbnail","6":"product_cat-flat","7":"product_tag-cartridge-tattoo-needles","8":"product_tag-rotary-tattoo-needles","9":"product_tag-tattoo-equipment","10":"product_tag-tattoo-machines-parts","11":"pa_brand-rightstuff","12":"desktop-align-center","13":"tablet-align-left","14":"mobile-align-left","15":"ast-product-gallery-layout-horizontal-slider","16":"ast-product-gallery-with-no-image","17":"ast-product-tabs-layout-horizontal","19":"first","20":"outofstock","21":"taxable","22":"shipping-taxable","23":"purchasable","24":"product-type-simple"},"_links":{"self":[{"href":"https:\/\/rightstuff.eu\/pl\/wp-json\/wp\/v2\/product\/521","targetHints":{"allow":["GET"]}}],"collection":[{"href":"https:\/\/rightstuff.eu\/pl\/wp-json\/wp\/v2\/product"}],"about":[{"href":"https:\/\/rightstuff.eu\/pl\/wp-json\/wp\/v2\/types\/product"}],"replies":[{"embeddable":true,"href":"https:\/\/rightstuff.eu\/pl\/wp-json\/wp\/v2\/comments?post=521"}],"version-history":[{"count":0,"href":"https:\/\/rightstuff.eu\/pl\/wp-json\/wp\/v2\/product\/521\/revisions"}],"wp:featuredmedia":[{"embeddable":true,"href":"https:\/\/rightstuff.eu\/pl\/wp-json\/wp\/v2\/media\/28757"}],"wp:attachment":[{"href":"https:\/\/rightstuff.eu\/pl\/wp-json\/wp\/v2\/media?parent=521"}],"wp:term":[{"taxonomy":"product_brand","embeddable":true,"href":"https:\/\/rightstuff.eu\/pl\/wp-json\/wp\/v2\/product_brand?post=521"},{"taxonomy":"product_cat","embeddable":true,"href":"https:\/\/rightstuff.eu\/pl\/wp-json\/wp\/v2\/product_cat?post=521"},{"taxonomy":"product_tag","embeddable":true,"href":"https:\/\/rightstuff.eu\/pl\/wp-json\/wp\/v2\/product_tag?post=521"}],"curies":[{"name":"wp","href":"https:\/\/api.w.org\/{rel}","templated":true}]}}