{"id":519,"date":"2013-11-30T00:00:00","date_gmt":"2013-11-29T21:00:00","guid":{"rendered":"https:\/\/rightstuff.eu\/shop\/uncategorized\/7f\/"},"modified":"2025-01-22T01:37:18","modified_gmt":"2025-01-22T00:37:18","slug":"7f","status":"publish","type":"product","link":"https:\/\/rightstuff.eu\/pl\/produkt\/7f\/","title":{"rendered":"P\u0142aska ig\u0142a cieniuj\u0105ca 7F"},"content":{"rendered":"<p>Aby tatua\u017c wygl\u0105da\u0142 profesjonalnie, tj. pi\u0119knie i bardzo realistycznie, artysta musi zawsze kupowa\u0107 tylko <a href=\"https:\/\/rightstuff.eu\/product-tag\/tattoo-supplies\/\">odpowiedni sprz\u0119t<\/a>. Maszynki do tatua\u017cu i ig\u0142y musz\u0105 by\u0107 wykonane z wysokiej jako\u015bci materia\u0142\u00f3w i przez zaufanego producenta. Mistrzowie tatua\u017cu u\u017cywaj\u0105 podwi\u0105zanych igie\u0142 stalowych, niklowych lub platynowych. Mistrz pracuj\u0105cy z tatua\u017cami powinien zawsze mie\u0107 te ig\u0142y w nadmiarze i by\u0107 gotowy na ka\u017cd\u0105 zachciank\u0119 klienta. Dlatego arty\u015bci tatua\u017cu powinni lepiej zamawia\u0107 online p\u0142askie ig\u0142y do tatua\u017cu, kt\u00f3rych mog\u0105 potrzebowa\u0107. Cho\u0107 oferowany towar ma bardzo d\u0142ug\u0105 \u017cywotno\u015b\u0107, czasem zdarza si\u0119, \u017ce ulega z\u0142amaniu. Aby nie traci\u0107 czasu na szukanie odpowiedniego rodzaju igie\u0142, mistrz tatua\u017cu musi mie\u0107 pod r\u0119k\u0105 te przydatne jednostki. Ig\u0142y 7F daj\u0105 \u015bwietn\u0105 jako\u015b\u0107 cieniowania, mi\u0119kko\u015b\u0107 cieniowania i p\u0142ynno\u015b\u0107 przej\u015b\u0107 obrazu tatua\u017cu. Makija\u017c permanentny jest r\u00f3wnie\u017c wykonywany przy ich u\u017cyciu. \u015arednica ig\u0142y wynosi 0,35 mm, a jej d\u0142ugo\u015b\u0107 z podstaw\u0105 si\u0119ga 50 mm. D\u0142ugo\u015b\u0107 samej ig\u0142y wynosi 15 mm.<\/p>","protected":false},"excerpt":{"rendered":"<p>50 sztuk\/opakowanie<\/p>","protected":false},"featured_media":1173,"comment_status":"open","ping_status":"closed","template":"","meta":{"site-sidebar-layout":"","site-content-layout":"","ast-site-content-layout":"default","site-content-style":"default","site-sidebar-style":"default","ast-global-header-display":"","ast-banner-title-visibility":"","ast-main-header-display":"","ast-hfb-above-header-display":"","ast-hfb-below-header-display":"","ast-hfb-mobile-header-display":"","site-post-title":"","ast-breadcrumbs-content":"","ast-featured-img":"","footer-sml-layout":"","ast-disable-related-posts":"","theme-transparent-header-meta":"","adv-header-id-meta":"","stick-header-meta":"","header-above-stick-meta":"","header-main-stick-meta":"","header-below-stick-meta":"","astra-migrate-meta-layouts":"default","ast-page-background-enabled":"default","ast-page-background-meta":{"desktop":{"background-color":"var(--ast-global-color-4)","background-image":"","background-repeat":"repeat","background-position":"center center","background-size":"auto","background-attachment":"scroll","background-type":"","background-media":"","overlay-type":"","overlay-color":"","overlay-opacity":"","overlay-gradient":""},"tablet":{"background-color":"","background-image":"","background-repeat":"repeat","background-position":"center center","background-size":"auto","background-attachment":"scroll","background-type":"","background-media":"","overlay-type":"","overlay-color":"","overlay-opacity":"","overlay-gradient":""},"mobile":{"background-color":"","background-image":"","background-repeat":"repeat","background-position":"center center","background-size":"auto","background-attachment":"scroll","background-type":"","background-media":"","overlay-type":"","overlay-color":"","overlay-opacity":"","overlay-gradient":""}},"ast-content-background-meta":{"desktop":{"background-color":"var(--ast-global-color-5)","background-image":"","background-repeat":"repeat","background-position":"center center","background-size":"auto","background-attachment":"scroll","background-type":"","background-media":"","overlay-type":"","overlay-color":"","overlay-opacity":"","overlay-gradient":""},"tablet":{"background-color":"var(--ast-global-color-5)","background-image":"","background-repeat":"repeat","background-position":"center center","background-size":"auto","background-attachment":"scroll","background-type":"","background-media":"","overlay-type":"","overlay-color":"","overlay-opacity":"","overlay-gradient":""},"mobile":{"background-color":"var(--ast-global-color-5)","background-image":"","background-repeat":"repeat","background-position":"center center","background-size":"auto","background-attachment":"scroll","background-type":"","background-media":"","overlay-type":"","overlay-color":"","overlay-opacity":"","overlay-gradient":""}}},"product_brand":[],"product_cat":[26],"product_tag":[81,102,91,92],"class_list":{"0":"post-519","1":"product","2":"type-product","3":"status-publish","4":"has-post-thumbnail","6":"product_cat-flat","7":"product_tag-cartridge-tattoo-needles","8":"product_tag-rotary-tattoo-needles","9":"product_tag-tattoo-equipment","10":"product_tag-tattoo-machines-parts","11":"pa_brand-rightstuff","12":"desktop-align-center","13":"tablet-align-left","14":"mobile-align-left","15":"ast-product-gallery-layout-horizontal-slider","16":"ast-product-gallery-with-no-image","17":"ast-product-tabs-layout-horizontal","19":"first","20":"outofstock","21":"taxable","22":"shipping-taxable","23":"purchasable","24":"product-type-simple"},"_links":{"self":[{"href":"https:\/\/rightstuff.eu\/pl\/wp-json\/wp\/v2\/product\/519","targetHints":{"allow":["GET"]}}],"collection":[{"href":"https:\/\/rightstuff.eu\/pl\/wp-json\/wp\/v2\/product"}],"about":[{"href":"https:\/\/rightstuff.eu\/pl\/wp-json\/wp\/v2\/types\/product"}],"replies":[{"embeddable":true,"href":"https:\/\/rightstuff.eu\/pl\/wp-json\/wp\/v2\/comments?post=519"}],"version-history":[{"count":0,"href":"https:\/\/rightstuff.eu\/pl\/wp-json\/wp\/v2\/product\/519\/revisions"}],"wp:featuredmedia":[{"embeddable":true,"href":"https:\/\/rightstuff.eu\/pl\/wp-json\/wp\/v2\/media\/1173"}],"wp:attachment":[{"href":"https:\/\/rightstuff.eu\/pl\/wp-json\/wp\/v2\/media?parent=519"}],"wp:term":[{"taxonomy":"product_brand","embeddable":true,"href":"https:\/\/rightstuff.eu\/pl\/wp-json\/wp\/v2\/product_brand?post=519"},{"taxonomy":"product_cat","embeddable":true,"href":"https:\/\/rightstuff.eu\/pl\/wp-json\/wp\/v2\/product_cat?post=519"},{"taxonomy":"product_tag","embeddable":true,"href":"https:\/\/rightstuff.eu\/pl\/wp-json\/wp\/v2\/product_tag?post=519"}],"curies":[{"name":"wp","href":"https:\/\/api.w.org\/{rel}","templated":true}]}}