{"id":518,"date":"2013-11-23T19:00:00","date_gmt":"2013-11-23T18:00:00","guid":{"rendered":"https:\/\/rightstuff.eu\/shop\/uncategorized\/18rl\/"},"modified":"2025-01-22T01:37:19","modified_gmt":"2025-01-22T00:37:19","slug":"18rl","status":"publish","type":"product","link":"https:\/\/rightstuff.eu\/pl\/produkt\/18rl\/","title":{"rendered":"Ig\u0142a okr\u0105g\u0142a 18RL"},"content":{"rendered":"<p>W dzisiejszych czasach tatua\u017c zaczyna anga\u017cowa\u0107 ka\u017cdego, kto nie jest zbyt leniwy - po rozczarowaniu lat 2000, zwi\u0105zanym z pojawieniem si\u0119 ogromnej liczby studi\u00f3w wysokiej jako\u015bci, teraz do tatua\u017cu przychodz\u0105 setki naprawd\u0119 utalentowanych projektant\u00f3w i artyst\u00f3w. Jednocze\u015bnie, \"nurkuj\u0105c\" w \u015bwiecie tatua\u017cu, nie porzucaj\u0105 swoich zwyk\u0142ych zawod\u00f3w. Wraz z projektowaniem, malowaniem lub, na przyk\u0142ad, graffiti, tatua\u017c zaczyna by\u0107 postrzegany jako kolejna metoda wyra\u017cania siebie. Je\u015bli wcze\u015bniej tatua\u017c by\u0142 opanowany przez lata jako rzemios\u0142o, teraz mo\u017cesz spotka\u0107 artyst\u00f3w tatua\u017cu z 2, a nawet 3 wysokimi specjalnymi wykszta\u0142ceniami. Tworz\u0105 oni prawdziwe arcydzie\u0142a na sk\u00f3rze swoich klient\u00f3w, nie tylko pod\u0105\u017caj\u0105c za ich kaprysami, ale tak\u017ce oferuj\u0105c im w\u0142asne pomys\u0142y. Mog\u0105 na przyk\u0142ad zaproponowa\u0107 osobie przychodz\u0105cej do studia w celu wykonania tatua\u017cu, aby nada\u0107 mu specjalny znak na ramieniu, ramieniu lub biodrze. Wyja\u015bni\u0105 znaczenie znaku, a nawet powiedz\u0105 klientowi, jak mo\u017ce on wp\u0142yn\u0105\u0107 na jego \u017cycie. Te znaki i tatua\u017ce z liniami ci\u0105g\u0142ymi s\u0105 wykonywane za pomoc\u0105 igie\u0142 18 RL. S\u0105 one cienkie (0,35 mm \u015brednicy), ostre (1,5 mm zaostrzenia), a proces tatuowania nie sprawia klientowi b\u00f3lu.<\/p>","protected":false},"excerpt":{"rendered":"<p>50 sztuk\/opakowanie<\/p>","protected":false},"featured_media":28755,"comment_status":"open","ping_status":"closed","template":"","meta":{"site-sidebar-layout":"","site-content-layout":"","ast-site-content-layout":"default","site-content-style":"default","site-sidebar-style":"default","ast-global-header-display":"","ast-banner-title-visibility":"","ast-main-header-display":"","ast-hfb-above-header-display":"","ast-hfb-below-header-display":"","ast-hfb-mobile-header-display":"","site-post-title":"","ast-breadcrumbs-content":"","ast-featured-img":"","footer-sml-layout":"","ast-disable-related-posts":"","theme-transparent-header-meta":"","adv-header-id-meta":"","stick-header-meta":"","header-above-stick-meta":"","header-main-stick-meta":"","header-below-stick-meta":"","astra-migrate-meta-layouts":"default","ast-page-background-enabled":"default","ast-page-background-meta":{"desktop":{"background-color":"var(--ast-global-color-4)","background-image":"","background-repeat":"repeat","background-position":"center center","background-size":"auto","background-attachment":"scroll","background-type":"","background-media":"","overlay-type":"","overlay-color":"","overlay-opacity":"","overlay-gradient":""},"tablet":{"background-color":"","background-image":"","background-repeat":"repeat","background-position":"center center","background-size":"auto","background-attachment":"scroll","background-type":"","background-media":"","overlay-type":"","overlay-color":"","overlay-opacity":"","overlay-gradient":""},"mobile":{"background-color":"","background-image":"","background-repeat":"repeat","background-position":"center center","background-size":"auto","background-attachment":"scroll","background-type":"","background-media":"","overlay-type":"","overlay-color":"","overlay-opacity":"","overlay-gradient":""}},"ast-content-background-meta":{"desktop":{"background-color":"var(--ast-global-color-5)","background-image":"","background-repeat":"repeat","background-position":"center center","background-size":"auto","background-attachment":"scroll","background-type":"","background-media":"","overlay-type":"","overlay-color":"","overlay-opacity":"","overlay-gradient":""},"tablet":{"background-color":"var(--ast-global-color-5)","background-image":"","background-repeat":"repeat","background-position":"center center","background-size":"auto","background-attachment":"scroll","background-type":"","background-media":"","overlay-type":"","overlay-color":"","overlay-opacity":"","overlay-gradient":""},"mobile":{"background-color":"var(--ast-global-color-5)","background-image":"","background-repeat":"repeat","background-position":"center center","background-size":"auto","background-attachment":"scroll","background-type":"","background-media":"","overlay-type":"","overlay-color":"","overlay-opacity":"","overlay-gradient":""}}},"product_brand":[],"product_cat":[25],"product_tag":[81,102,91,92],"class_list":{"0":"post-518","1":"product","2":"type-product","3":"status-publish","4":"has-post-thumbnail","6":"product_cat-round-liner","7":"product_tag-cartridge-tattoo-needles","8":"product_tag-rotary-tattoo-needles","9":"product_tag-tattoo-equipment","10":"product_tag-tattoo-machines-parts","11":"pa_brand-rightstuff","12":"desktop-align-center","13":"tablet-align-left","14":"mobile-align-left","15":"ast-product-gallery-layout-horizontal-slider","16":"ast-product-gallery-with-no-image","17":"ast-product-tabs-layout-horizontal","19":"first","20":"outofstock","21":"taxable","22":"shipping-taxable","23":"purchasable","24":"product-type-simple"},"_links":{"self":[{"href":"https:\/\/rightstuff.eu\/pl\/wp-json\/wp\/v2\/product\/518","targetHints":{"allow":["GET"]}}],"collection":[{"href":"https:\/\/rightstuff.eu\/pl\/wp-json\/wp\/v2\/product"}],"about":[{"href":"https:\/\/rightstuff.eu\/pl\/wp-json\/wp\/v2\/types\/product"}],"replies":[{"embeddable":true,"href":"https:\/\/rightstuff.eu\/pl\/wp-json\/wp\/v2\/comments?post=518"}],"version-history":[{"count":0,"href":"https:\/\/rightstuff.eu\/pl\/wp-json\/wp\/v2\/product\/518\/revisions"}],"wp:featuredmedia":[{"embeddable":true,"href":"https:\/\/rightstuff.eu\/pl\/wp-json\/wp\/v2\/media\/28755"}],"wp:attachment":[{"href":"https:\/\/rightstuff.eu\/pl\/wp-json\/wp\/v2\/media?parent=518"}],"wp:term":[{"taxonomy":"product_brand","embeddable":true,"href":"https:\/\/rightstuff.eu\/pl\/wp-json\/wp\/v2\/product_brand?post=518"},{"taxonomy":"product_cat","embeddable":true,"href":"https:\/\/rightstuff.eu\/pl\/wp-json\/wp\/v2\/product_cat?post=518"},{"taxonomy":"product_tag","embeddable":true,"href":"https:\/\/rightstuff.eu\/pl\/wp-json\/wp\/v2\/product_tag?post=518"}],"curies":[{"name":"wp","href":"https:\/\/api.w.org\/{rel}","templated":true}]}}