{"id":517,"date":"2013-11-23T22:54:00","date_gmt":"2013-11-23T19:54:00","guid":{"rendered":"https:\/\/rightstuff.eu\/shop\/uncategorized\/15rl\/"},"modified":"2025-01-22T01:37:18","modified_gmt":"2025-01-22T00:37:18","slug":"15rl","status":"publish","type":"product","link":"https:\/\/rightstuff.eu\/pl\/produkt\/15rl\/","title":{"rendered":"Ig\u0142a okr\u0105g\u0142a 15RL"},"content":{"rendered":"<p>Niekt\u00f3rzy uwa\u017caj\u0105, \u017ce mistrz tatua\u017cu to po prostu osoba, kt\u00f3ra pracuje \"mechanicznie\", pokrywaj\u0105c obszary sk\u00f3ry trwa\u0142ymi obrazami. Tymczasem profesjonalista nigdy nie wykonuje swojej \"pracy\" - on j\u0105 tworzy. Oznacza to, \u017ce wykorzystuje ca\u0142\u0105 swoj\u0105 tw\u00f3rcz\u0105 aktywno\u015b\u0107 i <a href=\"https:\/\/rightstuff.eu\/product-tag\/tattoo-supplies\/\">jego sprz\u0119t<\/a> - ig\u0142y, maszynka do tatua\u017cu, tusz tylko mu w tym pomog\u0105. Oczywi\u015bcie praca tatua\u017cysty zale\u017cy bezpo\u015brednio od jako\u015bci ig\u0142y. Nak\u0142uwa on g\u00f3rn\u0105 warstw\u0119 sk\u00f3ry klienta, aby wstrzykn\u0105\u0107 przez ni\u0105 pigment. Ig\u0142y do tatua\u017cu maj\u0105 r\u00f3\u017cne ostrza i \u015brednice. Wi\u0119kszo\u015b\u0107 igie\u0142 Round liner ma \u015brednic\u0119 0,35 mm i ostrzenie 1,5 mm. Okr\u0105g\u0142e ig\u0142y liner 15RL z d\u0142ugim ostrzem \u015bwietnie nadaj\u0105 si\u0119 do rysowania kontur\u00f3w i linii. Podczas lutowania ig\u0142y s\u0105 ciasno wi\u0105zane na ko\u0144cu. Im wi\u0119ksza wi\u0105zka igie\u0142, tym grubsza linia konturu. Ig\u0142y 15RL s\u0105 idealne do tworzenia obraz\u00f3w natury, \"pisania\" du\u017cych hase\u0142 na sk\u00f3rze, tworzenia obraz\u00f3w niekt\u00f3rych krajobraz\u00f3w.<\/p>","protected":false},"excerpt":{"rendered":"<p>50 sztuk\/opakowanie<\/p>","protected":false},"featured_media":28754,"comment_status":"open","ping_status":"closed","template":"","meta":{"site-sidebar-layout":"","site-content-layout":"","ast-site-content-layout":"default","site-content-style":"default","site-sidebar-style":"default","ast-global-header-display":"","ast-banner-title-visibility":"","ast-main-header-display":"","ast-hfb-above-header-display":"","ast-hfb-below-header-display":"","ast-hfb-mobile-header-display":"","site-post-title":"","ast-breadcrumbs-content":"","ast-featured-img":"","footer-sml-layout":"","ast-disable-related-posts":"","theme-transparent-header-meta":"","adv-header-id-meta":"","stick-header-meta":"","header-above-stick-meta":"","header-main-stick-meta":"","header-below-stick-meta":"","astra-migrate-meta-layouts":"default","ast-page-background-enabled":"default","ast-page-background-meta":{"desktop":{"background-color":"var(--ast-global-color-4)","background-image":"","background-repeat":"repeat","background-position":"center center","background-size":"auto","background-attachment":"scroll","background-type":"","background-media":"","overlay-type":"","overlay-color":"","overlay-opacity":"","overlay-gradient":""},"tablet":{"background-color":"","background-image":"","background-repeat":"repeat","background-position":"center center","background-size":"auto","background-attachment":"scroll","background-type":"","background-media":"","overlay-type":"","overlay-color":"","overlay-opacity":"","overlay-gradient":""},"mobile":{"background-color":"","background-image":"","background-repeat":"repeat","background-position":"center center","background-size":"auto","background-attachment":"scroll","background-type":"","background-media":"","overlay-type":"","overlay-color":"","overlay-opacity":"","overlay-gradient":""}},"ast-content-background-meta":{"desktop":{"background-color":"var(--ast-global-color-5)","background-image":"","background-repeat":"repeat","background-position":"center center","background-size":"auto","background-attachment":"scroll","background-type":"","background-media":"","overlay-type":"","overlay-color":"","overlay-opacity":"","overlay-gradient":""},"tablet":{"background-color":"var(--ast-global-color-5)","background-image":"","background-repeat":"repeat","background-position":"center center","background-size":"auto","background-attachment":"scroll","background-type":"","background-media":"","overlay-type":"","overlay-color":"","overlay-opacity":"","overlay-gradient":""},"mobile":{"background-color":"var(--ast-global-color-5)","background-image":"","background-repeat":"repeat","background-position":"center center","background-size":"auto","background-attachment":"scroll","background-type":"","background-media":"","overlay-type":"","overlay-color":"","overlay-opacity":"","overlay-gradient":""}}},"product_brand":[],"product_cat":[25],"product_tag":[81,102,91,92],"class_list":{"0":"post-517","1":"product","2":"type-product","3":"status-publish","4":"has-post-thumbnail","6":"product_cat-round-liner","7":"product_tag-cartridge-tattoo-needles","8":"product_tag-rotary-tattoo-needles","9":"product_tag-tattoo-equipment","10":"product_tag-tattoo-machines-parts","11":"pa_brand-rightstuff","12":"desktop-align-center","13":"tablet-align-left","14":"mobile-align-left","15":"ast-product-gallery-layout-horizontal-slider","16":"ast-product-gallery-with-no-image","17":"ast-product-tabs-layout-horizontal","19":"first","20":"outofstock","21":"taxable","22":"shipping-taxable","23":"purchasable","24":"product-type-simple"},"_links":{"self":[{"href":"https:\/\/rightstuff.eu\/pl\/wp-json\/wp\/v2\/product\/517","targetHints":{"allow":["GET"]}}],"collection":[{"href":"https:\/\/rightstuff.eu\/pl\/wp-json\/wp\/v2\/product"}],"about":[{"href":"https:\/\/rightstuff.eu\/pl\/wp-json\/wp\/v2\/types\/product"}],"replies":[{"embeddable":true,"href":"https:\/\/rightstuff.eu\/pl\/wp-json\/wp\/v2\/comments?post=517"}],"version-history":[{"count":0,"href":"https:\/\/rightstuff.eu\/pl\/wp-json\/wp\/v2\/product\/517\/revisions"}],"wp:featuredmedia":[{"embeddable":true,"href":"https:\/\/rightstuff.eu\/pl\/wp-json\/wp\/v2\/media\/28754"}],"wp:attachment":[{"href":"https:\/\/rightstuff.eu\/pl\/wp-json\/wp\/v2\/media?parent=517"}],"wp:term":[{"taxonomy":"product_brand","embeddable":true,"href":"https:\/\/rightstuff.eu\/pl\/wp-json\/wp\/v2\/product_brand?post=517"},{"taxonomy":"product_cat","embeddable":true,"href":"https:\/\/rightstuff.eu\/pl\/wp-json\/wp\/v2\/product_cat?post=517"},{"taxonomy":"product_tag","embeddable":true,"href":"https:\/\/rightstuff.eu\/pl\/wp-json\/wp\/v2\/product_tag?post=517"}],"curies":[{"name":"wp","href":"https:\/\/api.w.org\/{rel}","templated":true}]}}