{"id":516,"date":"2013-11-23T19:51:00","date_gmt":"2013-11-23T16:51:00","guid":{"rendered":"https:\/\/rightstuff.eu\/shop\/uncategorized\/14rl\/"},"modified":"2025-01-22T01:37:19","modified_gmt":"2025-01-22T00:37:19","slug":"14rl","status":"publish","type":"product","link":"https:\/\/rightstuff.eu\/pl\/produkt\/14rl\/","title":{"rendered":"Ig\u0142a okr\u0105g\u0142a 14RL"},"content":{"rendered":"<p>Dzi\u015b tatua\u017c zmienia swoje miejsce we wsp\u00f3\u0142czesnej kulturze i zmienia si\u0119 z \"subkulturowej\" sztuki w prawdziw\u0105 sztuk\u0119 dla szerszej publiczno\u015bci, cz\u0119sto rysowan\u0105 przez artyst\u00f3w i projektant\u00f3w odzie\u017cy. Tatua\u017c zyska\u0142 na znaczeniu we wsp\u00f3\u0142czesnej kulturze. Na przyk\u0142ad, w por\u00f3wnaniu z pocz\u0105tkiem ubieg\u0142ego wieku, zwi\u0105zek mi\u0119dzy tatua\u017cem a mod\u0105 staje si\u0119 dwukierunkowy: tatua\u017c i jego j\u0119zyk wizualny wp\u0142ywaj\u0105 dzi\u015b na mod\u0119 i design i odwrotnie. Dzi\u015b tatua\u017ce staj\u0105 si\u0119 r\u00f3wnorz\u0119dnym zjawiskiem szerszej kultury, kt\u00f3ra obejmuje t\u0119 sam\u0105 mod\u0119, graffiti, design i tak dalej. Projekt tatua\u017cy mo\u017cna analizowa\u0107 w kontek\u015bcie preferencji stylistycznych czasu, miejsca lub okre\u015blonego kontyngentu ludzi. Wsp\u00f3\u0142cze\u015bni arty\u015bci pracuj\u0105cy indywidualnie lub w salonach tatua\u017cu zawsze potrzebuj\u0105 solidnych kontur\u00f3w podczas tworzenia obraz\u00f3w sk\u00f3ry. Najlepsze do tego celu s\u0105 ig\u0142y 14RL. Te ig\u0142y Liner Round s\u0105 przeznaczone do precyzyjnej pracy i wyra\u017anych, cienkich kontur\u00f3w. Ich \u015brednica 0,35 mm i ostrzenie 1,5 mm sprawiaj\u0105, \u017ce zabieg tatua\u017cu jest bezbolesny.<\/p>","protected":false},"excerpt":{"rendered":"<p>50 sztuk\/opakowanie<\/p>","protected":false},"featured_media":28753,"comment_status":"open","ping_status":"closed","template":"","meta":{"site-sidebar-layout":"","site-content-layout":"","ast-site-content-layout":"default","site-content-style":"default","site-sidebar-style":"default","ast-global-header-display":"","ast-banner-title-visibility":"","ast-main-header-display":"","ast-hfb-above-header-display":"","ast-hfb-below-header-display":"","ast-hfb-mobile-header-display":"","site-post-title":"","ast-breadcrumbs-content":"","ast-featured-img":"","footer-sml-layout":"","ast-disable-related-posts":"","theme-transparent-header-meta":"","adv-header-id-meta":"","stick-header-meta":"","header-above-stick-meta":"","header-main-stick-meta":"","header-below-stick-meta":"","astra-migrate-meta-layouts":"default","ast-page-background-enabled":"default","ast-page-background-meta":{"desktop":{"background-color":"var(--ast-global-color-4)","background-image":"","background-repeat":"repeat","background-position":"center center","background-size":"auto","background-attachment":"scroll","background-type":"","background-media":"","overlay-type":"","overlay-color":"","overlay-opacity":"","overlay-gradient":""},"tablet":{"background-color":"","background-image":"","background-repeat":"repeat","background-position":"center center","background-size":"auto","background-attachment":"scroll","background-type":"","background-media":"","overlay-type":"","overlay-color":"","overlay-opacity":"","overlay-gradient":""},"mobile":{"background-color":"","background-image":"","background-repeat":"repeat","background-position":"center center","background-size":"auto","background-attachment":"scroll","background-type":"","background-media":"","overlay-type":"","overlay-color":"","overlay-opacity":"","overlay-gradient":""}},"ast-content-background-meta":{"desktop":{"background-color":"var(--ast-global-color-5)","background-image":"","background-repeat":"repeat","background-position":"center center","background-size":"auto","background-attachment":"scroll","background-type":"","background-media":"","overlay-type":"","overlay-color":"","overlay-opacity":"","overlay-gradient":""},"tablet":{"background-color":"var(--ast-global-color-5)","background-image":"","background-repeat":"repeat","background-position":"center center","background-size":"auto","background-attachment":"scroll","background-type":"","background-media":"","overlay-type":"","overlay-color":"","overlay-opacity":"","overlay-gradient":""},"mobile":{"background-color":"var(--ast-global-color-5)","background-image":"","background-repeat":"repeat","background-position":"center center","background-size":"auto","background-attachment":"scroll","background-type":"","background-media":"","overlay-type":"","overlay-color":"","overlay-opacity":"","overlay-gradient":""}}},"product_brand":[],"product_cat":[25],"product_tag":[81,102,91,92],"class_list":{"0":"post-516","1":"product","2":"type-product","3":"status-publish","4":"has-post-thumbnail","6":"product_cat-round-liner","7":"product_tag-cartridge-tattoo-needles","8":"product_tag-rotary-tattoo-needles","9":"product_tag-tattoo-equipment","10":"product_tag-tattoo-machines-parts","11":"pa_brand-rightstuff","12":"desktop-align-center","13":"tablet-align-left","14":"mobile-align-left","15":"ast-product-gallery-layout-horizontal-slider","16":"ast-product-gallery-with-no-image","17":"ast-product-tabs-layout-horizontal","19":"first","20":"outofstock","21":"taxable","22":"shipping-taxable","23":"purchasable","24":"product-type-simple"},"_links":{"self":[{"href":"https:\/\/rightstuff.eu\/pl\/wp-json\/wp\/v2\/product\/516","targetHints":{"allow":["GET"]}}],"collection":[{"href":"https:\/\/rightstuff.eu\/pl\/wp-json\/wp\/v2\/product"}],"about":[{"href":"https:\/\/rightstuff.eu\/pl\/wp-json\/wp\/v2\/types\/product"}],"replies":[{"embeddable":true,"href":"https:\/\/rightstuff.eu\/pl\/wp-json\/wp\/v2\/comments?post=516"}],"version-history":[{"count":0,"href":"https:\/\/rightstuff.eu\/pl\/wp-json\/wp\/v2\/product\/516\/revisions"}],"wp:featuredmedia":[{"embeddable":true,"href":"https:\/\/rightstuff.eu\/pl\/wp-json\/wp\/v2\/media\/28753"}],"wp:attachment":[{"href":"https:\/\/rightstuff.eu\/pl\/wp-json\/wp\/v2\/media?parent=516"}],"wp:term":[{"taxonomy":"product_brand","embeddable":true,"href":"https:\/\/rightstuff.eu\/pl\/wp-json\/wp\/v2\/product_brand?post=516"},{"taxonomy":"product_cat","embeddable":true,"href":"https:\/\/rightstuff.eu\/pl\/wp-json\/wp\/v2\/product_cat?post=516"},{"taxonomy":"product_tag","embeddable":true,"href":"https:\/\/rightstuff.eu\/pl\/wp-json\/wp\/v2\/product_tag?post=516"}],"curies":[{"name":"wp","href":"https:\/\/api.w.org\/{rel}","templated":true}]}}