{"id":515,"date":"2013-11-23T22:50:00","date_gmt":"2013-11-23T19:50:00","guid":{"rendered":"https:\/\/rightstuff.eu\/shop\/uncategorized\/13rl\/"},"modified":"2025-01-22T01:37:18","modified_gmt":"2025-01-22T00:37:18","slug":"13rl","status":"publish","type":"product","link":"https:\/\/rightstuff.eu\/pl\/produkt\/13rl\/","title":{"rendered":"Ig\u0142a okr\u0105g\u0142a 13RL"},"content":{"rendered":"<p>W \u015bwiecie zachodnim tatua\u017c ma d\u0142ugi zwi\u0105zek ze sztuk\u0105. W 1897 roku londy\u0144ska gazeta \"Stand Magazine\" wymieni\u0142a Angli\u0119, Japoni\u0119 i Stany Zjednoczone jako centra tatua\u017cu artystycznego. Sto lat temu kr\u00f3lowie, hrabiowie i reszta brytyjskiej arystokracji wybierali najbardziej z\u0142o\u017cone tatua\u017ce z wizualnego i technologicznego punktu widzenia. Innymi s\u0142owy, ju\u017c na pocz\u0105tku ubieg\u0142ego wieku tatua\u017ce by\u0142y analizowane jako sztuka. W latach 70. w Ameryce nast\u0105pi\u0142 \"boom\" rozkwitu tatua\u017cu, jednak arty\u015bci, kt\u00f3rzy zajmowali si\u0119 tatua\u017cami, nie mieli wykszta\u0142cenia artystycznego. Przez prawie 150-letni\u0105 histori\u0119 tatua\u017cu w \u015bwiecie zachodnim, tatua\u017ce by\u0142y g\u0142\u00f3wnie zwi\u0105zane z przest\u0119pcami, \u017ceglarzami i spaceruj\u0105cymi dziewczynami. Tymczasem wsp\u00f3\u0142czesne tatuowanie jest sztuk\u0105, a pracuj\u0105cy przy nim arty\u015bci to profesjonali\u015bci, kt\u00f3rzy studiowali w specjalnych szko\u0142ach artystycznych. Wiedz\u0105, \u017ce wysokiej jako\u015bci obrazy na sk\u00f3rze mog\u0105 by\u0107 wykonane tylko z <a href=\"https:\/\/rightstuff.eu\/product-tag\/tattoo-supplies\/\">najlepszy sprz\u0119t<\/a>. Jeden tatua\u017c mo\u017cna wykona\u0107 kilkoma ig\u0142ami. Na przyk\u0142ad, gdy mistrz pracuje nad jednolitymi liniami obrazu, mo\u017ce u\u017cy\u0107 13 igie\u0142 RL. Wykonane ze stali nierdzewnej ig\u0142y o \u015brednicy 0,35 s\u0105 doskonale wyko\u0144czone i naostrzone (ostrzenie 1,5 mm). Praca mistrza staje si\u0119 szybsza i \u0142atwiejsza.<\/p>","protected":false},"excerpt":{"rendered":"<p>50 sztuk\/opakowanie<\/p>","protected":false},"featured_media":28752,"comment_status":"open","ping_status":"closed","template":"","meta":{"site-sidebar-layout":"","site-content-layout":"","ast-site-content-layout":"default","site-content-style":"default","site-sidebar-style":"default","ast-global-header-display":"","ast-banner-title-visibility":"","ast-main-header-display":"","ast-hfb-above-header-display":"","ast-hfb-below-header-display":"","ast-hfb-mobile-header-display":"","site-post-title":"","ast-breadcrumbs-content":"","ast-featured-img":"","footer-sml-layout":"","ast-disable-related-posts":"","theme-transparent-header-meta":"","adv-header-id-meta":"","stick-header-meta":"","header-above-stick-meta":"","header-main-stick-meta":"","header-below-stick-meta":"","astra-migrate-meta-layouts":"default","ast-page-background-enabled":"default","ast-page-background-meta":{"desktop":{"background-color":"var(--ast-global-color-4)","background-image":"","background-repeat":"repeat","background-position":"center center","background-size":"auto","background-attachment":"scroll","background-type":"","background-media":"","overlay-type":"","overlay-color":"","overlay-opacity":"","overlay-gradient":""},"tablet":{"background-color":"","background-image":"","background-repeat":"repeat","background-position":"center center","background-size":"auto","background-attachment":"scroll","background-type":"","background-media":"","overlay-type":"","overlay-color":"","overlay-opacity":"","overlay-gradient":""},"mobile":{"background-color":"","background-image":"","background-repeat":"repeat","background-position":"center center","background-size":"auto","background-attachment":"scroll","background-type":"","background-media":"","overlay-type":"","overlay-color":"","overlay-opacity":"","overlay-gradient":""}},"ast-content-background-meta":{"desktop":{"background-color":"var(--ast-global-color-5)","background-image":"","background-repeat":"repeat","background-position":"center center","background-size":"auto","background-attachment":"scroll","background-type":"","background-media":"","overlay-type":"","overlay-color":"","overlay-opacity":"","overlay-gradient":""},"tablet":{"background-color":"var(--ast-global-color-5)","background-image":"","background-repeat":"repeat","background-position":"center center","background-size":"auto","background-attachment":"scroll","background-type":"","background-media":"","overlay-type":"","overlay-color":"","overlay-opacity":"","overlay-gradient":""},"mobile":{"background-color":"var(--ast-global-color-5)","background-image":"","background-repeat":"repeat","background-position":"center center","background-size":"auto","background-attachment":"scroll","background-type":"","background-media":"","overlay-type":"","overlay-color":"","overlay-opacity":"","overlay-gradient":""}}},"product_brand":[],"product_cat":[25],"product_tag":[81,102,91,92],"class_list":{"0":"post-515","1":"product","2":"type-product","3":"status-publish","4":"has-post-thumbnail","6":"product_cat-round-liner","7":"product_tag-cartridge-tattoo-needles","8":"product_tag-rotary-tattoo-needles","9":"product_tag-tattoo-equipment","10":"product_tag-tattoo-machines-parts","11":"pa_brand-rightstuff","12":"desktop-align-center","13":"tablet-align-left","14":"mobile-align-left","15":"ast-product-gallery-layout-horizontal-slider","16":"ast-product-gallery-with-no-image","17":"ast-product-tabs-layout-horizontal","19":"first","20":"outofstock","21":"taxable","22":"shipping-taxable","23":"purchasable","24":"product-type-simple"},"_links":{"self":[{"href":"https:\/\/rightstuff.eu\/pl\/wp-json\/wp\/v2\/product\/515","targetHints":{"allow":["GET"]}}],"collection":[{"href":"https:\/\/rightstuff.eu\/pl\/wp-json\/wp\/v2\/product"}],"about":[{"href":"https:\/\/rightstuff.eu\/pl\/wp-json\/wp\/v2\/types\/product"}],"replies":[{"embeddable":true,"href":"https:\/\/rightstuff.eu\/pl\/wp-json\/wp\/v2\/comments?post=515"}],"version-history":[{"count":0,"href":"https:\/\/rightstuff.eu\/pl\/wp-json\/wp\/v2\/product\/515\/revisions"}],"wp:featuredmedia":[{"embeddable":true,"href":"https:\/\/rightstuff.eu\/pl\/wp-json\/wp\/v2\/media\/28752"}],"wp:attachment":[{"href":"https:\/\/rightstuff.eu\/pl\/wp-json\/wp\/v2\/media?parent=515"}],"wp:term":[{"taxonomy":"product_brand","embeddable":true,"href":"https:\/\/rightstuff.eu\/pl\/wp-json\/wp\/v2\/product_brand?post=515"},{"taxonomy":"product_cat","embeddable":true,"href":"https:\/\/rightstuff.eu\/pl\/wp-json\/wp\/v2\/product_cat?post=515"},{"taxonomy":"product_tag","embeddable":true,"href":"https:\/\/rightstuff.eu\/pl\/wp-json\/wp\/v2\/product_tag?post=515"}],"curies":[{"name":"wp","href":"https:\/\/api.w.org\/{rel}","templated":true}]}}