{"id":513,"date":"2013-11-23T19:00:00","date_gmt":"2013-11-23T16:00:00","guid":{"rendered":"https:\/\/rightstuff.eu\/shop\/uncategorized\/9rl\/"},"modified":"2025-01-22T01:37:19","modified_gmt":"2025-01-22T00:37:19","slug":"9rl","status":"publish","type":"product","link":"https:\/\/rightstuff.eu\/pl\/produkt\/9rl\/","title":{"rendered":"Ig\u0142a okr\u0105g\u0142a 9RL"},"content":{"rendered":"<p>Tatuowanie to sztuka komunikacji i rozumienia ludzi oraz dawania im obraz\u00f3w na sk\u00f3rze, kt\u00f3re mog\u0105 poprawi\u0107 ich nastr\u00f3j i wnie\u015b\u0107 wiele pozytywnego do ich \u017cycia. Kobiety i m\u0119\u017cczy\u017ani, kt\u00f3rzy chc\u0105 stworzy\u0107 co\u015b pi\u0119knego i znacz\u0105cego na swoim ciele, przychodz\u0105 do mistrza tatua\u017cu, aby poprosi\u0107 go o pomoc w wyborze obrazu, kt\u00f3ry zostanie p\u00f3\u017aniej stworzony na ich sk\u00f3rze.<\/p>\n<p>Prawdziwi specjali\u015bci od tatua\u017cu s\u0105 \u015bwietnymi psychologami - nigdy nie zaproponuj\u0105 m\u0142odej dziewczynie pokrycia ca\u0142ego cia\u0142a przera\u017caj\u0105cymi tatua\u017cami i naturalnie odwiedzie osob\u0119 od tatuowania agresywnych hase\u0142, kt\u00f3re mog\u0105 p\u00f3\u017aniej przynie\u015b\u0107 mu zbyt wiele problem\u00f3w.<\/p>\n<p>Tatua\u017cysta, kt\u00f3ry widzi klienta z wieloma tatua\u017cami, mo\u017ce zaoferowa\u0107 mu dodanie oryginalnego obrazu do swojej \"kolekcji\". Zwykle, tworz\u0105c fantazyjne obrazy, pracuje z okr\u0105g\u0142\u0105 ig\u0142\u0105 9RL (\u015brednica 0,30-0,35 mm). Wnikaj\u0105c w sk\u00f3r\u0119, ig\u0142y te pozostawiaj\u0105 pod ni\u0105 atrament i - krok po kroku - tworz\u0105 solidn\u0105 grub\u0105 lini\u0119 tworz\u0105c\u0105 oryginalny obraz.<\/p>","protected":false},"excerpt":{"rendered":"<p>50 sztuk\/opakowanie<\/p>","protected":false},"featured_media":28750,"comment_status":"open","ping_status":"closed","template":"","meta":{"site-sidebar-layout":"","site-content-layout":"","ast-site-content-layout":"default","site-content-style":"default","site-sidebar-style":"default","ast-global-header-display":"","ast-banner-title-visibility":"","ast-main-header-display":"","ast-hfb-above-header-display":"","ast-hfb-below-header-display":"","ast-hfb-mobile-header-display":"","site-post-title":"","ast-breadcrumbs-content":"","ast-featured-img":"","footer-sml-layout":"","ast-disable-related-posts":"","theme-transparent-header-meta":"","adv-header-id-meta":"","stick-header-meta":"","header-above-stick-meta":"","header-main-stick-meta":"","header-below-stick-meta":"","astra-migrate-meta-layouts":"default","ast-page-background-enabled":"default","ast-page-background-meta":{"desktop":{"background-color":"var(--ast-global-color-4)","background-image":"","background-repeat":"repeat","background-position":"center center","background-size":"auto","background-attachment":"scroll","background-type":"","background-media":"","overlay-type":"","overlay-color":"","overlay-opacity":"","overlay-gradient":""},"tablet":{"background-color":"","background-image":"","background-repeat":"repeat","background-position":"center center","background-size":"auto","background-attachment":"scroll","background-type":"","background-media":"","overlay-type":"","overlay-color":"","overlay-opacity":"","overlay-gradient":""},"mobile":{"background-color":"","background-image":"","background-repeat":"repeat","background-position":"center center","background-size":"auto","background-attachment":"scroll","background-type":"","background-media":"","overlay-type":"","overlay-color":"","overlay-opacity":"","overlay-gradient":""}},"ast-content-background-meta":{"desktop":{"background-color":"var(--ast-global-color-5)","background-image":"","background-repeat":"repeat","background-position":"center center","background-size":"auto","background-attachment":"scroll","background-type":"","background-media":"","overlay-type":"","overlay-color":"","overlay-opacity":"","overlay-gradient":""},"tablet":{"background-color":"var(--ast-global-color-5)","background-image":"","background-repeat":"repeat","background-position":"center center","background-size":"auto","background-attachment":"scroll","background-type":"","background-media":"","overlay-type":"","overlay-color":"","overlay-opacity":"","overlay-gradient":""},"mobile":{"background-color":"var(--ast-global-color-5)","background-image":"","background-repeat":"repeat","background-position":"center center","background-size":"auto","background-attachment":"scroll","background-type":"","background-media":"","overlay-type":"","overlay-color":"","overlay-opacity":"","overlay-gradient":""}}},"product_brand":[],"product_cat":[25],"product_tag":[81,102,91,92],"class_list":{"0":"post-513","1":"product","2":"type-product","3":"status-publish","4":"has-post-thumbnail","6":"product_cat-round-liner","7":"product_tag-cartridge-tattoo-needles","8":"product_tag-rotary-tattoo-needles","9":"product_tag-tattoo-equipment","10":"product_tag-tattoo-machines-parts","11":"pa_brand-rightstuff","12":"desktop-align-center","13":"tablet-align-left","14":"mobile-align-left","15":"ast-product-gallery-layout-horizontal-slider","16":"ast-product-gallery-with-no-image","17":"ast-product-tabs-layout-horizontal","19":"first","20":"outofstock","21":"taxable","22":"shipping-taxable","23":"purchasable","24":"product-type-simple"},"_links":{"self":[{"href":"https:\/\/rightstuff.eu\/pl\/wp-json\/wp\/v2\/product\/513","targetHints":{"allow":["GET"]}}],"collection":[{"href":"https:\/\/rightstuff.eu\/pl\/wp-json\/wp\/v2\/product"}],"about":[{"href":"https:\/\/rightstuff.eu\/pl\/wp-json\/wp\/v2\/types\/product"}],"replies":[{"embeddable":true,"href":"https:\/\/rightstuff.eu\/pl\/wp-json\/wp\/v2\/comments?post=513"}],"version-history":[{"count":0,"href":"https:\/\/rightstuff.eu\/pl\/wp-json\/wp\/v2\/product\/513\/revisions"}],"wp:featuredmedia":[{"embeddable":true,"href":"https:\/\/rightstuff.eu\/pl\/wp-json\/wp\/v2\/media\/28750"}],"wp:attachment":[{"href":"https:\/\/rightstuff.eu\/pl\/wp-json\/wp\/v2\/media?parent=513"}],"wp:term":[{"taxonomy":"product_brand","embeddable":true,"href":"https:\/\/rightstuff.eu\/pl\/wp-json\/wp\/v2\/product_brand?post=513"},{"taxonomy":"product_cat","embeddable":true,"href":"https:\/\/rightstuff.eu\/pl\/wp-json\/wp\/v2\/product_cat?post=513"},{"taxonomy":"product_tag","embeddable":true,"href":"https:\/\/rightstuff.eu\/pl\/wp-json\/wp\/v2\/product_tag?post=513"}],"curies":[{"name":"wp","href":"https:\/\/api.w.org\/{rel}","templated":true}]}}