{"id":512,"date":"2013-11-23T19:41:00","date_gmt":"2013-11-23T16:41:00","guid":{"rendered":"https:\/\/rightstuff.eu\/shop\/uncategorized\/7rl\/"},"modified":"2025-01-22T01:37:19","modified_gmt":"2025-01-22T00:37:19","slug":"7rl","status":"publish","type":"product","link":"https:\/\/rightstuff.eu\/pl\/produkt\/7rl\/","title":{"rendered":"Ig\u0142a okr\u0105g\u0142a 7RL"},"content":{"rendered":"<p>Wci\u0105\u017c wiele os\u00f3b spiera si\u0119 o \"status\" tatua\u017cu. Dyskutuj\u0105 na ten temat nawet w \u015brodkach masowego przekazu, k\u0142\u00f3c\u0105 si\u0119 z przeciwnikami i udowadniaj\u0105 sw\u00f3j punkt widzenia. Badaj\u0105 temat, czy tatua\u017c jest sztuk\u0105, czy czym\u015b innym. Aby odpowiedzie\u0107 na to pytanie, konieczne jest udzielenie odpowiedzi na inne powi\u0105zane pytanie - czym jest sztuka? Je\u015bli m\u00f3wimy o sztuce w jej w\u0105skim znaczeniu - w szczeg\u00f3lno\u015bci o sztuce wysokiej, to tatua\u017c nie mo\u017ce by\u0107 ni\u0105 nazwany. Rozszerzaj\u0105c poj\u0119cie sztuki na bardziej zbiorowe poj\u0119cie, kt\u00f3re obejmuje sztuk\u0119 uliczn\u0105, projektowanie graficzne i mod\u0119, tatua\u017c jest zdecydowanie sztuk\u0105. Zapytaj tych samych mistrz\u00f3w tatua\u017cu, pracuj\u0105cych latami w swoich studiach i wykonuj\u0105cych perfekcyjne linie za pomoc\u0105 maszynek i igie\u0142 7 RL, a b\u0119d\u0105 nazywa\u0107 siebie \"mistrzami\". Nikt nie zakwestionuje tej opinii, zw\u0142aszcza gdy zobaczy wynik tego rzemios\u0142a artystycznego - najbardziej realistyczny obraz natury, cz\u0142owieka lub bestii pokrywaj\u0105cy plecy, rami\u0119, klatk\u0119 piersiow\u0105 lub rami\u0119 klienta. U\u017cywaj\u0105c igie\u0142 7 RL o \u015brednicy 0,35 cala, specjali\u015bci od tatua\u017cu wykonuj\u0105 bardzo dok\u0142adne, schludne podszewki i nie sprawiaj\u0105 b\u00f3lu swoim klientom.<\/p>","protected":false},"excerpt":{"rendered":"<p>50 sztuk\/opakowanie<\/p>","protected":false},"featured_media":28749,"comment_status":"open","ping_status":"closed","template":"","meta":{"site-sidebar-layout":"","site-content-layout":"","ast-site-content-layout":"default","site-content-style":"default","site-sidebar-style":"default","ast-global-header-display":"","ast-banner-title-visibility":"","ast-main-header-display":"","ast-hfb-above-header-display":"","ast-hfb-below-header-display":"","ast-hfb-mobile-header-display":"","site-post-title":"","ast-breadcrumbs-content":"","ast-featured-img":"","footer-sml-layout":"","ast-disable-related-posts":"","theme-transparent-header-meta":"","adv-header-id-meta":"","stick-header-meta":"","header-above-stick-meta":"","header-main-stick-meta":"","header-below-stick-meta":"","astra-migrate-meta-layouts":"default","ast-page-background-enabled":"default","ast-page-background-meta":{"desktop":{"background-color":"var(--ast-global-color-4)","background-image":"","background-repeat":"repeat","background-position":"center center","background-size":"auto","background-attachment":"scroll","background-type":"","background-media":"","overlay-type":"","overlay-color":"","overlay-opacity":"","overlay-gradient":""},"tablet":{"background-color":"","background-image":"","background-repeat":"repeat","background-position":"center center","background-size":"auto","background-attachment":"scroll","background-type":"","background-media":"","overlay-type":"","overlay-color":"","overlay-opacity":"","overlay-gradient":""},"mobile":{"background-color":"","background-image":"","background-repeat":"repeat","background-position":"center center","background-size":"auto","background-attachment":"scroll","background-type":"","background-media":"","overlay-type":"","overlay-color":"","overlay-opacity":"","overlay-gradient":""}},"ast-content-background-meta":{"desktop":{"background-color":"var(--ast-global-color-5)","background-image":"","background-repeat":"repeat","background-position":"center center","background-size":"auto","background-attachment":"scroll","background-type":"","background-media":"","overlay-type":"","overlay-color":"","overlay-opacity":"","overlay-gradient":""},"tablet":{"background-color":"var(--ast-global-color-5)","background-image":"","background-repeat":"repeat","background-position":"center center","background-size":"auto","background-attachment":"scroll","background-type":"","background-media":"","overlay-type":"","overlay-color":"","overlay-opacity":"","overlay-gradient":""},"mobile":{"background-color":"var(--ast-global-color-5)","background-image":"","background-repeat":"repeat","background-position":"center center","background-size":"auto","background-attachment":"scroll","background-type":"","background-media":"","overlay-type":"","overlay-color":"","overlay-opacity":"","overlay-gradient":""}}},"product_brand":[],"product_cat":[25],"product_tag":[81,102,91,92],"class_list":{"0":"post-512","1":"product","2":"type-product","3":"status-publish","4":"has-post-thumbnail","6":"product_cat-round-liner","7":"product_tag-cartridge-tattoo-needles","8":"product_tag-rotary-tattoo-needles","9":"product_tag-tattoo-equipment","10":"product_tag-tattoo-machines-parts","11":"pa_brand-rightstuff","12":"desktop-align-center","13":"tablet-align-left","14":"mobile-align-left","15":"ast-product-gallery-layout-horizontal-slider","16":"ast-product-gallery-with-no-image","17":"ast-product-tabs-layout-horizontal","19":"first","20":"outofstock","21":"taxable","22":"shipping-taxable","23":"purchasable","24":"product-type-simple"},"_links":{"self":[{"href":"https:\/\/rightstuff.eu\/pl\/wp-json\/wp\/v2\/product\/512","targetHints":{"allow":["GET"]}}],"collection":[{"href":"https:\/\/rightstuff.eu\/pl\/wp-json\/wp\/v2\/product"}],"about":[{"href":"https:\/\/rightstuff.eu\/pl\/wp-json\/wp\/v2\/types\/product"}],"replies":[{"embeddable":true,"href":"https:\/\/rightstuff.eu\/pl\/wp-json\/wp\/v2\/comments?post=512"}],"version-history":[{"count":0,"href":"https:\/\/rightstuff.eu\/pl\/wp-json\/wp\/v2\/product\/512\/revisions"}],"wp:featuredmedia":[{"embeddable":true,"href":"https:\/\/rightstuff.eu\/pl\/wp-json\/wp\/v2\/media\/28749"}],"wp:attachment":[{"href":"https:\/\/rightstuff.eu\/pl\/wp-json\/wp\/v2\/media?parent=512"}],"wp:term":[{"taxonomy":"product_brand","embeddable":true,"href":"https:\/\/rightstuff.eu\/pl\/wp-json\/wp\/v2\/product_brand?post=512"},{"taxonomy":"product_cat","embeddable":true,"href":"https:\/\/rightstuff.eu\/pl\/wp-json\/wp\/v2\/product_cat?post=512"},{"taxonomy":"product_tag","embeddable":true,"href":"https:\/\/rightstuff.eu\/pl\/wp-json\/wp\/v2\/product_tag?post=512"}],"curies":[{"name":"wp","href":"https:\/\/api.w.org\/{rel}","templated":true}]}}