{"id":51148,"date":"2023-01-24T18:27:56","date_gmt":"2023-01-24T17:27:56","guid":{"rendered":"https:\/\/rightstuff.eu\/?post_type=product&#038;p=51148"},"modified":"2025-01-22T01:27:25","modified_gmt":"2025-01-22T00:27:25","slug":"magnum-cartridge-23m-030","status":"publish","type":"product","link":"https:\/\/rightstuff.eu\/pl\/produkt\/magnum-cartridge-23m-030\/","title":{"rendered":"Magnum Needle Cartridge 23M -0,30"},"content":{"rendered":"<p>Wk\u0142ad z ig\u0142\u0105 do tatua\u017cu 23 Magnum to profesjonalna ig\u0142a do tatua\u017cu, kt\u00f3ra zosta\u0142a zaprojektowana tak, aby zapewni\u0107 najwy\u017csz\u0105 wydajno\u015b\u0107 i dok\u0142adno\u015b\u0107. Ig\u0142a jest wykonana z wysokiej jako\u015bci stali nierdzewnej i posiada unikaln\u0105 konstrukcj\u0119, kt\u00f3ra umo\u017cliwia maksymalny przep\u0142yw tuszu i precyzj\u0119.<\/p>\n<p>Ig\u0142a pasuje do wi\u0119kszo\u015bci standardowych maszynek do tatua\u017cu i jest kompatybilna z tuszami wszystkich g\u0142\u00f3wnych marek. 23 <a href=\"https:\/\/rightstuff.eu\/cartridges\/curved-magnum-cartridges\/curved-magnum-cartridge-11cm-035\/\">Wk\u0142ad z ig\u0142\u0105 do tatua\u017cu Magnum<\/a> jest idealny do tworzenia cienkich linii i wykonywania szczeg\u00f3\u0142owych prac. Jest r\u00f3wnie\u017c doskona\u0142a do cieniowania i nak\u0142adania kolor\u00f3w. Ig\u0142a jest \u0142atwa w u\u017cyciu i zapewnia g\u0142adkie i sp\u00f3jne do\u015bwiadczenie tatua\u017cu. 23 Magnum <a href=\"https:\/\/rightstuff.eu\/tattoo-cartridges\/\">Ig\u0142a do kartrid\u017ca do tatua\u017cu<\/a> to obowi\u0105zkowa pozycja dla ka\u017cdego profesjonalnego tatua\u017cysty.<\/p>","protected":false},"excerpt":{"rendered":"<p>\u015aredni stukot<\/p>\n<p>Mikrotekstura<\/p>\n<p>Ig\u0142y 0,30 mm<\/p>\n<p>20 sztuk\/opakowanie<\/p>","protected":false},"featured_media":54722,"comment_status":"open","ping_status":"closed","template":"","meta":{"site-sidebar-layout":"","site-content-layout":"","ast-site-content-layout":"default","site-content-style":"default","site-sidebar-style":"default","ast-global-header-display":"","ast-banner-title-visibility":"","ast-main-header-display":"","ast-hfb-above-header-display":"","ast-hfb-below-header-display":"","ast-hfb-mobile-header-display":"","site-post-title":"","ast-breadcrumbs-content":"","ast-featured-img":"","footer-sml-layout":"","ast-disable-related-posts":"","theme-transparent-header-meta":"","adv-header-id-meta":"","stick-header-meta":"","header-above-stick-meta":"","header-main-stick-meta":"","header-below-stick-meta":"","astra-migrate-meta-layouts":"default","ast-page-background-enabled":"default","ast-page-background-meta":{"desktop":{"background-color":"var(--ast-global-color-4)","background-image":"","background-repeat":"repeat","background-position":"center center","background-size":"auto","background-attachment":"scroll","background-type":"","background-media":"","overlay-type":"","overlay-color":"","overlay-opacity":"","overlay-gradient":""},"tablet":{"background-color":"","background-image":"","background-repeat":"repeat","background-position":"center center","background-size":"auto","background-attachment":"scroll","background-type":"","background-media":"","overlay-type":"","overlay-color":"","overlay-opacity":"","overlay-gradient":""},"mobile":{"background-color":"","background-image":"","background-repeat":"repeat","background-position":"center center","background-size":"auto","background-attachment":"scroll","background-type":"","background-media":"","overlay-type":"","overlay-color":"","overlay-opacity":"","overlay-gradient":""}},"ast-content-background-meta":{"desktop":{"background-color":"var(--ast-global-color-5)","background-image":"","background-repeat":"repeat","background-position":"center center","background-size":"auto","background-attachment":"scroll","background-type":"","background-media":"","overlay-type":"","overlay-color":"","overlay-opacity":"","overlay-gradient":""},"tablet":{"background-color":"var(--ast-global-color-5)","background-image":"","background-repeat":"repeat","background-position":"center center","background-size":"auto","background-attachment":"scroll","background-type":"","background-media":"","overlay-type":"","overlay-color":"","overlay-opacity":"","overlay-gradient":""},"mobile":{"background-color":"var(--ast-global-color-5)","background-image":"","background-repeat":"repeat","background-position":"center center","background-size":"auto","background-attachment":"scroll","background-type":"","background-media":"","overlay-type":"","overlay-color":"","overlay-opacity":"","overlay-gradient":""}}},"product_brand":[],"product_cat":[226],"product_tag":[81,1795,308,306,310,309,307,102,71,91,92,1793],"class_list":{"0":"post-51148","1":"product","2":"type-product","3":"status-publish","4":"has-post-thumbnail","6":"product_cat-magnum-cartridges","7":"product_tag-cartridge-tattoo-needles","8":"product_tag-cartuchos-de-agujas-de-tatuaje","9":"product_tag-disposable-tattoo-cartridge","10":"product_tag-needle-cartridge","11":"product_tag-premium-cartridge","12":"product_tag-premium-needle-cartridge","13":"product_tag-rightstripes","14":"product_tag-rotary-tattoo-needles","15":"product_tag-tattoo-cartridges","16":"product_tag-tattoo-equipment","17":"product_tag-tattoo-machines-parts","18":"product_tag-tattoonadeln-cartridges","19":"pa_brand-rightstuff","20":"pa_quantity-5-pcs","21":"pa_quantity-box-of-20","22":"desktop-align-center","23":"tablet-align-left","24":"mobile-align-left","25":"ast-product-gallery-layout-horizontal-slider","26":"ast-product-gallery-with-no-image","27":"ast-product-single-variable","28":"ast-product-tabs-layout-horizontal","30":"first","31":"instock","32":"taxable","33":"shipping-taxable","34":"purchasable","35":"product-type-variable"},"_links":{"self":[{"href":"https:\/\/rightstuff.eu\/pl\/wp-json\/wp\/v2\/product\/51148","targetHints":{"allow":["GET"]}}],"collection":[{"href":"https:\/\/rightstuff.eu\/pl\/wp-json\/wp\/v2\/product"}],"about":[{"href":"https:\/\/rightstuff.eu\/pl\/wp-json\/wp\/v2\/types\/product"}],"replies":[{"embeddable":true,"href":"https:\/\/rightstuff.eu\/pl\/wp-json\/wp\/v2\/comments?post=51148"}],"version-history":[{"count":0,"href":"https:\/\/rightstuff.eu\/pl\/wp-json\/wp\/v2\/product\/51148\/revisions"}],"wp:featuredmedia":[{"embeddable":true,"href":"https:\/\/rightstuff.eu\/pl\/wp-json\/wp\/v2\/media\/54722"}],"wp:attachment":[{"href":"https:\/\/rightstuff.eu\/pl\/wp-json\/wp\/v2\/media?parent=51148"}],"wp:term":[{"taxonomy":"product_brand","embeddable":true,"href":"https:\/\/rightstuff.eu\/pl\/wp-json\/wp\/v2\/product_brand?post=51148"},{"taxonomy":"product_cat","embeddable":true,"href":"https:\/\/rightstuff.eu\/pl\/wp-json\/wp\/v2\/product_cat?post=51148"},{"taxonomy":"product_tag","embeddable":true,"href":"https:\/\/rightstuff.eu\/pl\/wp-json\/wp\/v2\/product_tag?post=51148"}],"curies":[{"name":"wp","href":"https:\/\/api.w.org\/{rel}","templated":true}]}}