{"id":511,"date":"2013-11-23T22:40:00","date_gmt":"2013-11-23T20:40:00","guid":{"rendered":"https:\/\/rightstuff.eu\/shop\/uncategorized\/5rl\/"},"modified":"2025-01-22T01:37:18","modified_gmt":"2025-01-22T00:37:18","slug":"5rl","status":"publish","type":"product","link":"https:\/\/rightstuff.eu\/pl\/produkt\/5rl\/","title":{"rendered":"Ig\u0142a okr\u0105g\u0142a 5RL"},"content":{"rendered":"<p>Wsp\u00f3\u0142czesny tatua\u017c formalnie i wizualnie podziela definicj\u0119 \"rzemios\u0142a\" i \"sztuki\". Jednak z pewno\u015bci\u0105 r\u00f3\u017cni si\u0119 zbytnio od tego, co zwykli\u015bmy rozumie\u0107 przez s\u0142owo SZTUKA. Z regu\u0142y nie mo\u017cesz kupi\u0107 ani sprzeda\u0107 tatua\u017cu, kt\u00f3ry zosta\u0142 dla Ciebie wykonany, tak jak w przypadku zwyk\u0142ych obraz\u00f3w.<\/p>\n<p>W mi\u0119dzyczasie mo\u017cesz niemal fizycznie poczu\u0107, jak tatua\u017c zmieni\u0142 Twoje \u017cycie. Oczywi\u015bcie, je\u015bli obraz na twojej sk\u00f3rze ma jakie\u015b sekretne znaczenie, mo\u017cesz zainspirowa\u0107 si\u0119, \u017ce pomo\u017ce ci poradzi\u0107 sobie ze z\u0142em i psotami. Ciekawe, ale dzia\u0142a. Arty\u015bci tatua\u017cu, pracuj\u0105cy w tej bran\u017cy od lat, znaj\u0105 wielu klient\u00f3w, kt\u00f3rym uda\u0142o si\u0119 zmieni\u0107 swoje \u017cycie po wykonaniu tatua\u017cu \"ze znaczeniem\".<\/p>\n<p>Z pewno\u015bci\u0105 te \"pomocne\" tatua\u017ce mog\u0105 by\u0107 tworzone tylko wtedy, gdy <a href=\"https:\/\/rightstuff.eu\/product-tag\/tattoo-supplies\/\">profesjonalny sprz\u0119t<\/a>U\u017cywaj igie\u0142 szczeg\u00f3lnie dobrej jako\u015bci.<\/p>\n<p>Okr\u0105g\u0142e ig\u0142y liner 5RL ze stali nierdzewnej o \u015brednicy 0,35 mm musz\u0105 znajdowa\u0107 si\u0119 w studiu ka\u017cdego tatuatora lub by\u0107 przechowywane w jego szafce, gdy facet pracuje w domu. Te ig\u0142y do tatua\u017cu, stworzone do wykonywania linii o \u015bredniej d\u0142ugo\u015bci, mo\u017cna zam\u00f3wi\u0107 online w dogodnym dla Ciebie czasie.<\/p>","protected":false},"excerpt":{"rendered":"<p>50 sztuk\/opakowanie<\/p>","protected":false},"featured_media":1177,"comment_status":"open","ping_status":"closed","template":"","meta":{"site-sidebar-layout":"","site-content-layout":"","ast-site-content-layout":"default","site-content-style":"default","site-sidebar-style":"default","ast-global-header-display":"","ast-banner-title-visibility":"","ast-main-header-display":"","ast-hfb-above-header-display":"","ast-hfb-below-header-display":"","ast-hfb-mobile-header-display":"","site-post-title":"","ast-breadcrumbs-content":"","ast-featured-img":"","footer-sml-layout":"","ast-disable-related-posts":"","theme-transparent-header-meta":"","adv-header-id-meta":"","stick-header-meta":"","header-above-stick-meta":"","header-main-stick-meta":"","header-below-stick-meta":"","astra-migrate-meta-layouts":"default","ast-page-background-enabled":"default","ast-page-background-meta":{"desktop":{"background-color":"var(--ast-global-color-4)","background-image":"","background-repeat":"repeat","background-position":"center center","background-size":"auto","background-attachment":"scroll","background-type":"","background-media":"","overlay-type":"","overlay-color":"","overlay-opacity":"","overlay-gradient":""},"tablet":{"background-color":"","background-image":"","background-repeat":"repeat","background-position":"center center","background-size":"auto","background-attachment":"scroll","background-type":"","background-media":"","overlay-type":"","overlay-color":"","overlay-opacity":"","overlay-gradient":""},"mobile":{"background-color":"","background-image":"","background-repeat":"repeat","background-position":"center center","background-size":"auto","background-attachment":"scroll","background-type":"","background-media":"","overlay-type":"","overlay-color":"","overlay-opacity":"","overlay-gradient":""}},"ast-content-background-meta":{"desktop":{"background-color":"var(--ast-global-color-5)","background-image":"","background-repeat":"repeat","background-position":"center center","background-size":"auto","background-attachment":"scroll","background-type":"","background-media":"","overlay-type":"","overlay-color":"","overlay-opacity":"","overlay-gradient":""},"tablet":{"background-color":"var(--ast-global-color-5)","background-image":"","background-repeat":"repeat","background-position":"center center","background-size":"auto","background-attachment":"scroll","background-type":"","background-media":"","overlay-type":"","overlay-color":"","overlay-opacity":"","overlay-gradient":""},"mobile":{"background-color":"var(--ast-global-color-5)","background-image":"","background-repeat":"repeat","background-position":"center center","background-size":"auto","background-attachment":"scroll","background-type":"","background-media":"","overlay-type":"","overlay-color":"","overlay-opacity":"","overlay-gradient":""}}},"product_brand":[],"product_cat":[25],"product_tag":[81,102,91,92],"class_list":{"0":"post-511","1":"product","2":"type-product","3":"status-publish","4":"has-post-thumbnail","6":"product_cat-round-liner","7":"product_tag-cartridge-tattoo-needles","8":"product_tag-rotary-tattoo-needles","9":"product_tag-tattoo-equipment","10":"product_tag-tattoo-machines-parts","11":"pa_brand-rightstuff","12":"desktop-align-center","13":"tablet-align-left","14":"mobile-align-left","15":"ast-product-gallery-layout-horizontal-slider","16":"ast-product-gallery-with-no-image","17":"ast-product-tabs-layout-horizontal","19":"first","20":"outofstock","21":"taxable","22":"shipping-taxable","23":"purchasable","24":"product-type-simple"},"_links":{"self":[{"href":"https:\/\/rightstuff.eu\/pl\/wp-json\/wp\/v2\/product\/511","targetHints":{"allow":["GET"]}}],"collection":[{"href":"https:\/\/rightstuff.eu\/pl\/wp-json\/wp\/v2\/product"}],"about":[{"href":"https:\/\/rightstuff.eu\/pl\/wp-json\/wp\/v2\/types\/product"}],"replies":[{"embeddable":true,"href":"https:\/\/rightstuff.eu\/pl\/wp-json\/wp\/v2\/comments?post=511"}],"version-history":[{"count":0,"href":"https:\/\/rightstuff.eu\/pl\/wp-json\/wp\/v2\/product\/511\/revisions"}],"wp:featuredmedia":[{"embeddable":true,"href":"https:\/\/rightstuff.eu\/pl\/wp-json\/wp\/v2\/media\/1177"}],"wp:attachment":[{"href":"https:\/\/rightstuff.eu\/pl\/wp-json\/wp\/v2\/media?parent=511"}],"wp:term":[{"taxonomy":"product_brand","embeddable":true,"href":"https:\/\/rightstuff.eu\/pl\/wp-json\/wp\/v2\/product_brand?post=511"},{"taxonomy":"product_cat","embeddable":true,"href":"https:\/\/rightstuff.eu\/pl\/wp-json\/wp\/v2\/product_cat?post=511"},{"taxonomy":"product_tag","embeddable":true,"href":"https:\/\/rightstuff.eu\/pl\/wp-json\/wp\/v2\/product_tag?post=511"}],"curies":[{"name":"wp","href":"https:\/\/api.w.org\/{rel}","templated":true}]}}