{"id":510,"date":"2013-11-23T22:38:00","date_gmt":"2013-11-23T20:38:00","guid":{"rendered":"https:\/\/rightstuff.eu\/shop\/uncategorized\/3rl\/"},"modified":"2025-01-22T01:37:19","modified_gmt":"2025-01-22T00:37:19","slug":"3rl","status":"publish","type":"product","link":"https:\/\/rightstuff.eu\/pl\/produkt\/3rl\/","title":{"rendered":"Ig\u0142a okr\u0105g\u0142a 3RL"},"content":{"rendered":"<p>Je\u015bli jeszcze 8-15 lat temu osoba, kt\u00f3rej cia\u0142o by\u0142o pokryte tatua\u017cami, by\u0142a w wi\u0119kszo\u015bci odrzucana przez spo\u0142ecze\u0144stwo (ludzie cz\u0119sto \u0142\u0105czyli tatua\u017ce ze \u015bwiatem przest\u0119pczym), to teraz nikt, kto spotyka takiego cz\u0142owieka na ulicy, nie krzyczy: \"Ojej! Co to jest?!\". Widok kobiety lub m\u0119\u017cczyzny w \u015brednim wieku te\u017c ju\u017c nikogo nie dziwi.<\/p>\n<p>Profesjonali\u015bci potrafi\u0105 wykona\u0107 doskona\u0142e tatua\u017ce nawet na sk\u00f3rze os\u00f3b starszych. Naturalnie, <a href=\"https:\/\/rightstuff.eu\/product-tag\/tattoo-supplies\/\">najlepszy \"materia\u0142\"<\/a> Do wykonania tatua\u017cu, zw\u0142aszcza je\u015bli obrazek ma \u0142adne linie, nadaje si\u0119 elastyczna sk\u00f3ra osoby w wieku 20-30 lat. \u0141atwiej jest z ni\u0105 pracowa\u0107, zw\u0142aszcza u\u017cywaj\u0105c igie\u0142 3 RL, przeznaczonych do wykonywania d\u0142ugich prostych i kr\u0119conych linii. \u015arednica tych \u015bredniej d\u0142ugo\u015bci igie\u0142 waha si\u0119 od 0,3 do 0,35 mm, a ich ostrze wynosi 1,5 mm.<\/p>","protected":false},"excerpt":{"rendered":"<h4>Ig\u0142a okr\u0105g\u0142a 3RL<\/h4>\n<p>50 sztuk\/opakowanie<\/p>","protected":false},"featured_media":1175,"comment_status":"open","ping_status":"closed","template":"","meta":{"site-sidebar-layout":"","site-content-layout":"","ast-site-content-layout":"default","site-content-style":"default","site-sidebar-style":"default","ast-global-header-display":"","ast-banner-title-visibility":"","ast-main-header-display":"","ast-hfb-above-header-display":"","ast-hfb-below-header-display":"","ast-hfb-mobile-header-display":"","site-post-title":"","ast-breadcrumbs-content":"","ast-featured-img":"","footer-sml-layout":"","ast-disable-related-posts":"","theme-transparent-header-meta":"","adv-header-id-meta":"","stick-header-meta":"","header-above-stick-meta":"","header-main-stick-meta":"","header-below-stick-meta":"","astra-migrate-meta-layouts":"default","ast-page-background-enabled":"default","ast-page-background-meta":{"desktop":{"background-color":"var(--ast-global-color-4)","background-image":"","background-repeat":"repeat","background-position":"center center","background-size":"auto","background-attachment":"scroll","background-type":"","background-media":"","overlay-type":"","overlay-color":"","overlay-opacity":"","overlay-gradient":""},"tablet":{"background-color":"","background-image":"","background-repeat":"repeat","background-position":"center center","background-size":"auto","background-attachment":"scroll","background-type":"","background-media":"","overlay-type":"","overlay-color":"","overlay-opacity":"","overlay-gradient":""},"mobile":{"background-color":"","background-image":"","background-repeat":"repeat","background-position":"center center","background-size":"auto","background-attachment":"scroll","background-type":"","background-media":"","overlay-type":"","overlay-color":"","overlay-opacity":"","overlay-gradient":""}},"ast-content-background-meta":{"desktop":{"background-color":"var(--ast-global-color-5)","background-image":"","background-repeat":"repeat","background-position":"center center","background-size":"auto","background-attachment":"scroll","background-type":"","background-media":"","overlay-type":"","overlay-color":"","overlay-opacity":"","overlay-gradient":""},"tablet":{"background-color":"var(--ast-global-color-5)","background-image":"","background-repeat":"repeat","background-position":"center center","background-size":"auto","background-attachment":"scroll","background-type":"","background-media":"","overlay-type":"","overlay-color":"","overlay-opacity":"","overlay-gradient":""},"mobile":{"background-color":"var(--ast-global-color-5)","background-image":"","background-repeat":"repeat","background-position":"center center","background-size":"auto","background-attachment":"scroll","background-type":"","background-media":"","overlay-type":"","overlay-color":"","overlay-opacity":"","overlay-gradient":""}}},"product_brand":[],"product_cat":[25],"product_tag":[81,102,91,92],"class_list":{"0":"post-510","1":"product","2":"type-product","3":"status-publish","4":"has-post-thumbnail","6":"product_cat-round-liner","7":"product_tag-cartridge-tattoo-needles","8":"product_tag-rotary-tattoo-needles","9":"product_tag-tattoo-equipment","10":"product_tag-tattoo-machines-parts","11":"pa_brand-rightstuff","12":"desktop-align-center","13":"tablet-align-left","14":"mobile-align-left","15":"ast-product-gallery-layout-horizontal-slider","16":"ast-product-gallery-with-no-image","17":"ast-product-tabs-layout-horizontal","19":"first","20":"outofstock","21":"taxable","22":"shipping-taxable","23":"purchasable","24":"product-type-simple"},"_links":{"self":[{"href":"https:\/\/rightstuff.eu\/pl\/wp-json\/wp\/v2\/product\/510","targetHints":{"allow":["GET"]}}],"collection":[{"href":"https:\/\/rightstuff.eu\/pl\/wp-json\/wp\/v2\/product"}],"about":[{"href":"https:\/\/rightstuff.eu\/pl\/wp-json\/wp\/v2\/types\/product"}],"replies":[{"embeddable":true,"href":"https:\/\/rightstuff.eu\/pl\/wp-json\/wp\/v2\/comments?post=510"}],"version-history":[{"count":0,"href":"https:\/\/rightstuff.eu\/pl\/wp-json\/wp\/v2\/product\/510\/revisions"}],"wp:featuredmedia":[{"embeddable":true,"href":"https:\/\/rightstuff.eu\/pl\/wp-json\/wp\/v2\/media\/1175"}],"wp:attachment":[{"href":"https:\/\/rightstuff.eu\/pl\/wp-json\/wp\/v2\/media?parent=510"}],"wp:term":[{"taxonomy":"product_brand","embeddable":true,"href":"https:\/\/rightstuff.eu\/pl\/wp-json\/wp\/v2\/product_brand?post=510"},{"taxonomy":"product_cat","embeddable":true,"href":"https:\/\/rightstuff.eu\/pl\/wp-json\/wp\/v2\/product_cat?post=510"},{"taxonomy":"product_tag","embeddable":true,"href":"https:\/\/rightstuff.eu\/pl\/wp-json\/wp\/v2\/product_tag?post=510"}],"curies":[{"name":"wp","href":"https:\/\/api.w.org\/{rel}","templated":true}]}}