{"id":50951,"date":"2022-12-01T22:18:58","date_gmt":"2022-12-01T21:18:58","guid":{"rendered":"https:\/\/rightstuff.eu\/?post_type=product&#038;p=50951"},"modified":"2025-01-22T01:27:20","modified_gmt":"2025-01-22T00:27:20","slug":"minidozzer-trueliner-brass","status":"publish","type":"product","link":"https:\/\/rightstuff.eu\/pl\/produkt\/minidozzer-trueliner-brass\/","title":{"rendered":"miniDOZZER TrueLiner BRASS"},"content":{"rendered":"<p>Do\u015bwiadczeni arty\u015bci, kt\u00f3rzy pracuj\u0105 w bran\u017cy tatua\u017cu od wielu lat, b\u0119d\u0105 zadowoleni z mosi\u0119\u017cnego miniDOZZER TrueLiner \u00a0<a href=\"https:\/\/rightstuff.eu\/blog\/rotary-tattoo-machine-vs-coil-one\/\">Maszyna do tatua\u017cu zwojowego<\/a>. Ten nowoczesny sprz\u0119t jest naprawd\u0119 bezkompromisowym rozwi\u0105zaniem dla profesjonalist\u00f3w. Urz\u0105dzenie to r\u00f3wnomiernie tworzy wszelkie linie w jednym przebiegu, ale wymaga do\u015bwiadczonych i zdyscyplinowanych r\u0105k. Nie zna problem\u00f3w podczas pracy z ig\u0142ami 7 -14 Rl.<\/p>\n<p>Maszynka do tworzenia obraz\u00f3w na sk\u00f3rze z d\u0142ugimi poci\u0105gni\u0119ciami zosta\u0142a stworzona do pracy g\u0142\u00f3wnie z delikatn\u0105, cienk\u0105 sk\u00f3r\u0105. Kiedy m\u0142oda kobieta prosi mistrza o zrobienie jej pewnego tatua\u017cu, a obraz ma wiele szczeg\u00f3\u0142\u00f3w i linii, artysta z pewno\u015bci\u0105 u\u017cyje tego narz\u0119dzia. Ten liner jest zamkni\u0119ty w solidnej, ale lekkiej oprawie. Jego 26-milimetrowe zwoje najlepszej jako\u015bci maj\u0105 dziewi\u0119\u0107 zwoj\u00f3w.<\/p>\n<p>Kupuj\u0105c True Liner w Right Stuff, otrzymujesz urz\u0105dzenie nastrojone i gotowe do u\u017cycia. Jednak, jak ka\u017cdy inny Brass <a href=\"http:\/\/mazzay.by\" target=\"_blank\" rel=\"noopener\">maszyna do tatua\u017cu<\/a>Narz\u0119dzie mo\u017ce wymaga\u0107 wi\u0119kszej precyzji. Urz\u0105dzenie pracuje z cz\u0119stotliwo\u015bci\u0105 135 Hz przy napi\u0119ciu 6,5 V, kiedy jest nieobci\u0105\u017cone.<\/p>","protected":false},"excerpt":{"rendered":"<h3>Maszyna do tatua\u017cu z mosi\u0105dzu<\/h3>\n<p>Rama jest wykonana z jednego kawa\u0142ka mosi\u0105dzu.<br \/>\nWysokiej jako\u015bci cewki - 26 mm * 9 zwoj\u00f3w<br \/>\nOkucia stalowe<br \/>\nPreferowane ig\u0142y 7-14rl<br \/>\nD\u0142ugi skok<br \/>\nPracuje z cz\u0119stotliwo\u015bci\u0105 135hz przy napi\u0119ciu 6,5 V - bez obci\u0105\u017cenia<\/p>\n<p>Waga maszynki do tatua\u017cu 200 gr.<\/p>","protected":false},"featured_media":50952,"comment_status":"open","ping_status":"closed","template":"","meta":{"site-sidebar-layout":"default","site-content-layout":"","ast-site-content-layout":"default","site-content-style":"default","site-sidebar-style":"default","ast-global-header-display":"","ast-banner-title-visibility":"","ast-main-header-display":"","ast-hfb-above-header-display":"","ast-hfb-below-header-display":"","ast-hfb-mobile-header-display":"","site-post-title":"","ast-breadcrumbs-content":"","ast-featured-img":"","footer-sml-layout":"","ast-disable-related-posts":"","theme-transparent-header-meta":"default","adv-header-id-meta":"","stick-header-meta":"default","header-above-stick-meta":"","header-main-stick-meta":"","header-below-stick-meta":"","astra-migrate-meta-layouts":"set","ast-page-background-enabled":"default","ast-page-background-meta":{"desktop":{"background-color":"var(--ast-global-color-4)","background-image":"","background-repeat":"repeat","background-position":"center center","background-size":"auto","background-attachment":"scroll","background-type":"","background-media":"","overlay-type":"","overlay-color":"","overlay-opacity":"","overlay-gradient":""},"tablet":{"background-color":"","background-image":"","background-repeat":"repeat","background-position":"center center","background-size":"auto","background-attachment":"scroll","background-type":"","background-media":"","overlay-type":"","overlay-color":"","overlay-opacity":"","overlay-gradient":""},"mobile":{"background-color":"","background-image":"","background-repeat":"repeat","background-position":"center center","background-size":"auto","background-attachment":"scroll","background-type":"","background-media":"","overlay-type":"","overlay-color":"","overlay-opacity":"","overlay-gradient":""}},"ast-content-background-meta":{"desktop":{"background-color":"var(--ast-global-color-5)","background-image":"","background-repeat":"repeat","background-position":"center center","background-size":"auto","background-attachment":"scroll","background-type":"","background-media":"","overlay-type":"","overlay-color":"","overlay-opacity":"","overlay-gradient":""},"tablet":{"background-color":"var(--ast-global-color-5)","background-image":"","background-repeat":"repeat","background-position":"center center","background-size":"auto","background-attachment":"scroll","background-type":"","background-media":"","overlay-type":"","overlay-color":"","overlay-opacity":"","overlay-gradient":""},"mobile":{"background-color":"var(--ast-global-color-5)","background-image":"","background-repeat":"repeat","background-position":"center center","background-size":"auto","background-attachment":"scroll","background-type":"","background-media":"","overlay-type":"","overlay-color":"","overlay-opacity":"","overlay-gradient":""}}},"product_brand":[],"product_cat":[32],"product_tag":[82,93,83,99,1801,87,91,95,72],"class_list":{"0":"post-50951","1":"product","2":"type-product","3":"status-publish","4":"has-post-thumbnail","6":"product_cat-dozzer","7":"product_tag-coil-tattoo-machines","8":"product_tag-custom-tattoo-guns","9":"product_tag-custom-tattoo-machines","10":"product_tag-handmade-tattoo-machines","11":"product_tag-machines-a-tatouer-les-bobines","12":"product_tag-professional-tattoo-machines","13":"product_tag-tattoo-equipment","14":"product_tag-tattoo-guns","15":"product_tag-tattoo-machine-coils","16":"pa_brand-rightstuff","17":"desktop-align-center","18":"tablet-align-left","19":"mobile-align-left","20":"ast-product-gallery-layout-horizontal-slider","21":"ast-product-gallery-with-no-image","22":"ast-product-tabs-layout-horizontal","24":"first","25":"outofstock","26":"taxable","27":"shipping-taxable","28":"purchasable","29":"product-type-simple"},"_links":{"self":[{"href":"https:\/\/rightstuff.eu\/pl\/wp-json\/wp\/v2\/product\/50951","targetHints":{"allow":["GET"]}}],"collection":[{"href":"https:\/\/rightstuff.eu\/pl\/wp-json\/wp\/v2\/product"}],"about":[{"href":"https:\/\/rightstuff.eu\/pl\/wp-json\/wp\/v2\/types\/product"}],"replies":[{"embeddable":true,"href":"https:\/\/rightstuff.eu\/pl\/wp-json\/wp\/v2\/comments?post=50951"}],"version-history":[{"count":0,"href":"https:\/\/rightstuff.eu\/pl\/wp-json\/wp\/v2\/product\/50951\/revisions"}],"wp:featuredmedia":[{"embeddable":true,"href":"https:\/\/rightstuff.eu\/pl\/wp-json\/wp\/v2\/media\/50952"}],"wp:attachment":[{"href":"https:\/\/rightstuff.eu\/pl\/wp-json\/wp\/v2\/media?parent=50951"}],"wp:term":[{"taxonomy":"product_brand","embeddable":true,"href":"https:\/\/rightstuff.eu\/pl\/wp-json\/wp\/v2\/product_brand?post=50951"},{"taxonomy":"product_cat","embeddable":true,"href":"https:\/\/rightstuff.eu\/pl\/wp-json\/wp\/v2\/product_cat?post=50951"},{"taxonomy":"product_tag","embeddable":true,"href":"https:\/\/rightstuff.eu\/pl\/wp-json\/wp\/v2\/product_tag?post=50951"}],"curies":[{"name":"wp","href":"https:\/\/api.w.org\/{rel}","templated":true}]}}