{"id":50174,"date":"2021-05-15T21:19:00","date_gmt":"2021-05-15T19:19:00","guid":{"rendered":"https:\/\/rightstuff.eu\/?post_type=product&#038;p=50174"},"modified":"2025-04-26T16:33:40","modified_gmt":"2025-04-26T14:33:40","slug":"finer-grip-28mm-black","status":"publish","type":"product","link":"https:\/\/rightstuff.eu\/pl\/produkt\/finer-grip-28mm-black\/","title":{"rendered":"FINER Grip 28mm -czarny"},"content":{"rendered":"<p>Znane jako jedne z najbardziej bezpiecznych i wysokiej jako\u015bci cz\u0119\u015bci do maszynek do tatua\u017cu, uchwyty do maszynki do tatua\u017cu Hornet 28 mm czarne s\u0105 oferowane Twojej uwadze ju\u017c teraz. Je\u015bli jeste\u015b tatua\u017cyst\u0105, kt\u00f3ry potrzebuje wyj\u0105tkowej kontroli i komfortu podczas pracy, te cz\u0119\u015bci b\u0119d\u0105 \u015bwietnie czu\u0107 si\u0119 w twoich r\u0119kach. Smuk\u0142a i wyrazista obudowa, elegancki czarny kolor, nie tylko wygl\u0105daj\u0105 niesamowicie, ale tak\u017ce nie b\u0119d\u0105 widoczne \u017cadne zadrapania. S\u0105 to wytrzyma\u0142e uchwyty do maszynek do tatua\u017cu o grubo\u015bci 28 mm, kt\u00f3re pasuj\u0105 do d\u0142oni \u015bredniej wielko\u015bci. To wa\u017cny fakt, dlatego przy wyborze uchwyt\u00f3w do maszynki do tatua\u017cu zwr\u00f3\u0107 szczeg\u00f3ln\u0105 uwag\u0119 na rozmiar swojej d\u0142oni.<\/p>","protected":false},"excerpt":{"rendered":"<p>Aluminiowy uchwyt dla pi\u00f3ra obrotowego FINER Pen<\/p>","protected":false},"featured_media":49250,"comment_status":"open","ping_status":"closed","template":"","meta":{"site-sidebar-layout":"default","site-content-layout":"default","ast-site-content-layout":"default","site-content-style":"default","site-sidebar-style":"default","ast-global-header-display":"","ast-banner-title-visibility":"","ast-main-header-display":"","ast-hfb-above-header-display":"","ast-hfb-below-header-display":"","ast-hfb-mobile-header-display":"","site-post-title":"","ast-breadcrumbs-content":"","ast-featured-img":"","footer-sml-layout":"","ast-disable-related-posts":"","theme-transparent-header-meta":"default","adv-header-id-meta":"","stick-header-meta":"default","header-above-stick-meta":"","header-main-stick-meta":"","header-below-stick-meta":"","astra-migrate-meta-layouts":"set","ast-page-background-enabled":"default","ast-page-background-meta":{"desktop":{"background-color":"var(--ast-global-color-4)","background-image":"","background-repeat":"repeat","background-position":"center center","background-size":"auto","background-attachment":"scroll","background-type":"","background-media":"","overlay-type":"","overlay-color":"","overlay-opacity":"","overlay-gradient":""},"tablet":{"background-color":"","background-image":"","background-repeat":"repeat","background-position":"center center","background-size":"auto","background-attachment":"scroll","background-type":"","background-media":"","overlay-type":"","overlay-color":"","overlay-opacity":"","overlay-gradient":""},"mobile":{"background-color":"","background-image":"","background-repeat":"repeat","background-position":"center center","background-size":"auto","background-attachment":"scroll","background-type":"","background-media":"","overlay-type":"","overlay-color":"","overlay-opacity":"","overlay-gradient":""}},"ast-content-background-meta":{"desktop":{"background-color":"var(--ast-global-color-5)","background-image":"","background-repeat":"repeat","background-position":"center center","background-size":"auto","background-attachment":"scroll","background-type":"","background-media":"","overlay-type":"","overlay-color":"","overlay-opacity":"","overlay-gradient":""},"tablet":{"background-color":"var(--ast-global-color-5)","background-image":"","background-repeat":"repeat","background-position":"center center","background-size":"auto","background-attachment":"scroll","background-type":"","background-media":"","overlay-type":"","overlay-color":"","overlay-opacity":"","overlay-gradient":""},"mobile":{"background-color":"var(--ast-global-color-5)","background-image":"","background-repeat":"repeat","background-position":"center center","background-size":"auto","background-attachment":"scroll","background-type":"","background-media":"","overlay-type":"","overlay-color":"","overlay-opacity":"","overlay-gradient":""}}},"product_brand":[],"product_cat":[1803],"product_tag":[101,100,98,48,97,1792,90,91,92,86],"class_list":{"0":"post-50174","1":"product","2":"type-product","3":"status-publish","4":"has-post-thumbnail","6":"product_cat-pen-tattoo-machines","7":"product_tag-custom-rotary-machines","8":"product_tag-handmade-rotary-tattoo-machines","9":"product_tag-rotary-tattoo-guns","10":"product_tag-rotary-tattoo-machine","11":"product_tag-rotary-tattoo-pen","12":"product_tag-rotary-tattoomaschinen","13":"product_tag-tattoo-accessories","14":"product_tag-tattoo-equipment","15":"product_tag-tattoo-machines-parts","16":"product_tag-tattoo-needle-supply","17":"pa_brand-rightstuff","18":"desktop-align-center","19":"tablet-align-left","20":"mobile-align-left","21":"ast-product-gallery-layout-horizontal-slider","22":"ast-product-tabs-layout-horizontal","24":"first","25":"outofstock","26":"taxable","27":"shipping-taxable","28":"purchasable","29":"product-type-simple"},"_links":{"self":[{"href":"https:\/\/rightstuff.eu\/pl\/wp-json\/wp\/v2\/product\/50174","targetHints":{"allow":["GET"]}}],"collection":[{"href":"https:\/\/rightstuff.eu\/pl\/wp-json\/wp\/v2\/product"}],"about":[{"href":"https:\/\/rightstuff.eu\/pl\/wp-json\/wp\/v2\/types\/product"}],"replies":[{"embeddable":true,"href":"https:\/\/rightstuff.eu\/pl\/wp-json\/wp\/v2\/comments?post=50174"}],"version-history":[{"count":0,"href":"https:\/\/rightstuff.eu\/pl\/wp-json\/wp\/v2\/product\/50174\/revisions"}],"wp:featuredmedia":[{"embeddable":true,"href":"https:\/\/rightstuff.eu\/pl\/wp-json\/wp\/v2\/media\/49250"}],"wp:attachment":[{"href":"https:\/\/rightstuff.eu\/pl\/wp-json\/wp\/v2\/media?parent=50174"}],"wp:term":[{"taxonomy":"product_brand","embeddable":true,"href":"https:\/\/rightstuff.eu\/pl\/wp-json\/wp\/v2\/product_brand?post=50174"},{"taxonomy":"product_cat","embeddable":true,"href":"https:\/\/rightstuff.eu\/pl\/wp-json\/wp\/v2\/product_cat?post=50174"},{"taxonomy":"product_tag","embeddable":true,"href":"https:\/\/rightstuff.eu\/pl\/wp-json\/wp\/v2\/product_tag?post=50174"}],"curies":[{"name":"wp","href":"https:\/\/api.w.org\/{rel}","templated":true}]}}