{"id":49427,"date":"2020-05-25T19:37:35","date_gmt":"2020-05-25T16:37:35","guid":{"rendered":"https:\/\/rightstuff.eu\/?post_type=product&#038;p=49427"},"modified":"2025-01-22T01:32:15","modified_gmt":"2025-01-22T00:32:15","slug":"pen-tattoo-machine-finer-28mm-grip-gold","status":"publish","type":"product","link":"https:\/\/rightstuff.eu\/pl\/produkt\/pen-tattoo-machine-finer-28mm-grip-gold\/","title":{"rendered":"Maszynka do tatua\u017cu Finer Uchwyt -28mm (z\u0142ote)"},"content":{"rendered":"<p dir=\"auto\" data-pm-slice=\"1 1 []\">Finer to idealna maszynka do tatua\u017cu pi\u00f3rkowego dla os\u00f3b wykonuj\u0105cych makija\u017c permanentny -PMU. Jest to elegancka i stylowa maszynka do tatua\u017cu, kt\u00f3ra ma idealny rozmiar i wag\u0119 dla ka\u017cdego u\u017cytkownika. Posiada uchwyt zapewniaj\u0105cy wygodne trzymanie i osiem wat\u00f3w mocy dla szybkiego ruchu ig\u0142y. D\u0142ugo\u015b\u0107 skoku 3,2 mm pomo\u017ce Ci osi\u0105gn\u0105\u0107 optymalne rezultaty przy tworzeniu makija\u017cu. D\u0142ugo\u015b\u0107 ig\u0142y mo\u017cna regulowa\u0107 do 4 mm<\/p>","protected":false},"excerpt":{"rendered":"<p>Maszynka do tatua\u017cu Finer Gold<\/p>\n<p>Urz\u0105dzenie PMU<\/p>\n<p>D\u0142ugo\u015b\u0107 120 mm, \u015brednica 21 mm<br \/>\nUchwyt 28 mm<\/p>\n<p>Kompatybilny z wszystkimi standardowymi wk\u0142adami<\/p>\n<p>zalecamy korzystanie z naszego <a href=\"https:\/\/rightstuff.eu\/tattoo-cartridges\/\">Wk\u0142ady RightStripes<\/a><\/p>\n<p>Skok 3,2 mm<\/p>\n<p>Wysokowydajny silnik bezrdzeniowy 8w<br \/>\nG\u0142\u0119boko\u015b\u0107 ig\u0142y do 4 mm<br \/>\n10000 RPM<br \/>\nPreferowane napi\u0119cie 4,5-12 V<\/p>\n<p>Po\u0142\u0105czenie RCA<br \/>\nKorpus aluminiowy<br \/>\nWaga 86 gr.<\/p>","protected":false},"featured_media":0,"comment_status":"open","ping_status":"closed","template":"","meta":{"site-sidebar-layout":"default","site-content-layout":"default","ast-site-content-layout":"default","site-content-style":"default","site-sidebar-style":"default","ast-global-header-display":"","ast-banner-title-visibility":"","ast-main-header-display":"","ast-hfb-above-header-display":"","ast-hfb-below-header-display":"","ast-hfb-mobile-header-display":"","site-post-title":"","ast-breadcrumbs-content":"","ast-featured-img":"","footer-sml-layout":"","ast-disable-related-posts":"","theme-transparent-header-meta":"default","adv-header-id-meta":"","stick-header-meta":"default","header-above-stick-meta":"","header-main-stick-meta":"","header-below-stick-meta":"","astra-migrate-meta-layouts":"set","ast-page-background-enabled":"default","ast-page-background-meta":{"desktop":{"background-color":"var(--ast-global-color-4)","background-image":"","background-repeat":"repeat","background-position":"center center","background-size":"auto","background-attachment":"scroll","background-type":"","background-media":"","overlay-type":"","overlay-color":"","overlay-opacity":"","overlay-gradient":""},"tablet":{"background-color":"","background-image":"","background-repeat":"repeat","background-position":"center center","background-size":"auto","background-attachment":"scroll","background-type":"","background-media":"","overlay-type":"","overlay-color":"","overlay-opacity":"","overlay-gradient":""},"mobile":{"background-color":"","background-image":"","background-repeat":"repeat","background-position":"center center","background-size":"auto","background-attachment":"scroll","background-type":"","background-media":"","overlay-type":"","overlay-color":"","overlay-opacity":"","overlay-gradient":""}},"ast-content-background-meta":{"desktop":{"background-color":"var(--ast-global-color-5)","background-image":"","background-repeat":"repeat","background-position":"center center","background-size":"auto","background-attachment":"scroll","background-type":"","background-media":"","overlay-type":"","overlay-color":"","overlay-opacity":"","overlay-gradient":""},"tablet":{"background-color":"var(--ast-global-color-5)","background-image":"","background-repeat":"repeat","background-position":"center center","background-size":"auto","background-attachment":"scroll","background-type":"","background-media":"","overlay-type":"","overlay-color":"","overlay-opacity":"","overlay-gradient":""},"mobile":{"background-color":"var(--ast-global-color-5)","background-image":"","background-repeat":"repeat","background-position":"center center","background-size":"auto","background-attachment":"scroll","background-type":"","background-media":"","overlay-type":"","overlay-color":"","overlay-opacity":"","overlay-gradient":""}}},"product_brand":[],"product_cat":[1803],"product_tag":[101,93,100,99,53,1799,50,87,98,48,97,1792,71,91,95,52,41,51],"class_list":{"0":"post-49427","1":"product","2":"type-product","3":"status-publish","5":"product_cat-pen-tattoo-machines","6":"product_tag-custom-rotary-machines","7":"product_tag-custom-tattoo-guns","8":"product_tag-handmade-rotary-tattoo-machines","9":"product_tag-handmade-tattoo-machines","10":"product_tag-hornet-tattoo-machine","11":"product_tag-macchinette-rotative-per-tatuaggi","12":"product_tag-pen-tattoo-machine","13":"product_tag-professional-tattoo-machines","14":"product_tag-rotary-tattoo-guns","15":"product_tag-rotary-tattoo-machine","16":"product_tag-rotary-tattoo-pen","17":"product_tag-rotary-tattoomaschinen","18":"product_tag-tattoo-cartridges","19":"product_tag-tattoo-equipment","20":"product_tag-tattoo-guns","21":"product_tag-tattoo-machine-pen","22":"product_tag-tattoo-machines","23":"product_tag-tattoo-pen","24":"pa_brand-rightstuff","25":"desktop-align-center","26":"tablet-align-left","27":"mobile-align-left","28":"ast-product-gallery-layout-horizontal-slider","29":"ast-product-gallery-with-no-image","30":"ast-product-tabs-layout-horizontal","32":"first","33":"outofstock","34":"purchasable","35":"product-type-simple"},"_links":{"self":[{"href":"https:\/\/rightstuff.eu\/pl\/wp-json\/wp\/v2\/product\/49427","targetHints":{"allow":["GET"]}}],"collection":[{"href":"https:\/\/rightstuff.eu\/pl\/wp-json\/wp\/v2\/product"}],"about":[{"href":"https:\/\/rightstuff.eu\/pl\/wp-json\/wp\/v2\/types\/product"}],"replies":[{"embeddable":true,"href":"https:\/\/rightstuff.eu\/pl\/wp-json\/wp\/v2\/comments?post=49427"}],"version-history":[{"count":0,"href":"https:\/\/rightstuff.eu\/pl\/wp-json\/wp\/v2\/product\/49427\/revisions"}],"wp:attachment":[{"href":"https:\/\/rightstuff.eu\/pl\/wp-json\/wp\/v2\/media?parent=49427"}],"wp:term":[{"taxonomy":"product_brand","embeddable":true,"href":"https:\/\/rightstuff.eu\/pl\/wp-json\/wp\/v2\/product_brand?post=49427"},{"taxonomy":"product_cat","embeddable":true,"href":"https:\/\/rightstuff.eu\/pl\/wp-json\/wp\/v2\/product_cat?post=49427"},{"taxonomy":"product_tag","embeddable":true,"href":"https:\/\/rightstuff.eu\/pl\/wp-json\/wp\/v2\/product_tag?post=49427"}],"curies":[{"name":"wp","href":"https:\/\/api.w.org\/{rel}","templated":true}]}}