{"id":49424,"date":"2020-05-25T19:12:24","date_gmt":"2020-05-25T16:12:24","guid":{"rendered":"https:\/\/rightstuff.eu\/?post_type=product&#038;p=49424"},"modified":"2025-01-22T01:32:15","modified_gmt":"2025-01-22T00:32:15","slug":"pen-tattoo-machine-finer-pink","status":"publish","type":"product","link":"https:\/\/rightstuff.eu\/pl\/produkt\/pen-tattoo-machine-finer-pink\/","title":{"rendered":"Maszynka do tatua\u017cu Finer (r\u00f3\u017cowa)"},"content":{"rendered":"<p dir=\"auto\" data-pm-slice=\"1 1 []\">Zr\u00f3b sobie tusz. Pen Tattoo Machine Finer to najlepsza ma\u0142a maszynka do tatua\u017cu na rynku. Oferuje g\u0142adkie, wysokiej jako\u015bci i \u0142atwe w u\u017cyciu do\u015bwiadczenie dla tych, kt\u00f3rzy szukaj\u0105 nowego sposobu wyra\u017cenia siebie. Pen Tattoo Machine Finer ma wspania\u0142y, prosty design i doskonale nadaje si\u0119 na prezent dla ka\u017cdego, kto chce mie\u0107 tatua\u017c!<\/p>","protected":false},"excerpt":{"rendered":"<h4>Maszynka do tatua\u017cu z pi\u00f3rkiem Drobniejszy r\u00f3\u017c<\/h4>\n<p>D\u0142ugo\u015b\u0107 120 mm, \u015brednica 21 mm<br \/>\nUchwyt 18 mm<\/p>\n<p>Kompatybilny z wszystkimi standardowymi wk\u0142adami<\/p>\n<p>zalecamy korzystanie z naszego <a href=\"https:\/\/rightstuff.eu\/tattoo-cartridges\/\">Wk\u0142ady RightStripes<\/a><\/p>\n<p>Skok 3,2 mm<\/p>\n<p>Wysokowydajny silnik bezrdzeniowy 8w<br \/>\nG\u0142\u0119boko\u015b\u0107 ig\u0142y do 4 mm<br \/>\n10000 RPM<br \/>\nPreferowane napi\u0119cie 4,5-12 V<\/p>\n<p>Po\u0142\u0105czenie RCA<br \/>\nKorpus aluminiowy<br \/>\nWaga 86 gr.<\/p>","protected":false},"featured_media":49418,"comment_status":"open","ping_status":"closed","template":"","meta":{"site-sidebar-layout":"default","site-content-layout":"default","ast-site-content-layout":"default","site-content-style":"default","site-sidebar-style":"default","ast-global-header-display":"","ast-banner-title-visibility":"","ast-main-header-display":"","ast-hfb-above-header-display":"","ast-hfb-below-header-display":"","ast-hfb-mobile-header-display":"","site-post-title":"","ast-breadcrumbs-content":"","ast-featured-img":"","footer-sml-layout":"","ast-disable-related-posts":"","theme-transparent-header-meta":"default","adv-header-id-meta":"","stick-header-meta":"default","header-above-stick-meta":"","header-main-stick-meta":"","header-below-stick-meta":"","astra-migrate-meta-layouts":"set","ast-page-background-enabled":"default","ast-page-background-meta":{"desktop":{"background-color":"var(--ast-global-color-4)","background-image":"","background-repeat":"repeat","background-position":"center center","background-size":"auto","background-attachment":"scroll","background-type":"","background-media":"","overlay-type":"","overlay-color":"","overlay-opacity":"","overlay-gradient":""},"tablet":{"background-color":"","background-image":"","background-repeat":"repeat","background-position":"center center","background-size":"auto","background-attachment":"scroll","background-type":"","background-media":"","overlay-type":"","overlay-color":"","overlay-opacity":"","overlay-gradient":""},"mobile":{"background-color":"","background-image":"","background-repeat":"repeat","background-position":"center center","background-size":"auto","background-attachment":"scroll","background-type":"","background-media":"","overlay-type":"","overlay-color":"","overlay-opacity":"","overlay-gradient":""}},"ast-content-background-meta":{"desktop":{"background-color":"var(--ast-global-color-5)","background-image":"","background-repeat":"repeat","background-position":"center center","background-size":"auto","background-attachment":"scroll","background-type":"","background-media":"","overlay-type":"","overlay-color":"","overlay-opacity":"","overlay-gradient":""},"tablet":{"background-color":"var(--ast-global-color-5)","background-image":"","background-repeat":"repeat","background-position":"center center","background-size":"auto","background-attachment":"scroll","background-type":"","background-media":"","overlay-type":"","overlay-color":"","overlay-opacity":"","overlay-gradient":""},"mobile":{"background-color":"var(--ast-global-color-5)","background-image":"","background-repeat":"repeat","background-position":"center center","background-size":"auto","background-attachment":"scroll","background-type":"","background-media":"","overlay-type":"","overlay-color":"","overlay-opacity":"","overlay-gradient":""}}},"product_brand":[],"product_cat":[1803],"product_tag":[101,93,100,99,53,50,87,98,48,97,1792,1797,1807,71,91,95,52,41,51],"class_list":{"0":"post-49424","1":"product","2":"type-product","3":"status-publish","4":"has-post-thumbnail","6":"product_cat-pen-tattoo-machines","7":"product_tag-custom-rotary-machines","8":"product_tag-custom-tattoo-guns","9":"product_tag-handmade-rotary-tattoo-machines","10":"product_tag-handmade-tattoo-machines","11":"product_tag-hornet-tattoo-machine","12":"product_tag-pen-tattoo-machine","13":"product_tag-professional-tattoo-machines","14":"product_tag-rotary-tattoo-guns","15":"product_tag-rotary-tattoo-machine","16":"product_tag-rotary-tattoo-pen","17":"product_tag-rotary-tattoomaschinen","18":"product_tag-rotative-machines-a-tatouer","19":"product_tag-tattoo-beginner-box","20":"product_tag-tattoo-cartridges","21":"product_tag-tattoo-equipment","22":"product_tag-tattoo-guns","23":"product_tag-tattoo-machine-pen","24":"product_tag-tattoo-machines","25":"product_tag-tattoo-pen","26":"pa_brand-rightstuff","27":"desktop-align-center","28":"tablet-align-left","29":"mobile-align-left","30":"ast-product-gallery-layout-horizontal-slider","31":"ast-product-tabs-layout-horizontal","33":"first","34":"instock","35":"purchasable","36":"product-type-simple"},"_links":{"self":[{"href":"https:\/\/rightstuff.eu\/pl\/wp-json\/wp\/v2\/product\/49424","targetHints":{"allow":["GET"]}}],"collection":[{"href":"https:\/\/rightstuff.eu\/pl\/wp-json\/wp\/v2\/product"}],"about":[{"href":"https:\/\/rightstuff.eu\/pl\/wp-json\/wp\/v2\/types\/product"}],"replies":[{"embeddable":true,"href":"https:\/\/rightstuff.eu\/pl\/wp-json\/wp\/v2\/comments?post=49424"}],"version-history":[{"count":0,"href":"https:\/\/rightstuff.eu\/pl\/wp-json\/wp\/v2\/product\/49424\/revisions"}],"wp:featuredmedia":[{"embeddable":true,"href":"https:\/\/rightstuff.eu\/pl\/wp-json\/wp\/v2\/media\/49418"}],"wp:attachment":[{"href":"https:\/\/rightstuff.eu\/pl\/wp-json\/wp\/v2\/media?parent=49424"}],"wp:term":[{"taxonomy":"product_brand","embeddable":true,"href":"https:\/\/rightstuff.eu\/pl\/wp-json\/wp\/v2\/product_brand?post=49424"},{"taxonomy":"product_cat","embeddable":true,"href":"https:\/\/rightstuff.eu\/pl\/wp-json\/wp\/v2\/product_cat?post=49424"},{"taxonomy":"product_tag","embeddable":true,"href":"https:\/\/rightstuff.eu\/pl\/wp-json\/wp\/v2\/product_tag?post=49424"}],"curies":[{"name":"wp","href":"https:\/\/api.w.org\/{rel}","templated":true}]}}