{"id":31953,"date":"2019-04-17T23:43:54","date_gmt":"2019-04-17T21:43:54","guid":{"rendered":"https:\/\/rightstuff.eu\/shop\/uncategorized\/magnum-cartridge-9m-030\/"},"modified":"2025-01-22T01:32:17","modified_gmt":"2025-01-22T00:32:17","slug":"magnum-cartridge-9m-030","status":"publish","type":"product","link":"https:\/\/rightstuff.eu\/pl\/produkt\/magnum-cartridge-9m-030\/","title":{"rendered":"Magnum Needle Cartridge 9M -0,30"},"content":{"rendered":"<p>Magnum Cartridge 9M -0.30 to profesjonalny kartrid\u017c z ig\u0142\u0105 do tatua\u017cu zaprojektowany z my\u015bl\u0105 o optymalnej wydajno\u015bci i precyzji. Ten kartrid\u017c jest wykonany ze stali nierdzewnej i ma konfiguracj\u0119 ig\u0142y 9M o \u015brednicy ig\u0142y 0,30 mm. Konfiguracja 9M jest idealna do tworzenia odcieni i pakowania kolor\u00f3w. Kartrid\u017c posiada r\u00f3wnie\u017c system membranowy, kt\u00f3ry zapobiega cofaniu si\u0119 atramentu i zapewnia sta\u0142y przep\u0142yw atramentu. Kartrid\u017c jest kompatybilny ze wszystkimi standardowymi maszynkami do tatua\u017cu i jest \u0142atwy w instalacji i obs\u0142udze. Dzi\u0119ki doskona\u0142ej wydajno\u015bci i precyzji, Magnum Tattoo Cartridge 9M -0.30 jest idealnym wyborem dla ka\u017cdego profesjonalnego tatuatora.<\/p>","protected":false},"excerpt":{"rendered":"<p>\u015aredni stukot<\/p>\n<p>Mikrotekstura<\/p>\n<p>Ig\u0142y 0,30 mm<\/p>\n<p>20 sztuk\/opakowanie<\/p>","protected":false},"featured_media":53477,"comment_status":"open","ping_status":"closed","template":"","meta":{"site-sidebar-layout":"","site-content-layout":"","ast-site-content-layout":"default","site-content-style":"default","site-sidebar-style":"default","ast-global-header-display":"","ast-banner-title-visibility":"","ast-main-header-display":"","ast-hfb-above-header-display":"","ast-hfb-below-header-display":"","ast-hfb-mobile-header-display":"","site-post-title":"","ast-breadcrumbs-content":"","ast-featured-img":"","footer-sml-layout":"","ast-disable-related-posts":"","theme-transparent-header-meta":"","adv-header-id-meta":"","stick-header-meta":"","header-above-stick-meta":"","header-main-stick-meta":"","header-below-stick-meta":"","astra-migrate-meta-layouts":"default","ast-page-background-enabled":"default","ast-page-background-meta":{"desktop":{"background-color":"var(--ast-global-color-4)","background-image":"","background-repeat":"repeat","background-position":"center center","background-size":"auto","background-attachment":"scroll","background-type":"","background-media":"","overlay-type":"","overlay-color":"","overlay-opacity":"","overlay-gradient":""},"tablet":{"background-color":"","background-image":"","background-repeat":"repeat","background-position":"center center","background-size":"auto","background-attachment":"scroll","background-type":"","background-media":"","overlay-type":"","overlay-color":"","overlay-opacity":"","overlay-gradient":""},"mobile":{"background-color":"","background-image":"","background-repeat":"repeat","background-position":"center center","background-size":"auto","background-attachment":"scroll","background-type":"","background-media":"","overlay-type":"","overlay-color":"","overlay-opacity":"","overlay-gradient":""}},"ast-content-background-meta":{"desktop":{"background-color":"var(--ast-global-color-5)","background-image":"","background-repeat":"repeat","background-position":"center center","background-size":"auto","background-attachment":"scroll","background-type":"","background-media":"","overlay-type":"","overlay-color":"","overlay-opacity":"","overlay-gradient":""},"tablet":{"background-color":"var(--ast-global-color-5)","background-image":"","background-repeat":"repeat","background-position":"center center","background-size":"auto","background-attachment":"scroll","background-type":"","background-media":"","overlay-type":"","overlay-color":"","overlay-opacity":"","overlay-gradient":""},"mobile":{"background-color":"var(--ast-global-color-5)","background-image":"","background-repeat":"repeat","background-position":"center center","background-size":"auto","background-attachment":"scroll","background-type":"","background-media":"","overlay-type":"","overlay-color":"","overlay-opacity":"","overlay-gradient":""}}},"product_brand":[],"product_cat":[226],"product_tag":[81,1796,1795,308,306,310,309,307,102,71,91,92,1793],"class_list":{"0":"post-31953","1":"product","2":"type-product","3":"status-publish","4":"has-post-thumbnail","6":"product_cat-magnum-cartridges","7":"product_tag-cartridge-tattoo-needles","8":"product_tag-cartucce-aghi-per-tatuaggio","9":"product_tag-cartuchos-de-agujas-de-tatuaje","10":"product_tag-disposable-tattoo-cartridge","11":"product_tag-needle-cartridge","12":"product_tag-premium-cartridge","13":"product_tag-premium-needle-cartridge","14":"product_tag-rightstripes","15":"product_tag-rotary-tattoo-needles","16":"product_tag-tattoo-cartridges","17":"product_tag-tattoo-equipment","18":"product_tag-tattoo-machines-parts","19":"product_tag-tattoonadeln-cartridges","20":"pa_brand-rightstuff","21":"pa_quantity-5-pcs","22":"pa_quantity-box-of-20","23":"desktop-align-center","24":"tablet-align-left","25":"mobile-align-left","26":"ast-product-gallery-layout-horizontal-slider","27":"ast-product-gallery-with-no-image","28":"ast-product-single-variable","29":"ast-product-tabs-layout-horizontal","31":"first","32":"instock","33":"taxable","34":"shipping-taxable","35":"purchasable","36":"product-type-variable"},"_links":{"self":[{"href":"https:\/\/rightstuff.eu\/pl\/wp-json\/wp\/v2\/product\/31953","targetHints":{"allow":["GET"]}}],"collection":[{"href":"https:\/\/rightstuff.eu\/pl\/wp-json\/wp\/v2\/product"}],"about":[{"href":"https:\/\/rightstuff.eu\/pl\/wp-json\/wp\/v2\/types\/product"}],"replies":[{"embeddable":true,"href":"https:\/\/rightstuff.eu\/pl\/wp-json\/wp\/v2\/comments?post=31953"}],"version-history":[{"count":0,"href":"https:\/\/rightstuff.eu\/pl\/wp-json\/wp\/v2\/product\/31953\/revisions"}],"wp:featuredmedia":[{"embeddable":true,"href":"https:\/\/rightstuff.eu\/pl\/wp-json\/wp\/v2\/media\/53477"}],"wp:attachment":[{"href":"https:\/\/rightstuff.eu\/pl\/wp-json\/wp\/v2\/media?parent=31953"}],"wp:term":[{"taxonomy":"product_brand","embeddable":true,"href":"https:\/\/rightstuff.eu\/pl\/wp-json\/wp\/v2\/product_brand?post=31953"},{"taxonomy":"product_cat","embeddable":true,"href":"https:\/\/rightstuff.eu\/pl\/wp-json\/wp\/v2\/product_cat?post=31953"},{"taxonomy":"product_tag","embeddable":true,"href":"https:\/\/rightstuff.eu\/pl\/wp-json\/wp\/v2\/product_tag?post=31953"}],"curies":[{"name":"wp","href":"https:\/\/api.w.org\/{rel}","templated":true}]}}