{"id":31810,"date":"2019-04-04T17:35:04","date_gmt":"2019-04-04T14:35:04","guid":{"rendered":"https:\/\/rightstuff.eu\/?post_type=product&#038;p=31810"},"modified":"2025-01-22T01:32:24","modified_gmt":"2025-01-22T00:32:24","slug":"minidozzer-fastliner-alu-blk-ylw","status":"publish","type":"product","link":"https:\/\/rightstuff.eu\/pl\/produkt\/minidozzer-fastliner-alu-blk-ylw\/","title":{"rendered":"miniDOZZER FastLiner ALU BLK\/YLW"},"content":{"rendered":"<p>&nbsp;<\/p>\n<p>Profesjonali\u015bci pracuj\u0105cy w popularnych salonach tatua\u017cu cz\u0119sto spotykaj\u0105 si\u0119 z wieloma klientami dziennie, pracuj\u0105c przez 8-10 godzin. Tworz\u0105c obrazy na sk\u00f3rze, u\u017cywaj\u0105 specjalnego sprz\u0119tu - urz\u0105dze\u0144 do wykonywania linii i cieni. Z tego powodu, z powodu wibracji pochodz\u0105cych z tych maszyn, odczuwaj\u0105 pewne zm\u0119czenie i napi\u0119cie w r\u0119kach. Pracuj\u0105c z miniDOZZER FastLiner ALU Tattoo Machine, nigdy nie do\u015bwiadczysz tych nieprzyjemnych, a nawet bolesnych odczu\u0107. Materia\u0142, z kt\u00f3rego wykonano ram\u0119 urz\u0105dzenia, to aluminium lotnicze 7075, dzi\u0119ki czemu waga urz\u0105dzenia wynosi tylko 145 gram\u00f3w. W por\u00f3wnaniu z linerami produkowanymi do tych samych cel\u00f3w (tworzenie r\u00f3wnych linii na sk\u00f3rze klienta), ten przedmiot jest bardzo lekki i wygodny. Nawet pracuj\u0105c z nim przez 8 godzin, nie b\u0119dziesz odczuwa\u0107 \u017cadnych uci\u0105\u017cliwych dolegliwo\u015bci.<\/p>\n<p>Urz\u0105dzenie dzia\u0142a z ig\u0142ami 3-9 Rl. Wykonuj\u0105c \u015brednie poci\u0105gni\u0119cia, dzia\u0142a bardzo szybko przy cz\u0119stotliwo\u015bci 160 Hz i napi\u0119ciu 6,6 V. Ten kompaktowy liner 26 milimetr\u00f3w 8 zwoj\u00f3w jest idealnym narz\u0119dziem dla profesjonalist\u00f3w. Jednak pocz\u0105tkuj\u0105cy z \u0142atwo\u015bci\u0105 naucz\u0105 si\u0119 wszystkich szczeg\u00f3\u0142\u00f3w pracy z tym urz\u0105dzeniem.<\/p>","protected":false},"excerpt":{"rendered":"<p>Rama jest wykonana z jednego kawa\u0142ka aluminium lotniczego 7075.<br \/>\nWysokiej jako\u015bci zwoje - 26 mm * 8 zwoj\u00f3w<br \/>\nOkucia z czernionej stali<br \/>\nIg\u0142y preferowane 3-9RL<br \/>\n\u015aredni udar<br \/>\nDzia\u0142a 160hz przy napi\u0119ciu 6,6 V - bez obci\u0105\u017cenia<\/p>\n<p>Waga maszyny do tatua\u017cu 145gr.<\/p>","protected":false},"featured_media":57015,"comment_status":"open","ping_status":"closed","template":"","meta":{"site-sidebar-layout":"default","site-content-layout":"","ast-site-content-layout":"default","site-content-style":"default","site-sidebar-style":"default","ast-global-header-display":"","ast-banner-title-visibility":"","ast-main-header-display":"","ast-hfb-above-header-display":"","ast-hfb-below-header-display":"","ast-hfb-mobile-header-display":"","site-post-title":"","ast-breadcrumbs-content":"","ast-featured-img":"","footer-sml-layout":"","ast-disable-related-posts":"","theme-transparent-header-meta":"default","adv-header-id-meta":"","stick-header-meta":"default","header-above-stick-meta":"","header-main-stick-meta":"","header-below-stick-meta":"","astra-migrate-meta-layouts":"set","ast-page-background-enabled":"default","ast-page-background-meta":{"desktop":{"background-color":"var(--ast-global-color-4)","background-image":"","background-repeat":"repeat","background-position":"center center","background-size":"auto","background-attachment":"scroll","background-type":"","background-media":"","overlay-type":"","overlay-color":"","overlay-opacity":"","overlay-gradient":""},"tablet":{"background-color":"","background-image":"","background-repeat":"repeat","background-position":"center center","background-size":"auto","background-attachment":"scroll","background-type":"","background-media":"","overlay-type":"","overlay-color":"","overlay-opacity":"","overlay-gradient":""},"mobile":{"background-color":"","background-image":"","background-repeat":"repeat","background-position":"center center","background-size":"auto","background-attachment":"scroll","background-type":"","background-media":"","overlay-type":"","overlay-color":"","overlay-opacity":"","overlay-gradient":""}},"ast-content-background-meta":{"desktop":{"background-color":"var(--ast-global-color-5)","background-image":"","background-repeat":"repeat","background-position":"center center","background-size":"auto","background-attachment":"scroll","background-type":"","background-media":"","overlay-type":"","overlay-color":"","overlay-opacity":"","overlay-gradient":""},"tablet":{"background-color":"var(--ast-global-color-5)","background-image":"","background-repeat":"repeat","background-position":"center center","background-size":"auto","background-attachment":"scroll","background-type":"","background-media":"","overlay-type":"","overlay-color":"","overlay-opacity":"","overlay-gradient":""},"mobile":{"background-color":"var(--ast-global-color-5)","background-image":"","background-repeat":"repeat","background-position":"center center","background-size":"auto","background-attachment":"scroll","background-type":"","background-media":"","overlay-type":"","overlay-color":"","overlay-opacity":"","overlay-gradient":""}}},"product_brand":[],"product_cat":[32],"product_tag":[82,93,83,99,1801,87,91,95,72],"class_list":{"0":"post-31810","1":"product","2":"type-product","3":"status-publish","4":"has-post-thumbnail","6":"product_cat-dozzer","7":"product_tag-coil-tattoo-machines","8":"product_tag-custom-tattoo-guns","9":"product_tag-custom-tattoo-machines","10":"product_tag-handmade-tattoo-machines","11":"product_tag-machines-a-tatouer-les-bobines","12":"product_tag-professional-tattoo-machines","13":"product_tag-tattoo-equipment","14":"product_tag-tattoo-guns","15":"product_tag-tattoo-machine-coils","16":"pa_brand-rightstuff","17":"desktop-align-center","18":"tablet-align-left","19":"mobile-align-left","20":"ast-product-gallery-layout-horizontal-slider","21":"ast-product-tabs-layout-horizontal","23":"first","24":"instock","25":"taxable","26":"shipping-taxable","27":"purchasable","28":"product-type-simple"},"_links":{"self":[{"href":"https:\/\/rightstuff.eu\/pl\/wp-json\/wp\/v2\/product\/31810","targetHints":{"allow":["GET"]}}],"collection":[{"href":"https:\/\/rightstuff.eu\/pl\/wp-json\/wp\/v2\/product"}],"about":[{"href":"https:\/\/rightstuff.eu\/pl\/wp-json\/wp\/v2\/types\/product"}],"replies":[{"embeddable":true,"href":"https:\/\/rightstuff.eu\/pl\/wp-json\/wp\/v2\/comments?post=31810"}],"version-history":[{"count":0,"href":"https:\/\/rightstuff.eu\/pl\/wp-json\/wp\/v2\/product\/31810\/revisions"}],"wp:featuredmedia":[{"embeddable":true,"href":"https:\/\/rightstuff.eu\/pl\/wp-json\/wp\/v2\/media\/57015"}],"wp:attachment":[{"href":"https:\/\/rightstuff.eu\/pl\/wp-json\/wp\/v2\/media?parent=31810"}],"wp:term":[{"taxonomy":"product_brand","embeddable":true,"href":"https:\/\/rightstuff.eu\/pl\/wp-json\/wp\/v2\/product_brand?post=31810"},{"taxonomy":"product_cat","embeddable":true,"href":"https:\/\/rightstuff.eu\/pl\/wp-json\/wp\/v2\/product_cat?post=31810"},{"taxonomy":"product_tag","embeddable":true,"href":"https:\/\/rightstuff.eu\/pl\/wp-json\/wp\/v2\/product_tag?post=31810"}],"curies":[{"name":"wp","href":"https:\/\/api.w.org\/{rel}","templated":true}]}}