{"id":31228,"date":"2018-06-05T22:31:45","date_gmt":"2018-06-05T19:31:45","guid":{"rendered":"https:\/\/rightstuff.eu\/?post_type=product&#038;p=31228"},"modified":"2026-01-27T18:01:20","modified_gmt":"2026-01-27T17:01:20","slug":"keg-slide-rotary-tattoo-machine-gold","status":"publish","type":"product","link":"https:\/\/rightstuff.eu\/pl\/produkt\/keg-slide-rotary-tattoo-machine-gold\/","title":{"rendered":"KEG - Maszyna do tatua\u017cu ze zje\u017cd\u017calni\u0105 (z\u0142oto)"},"content":{"rendered":"<p>Maszynka do tatua\u017cu KEG Slide to wysokiej jako\u015bci, profesjonalne narz\u0119dzie, kt\u00f3re jest idealne dla ka\u017cdego tatua\u017cysty. Wykonana jest z lekkiego, wytrzyma\u0142ego stopu aluminium i ma z\u0142ote wyko\u0144czenie, co nadaje jej elegancki wygl\u0105d. Maszynka zosta\u0142a zaprojektowana tak, aby zapewni\u0107 p\u0142ynn\u0105 i sp\u00f3jn\u0105 prac\u0119 przy minimalnych wibracjach i ha\u0142asie. Posiada mocny silnik, kt\u00f3ry radzi sobie z r\u00f3\u017cnymi konfiguracjami igie\u0142 i jest w stanie wytworzy\u0107 szerok\u0105 gam\u0119 linii. Maszyna jest wyposa\u017cona w unikalny mechanizm przesuwu, kt\u00f3ry umo\u017cliwia precyzyjn\u0105 kontrol\u0119 g\u0142\u0119boko\u015bci i pr\u0119dko\u015bci ig\u0142y. Ergonomiczna konstrukcja maszyny zapewnia wygodny uchwyt i \u0142atwo\u015b\u0107 manewrowania. Maszynka KEG Slide Tattoo Machine to idealny wyb\u00f3r dla ka\u017cdego artysty poszukuj\u0105cego niezawodnego, wydajnego narz\u0119dzia.<\/p>","protected":false},"excerpt":{"rendered":"<h4>Maszyna do tatua\u017cu zje\u017cd\u017caj\u0105cego<\/h4>\n<p>Skok 4,2 mm<br \/>\n8000 OBR\/MIN<br \/>\nPreferowane napi\u0119cie 6-13 V<\/p>\n<p>Zalecane <a href=\"https:\/\/rightstuff.eu\/needles\/m1\/9m1\/\">Ig\u0142y<\/a>: Do 9 Liner, do 23 Mag<br \/>\nKorpus aluminiowy<br \/>\nWaga 120 gr.<br \/>\nPrzew\u00f3d z klipsem i RCA<\/p>\n<p>&nbsp;<\/p>\n<p>Obrotowa maszyna do tatua\u017cu KEG Slide to doskona\u0142e narz\u0119dzie zar\u00f3wno dla do\u015bwiadczonych, jak i pocz\u0105tkuj\u0105cych tatua\u017cyst\u00f3w. Dzi\u0119ki wysokim obrotom i regulowanemu napi\u0119ciu zapewnia g\u0142adkie i precyzyjne linie i krzywe, pozwalaj\u0105c na stworzenie dowolnego stylu tatua\u017cu. Dodatkowo jej lekka i kompaktowa konstrukcja u\u0142atwia przenoszenie i transport, co jest idealne dla artyst\u00f3w w podr\u00f3\u017cy.<\/p>\n<p>&nbsp;<\/p>\n<p>&nbsp;<\/p>","protected":false},"featured_media":56900,"comment_status":"open","ping_status":"closed","template":"","meta":{"site-sidebar-layout":"default","site-content-layout":"","ast-site-content-layout":"default","site-content-style":"default","site-sidebar-style":"default","ast-global-header-display":"","ast-banner-title-visibility":"","ast-main-header-display":"","ast-hfb-above-header-display":"","ast-hfb-below-header-display":"","ast-hfb-mobile-header-display":"","site-post-title":"","ast-breadcrumbs-content":"","ast-featured-img":"","footer-sml-layout":"","ast-disable-related-posts":"","theme-transparent-header-meta":"default","adv-header-id-meta":"","stick-header-meta":"default","header-above-stick-meta":"","header-main-stick-meta":"","header-below-stick-meta":"","astra-migrate-meta-layouts":"set","ast-page-background-enabled":"default","ast-page-background-meta":{"desktop":{"background-color":"var(--ast-global-color-4)","background-image":"","background-repeat":"repeat","background-position":"center center","background-size":"auto","background-attachment":"scroll","background-type":"","background-media":"","overlay-type":"","overlay-color":"","overlay-opacity":"","overlay-gradient":""},"tablet":{"background-color":"","background-image":"","background-repeat":"repeat","background-position":"center center","background-size":"auto","background-attachment":"scroll","background-type":"","background-media":"","overlay-type":"","overlay-color":"","overlay-opacity":"","overlay-gradient":""},"mobile":{"background-color":"","background-image":"","background-repeat":"repeat","background-position":"center center","background-size":"auto","background-attachment":"scroll","background-type":"","background-media":"","overlay-type":"","overlay-color":"","overlay-opacity":"","overlay-gradient":""}},"ast-content-background-meta":{"desktop":{"background-color":"var(--ast-global-color-5)","background-image":"","background-repeat":"repeat","background-position":"center center","background-size":"auto","background-attachment":"scroll","background-type":"","background-media":"","overlay-type":"","overlay-color":"","overlay-opacity":"","overlay-gradient":""},"tablet":{"background-color":"var(--ast-global-color-5)","background-image":"","background-repeat":"repeat","background-position":"center center","background-size":"auto","background-attachment":"scroll","background-type":"","background-media":"","overlay-type":"","overlay-color":"","overlay-opacity":"","overlay-gradient":""},"mobile":{"background-color":"var(--ast-global-color-5)","background-image":"","background-repeat":"repeat","background-position":"center center","background-size":"auto","background-attachment":"scroll","background-type":"","background-media":"","overlay-type":"","overlay-color":"","overlay-opacity":"","overlay-gradient":""}}},"product_brand":[],"product_cat":[1996],"product_tag":[101,93,83,100,99,1798,87,98,48,1806,97,1792,1797,1807,91,95,72,41],"class_list":{"0":"post-31228","1":"product","2":"type-product","3":"status-publish","4":"has-post-thumbnail","6":"product_cat-slide","7":"product_tag-custom-rotary-machines","8":"product_tag-custom-tattoo-guns","9":"product_tag-custom-tattoo-machines","10":"product_tag-handmade-rotary-tattoo-machines","11":"product_tag-handmade-tattoo-machines","12":"product_tag-maquinas-rotativas-de-tatuaje","13":"product_tag-professional-tattoo-machines","14":"product_tag-rotary-tattoo-guns","15":"product_tag-rotary-tattoo-machine","16":"product_tag-rotary-tattoo-machines","17":"product_tag-rotary-tattoo-pen","18":"product_tag-rotary-tattoomaschinen","19":"product_tag-rotative-machines-a-tatouer","20":"product_tag-tattoo-beginner-box","21":"product_tag-tattoo-equipment","22":"product_tag-tattoo-guns","23":"product_tag-tattoo-machine-coils","24":"product_tag-tattoo-machines","25":"pa_brand-rightstuff","26":"desktop-align-center","27":"tablet-align-left","28":"mobile-align-left","29":"ast-product-gallery-layout-horizontal-slider","30":"ast-product-tabs-layout-horizontal","32":"first","33":"outofstock","34":"sale","35":"taxable","36":"shipping-taxable","37":"purchasable","38":"product-type-simple"},"_links":{"self":[{"href":"https:\/\/rightstuff.eu\/pl\/wp-json\/wp\/v2\/product\/31228","targetHints":{"allow":["GET"]}}],"collection":[{"href":"https:\/\/rightstuff.eu\/pl\/wp-json\/wp\/v2\/product"}],"about":[{"href":"https:\/\/rightstuff.eu\/pl\/wp-json\/wp\/v2\/types\/product"}],"replies":[{"embeddable":true,"href":"https:\/\/rightstuff.eu\/pl\/wp-json\/wp\/v2\/comments?post=31228"}],"version-history":[{"count":0,"href":"https:\/\/rightstuff.eu\/pl\/wp-json\/wp\/v2\/product\/31228\/revisions"}],"wp:featuredmedia":[{"embeddable":true,"href":"https:\/\/rightstuff.eu\/pl\/wp-json\/wp\/v2\/media\/56900"}],"wp:attachment":[{"href":"https:\/\/rightstuff.eu\/pl\/wp-json\/wp\/v2\/media?parent=31228"}],"wp:term":[{"taxonomy":"product_brand","embeddable":true,"href":"https:\/\/rightstuff.eu\/pl\/wp-json\/wp\/v2\/product_brand?post=31228"},{"taxonomy":"product_cat","embeddable":true,"href":"https:\/\/rightstuff.eu\/pl\/wp-json\/wp\/v2\/product_cat?post=31228"},{"taxonomy":"product_tag","embeddable":true,"href":"https:\/\/rightstuff.eu\/pl\/wp-json\/wp\/v2\/product_tag?post=31228"}],"curies":[{"name":"wp","href":"https:\/\/api.w.org\/{rel}","templated":true}]}}