{"id":30900,"date":"2018-02-15T23:23:25","date_gmt":"2018-02-15T20:23:25","guid":{"rendered":"https:\/\/rightstuff.eu\/?post_type=product&#038;p=30900"},"modified":"2025-01-22T01:32:29","modified_gmt":"2025-01-22T00:32:29","slug":"round-liner-needle-6hl","status":"publish","type":"product","link":"https:\/\/rightstuff.eu\/pl\/produkt\/round-liner-needle-6hl\/","title":{"rendered":"Ig\u0142a z pust\u0105 \u015bciank\u0105 6HL"},"content":{"rendered":"<p>Ig\u0142a Hollow Liner 6HL to wysokiej jako\u015bci, profesjonalna ig\u0142a do tatua\u017cu przeznaczona do wykonywania linii i cieniowania. Wykonana jest ze stali nierdzewnej klasy medycznej i posiada wydr\u0105\u017cony liner, kt\u00f3ry pozwala na wi\u0119kszy przep\u0142yw atramentu i g\u0142adsz\u0105, bardziej sp\u00f3jn\u0105 lini\u0119. Ig\u0142a 6HL ma ostr\u0105, zw\u0119\u017caj\u0105c\u0105 si\u0119 ko\u0144c\u00f3wk\u0119, kt\u00f3ra jest idealna do tworzenia precyzyjnych linii i szczeg\u00f3\u0142owego cieniowania. Ig\u0142a zosta\u0142a r\u00f3wnie\u017c zaprojektowana w celu zmniejszenia wibracji i ha\u0142asu, dzi\u0119ki czemu idealnie nadaje si\u0119 do d\u0142ugich sesji tatua\u017cu. Ig\u0142a 6HL jest kompatybilna ze wszystkimi standardowymi maszynkami do tatua\u017cu i jest dost\u0119pna w r\u00f3\u017cnych rozmiarach, aby dopasowa\u0107 si\u0119 do Twoich potrzeb. Niezale\u017cnie od tego, czy jeste\u015b profesjonalnym artyst\u0105, czy pocz\u0105tkuj\u0105cym, ig\u0142a Hollow liner 6HL jest idealnym wyborem do tworzenia pi\u0119knych, szczeg\u00f3\u0142owych tatua\u017cy.<\/p>","protected":false},"excerpt":{"rendered":"<p>50 sztuk\/opakowanie<\/p>","protected":false},"featured_media":1177,"comment_status":"open","ping_status":"closed","template":"","meta":{"site-sidebar-layout":"","site-content-layout":"","ast-site-content-layout":"default","site-content-style":"default","site-sidebar-style":"default","ast-global-header-display":"","ast-banner-title-visibility":"","ast-main-header-display":"","ast-hfb-above-header-display":"","ast-hfb-below-header-display":"","ast-hfb-mobile-header-display":"","site-post-title":"","ast-breadcrumbs-content":"","ast-featured-img":"","footer-sml-layout":"","ast-disable-related-posts":"","theme-transparent-header-meta":"","adv-header-id-meta":"","stick-header-meta":"","header-above-stick-meta":"","header-main-stick-meta":"","header-below-stick-meta":"","astra-migrate-meta-layouts":"default","ast-page-background-enabled":"default","ast-page-background-meta":{"desktop":{"background-color":"var(--ast-global-color-4)","background-image":"","background-repeat":"repeat","background-position":"center center","background-size":"auto","background-attachment":"scroll","background-type":"","background-media":"","overlay-type":"","overlay-color":"","overlay-opacity":"","overlay-gradient":""},"tablet":{"background-color":"","background-image":"","background-repeat":"repeat","background-position":"center center","background-size":"auto","background-attachment":"scroll","background-type":"","background-media":"","overlay-type":"","overlay-color":"","overlay-opacity":"","overlay-gradient":""},"mobile":{"background-color":"","background-image":"","background-repeat":"repeat","background-position":"center center","background-size":"auto","background-attachment":"scroll","background-type":"","background-media":"","overlay-type":"","overlay-color":"","overlay-opacity":"","overlay-gradient":""}},"ast-content-background-meta":{"desktop":{"background-color":"var(--ast-global-color-5)","background-image":"","background-repeat":"repeat","background-position":"center center","background-size":"auto","background-attachment":"scroll","background-type":"","background-media":"","overlay-type":"","overlay-color":"","overlay-opacity":"","overlay-gradient":""},"tablet":{"background-color":"var(--ast-global-color-5)","background-image":"","background-repeat":"repeat","background-position":"center center","background-size":"auto","background-attachment":"scroll","background-type":"","background-media":"","overlay-type":"","overlay-color":"","overlay-opacity":"","overlay-gradient":""},"mobile":{"background-color":"var(--ast-global-color-5)","background-image":"","background-repeat":"repeat","background-position":"center center","background-size":"auto","background-attachment":"scroll","background-type":"","background-media":"","overlay-type":"","overlay-color":"","overlay-opacity":"","overlay-gradient":""}}},"product_brand":[],"product_cat":[77],"product_tag":[81,102,91,92],"class_list":{"0":"post-30900","1":"product","2":"type-product","3":"status-publish","4":"has-post-thumbnail","6":"product_cat-hollow-liner","7":"product_tag-cartridge-tattoo-needles","8":"product_tag-rotary-tattoo-needles","9":"product_tag-tattoo-equipment","10":"product_tag-tattoo-machines-parts","11":"pa_brand-rightstuff","12":"desktop-align-center","13":"tablet-align-left","14":"mobile-align-left","15":"ast-product-gallery-layout-horizontal-slider","16":"ast-product-gallery-with-no-image","17":"ast-product-tabs-layout-horizontal","19":"first","20":"outofstock","21":"taxable","22":"shipping-taxable","23":"purchasable","24":"product-type-simple"},"_links":{"self":[{"href":"https:\/\/rightstuff.eu\/pl\/wp-json\/wp\/v2\/product\/30900","targetHints":{"allow":["GET"]}}],"collection":[{"href":"https:\/\/rightstuff.eu\/pl\/wp-json\/wp\/v2\/product"}],"about":[{"href":"https:\/\/rightstuff.eu\/pl\/wp-json\/wp\/v2\/types\/product"}],"replies":[{"embeddable":true,"href":"https:\/\/rightstuff.eu\/pl\/wp-json\/wp\/v2\/comments?post=30900"}],"version-history":[{"count":0,"href":"https:\/\/rightstuff.eu\/pl\/wp-json\/wp\/v2\/product\/30900\/revisions"}],"wp:featuredmedia":[{"embeddable":true,"href":"https:\/\/rightstuff.eu\/pl\/wp-json\/wp\/v2\/media\/1177"}],"wp:attachment":[{"href":"https:\/\/rightstuff.eu\/pl\/wp-json\/wp\/v2\/media?parent=30900"}],"wp:term":[{"taxonomy":"product_brand","embeddable":true,"href":"https:\/\/rightstuff.eu\/pl\/wp-json\/wp\/v2\/product_brand?post=30900"},{"taxonomy":"product_cat","embeddable":true,"href":"https:\/\/rightstuff.eu\/pl\/wp-json\/wp\/v2\/product_cat?post=30900"},{"taxonomy":"product_tag","embeddable":true,"href":"https:\/\/rightstuff.eu\/pl\/wp-json\/wp\/v2\/product_tag?post=30900"}],"curies":[{"name":"wp","href":"https:\/\/api.w.org\/{rel}","templated":true}]}}