{"id":30790,"date":"2018-01-16T15:15:53","date_gmt":"2018-01-16T14:15:53","guid":{"rendered":"https:\/\/rightstuff.eu\/?post_type=product&#038;p=30790"},"modified":"2026-03-20T15:29:36","modified_gmt":"2026-03-20T14:29:36","slug":"rotary-tattoo-machine-reverse-gold","status":"publish","type":"product","link":"https:\/\/rightstuff.eu\/pl\/produkt\/rotary-tattoo-machine-reverse-gold\/","title":{"rendered":"Obrotowa maszyna do tatua\u017cu - RE:verse Gold"},"content":{"rendered":"","protected":false},"excerpt":{"rendered":"<p>Maszyna do tatua\u017cu obrotowego<\/p>\n<p>Skok 4 mm<br \/>\n8000 OBR\/MIN<br \/>\nPreferowane napi\u0119cie 7-9 V, dzia\u0142a do 12 V<\/p>\n<p>Zalecane ig\u0142y: do 14 Liner, do 49 Mag<\/p>\n<p>Przew\u00f3d z klipsem + z\u0142\u0105cze RCA<\/p>\n<p>&nbsp;<\/p>\n<p>Tatuownica rotacyjna RE:verse Gold jest idealna dla ka\u017cdego profesjonalnego artysty. Ta maszyna ma skok 3,5 mm i 8000 obrot\u00f3w na minut\u0119, dzi\u0119ki czemu idealnie nadaje si\u0119 do pracy z linerem i cieniowaniem. Posiada r\u00f3wnie\u017c przew\u00f3d z klipsem i z\u0142\u0105cze RCA, dzi\u0119ki czemu jest \u0142atwiejsza w u\u017cyciu z r\u00f3\u017cnymi maszynami. Ponadto aluminiowy korpus zapewnia lekko\u015b\u0107 i \u0142atwo\u015b\u0107 manewrowania.<\/p>\n<p>&nbsp;<\/p>\n<p>Korpus aluminiowy<br \/>\nWaga 130 gr.<\/p>","protected":false},"featured_media":56786,"comment_status":"open","ping_status":"closed","template":"","meta":{"site-sidebar-layout":"default","site-content-layout":"","ast-site-content-layout":"default","site-content-style":"default","site-sidebar-style":"default","ast-global-header-display":"","ast-banner-title-visibility":"","ast-main-header-display":"","ast-hfb-above-header-display":"","ast-hfb-below-header-display":"","ast-hfb-mobile-header-display":"","site-post-title":"","ast-breadcrumbs-content":"","ast-featured-img":"","footer-sml-layout":"","ast-disable-related-posts":"","theme-transparent-header-meta":"default","adv-header-id-meta":"","stick-header-meta":"default","header-above-stick-meta":"","header-main-stick-meta":"","header-below-stick-meta":"","astra-migrate-meta-layouts":"set","ast-page-background-enabled":"default","ast-page-background-meta":{"desktop":{"background-color":"var(--ast-global-color-4)","background-image":"","background-repeat":"repeat","background-position":"center center","background-size":"auto","background-attachment":"scroll","background-type":"","background-media":"","overlay-type":"","overlay-color":"","overlay-opacity":"","overlay-gradient":""},"tablet":{"background-color":"","background-image":"","background-repeat":"repeat","background-position":"center center","background-size":"auto","background-attachment":"scroll","background-type":"","background-media":"","overlay-type":"","overlay-color":"","overlay-opacity":"","overlay-gradient":""},"mobile":{"background-color":"","background-image":"","background-repeat":"repeat","background-position":"center center","background-size":"auto","background-attachment":"scroll","background-type":"","background-media":"","overlay-type":"","overlay-color":"","overlay-opacity":"","overlay-gradient":""}},"ast-content-background-meta":{"desktop":{"background-color":"var(--ast-global-color-5)","background-image":"","background-repeat":"repeat","background-position":"center center","background-size":"auto","background-attachment":"scroll","background-type":"","background-media":"","overlay-type":"","overlay-color":"","overlay-opacity":"","overlay-gradient":""},"tablet":{"background-color":"var(--ast-global-color-5)","background-image":"","background-repeat":"repeat","background-position":"center center","background-size":"auto","background-attachment":"scroll","background-type":"","background-media":"","overlay-type":"","overlay-color":"","overlay-opacity":"","overlay-gradient":""},"mobile":{"background-color":"var(--ast-global-color-5)","background-image":"","background-repeat":"repeat","background-position":"center center","background-size":"auto","background-attachment":"scroll","background-type":"","background-media":"","overlay-type":"","overlay-color":"","overlay-opacity":"","overlay-gradient":""}}},"product_brand":[],"product_cat":[1994],"product_tag":[101,93,83,100,99,87,98,48,97,1792,91,95,23],"class_list":{"0":"post-30790","1":"product","2":"type-product","3":"status-publish","4":"has-post-thumbnail","6":"product_cat-reverse","7":"product_tag-custom-rotary-machines","8":"product_tag-custom-tattoo-guns","9":"product_tag-custom-tattoo-machines","10":"product_tag-handmade-rotary-tattoo-machines","11":"product_tag-handmade-tattoo-machines","12":"product_tag-professional-tattoo-machines","13":"product_tag-rotary-tattoo-guns","14":"product_tag-rotary-tattoo-machine","15":"product_tag-rotary-tattoo-pen","16":"product_tag-rotary-tattoomaschinen","17":"product_tag-tattoo-equipment","18":"product_tag-tattoo-guns","19":"product_tag-tattoo-machine","20":"pa_brand-rightstuff","21":"desktop-align-center","22":"tablet-align-left","23":"mobile-align-left","24":"ast-product-gallery-layout-horizontal-slider","25":"ast-product-tabs-layout-horizontal","27":"first","28":"instock","29":"taxable","30":"shipping-taxable","31":"purchasable","32":"product-type-simple"},"_links":{"self":[{"href":"https:\/\/rightstuff.eu\/pl\/wp-json\/wp\/v2\/product\/30790","targetHints":{"allow":["GET"]}}],"collection":[{"href":"https:\/\/rightstuff.eu\/pl\/wp-json\/wp\/v2\/product"}],"about":[{"href":"https:\/\/rightstuff.eu\/pl\/wp-json\/wp\/v2\/types\/product"}],"replies":[{"embeddable":true,"href":"https:\/\/rightstuff.eu\/pl\/wp-json\/wp\/v2\/comments?post=30790"}],"version-history":[{"count":0,"href":"https:\/\/rightstuff.eu\/pl\/wp-json\/wp\/v2\/product\/30790\/revisions"}],"wp:featuredmedia":[{"embeddable":true,"href":"https:\/\/rightstuff.eu\/pl\/wp-json\/wp\/v2\/media\/56786"}],"wp:attachment":[{"href":"https:\/\/rightstuff.eu\/pl\/wp-json\/wp\/v2\/media?parent=30790"}],"wp:term":[{"taxonomy":"product_brand","embeddable":true,"href":"https:\/\/rightstuff.eu\/pl\/wp-json\/wp\/v2\/product_brand?post=30790"},{"taxonomy":"product_cat","embeddable":true,"href":"https:\/\/rightstuff.eu\/pl\/wp-json\/wp\/v2\/product_cat?post=30790"},{"taxonomy":"product_tag","embeddable":true,"href":"https:\/\/rightstuff.eu\/pl\/wp-json\/wp\/v2\/product_tag?post=30790"}],"curies":[{"name":"wp","href":"https:\/\/api.w.org\/{rel}","templated":true}]}}