{"id":30721,"date":"2017-12-20T12:00:14","date_gmt":"2017-12-20T09:00:14","guid":{"rendered":"https:\/\/rightstuff.eu\/?post_type=product&#038;p=30721"},"modified":"2025-04-26T16:34:18","modified_gmt":"2025-04-26T14:34:18","slug":"hornet-tattoo-machine-grip-32mm-gold","status":"publish","type":"product","link":"https:\/\/rightstuff.eu\/pl\/produkt\/hornet-tattoo-machine-grip-32mm-gold\/","title":{"rendered":"HORNET Grip 32 mm - z\u0142ota"},"content":{"rendered":"<p>Uchwyt do maszynki do tatua\u017cu Hornet 40 mm gold ma unikaln\u0105 struktur\u0119, kt\u00f3ra umo\u017cliwia szybk\u0105 regulacj\u0119 g\u0142\u0119boko\u015bci ig\u0142y. Blokuje on maszyn\u0119 w bezpieczny spos\u00f3b, zapobiegaj\u0105c przypadkowemu przekr\u0119ceniu, niezale\u017cnie od wielko\u015bci maszyny do tatua\u017cu. Z\u0142oty uchwyt 40 mm jest kompatybilny z ka\u017cdym systemem kartrid\u017ca, ig\u0142ami i maszynkami, kt\u00f3re preferujesz. Produkt z pewno\u015bci\u0105 b\u0119dzie wygodny w Twoich r\u0119kach, a doskona\u0142a kontrola nad maszynk\u0105 zadowoli ka\u017cdego skrupulatnego tatua\u017cyst\u0119. Kup go od Right Stuff w przyst\u0119pnej cenie.<\/p>","protected":false},"excerpt":{"rendered":"<p>Maszynka do tatua\u017cu Szersze\u0144 Uchwyt 32mm*50mm - z\u0142oty<\/p>","protected":false},"featured_media":49252,"comment_status":"open","ping_status":"closed","template":"","meta":{"site-sidebar-layout":"default","site-content-layout":"default","ast-site-content-layout":"default","site-content-style":"default","site-sidebar-style":"default","ast-global-header-display":"","ast-banner-title-visibility":"","ast-main-header-display":"","ast-hfb-above-header-display":"","ast-hfb-below-header-display":"","ast-hfb-mobile-header-display":"","site-post-title":"","ast-breadcrumbs-content":"","ast-featured-img":"","footer-sml-layout":"","ast-disable-related-posts":"","theme-transparent-header-meta":"default","adv-header-id-meta":"","stick-header-meta":"default","header-above-stick-meta":"","header-main-stick-meta":"","header-below-stick-meta":"","astra-migrate-meta-layouts":"set","ast-page-background-enabled":"default","ast-page-background-meta":{"desktop":{"background-color":"var(--ast-global-color-4)","background-image":"","background-repeat":"repeat","background-position":"center center","background-size":"auto","background-attachment":"scroll","background-type":"","background-media":"","overlay-type":"","overlay-color":"","overlay-opacity":"","overlay-gradient":""},"tablet":{"background-color":"","background-image":"","background-repeat":"repeat","background-position":"center center","background-size":"auto","background-attachment":"scroll","background-type":"","background-media":"","overlay-type":"","overlay-color":"","overlay-opacity":"","overlay-gradient":""},"mobile":{"background-color":"","background-image":"","background-repeat":"repeat","background-position":"center center","background-size":"auto","background-attachment":"scroll","background-type":"","background-media":"","overlay-type":"","overlay-color":"","overlay-opacity":"","overlay-gradient":""}},"ast-content-background-meta":{"desktop":{"background-color":"var(--ast-global-color-5)","background-image":"","background-repeat":"repeat","background-position":"center center","background-size":"auto","background-attachment":"scroll","background-type":"","background-media":"","overlay-type":"","overlay-color":"","overlay-opacity":"","overlay-gradient":""},"tablet":{"background-color":"var(--ast-global-color-5)","background-image":"","background-repeat":"repeat","background-position":"center center","background-size":"auto","background-attachment":"scroll","background-type":"","background-media":"","overlay-type":"","overlay-color":"","overlay-opacity":"","overlay-gradient":""},"mobile":{"background-color":"var(--ast-global-color-5)","background-image":"","background-repeat":"repeat","background-position":"center center","background-size":"auto","background-attachment":"scroll","background-type":"","background-media":"","overlay-type":"","overlay-color":"","overlay-opacity":"","overlay-gradient":""}}},"product_brand":[],"product_cat":[1803],"product_tag":[101,100,98,48,97,1792,90,91,92,86],"class_list":{"0":"post-30721","1":"product","2":"type-product","3":"status-publish","4":"has-post-thumbnail","6":"product_cat-pen-tattoo-machines","7":"product_tag-custom-rotary-machines","8":"product_tag-handmade-rotary-tattoo-machines","9":"product_tag-rotary-tattoo-guns","10":"product_tag-rotary-tattoo-machine","11":"product_tag-rotary-tattoo-pen","12":"product_tag-rotary-tattoomaschinen","13":"product_tag-tattoo-accessories","14":"product_tag-tattoo-equipment","15":"product_tag-tattoo-machines-parts","16":"product_tag-tattoo-needle-supply","17":"pa_brand-rightstuff","18":"desktop-align-center","19":"tablet-align-left","20":"mobile-align-left","21":"ast-product-gallery-layout-horizontal-slider","22":"ast-product-tabs-layout-horizontal","24":"first","25":"instock","26":"taxable","27":"shipping-taxable","28":"purchasable","29":"product-type-simple"},"_links":{"self":[{"href":"https:\/\/rightstuff.eu\/pl\/wp-json\/wp\/v2\/product\/30721","targetHints":{"allow":["GET"]}}],"collection":[{"href":"https:\/\/rightstuff.eu\/pl\/wp-json\/wp\/v2\/product"}],"about":[{"href":"https:\/\/rightstuff.eu\/pl\/wp-json\/wp\/v2\/types\/product"}],"replies":[{"embeddable":true,"href":"https:\/\/rightstuff.eu\/pl\/wp-json\/wp\/v2\/comments?post=30721"}],"version-history":[{"count":0,"href":"https:\/\/rightstuff.eu\/pl\/wp-json\/wp\/v2\/product\/30721\/revisions"}],"wp:featuredmedia":[{"embeddable":true,"href":"https:\/\/rightstuff.eu\/pl\/wp-json\/wp\/v2\/media\/49252"}],"wp:attachment":[{"href":"https:\/\/rightstuff.eu\/pl\/wp-json\/wp\/v2\/media?parent=30721"}],"wp:term":[{"taxonomy":"product_brand","embeddable":true,"href":"https:\/\/rightstuff.eu\/pl\/wp-json\/wp\/v2\/product_brand?post=30721"},{"taxonomy":"product_cat","embeddable":true,"href":"https:\/\/rightstuff.eu\/pl\/wp-json\/wp\/v2\/product_cat?post=30721"},{"taxonomy":"product_tag","embeddable":true,"href":"https:\/\/rightstuff.eu\/pl\/wp-json\/wp\/v2\/product_tag?post=30721"}],"curies":[{"name":"wp","href":"https:\/\/api.w.org\/{rel}","templated":true}]}}