{"id":30688,"date":"2017-11-29T16:53:20","date_gmt":"2017-11-29T15:53:20","guid":{"rendered":"https:\/\/rightstuff.eu\/?post_type=product&#038;p=30688"},"modified":"2025-01-22T01:32:30","modified_gmt":"2025-01-22T00:32:30","slug":"rotary-tattoo-machine-reverse","status":"publish","type":"product","link":"https:\/\/rightstuff.eu\/pl\/produkt\/rotary-tattoo-machine-reverse\/","title":{"rendered":"Maszyna do tatua\u017cu obrotowego - RE:verse BLACK"},"content":{"rendered":"<p>Urz\u0105dzenie posiada zintegrowany klips kablowy i gniazdo RCA, dzi\u0119ki czemu mo\u017cna u\u017cy\u0107 dowolnego gniazda. RightStuff Tattoo Machines prezentuje now\u0105 seri\u0119 maszyn do tatua\u017cu. Maszynki te charakteryzuj\u0105 si\u0119 nowoczesnym designem, du\u017c\u0105 wytrzyma\u0142o\u015bci\u0105 i s\u0105 przeznaczone do wszystkich rodzaj\u00f3w tatua\u017cy.<\/p>\n<p>Maszyn\u0119 wyposa\u017cono w elegancki i mocny silnik elektryczny.<br \/>\nNowoczesna konstrukcja maszyny pozwala na zastosowanie 3-polowego silnika, kt\u00f3ry zapewnia cich\u0105 i spokojn\u0105 prac\u0119.<\/p>\n<p>Maszynka jest kompatybilna z ka\u017cdym urz\u0105dzeniem wzorcowym, kt\u00f3re pomaga u\u017cytkownikowi w zapewnieniu po\u0142\u0105czenia z u\u017cywanym nadajnikiem.<\/p>\n<p>Maszyn\u0119 wyposa\u017cono w aluminiow\u0105 obudow\u0119, kt\u00f3ra gwarantuje jej trwa\u0142o\u015b\u0107 i wytrzyma\u0142o\u015b\u0107.<br \/>\nJest wyposa\u017cony w Ersatzfedern i jeden Satz Ersatz-O-Ringe.<br \/>\nUrz\u0105dzenie zawiera jeden zintegrowany zacisk kablowy i jeden przew\u00f3d RCA, dzi\u0119ki czemu mo\u017cna u\u017cy\u0107 dowolnego przewodu.<\/p>","protected":false},"excerpt":{"rendered":"<p>Direktantrieb rotacyjny tattoomaschine<\/p>\n<p>Skok 4 mm<br \/>\n8000 OBR\/MIN<br \/>\nPreferowane napi\u0119cie 7-9 V, dzia\u0142a do 12 V<\/p>\n<p>Zalecane ig\u0142y: do 14 Liner, do 49 Mag<\/p>\n<p>Przew\u00f3d z klipsem + z\u0142\u0105cze RCA<br \/>\nKorpus aluminiowy<br \/>\nWaga 130 gr.<\/p>","protected":false},"featured_media":50262,"comment_status":"open","ping_status":"closed","template":"","meta":{"site-sidebar-layout":"default","site-content-layout":"","ast-site-content-layout":"default","site-content-style":"default","site-sidebar-style":"default","ast-global-header-display":"","ast-banner-title-visibility":"","ast-main-header-display":"","ast-hfb-above-header-display":"","ast-hfb-below-header-display":"","ast-hfb-mobile-header-display":"","site-post-title":"","ast-breadcrumbs-content":"","ast-featured-img":"","footer-sml-layout":"","ast-disable-related-posts":"","theme-transparent-header-meta":"default","adv-header-id-meta":"","stick-header-meta":"default","header-above-stick-meta":"","header-main-stick-meta":"","header-below-stick-meta":"","astra-migrate-meta-layouts":"set","ast-page-background-enabled":"default","ast-page-background-meta":{"desktop":{"background-color":"var(--ast-global-color-4)","background-image":"","background-repeat":"repeat","background-position":"center center","background-size":"auto","background-attachment":"scroll","background-type":"","background-media":"","overlay-type":"","overlay-color":"","overlay-opacity":"","overlay-gradient":""},"tablet":{"background-color":"","background-image":"","background-repeat":"repeat","background-position":"center center","background-size":"auto","background-attachment":"scroll","background-type":"","background-media":"","overlay-type":"","overlay-color":"","overlay-opacity":"","overlay-gradient":""},"mobile":{"background-color":"","background-image":"","background-repeat":"repeat","background-position":"center center","background-size":"auto","background-attachment":"scroll","background-type":"","background-media":"","overlay-type":"","overlay-color":"","overlay-opacity":"","overlay-gradient":""}},"ast-content-background-meta":{"desktop":{"background-color":"var(--ast-global-color-5)","background-image":"","background-repeat":"repeat","background-position":"center center","background-size":"auto","background-attachment":"scroll","background-type":"","background-media":"","overlay-type":"","overlay-color":"","overlay-opacity":"","overlay-gradient":""},"tablet":{"background-color":"var(--ast-global-color-5)","background-image":"","background-repeat":"repeat","background-position":"center center","background-size":"auto","background-attachment":"scroll","background-type":"","background-media":"","overlay-type":"","overlay-color":"","overlay-opacity":"","overlay-gradient":""},"mobile":{"background-color":"var(--ast-global-color-5)","background-image":"","background-repeat":"repeat","background-position":"center center","background-size":"auto","background-attachment":"scroll","background-type":"","background-media":"","overlay-type":"","overlay-color":"","overlay-opacity":"","overlay-gradient":""}}},"product_brand":[],"product_cat":[1994],"product_tag":[101,93,83,100,99,1798,87,98,48,1806,97,1792,91,95,23],"class_list":{"0":"post-30688","1":"product","2":"type-product","3":"status-publish","4":"has-post-thumbnail","6":"product_cat-reverse","7":"product_tag-custom-rotary-machines","8":"product_tag-custom-tattoo-guns","9":"product_tag-custom-tattoo-machines","10":"product_tag-handmade-rotary-tattoo-machines","11":"product_tag-handmade-tattoo-machines","12":"product_tag-maquinas-rotativas-de-tatuaje","13":"product_tag-professional-tattoo-machines","14":"product_tag-rotary-tattoo-guns","15":"product_tag-rotary-tattoo-machine","16":"product_tag-rotary-tattoo-machines","17":"product_tag-rotary-tattoo-pen","18":"product_tag-rotary-tattoomaschinen","19":"product_tag-tattoo-equipment","20":"product_tag-tattoo-guns","21":"product_tag-tattoo-machine","22":"pa_brand-rightstuff","23":"desktop-align-center","24":"tablet-align-left","25":"mobile-align-left","26":"ast-product-gallery-layout-horizontal-slider","27":"ast-product-tabs-layout-horizontal","29":"first","30":"instock","31":"taxable","32":"shipping-taxable","33":"purchasable","34":"product-type-simple"},"_links":{"self":[{"href":"https:\/\/rightstuff.eu\/pl\/wp-json\/wp\/v2\/product\/30688","targetHints":{"allow":["GET"]}}],"collection":[{"href":"https:\/\/rightstuff.eu\/pl\/wp-json\/wp\/v2\/product"}],"about":[{"href":"https:\/\/rightstuff.eu\/pl\/wp-json\/wp\/v2\/types\/product"}],"replies":[{"embeddable":true,"href":"https:\/\/rightstuff.eu\/pl\/wp-json\/wp\/v2\/comments?post=30688"}],"version-history":[{"count":0,"href":"https:\/\/rightstuff.eu\/pl\/wp-json\/wp\/v2\/product\/30688\/revisions"}],"wp:featuredmedia":[{"embeddable":true,"href":"https:\/\/rightstuff.eu\/pl\/wp-json\/wp\/v2\/media\/50262"}],"wp:attachment":[{"href":"https:\/\/rightstuff.eu\/pl\/wp-json\/wp\/v2\/media?parent=30688"}],"wp:term":[{"taxonomy":"product_brand","embeddable":true,"href":"https:\/\/rightstuff.eu\/pl\/wp-json\/wp\/v2\/product_brand?post=30688"},{"taxonomy":"product_cat","embeddable":true,"href":"https:\/\/rightstuff.eu\/pl\/wp-json\/wp\/v2\/product_cat?post=30688"},{"taxonomy":"product_tag","embeddable":true,"href":"https:\/\/rightstuff.eu\/pl\/wp-json\/wp\/v2\/product_tag?post=30688"}],"curies":[{"name":"wp","href":"https:\/\/api.w.org\/{rel}","templated":true}]}}