{"id":29932,"date":"2017-05-10T20:45:52","date_gmt":"2017-05-10T17:45:52","guid":{"rendered":"https:\/\/rightstuff.eu\/?post_type=product&#038;p=29932"},"modified":"2025-11-24T12:18:08","modified_gmt":"2025-11-24T11:18:08","slug":"rca-clip-cord-red","status":"publish","type":"product","link":"https:\/\/rightstuff.eu\/pl\/produkt\/rca-clip-cord-red\/","title":{"rendered":"Przew\u00f3d z klipsem RCA czerwony"},"content":{"rendered":"<p>Ten przew\u00f3d z klipsem RCA jest idealny do u\u017cytku z maszynkami do tatua\u017cu. Charakteryzuje si\u0119 po\u0142\u0105czeniem jack-RCA 6,3 mm, d\u0142ugo\u015bci\u0105 kabla 2 m i wysokiej jako\u015bci miedzianym okablowaniem zapewniaj\u0105cym niezawodne dzia\u0142anie. Jest r\u00f3wnie\u017c lekki i wytrzyma\u0142y, a opancerzony przew\u00f3d zapewnia dodatkow\u0105 ochron\u0119.<\/p>","protected":false},"excerpt":{"rendered":"<p>Zatrzask Przew\u00f3d RCA<\/p>\n<p>Po\u0142\u0105czenie jack 6,3 mm z RCA<\/p>\n<p>D\u0142ugo\u015b\u0107 2m<\/p>\n<p>Wysokiej jako\u015bci przewody miedziane klasy Aerospace<\/p>\n<p>Lekki i wytrzyma\u0142y<\/p>\n<p>Drut pancerny<\/p>","protected":false},"featured_media":57688,"comment_status":"open","ping_status":"closed","template":"","meta":{"site-sidebar-layout":"default","site-content-layout":"","ast-site-content-layout":"default","site-content-style":"default","site-sidebar-style":"default","ast-global-header-display":"","ast-banner-title-visibility":"","ast-main-header-display":"","ast-hfb-above-header-display":"","ast-hfb-below-header-display":"","ast-hfb-mobile-header-display":"","site-post-title":"","ast-breadcrumbs-content":"","ast-featured-img":"","footer-sml-layout":"","ast-disable-related-posts":"","theme-transparent-header-meta":"default","adv-header-id-meta":"","stick-header-meta":"default","header-above-stick-meta":"","header-main-stick-meta":"","header-below-stick-meta":"","astra-migrate-meta-layouts":"set","ast-page-background-enabled":"default","ast-page-background-meta":{"desktop":{"background-color":"var(--ast-global-color-4)","background-image":"","background-repeat":"repeat","background-position":"center center","background-size":"auto","background-attachment":"scroll","background-type":"","background-media":"","overlay-type":"","overlay-color":"","overlay-opacity":"","overlay-gradient":""},"tablet":{"background-color":"","background-image":"","background-repeat":"repeat","background-position":"center center","background-size":"auto","background-attachment":"scroll","background-type":"","background-media":"","overlay-type":"","overlay-color":"","overlay-opacity":"","overlay-gradient":""},"mobile":{"background-color":"","background-image":"","background-repeat":"repeat","background-position":"center center","background-size":"auto","background-attachment":"scroll","background-type":"","background-media":"","overlay-type":"","overlay-color":"","overlay-opacity":"","overlay-gradient":""}},"ast-content-background-meta":{"desktop":{"background-color":"var(--ast-global-color-5)","background-image":"","background-repeat":"repeat","background-position":"center center","background-size":"auto","background-attachment":"scroll","background-type":"","background-media":"","overlay-type":"","overlay-color":"","overlay-opacity":"","overlay-gradient":""},"tablet":{"background-color":"var(--ast-global-color-5)","background-image":"","background-repeat":"repeat","background-position":"center center","background-size":"auto","background-attachment":"scroll","background-type":"","background-media":"","overlay-type":"","overlay-color":"","overlay-opacity":"","overlay-gradient":""},"mobile":{"background-color":"var(--ast-global-color-5)","background-image":"","background-repeat":"repeat","background-position":"center center","background-size":"auto","background-attachment":"scroll","background-type":"","background-media":"","overlay-type":"","overlay-color":"","overlay-opacity":"","overlay-gradient":""}}},"product_brand":[2014],"product_cat":[54],"product_tag":[90,91,70,92,94,69],"class_list":{"0":"post-29932","1":"product","2":"type-product","3":"status-publish","4":"has-post-thumbnail","6":"product_brand-rightstuff","7":"product_cat-power-supply","8":"product_tag-tattoo-accessories","9":"product_tag-tattoo-equipment","10":"product_tag-tattoo-kits","11":"product_tag-tattoo-machines-parts","12":"product_tag-tattoo-sets","13":"product_tag-tattoo-supplies","14":"pa_brand-rightstuff","15":"desktop-align-center","16":"tablet-align-left","17":"mobile-align-left","18":"ast-product-gallery-layout-horizontal-slider","19":"ast-product-gallery-with-no-image","20":"ast-product-tabs-layout-horizontal","22":"first","23":"instock","24":"taxable","25":"shipping-taxable","26":"purchasable","27":"product-type-simple"},"_links":{"self":[{"href":"https:\/\/rightstuff.eu\/pl\/wp-json\/wp\/v2\/product\/29932","targetHints":{"allow":["GET"]}}],"collection":[{"href":"https:\/\/rightstuff.eu\/pl\/wp-json\/wp\/v2\/product"}],"about":[{"href":"https:\/\/rightstuff.eu\/pl\/wp-json\/wp\/v2\/types\/product"}],"replies":[{"embeddable":true,"href":"https:\/\/rightstuff.eu\/pl\/wp-json\/wp\/v2\/comments?post=29932"}],"version-history":[{"count":0,"href":"https:\/\/rightstuff.eu\/pl\/wp-json\/wp\/v2\/product\/29932\/revisions"}],"wp:featuredmedia":[{"embeddable":true,"href":"https:\/\/rightstuff.eu\/pl\/wp-json\/wp\/v2\/media\/57688"}],"wp:attachment":[{"href":"https:\/\/rightstuff.eu\/pl\/wp-json\/wp\/v2\/media?parent=29932"}],"wp:term":[{"taxonomy":"product_brand","embeddable":true,"href":"https:\/\/rightstuff.eu\/pl\/wp-json\/wp\/v2\/product_brand?post=29932"},{"taxonomy":"product_cat","embeddable":true,"href":"https:\/\/rightstuff.eu\/pl\/wp-json\/wp\/v2\/product_cat?post=29932"},{"taxonomy":"product_tag","embeddable":true,"href":"https:\/\/rightstuff.eu\/pl\/wp-json\/wp\/v2\/product_tag?post=29932"}],"curies":[{"name":"wp","href":"https:\/\/api.w.org\/{rel}","templated":true}]}}