{"id":29838,"date":"2017-04-18T13:41:39","date_gmt":"2017-04-18T13:41:39","guid":{"rendered":"https:\/\/rightstuff.eu\/?post_type=product&#038;p=29838"},"modified":"2025-01-22T01:37:07","modified_gmt":"2025-01-22T00:37:07","slug":"lucky-trueliner-rs-vb-collab-10","status":"publish","type":"product","link":"https:\/\/rightstuff.eu\/pl\/produkt\/lucky-trueliner-rs-vb-collab-10\/","title":{"rendered":"LUCKY TrueLiner RS-VB Collab 10 maszynka do tatua\u017cu"},"content":{"rendered":"<p>Maszynka do tatua\u017cu LUCKY TrueLiner RS-VB Collab 10 to profesjonalne urz\u0105dzenie do tworzenia precyzyjnych, wyra\u017anych linii. Urz\u0105dzenie zosta\u0142o zaprojektowane przez s\u0142ynnego mistrza tatua\u017cu, mieszkaj\u0105cego i pracuj\u0105cego w Moskwie. Osoba ta stworzy\u0142a sw\u00f3j unikalny warsztat, aby wymy\u015bla\u0107 i produkowa\u0107 specjalne rzeczy dla wszystkich artyst\u00f3w tworz\u0105cych tatua\u017ce. W ci\u0105gu dziesi\u0119ciu lat wyprodukowano tam oko\u0142o 800 unikalnych maszyn na zam\u00f3wienie i ponad tysi\u0105c seryjnych urz\u0105dze\u0144 do malowania sk\u00f3ry. Real Stuff oferuje ka\u017cdemu, kto chce zam\u00f3wi\u0107 to wybitne narz\u0119dzie do tatua\u017cu, specjaln\u0105 cen\u0119.<\/p>\n<p>Ta pot\u0119\u017cna stalowa wk\u0142adka ma prawid\u0142owe, ostre uderzenie na ko\u0144cu amplitudy (u\u017cyj igie\u0142 9-18 Rl) i pewn\u0105 bezw\u0142adno\u015b\u0107 bijaka, dzi\u0119ki czemu profesjonalne narz\u0119dzie bardzo szybko tworzy r\u00f3wne kontury. Mistrz, kt\u00f3ry b\u0119dzie z nim pracowa\u0142, powinien pami\u0119ta\u0107 o wymaganym napi\u0119ciu (6, 6 V dla nieobci\u0105\u017conego urz\u0105dzenia) i cz\u0119stotliwo\u015bci 130 Hz. Wa\u017c\u0105ca 200 gram\u00f3w maszyna le\u017cy w d\u0142oni absolutnie wygodnie. Zastosowano w nim cewki o \u015brednicy 26 mm i 9 zwojach.<\/p>","protected":false},"excerpt":{"rendered":"<p>Design by VladBlad all hardware and tunings RightStuff<br \/>\nLimited series of 10 machines, each machine one of a kind<br \/>\nMaszyna do tatua\u017cu power liner<br \/>\nThe frame is machined from a single piece of\u00a0Steel<br \/>\nWysokiej jako\u015bci cewki - 26 mm * 9 zwoj\u00f3w<br \/>\nPreffered needles 9-18rl<br \/>\nD\u0142ugi skok<br \/>\nRuns 130hz at 6,6 volt -unloaded<\/p>\n<p>Waga maszynki do tatua\u017cu 200gr.<\/p>","protected":false},"featured_media":0,"comment_status":"open","ping_status":"closed","template":"","meta":{"site-sidebar-layout":"","site-content-layout":"","ast-site-content-layout":"default","site-content-style":"default","site-sidebar-style":"default","ast-global-header-display":"","ast-banner-title-visibility":"","ast-main-header-display":"","ast-hfb-above-header-display":"","ast-hfb-below-header-display":"","ast-hfb-mobile-header-display":"","site-post-title":"","ast-breadcrumbs-content":"","ast-featured-img":"","footer-sml-layout":"","ast-disable-related-posts":"","theme-transparent-header-meta":"","adv-header-id-meta":"","stick-header-meta":"","header-above-stick-meta":"","header-main-stick-meta":"","header-below-stick-meta":"","astra-migrate-meta-layouts":"default","ast-page-background-enabled":"default","ast-page-background-meta":{"desktop":{"background-color":"var(--ast-global-color-4)","background-image":"","background-repeat":"repeat","background-position":"center center","background-size":"auto","background-attachment":"scroll","background-type":"","background-media":"","overlay-type":"","overlay-color":"","overlay-opacity":"","overlay-gradient":""},"tablet":{"background-color":"","background-image":"","background-repeat":"repeat","background-position":"center center","background-size":"auto","background-attachment":"scroll","background-type":"","background-media":"","overlay-type":"","overlay-color":"","overlay-opacity":"","overlay-gradient":""},"mobile":{"background-color":"","background-image":"","background-repeat":"repeat","background-position":"center center","background-size":"auto","background-attachment":"scroll","background-type":"","background-media":"","overlay-type":"","overlay-color":"","overlay-opacity":"","overlay-gradient":""}},"ast-content-background-meta":{"desktop":{"background-color":"var(--ast-global-color-5)","background-image":"","background-repeat":"repeat","background-position":"center center","background-size":"auto","background-attachment":"scroll","background-type":"","background-media":"","overlay-type":"","overlay-color":"","overlay-opacity":"","overlay-gradient":""},"tablet":{"background-color":"var(--ast-global-color-5)","background-image":"","background-repeat":"repeat","background-position":"center center","background-size":"auto","background-attachment":"scroll","background-type":"","background-media":"","overlay-type":"","overlay-color":"","overlay-opacity":"","overlay-gradient":""},"mobile":{"background-color":"var(--ast-global-color-5)","background-image":"","background-repeat":"repeat","background-position":"center center","background-size":"auto","background-attachment":"scroll","background-type":"","background-media":"","overlay-type":"","overlay-color":"","overlay-opacity":"","overlay-gradient":""}}},"product_brand":[],"product_cat":[8],"product_tag":[93,83,99,1802,87,91,95,72],"class_list":{"0":"post-29838","1":"product","2":"type-product","3":"status-publish","5":"product_cat-lucky","6":"product_tag-custom-tattoo-guns","7":"product_tag-custom-tattoo-machines","8":"product_tag-handmade-tattoo-machines","9":"product_tag-maquinas-de-tatuaje-de-bobina","10":"product_tag-professional-tattoo-machines","11":"product_tag-tattoo-equipment","12":"product_tag-tattoo-guns","13":"product_tag-tattoo-machine-coils","14":"pa_brand-rightstuff","15":"desktop-align-center","16":"tablet-align-left","17":"mobile-align-left","18":"ast-product-gallery-layout-horizontal-slider","19":"ast-product-tabs-layout-horizontal","21":"first","22":"outofstock","23":"taxable","24":"shipping-taxable","25":"purchasable","26":"product-type-simple"},"_links":{"self":[{"href":"https:\/\/rightstuff.eu\/pl\/wp-json\/wp\/v2\/product\/29838","targetHints":{"allow":["GET"]}}],"collection":[{"href":"https:\/\/rightstuff.eu\/pl\/wp-json\/wp\/v2\/product"}],"about":[{"href":"https:\/\/rightstuff.eu\/pl\/wp-json\/wp\/v2\/types\/product"}],"replies":[{"embeddable":true,"href":"https:\/\/rightstuff.eu\/pl\/wp-json\/wp\/v2\/comments?post=29838"}],"version-history":[{"count":0,"href":"https:\/\/rightstuff.eu\/pl\/wp-json\/wp\/v2\/product\/29838\/revisions"}],"wp:attachment":[{"href":"https:\/\/rightstuff.eu\/pl\/wp-json\/wp\/v2\/media?parent=29838"}],"wp:term":[{"taxonomy":"product_brand","embeddable":true,"href":"https:\/\/rightstuff.eu\/pl\/wp-json\/wp\/v2\/product_brand?post=29838"},{"taxonomy":"product_cat","embeddable":true,"href":"https:\/\/rightstuff.eu\/pl\/wp-json\/wp\/v2\/product_cat?post=29838"},{"taxonomy":"product_tag","embeddable":true,"href":"https:\/\/rightstuff.eu\/pl\/wp-json\/wp\/v2\/product_tag?post=29838"}],"curies":[{"name":"wp","href":"https:\/\/api.w.org\/{rel}","templated":true}]}}