{"id":29837,"date":"2017-04-18T13:40:27","date_gmt":"2017-04-18T13:40:27","guid":{"rendered":"https:\/\/rightstuff.eu\/?post_type=product&#038;p=29837"},"modified":"2025-01-22T01:37:08","modified_gmt":"2025-01-22T00:37:08","slug":"lucky-trueliner-rs-vb-collab-9","status":"publish","type":"product","link":"https:\/\/rightstuff.eu\/pl\/produkt\/lucky-trueliner-rs-vb-collab-9\/","title":{"rendered":"Maszynka do tatua\u017cu LUCKY TrueLiner RS-VB Collab 9"},"content":{"rendered":"<p>Ka\u017cdy w\u0142a\u015bciciel firmy tatuatorskiej lub indywidualny mistrz musi zna\u0107 przeznaczenie ka\u017cdego typu maszynki. Maszynka do tatua\u017cu LUCKY TrueLiner RS-VB Collab 9 to urz\u0105dzenie do tworzenia kontur\u00f3w obraz\u00f3w. Podczas pracy to urz\u0105dzenie TrueLiner wytwarza d\u017awi\u0119czny \"brz\u0119cz\u0105cy\" d\u017awi\u0119k. Nie nale\u017cy wykonywa\u0107 du\u017cych obraz\u00f3w za pomoc\u0105 linera. Dzia\u0142a szybko, wykonuj\u0105c d\u0142ugie poci\u0105gni\u0119cia ig\u0142ami 9-18 Rl, a artysta mo\u017ce powa\u017cnie uszkodzi\u0107 sk\u00f3r\u0119 klienta, pozostawiaj\u0105c na niej nawet blizny.<\/p>\n<p>Celem tego profesjonalnego linera (maszyny do konturowania) jest wbijanie pigmentu o wybranym kolorze pod sk\u00f3r\u0119. Urz\u0105dzenie o wadze 200 gram\u00f3w pozwala na mistrzowskie tworzenie konturu tatua\u017cu za jednym podej\u015bciem. Zazwyczaj maszynki tego typu maj\u0105 mniejsz\u0105 liczb\u0119 zwoj\u00f3w. Na przyk\u0142ad ten model ma 26 milimetr\u00f3w dziewi\u0119\u0107 owini\u0119\u0107. Wykazuje du\u017c\u0105 szybko\u015b\u0107, dzi\u0119ki czemu klient salonu tatua\u017cu nie odczuwa b\u00f3lu. Szybko wnikaj\u0105c w wybrany kwadrat cia\u0142a, farba (tusz) tworzy wyra\u017an\u0105 lini\u0119 i nigdy si\u0119 nie rozmywa. Cz\u0119stotliwo\u015b\u0107 pracy urz\u0105dzenia wynosi 130 Hz.<\/p>","protected":false},"excerpt":{"rendered":"<p>Design by VladBlad all hardware and tunings RightStuff<br \/>\nLimited series of 10 machines, each machine one of a kind<br \/>\nMaszyna do tatua\u017cu power liner<br \/>\nThe frame is machined from a single piece of\u00a0Steel<br \/>\nWysokiej jako\u015bci cewki - 26 mm * 9 zwoj\u00f3w<br \/>\nPreffered needles 9-18rl<br \/>\nD\u0142ugi skok<br \/>\nRuns 130hz at 6,6 volt -unloaded<\/p>\n<p>Waga maszynki do tatua\u017cu 200gr.<\/p>","protected":false},"featured_media":0,"comment_status":"open","ping_status":"closed","template":"","meta":{"site-sidebar-layout":"","site-content-layout":"","ast-site-content-layout":"default","site-content-style":"default","site-sidebar-style":"default","ast-global-header-display":"","ast-banner-title-visibility":"","ast-main-header-display":"","ast-hfb-above-header-display":"","ast-hfb-below-header-display":"","ast-hfb-mobile-header-display":"","site-post-title":"","ast-breadcrumbs-content":"","ast-featured-img":"","footer-sml-layout":"","ast-disable-related-posts":"","theme-transparent-header-meta":"","adv-header-id-meta":"","stick-header-meta":"","header-above-stick-meta":"","header-main-stick-meta":"","header-below-stick-meta":"","astra-migrate-meta-layouts":"default","ast-page-background-enabled":"default","ast-page-background-meta":{"desktop":{"background-color":"var(--ast-global-color-4)","background-image":"","background-repeat":"repeat","background-position":"center center","background-size":"auto","background-attachment":"scroll","background-type":"","background-media":"","overlay-type":"","overlay-color":"","overlay-opacity":"","overlay-gradient":""},"tablet":{"background-color":"","background-image":"","background-repeat":"repeat","background-position":"center center","background-size":"auto","background-attachment":"scroll","background-type":"","background-media":"","overlay-type":"","overlay-color":"","overlay-opacity":"","overlay-gradient":""},"mobile":{"background-color":"","background-image":"","background-repeat":"repeat","background-position":"center center","background-size":"auto","background-attachment":"scroll","background-type":"","background-media":"","overlay-type":"","overlay-color":"","overlay-opacity":"","overlay-gradient":""}},"ast-content-background-meta":{"desktop":{"background-color":"var(--ast-global-color-5)","background-image":"","background-repeat":"repeat","background-position":"center center","background-size":"auto","background-attachment":"scroll","background-type":"","background-media":"","overlay-type":"","overlay-color":"","overlay-opacity":"","overlay-gradient":""},"tablet":{"background-color":"var(--ast-global-color-5)","background-image":"","background-repeat":"repeat","background-position":"center center","background-size":"auto","background-attachment":"scroll","background-type":"","background-media":"","overlay-type":"","overlay-color":"","overlay-opacity":"","overlay-gradient":""},"mobile":{"background-color":"var(--ast-global-color-5)","background-image":"","background-repeat":"repeat","background-position":"center center","background-size":"auto","background-attachment":"scroll","background-type":"","background-media":"","overlay-type":"","overlay-color":"","overlay-opacity":"","overlay-gradient":""}}},"product_brand":[],"product_cat":[8],"product_tag":[93,83,99,1802,87,91,95,72],"class_list":{"0":"post-29837","1":"product","2":"type-product","3":"status-publish","5":"product_cat-lucky","6":"product_tag-custom-tattoo-guns","7":"product_tag-custom-tattoo-machines","8":"product_tag-handmade-tattoo-machines","9":"product_tag-maquinas-de-tatuaje-de-bobina","10":"product_tag-professional-tattoo-machines","11":"product_tag-tattoo-equipment","12":"product_tag-tattoo-guns","13":"product_tag-tattoo-machine-coils","14":"pa_brand-rightstuff","15":"desktop-align-center","16":"tablet-align-left","17":"mobile-align-left","18":"ast-product-gallery-layout-horizontal-slider","19":"ast-product-tabs-layout-horizontal","21":"first","22":"outofstock","23":"taxable","24":"shipping-taxable","25":"purchasable","26":"product-type-simple"},"_links":{"self":[{"href":"https:\/\/rightstuff.eu\/pl\/wp-json\/wp\/v2\/product\/29837","targetHints":{"allow":["GET"]}}],"collection":[{"href":"https:\/\/rightstuff.eu\/pl\/wp-json\/wp\/v2\/product"}],"about":[{"href":"https:\/\/rightstuff.eu\/pl\/wp-json\/wp\/v2\/types\/product"}],"replies":[{"embeddable":true,"href":"https:\/\/rightstuff.eu\/pl\/wp-json\/wp\/v2\/comments?post=29837"}],"version-history":[{"count":0,"href":"https:\/\/rightstuff.eu\/pl\/wp-json\/wp\/v2\/product\/29837\/revisions"}],"wp:attachment":[{"href":"https:\/\/rightstuff.eu\/pl\/wp-json\/wp\/v2\/media?parent=29837"}],"wp:term":[{"taxonomy":"product_brand","embeddable":true,"href":"https:\/\/rightstuff.eu\/pl\/wp-json\/wp\/v2\/product_brand?post=29837"},{"taxonomy":"product_cat","embeddable":true,"href":"https:\/\/rightstuff.eu\/pl\/wp-json\/wp\/v2\/product_cat?post=29837"},{"taxonomy":"product_tag","embeddable":true,"href":"https:\/\/rightstuff.eu\/pl\/wp-json\/wp\/v2\/product_tag?post=29837"}],"curies":[{"name":"wp","href":"https:\/\/api.w.org\/{rel}","templated":true}]}}