{"id":29836,"date":"2017-04-18T13:39:04","date_gmt":"2017-04-18T13:39:04","guid":{"rendered":"https:\/\/rightstuff.eu\/?post_type=product&#038;p=29836"},"modified":"2025-01-22T01:37:08","modified_gmt":"2025-01-22T00:37:08","slug":"lucky-trueliner-rs-vb-collab-8","status":"publish","type":"product","link":"https:\/\/rightstuff.eu\/pl\/produkt\/lucky-trueliner-rs-vb-collab-8\/","title":{"rendered":"LUCKY TrueLiner RS-VB Collab 8 maszynka do tatua\u017cu"},"content":{"rendered":"<p>Wiele lat temu tatua\u017cowanie by\u0142o zaj\u0119ciem wy\u0142\u0105cznie m\u0119skim. Obecnie, gdy kobiety cz\u0119sto otwieraj\u0105 w\u0142asne firmy i osi\u0105gaj\u0105 ogromne sukcesy, niekt\u00f3re z nich wybieraj\u0105 zaw\u00f3d tatua\u017cystki. \u017badna stylowa kobieta, prowadz\u0105ca salon tatua\u017cu lub pracuj\u0105ca indywidualnie, tworz\u0105ca efektowne wzory na sk\u00f3rze, nie odm\u00f3wi tej uroczej, r\u00f3\u017cowej maszynki do tatua\u017cu LUCKY TrueLiner RS-VB Collab 8 z motywem \u201cHello Kitty\u201d. Jednak pomimo frywolnego wygl\u0105du tego urz\u0105dzenia, jest to prawdziwe narz\u0119dzie dla profesjonalisty zajmuj\u0105cego si\u0119 tatua\u017cami. Pracuj\u0105c z 8\u201318 ig\u0142ami, mo\u017ce tworzy\u0107 wyra\u017ane linie i obrazy nawet na problematycznych obszarach sk\u00f3ry z cellulitem. Kobiety, kt\u00f3re staj\u0105 si\u0119 klientkami salonu tatua\u017cu, ciesz\u0105 si\u0119 z malowania sk\u00f3ry, gdy mistrz pracuje tym uroczym narz\u0119dziem.<\/p>\n<p>Ten szybki liniowy g\u0142o\u015bnik o d\u0142ugim skoku pracuje z cz\u0119stotliwo\u015bci\u0105 130 Hz i \u201cklasycznym\u201d napi\u0119ciem 6,6 V. Urz\u0105dzenie wa\u017cy 200 gram\u00f3w i wykorzystuje oryginalne cewki 26 mm z 9 zwojami. Rama pokryta odporn\u0105 chemicznie pow\u0142ok\u0105 proszkow\u0105 z poliestru jest chroniona przed korozj\u0105.<\/p>","protected":false},"excerpt":{"rendered":"<p>Design by VladBlad all hardware and tunings RightStuff<br \/>\nLimited series of 10 machines, each machine one of a kind<br \/>\nMaszyna do tatua\u017cu power liner<br \/>\nThe frame is machined from a single piece of\u00a0Steel<br \/>\nWysokiej jako\u015bci cewki - 26 mm * 9 zwoj\u00f3w<br \/>\nPreffered needles 9-18rl<br \/>\nD\u0142ugi skok<br \/>\nRuns 130hz at 6,6 volt -unloaded<\/p>\n<p>Waga maszynki do tatua\u017cu 200gr.<\/p>","protected":false},"featured_media":0,"comment_status":"open","ping_status":"closed","template":"","meta":{"site-sidebar-layout":"","site-content-layout":"","ast-site-content-layout":"default","site-content-style":"default","site-sidebar-style":"default","ast-global-header-display":"","ast-banner-title-visibility":"","ast-main-header-display":"","ast-hfb-above-header-display":"","ast-hfb-below-header-display":"","ast-hfb-mobile-header-display":"","site-post-title":"","ast-breadcrumbs-content":"","ast-featured-img":"","footer-sml-layout":"","ast-disable-related-posts":"","theme-transparent-header-meta":"","adv-header-id-meta":"","stick-header-meta":"","header-above-stick-meta":"","header-main-stick-meta":"","header-below-stick-meta":"","astra-migrate-meta-layouts":"default","ast-page-background-enabled":"default","ast-page-background-meta":{"desktop":{"background-color":"var(--ast-global-color-4)","background-image":"","background-repeat":"repeat","background-position":"center center","background-size":"auto","background-attachment":"scroll","background-type":"","background-media":"","overlay-type":"","overlay-color":"","overlay-opacity":"","overlay-gradient":""},"tablet":{"background-color":"","background-image":"","background-repeat":"repeat","background-position":"center center","background-size":"auto","background-attachment":"scroll","background-type":"","background-media":"","overlay-type":"","overlay-color":"","overlay-opacity":"","overlay-gradient":""},"mobile":{"background-color":"","background-image":"","background-repeat":"repeat","background-position":"center center","background-size":"auto","background-attachment":"scroll","background-type":"","background-media":"","overlay-type":"","overlay-color":"","overlay-opacity":"","overlay-gradient":""}},"ast-content-background-meta":{"desktop":{"background-color":"var(--ast-global-color-5)","background-image":"","background-repeat":"repeat","background-position":"center center","background-size":"auto","background-attachment":"scroll","background-type":"","background-media":"","overlay-type":"","overlay-color":"","overlay-opacity":"","overlay-gradient":""},"tablet":{"background-color":"var(--ast-global-color-5)","background-image":"","background-repeat":"repeat","background-position":"center center","background-size":"auto","background-attachment":"scroll","background-type":"","background-media":"","overlay-type":"","overlay-color":"","overlay-opacity":"","overlay-gradient":""},"mobile":{"background-color":"var(--ast-global-color-5)","background-image":"","background-repeat":"repeat","background-position":"center center","background-size":"auto","background-attachment":"scroll","background-type":"","background-media":"","overlay-type":"","overlay-color":"","overlay-opacity":"","overlay-gradient":""}}},"product_brand":[],"product_cat":[8],"product_tag":[93,83,99,1802,87,91,95,72],"class_list":{"0":"post-29836","1":"product","2":"type-product","3":"status-publish","5":"product_cat-lucky","6":"product_tag-custom-tattoo-guns","7":"product_tag-custom-tattoo-machines","8":"product_tag-handmade-tattoo-machines","9":"product_tag-maquinas-de-tatuaje-de-bobina","10":"product_tag-professional-tattoo-machines","11":"product_tag-tattoo-equipment","12":"product_tag-tattoo-guns","13":"product_tag-tattoo-machine-coils","14":"pa_brand-rightstuff","15":"desktop-align-center","16":"tablet-align-left","17":"mobile-align-left","18":"ast-product-gallery-layout-horizontal-slider","19":"ast-product-tabs-layout-horizontal","21":"first","22":"outofstock","23":"taxable","24":"shipping-taxable","25":"purchasable","26":"product-type-simple"},"_links":{"self":[{"href":"https:\/\/rightstuff.eu\/pl\/wp-json\/wp\/v2\/product\/29836","targetHints":{"allow":["GET"]}}],"collection":[{"href":"https:\/\/rightstuff.eu\/pl\/wp-json\/wp\/v2\/product"}],"about":[{"href":"https:\/\/rightstuff.eu\/pl\/wp-json\/wp\/v2\/types\/product"}],"replies":[{"embeddable":true,"href":"https:\/\/rightstuff.eu\/pl\/wp-json\/wp\/v2\/comments?post=29836"}],"version-history":[{"count":0,"href":"https:\/\/rightstuff.eu\/pl\/wp-json\/wp\/v2\/product\/29836\/revisions"}],"wp:attachment":[{"href":"https:\/\/rightstuff.eu\/pl\/wp-json\/wp\/v2\/media?parent=29836"}],"wp:term":[{"taxonomy":"product_brand","embeddable":true,"href":"https:\/\/rightstuff.eu\/pl\/wp-json\/wp\/v2\/product_brand?post=29836"},{"taxonomy":"product_cat","embeddable":true,"href":"https:\/\/rightstuff.eu\/pl\/wp-json\/wp\/v2\/product_cat?post=29836"},{"taxonomy":"product_tag","embeddable":true,"href":"https:\/\/rightstuff.eu\/pl\/wp-json\/wp\/v2\/product_tag?post=29836"}],"curies":[{"name":"wp","href":"https:\/\/api.w.org\/{rel}","templated":true}]}}