{"id":29834,"date":"2017-04-18T13:29:47","date_gmt":"2017-04-18T13:29:47","guid":{"rendered":"https:\/\/rightstuff.eu\/?post_type=product&#038;p=29834"},"modified":"2025-01-22T01:37:08","modified_gmt":"2025-01-22T00:37:08","slug":"lucky-trueliner-rs-vb-collab-6","status":"publish","type":"product","link":"https:\/\/rightstuff.eu\/pl\/produkt\/lucky-trueliner-rs-vb-collab-6\/","title":{"rendered":"LUCKY TrueLiner RS-VB Collab 6 Maszynka do tatua\u017cu"},"content":{"rendered":"<p>Wsp\u00f3\u0142cze\u015bni arty\u015bci oferuj\u0105 swoim klientom prawdziwy \"ocean\" tatua\u017cy: od male\u0144kiego motyla na ramieniu po ogromny kolorowy portret celebryty na klatce piersiowej. Egzotyczne hieroglify, bransoletki, magiczne znaki i ornamenty - dzi\u015b salony tatua\u017cu daj\u0105 odwiedzaj\u0105cym wszelkie szanse na wybranie potrzebnej rzeczy. Jednak interesuj\u0105c si\u0119 tatua\u017cem, nigdy nie zapominaj, \u017ce obraz mo\u017ce zmieni\u0107 swoje kszta\u0142ty za kilka lat. Z czasem sk\u00f3ra traci swoj\u0105 elastyczno\u015b\u0107, a obraz ulega zniekszta\u0142ceniu. Oczywi\u015bcie nowoczesne technologie pozwalaj\u0105 specjalistom korygowa\u0107, a nawet usuwa\u0107 takie rysunki. Aby unikn\u0105\u0107 nieprzyjemnych konsekwencji, zawsze zlecaj wykonanie tatua\u017cu profesjonalistom pracuj\u0105cym na wysokiej jako\u015bci sprz\u0119cie.<\/p>\n<p>Maszynka do tatua\u017cu LUCKY TrueLiner RS-VB Collab 6 to uniwersalne urz\u0105dzenie, kt\u00f3re tworzy absolutnie wyra\u017ane, nierozmazane obrazy. Pracuj\u0105c z ig\u0142ami 9-18 Rl, mo\u017ce z \u0142atwo\u015bci\u0105 wykona\u0107 obraz na du\u017cej powierzchni sk\u00f3ry. Pracuj\u0105c pod napi\u0119ciem 6,6 V, urz\u0105dzenie dzia\u0142a z cz\u0119stotliwo\u015bci\u0105 130 Hz. Maszyna wa\u017cy 200 gram\u00f3w i ma 26 mm cewki z 9 owini\u0119ciami.<\/p>","protected":false},"excerpt":{"rendered":"<p>Design by VladBlad all hardware and tunings RightStuff<br \/>\nLimited series of 10 machines, each machine one of a kind<br \/>\nMaszyna do tatua\u017cu power liner<br \/>\nThe frame is machined from a single piece of\u00a0Steel<br \/>\nWysokiej jako\u015bci cewki - 26 mm * 9 zwoj\u00f3w<br \/>\nPreffered needles 9-18rl<br \/>\nD\u0142ugi skok<br \/>\nRuns 130hz at 6,6 volt -unloaded<\/p>\n<p>Waga maszynki do tatua\u017cu 200gr.<\/p>","protected":false},"featured_media":0,"comment_status":"open","ping_status":"closed","template":"","meta":{"site-sidebar-layout":"","site-content-layout":"","ast-site-content-layout":"default","site-content-style":"default","site-sidebar-style":"default","ast-global-header-display":"","ast-banner-title-visibility":"","ast-main-header-display":"","ast-hfb-above-header-display":"","ast-hfb-below-header-display":"","ast-hfb-mobile-header-display":"","site-post-title":"","ast-breadcrumbs-content":"","ast-featured-img":"","footer-sml-layout":"","ast-disable-related-posts":"","theme-transparent-header-meta":"","adv-header-id-meta":"","stick-header-meta":"","header-above-stick-meta":"","header-main-stick-meta":"","header-below-stick-meta":"","astra-migrate-meta-layouts":"default","ast-page-background-enabled":"default","ast-page-background-meta":{"desktop":{"background-color":"var(--ast-global-color-4)","background-image":"","background-repeat":"repeat","background-position":"center center","background-size":"auto","background-attachment":"scroll","background-type":"","background-media":"","overlay-type":"","overlay-color":"","overlay-opacity":"","overlay-gradient":""},"tablet":{"background-color":"","background-image":"","background-repeat":"repeat","background-position":"center center","background-size":"auto","background-attachment":"scroll","background-type":"","background-media":"","overlay-type":"","overlay-color":"","overlay-opacity":"","overlay-gradient":""},"mobile":{"background-color":"","background-image":"","background-repeat":"repeat","background-position":"center center","background-size":"auto","background-attachment":"scroll","background-type":"","background-media":"","overlay-type":"","overlay-color":"","overlay-opacity":"","overlay-gradient":""}},"ast-content-background-meta":{"desktop":{"background-color":"var(--ast-global-color-5)","background-image":"","background-repeat":"repeat","background-position":"center center","background-size":"auto","background-attachment":"scroll","background-type":"","background-media":"","overlay-type":"","overlay-color":"","overlay-opacity":"","overlay-gradient":""},"tablet":{"background-color":"var(--ast-global-color-5)","background-image":"","background-repeat":"repeat","background-position":"center center","background-size":"auto","background-attachment":"scroll","background-type":"","background-media":"","overlay-type":"","overlay-color":"","overlay-opacity":"","overlay-gradient":""},"mobile":{"background-color":"var(--ast-global-color-5)","background-image":"","background-repeat":"repeat","background-position":"center center","background-size":"auto","background-attachment":"scroll","background-type":"","background-media":"","overlay-type":"","overlay-color":"","overlay-opacity":"","overlay-gradient":""}}},"product_brand":[],"product_cat":[8],"product_tag":[93,83,99,1802,87,91,95,72],"class_list":{"0":"post-29834","1":"product","2":"type-product","3":"status-publish","5":"product_cat-lucky","6":"product_tag-custom-tattoo-guns","7":"product_tag-custom-tattoo-machines","8":"product_tag-handmade-tattoo-machines","9":"product_tag-maquinas-de-tatuaje-de-bobina","10":"product_tag-professional-tattoo-machines","11":"product_tag-tattoo-equipment","12":"product_tag-tattoo-guns","13":"product_tag-tattoo-machine-coils","14":"pa_brand-rightstuff","15":"desktop-align-center","16":"tablet-align-left","17":"mobile-align-left","18":"ast-product-gallery-layout-horizontal-slider","19":"ast-product-tabs-layout-horizontal","21":"first","22":"outofstock","23":"taxable","24":"shipping-taxable","25":"purchasable","26":"product-type-simple"},"_links":{"self":[{"href":"https:\/\/rightstuff.eu\/pl\/wp-json\/wp\/v2\/product\/29834","targetHints":{"allow":["GET"]}}],"collection":[{"href":"https:\/\/rightstuff.eu\/pl\/wp-json\/wp\/v2\/product"}],"about":[{"href":"https:\/\/rightstuff.eu\/pl\/wp-json\/wp\/v2\/types\/product"}],"replies":[{"embeddable":true,"href":"https:\/\/rightstuff.eu\/pl\/wp-json\/wp\/v2\/comments?post=29834"}],"version-history":[{"count":0,"href":"https:\/\/rightstuff.eu\/pl\/wp-json\/wp\/v2\/product\/29834\/revisions"}],"wp:attachment":[{"href":"https:\/\/rightstuff.eu\/pl\/wp-json\/wp\/v2\/media?parent=29834"}],"wp:term":[{"taxonomy":"product_brand","embeddable":true,"href":"https:\/\/rightstuff.eu\/pl\/wp-json\/wp\/v2\/product_brand?post=29834"},{"taxonomy":"product_cat","embeddable":true,"href":"https:\/\/rightstuff.eu\/pl\/wp-json\/wp\/v2\/product_cat?post=29834"},{"taxonomy":"product_tag","embeddable":true,"href":"https:\/\/rightstuff.eu\/pl\/wp-json\/wp\/v2\/product_tag?post=29834"}],"curies":[{"name":"wp","href":"https:\/\/api.w.org\/{rel}","templated":true}]}}