{"id":29832,"date":"2017-04-18T13:24:17","date_gmt":"2017-04-18T13:24:17","guid":{"rendered":"https:\/\/rightstuff.eu\/?post_type=product&#038;p=29832"},"modified":"2025-01-22T01:37:08","modified_gmt":"2025-01-22T00:37:08","slug":"lucky-trueliner-rs-vb-collab-4","status":"publish","type":"product","link":"https:\/\/rightstuff.eu\/pl\/produkt\/lucky-trueliner-rs-vb-collab-4\/","title":{"rendered":"Maszynka do tatua\u017cu LUCKY TrueLiner RS-VB Collab 4"},"content":{"rendered":"<p>Maszynka do tatua\u017cu LUCKY TrueLiner RS-VB Collab 4 to doskona\u0142e stalowe urz\u0105dzenie do precyzyjnych linii, pracuj\u0105ce z ig\u0142ami 9 - 18 Rl. To urz\u0105dzenie zapewnia idealny kontur. Dzi\u0119ki minimalnym wibracjom maszyna jest \u0142atwa do kontrolowania. Mo\u017ce pracowa\u0107 z super szybk\u0105, szybk\u0105 i \u015bredni\u0105 pr\u0119dko\u015bci\u0105. Ta wk\u0142adka jest niezb\u0119dna, je\u015bli artysta potrzebuje stworzy\u0107 w\u0142osy na obrazie lub rz\u0119ski na portrecie osoby. Z \u0142atwo\u015bci\u0105 tworzy ma\u0142e piegi na twarzy portretowanego faceta i tworzy wyra\u017ane linie w tak skomplikowanym i delikatnym miejscu jak za uchem. Nawet fani rotacyjnych maszynek do tatua\u017cu kupuj\u0105 ten True Liner o d\u0142ugim skoku tylko dla \u015bwietnych kontur\u00f3w. Bardzo cz\u0119sto model ten jest wykorzystywany przez realist\u00f3w do element\u00f3w konturowych w ich pracach. Cz\u0119stotliwo\u015b\u0107 (130 Hz) i bezw\u0142adno\u015b\u0107 s\u0105 obliczane w taki spos\u00f3b, aby pozostawi\u0107 wi\u0119cej pigmentu. W konsekwencji urz\u0105dzenie pozostawia mniej dziur. Klient otrzymuje tatua\u017c wy\u017cszej jako\u015bci z niewielkimi obra\u017ceniami i szybkim gojeniem si\u0119 sk\u00f3ry. Urz\u0105dzenie wa\u017cy 200 gram\u00f3w i ma 26 mm 9 zwoj\u00f3w. Jego napi\u0119cie wynosi 6, 6 V.<\/p>","protected":false},"excerpt":{"rendered":"<p>Design by VladBlad all hardware and tunings RightStuff<br \/>\nLimited series of 10 machines, each machine one of a kind<br \/>\nMaszyna do tatua\u017cu power liner<br \/>\nThe frame is machined from a single piece of\u00a0Steel<br \/>\nWysokiej jako\u015bci cewki - 26 mm * 9 zwoj\u00f3w<br \/>\nPreffered needles 9-18rl<br \/>\nD\u0142ugi skok<br \/>\nRuns 130hz at 6,6 volt -unloaded<\/p>\n<p>Waga maszynki do tatua\u017cu 200gr.<\/p>","protected":false},"featured_media":0,"comment_status":"open","ping_status":"closed","template":"","meta":{"site-sidebar-layout":"","site-content-layout":"","ast-site-content-layout":"default","site-content-style":"default","site-sidebar-style":"default","ast-global-header-display":"","ast-banner-title-visibility":"","ast-main-header-display":"","ast-hfb-above-header-display":"","ast-hfb-below-header-display":"","ast-hfb-mobile-header-display":"","site-post-title":"","ast-breadcrumbs-content":"","ast-featured-img":"","footer-sml-layout":"","ast-disable-related-posts":"","theme-transparent-header-meta":"","adv-header-id-meta":"","stick-header-meta":"","header-above-stick-meta":"","header-main-stick-meta":"","header-below-stick-meta":"","astra-migrate-meta-layouts":"default","ast-page-background-enabled":"default","ast-page-background-meta":{"desktop":{"background-color":"var(--ast-global-color-4)","background-image":"","background-repeat":"repeat","background-position":"center center","background-size":"auto","background-attachment":"scroll","background-type":"","background-media":"","overlay-type":"","overlay-color":"","overlay-opacity":"","overlay-gradient":""},"tablet":{"background-color":"","background-image":"","background-repeat":"repeat","background-position":"center center","background-size":"auto","background-attachment":"scroll","background-type":"","background-media":"","overlay-type":"","overlay-color":"","overlay-opacity":"","overlay-gradient":""},"mobile":{"background-color":"","background-image":"","background-repeat":"repeat","background-position":"center center","background-size":"auto","background-attachment":"scroll","background-type":"","background-media":"","overlay-type":"","overlay-color":"","overlay-opacity":"","overlay-gradient":""}},"ast-content-background-meta":{"desktop":{"background-color":"var(--ast-global-color-5)","background-image":"","background-repeat":"repeat","background-position":"center center","background-size":"auto","background-attachment":"scroll","background-type":"","background-media":"","overlay-type":"","overlay-color":"","overlay-opacity":"","overlay-gradient":""},"tablet":{"background-color":"var(--ast-global-color-5)","background-image":"","background-repeat":"repeat","background-position":"center center","background-size":"auto","background-attachment":"scroll","background-type":"","background-media":"","overlay-type":"","overlay-color":"","overlay-opacity":"","overlay-gradient":""},"mobile":{"background-color":"var(--ast-global-color-5)","background-image":"","background-repeat":"repeat","background-position":"center center","background-size":"auto","background-attachment":"scroll","background-type":"","background-media":"","overlay-type":"","overlay-color":"","overlay-opacity":"","overlay-gradient":""}}},"product_brand":[],"product_cat":[8],"product_tag":[93,83,99,1802,87,91,95,72],"class_list":{"0":"post-29832","1":"product","2":"type-product","3":"status-publish","5":"product_cat-lucky","6":"product_tag-custom-tattoo-guns","7":"product_tag-custom-tattoo-machines","8":"product_tag-handmade-tattoo-machines","9":"product_tag-maquinas-de-tatuaje-de-bobina","10":"product_tag-professional-tattoo-machines","11":"product_tag-tattoo-equipment","12":"product_tag-tattoo-guns","13":"product_tag-tattoo-machine-coils","14":"pa_brand-rightstuff","15":"desktop-align-center","16":"tablet-align-left","17":"mobile-align-left","18":"ast-product-gallery-layout-horizontal-slider","19":"ast-product-tabs-layout-horizontal","21":"first","22":"outofstock","23":"taxable","24":"shipping-taxable","25":"purchasable","26":"product-type-simple"},"_links":{"self":[{"href":"https:\/\/rightstuff.eu\/pl\/wp-json\/wp\/v2\/product\/29832","targetHints":{"allow":["GET"]}}],"collection":[{"href":"https:\/\/rightstuff.eu\/pl\/wp-json\/wp\/v2\/product"}],"about":[{"href":"https:\/\/rightstuff.eu\/pl\/wp-json\/wp\/v2\/types\/product"}],"replies":[{"embeddable":true,"href":"https:\/\/rightstuff.eu\/pl\/wp-json\/wp\/v2\/comments?post=29832"}],"version-history":[{"count":0,"href":"https:\/\/rightstuff.eu\/pl\/wp-json\/wp\/v2\/product\/29832\/revisions"}],"wp:attachment":[{"href":"https:\/\/rightstuff.eu\/pl\/wp-json\/wp\/v2\/media?parent=29832"}],"wp:term":[{"taxonomy":"product_brand","embeddable":true,"href":"https:\/\/rightstuff.eu\/pl\/wp-json\/wp\/v2\/product_brand?post=29832"},{"taxonomy":"product_cat","embeddable":true,"href":"https:\/\/rightstuff.eu\/pl\/wp-json\/wp\/v2\/product_cat?post=29832"},{"taxonomy":"product_tag","embeddable":true,"href":"https:\/\/rightstuff.eu\/pl\/wp-json\/wp\/v2\/product_tag?post=29832"}],"curies":[{"name":"wp","href":"https:\/\/api.w.org\/{rel}","templated":true}]}}