{"id":29831,"date":"2017-04-18T13:22:07","date_gmt":"2017-04-18T13:22:07","guid":{"rendered":"https:\/\/rightstuff.eu\/?post_type=product&#038;p=29831"},"modified":"2025-01-22T01:37:09","modified_gmt":"2025-01-22T00:37:09","slug":"lucky-trueliner-rs-vb-collab-3","status":"publish","type":"product","link":"https:\/\/rightstuff.eu\/pl\/produkt\/lucky-trueliner-rs-vb-collab-3\/","title":{"rendered":"LUCKY TrueLiner RS-VB Collab 3 maszynka do tatua\u017cu"},"content":{"rendered":"<p>Rzadka osoba nie planowa\u0142a wykonania tatua\u017cu. Dzi\u015b wielu celebryt\u00f3w wykonuje malowid\u0142a na sk\u00f3rze - wielcy tatuatorzy uczynili ze swojej pracy prawdziw\u0105 sztuk\u0119. Oczywi\u015bcie istnieje konkurencja mi\u0119dzy mistrzami tatua\u017cu. Im lepsze urz\u0105dzenia s\u0105 u\u017cywane, tym lepszy efekt wszyscy widz\u0105. Pracuj\u0105c z maszynk\u0105 do tatua\u017cu LUCKY TrueLiner RS-VB Collab 3, mo\u017ce narysowa\u0107 nawet idealnie szerokie linie, robi\u0105c to bez b\u00f3lu.<\/p>\n<p>Urz\u0105dzenie dzia\u0142a niezwykle szybko. Farba (tusz) bardzo szybko wnika pod sk\u00f3r\u0119 klienta, pozostawiaj\u0105c r\u00f3wn\u0105 lini\u0119 bez rozmy\u0107 i defekt\u00f3w. Korzystaj\u0105c z tego linera, mistrz mo\u017ce tworzy\u0107 doskona\u0142e arcydzie\u0142a, tworz\u0105c realistyczne obrazy ludzi, zwierz\u0105t, krajobraz\u00f3w lub po prostu pisz\u0105c pewne has\u0142a, kt\u00f3re s\u0105 obecnie lubiane przez wielu m\u0142odych ludzi.<\/p>\n<p>Profesjonali\u015bci nigdy nie oszcz\u0119dzaj\u0105 na maszynkach do tatua\u017cu, jednak Right Stuff oferuje ten liner w specjalnej, niskiej cenie. Maszynka wa\u017cy 200 gram\u00f3w. Posiada 26 milimetrowe cewki o 9 zwojach, stalowy liner dzia\u0142a przy cz\u0119stotliwo\u015bci 130 Hz i napi\u0119ciu 6, 6 V. U\u017cywa igie\u0142 9-18 rl.<\/p>","protected":false},"excerpt":{"rendered":"<p>Design by VladBlad all hardware and tunings RightStuff<br \/>\nLimited series of 10 machines, each machine one of a kind<br \/>\nMaszyna do tatua\u017cu power liner<br \/>\nThe frame is machined from a single piece of\u00a0Steel<br \/>\nWysokiej jako\u015bci cewki - 26 mm * 9 zwoj\u00f3w<br \/>\nPreffered needles 9-18rl<br \/>\nD\u0142ugi skok<br \/>\nRuns 130hz at 6,6 volt -unloaded<\/p>\n<p>Waga maszynki do tatua\u017cu 200gr.<\/p>","protected":false},"featured_media":0,"comment_status":"open","ping_status":"closed","template":"","meta":{"site-sidebar-layout":"","site-content-layout":"","ast-site-content-layout":"default","site-content-style":"default","site-sidebar-style":"default","ast-global-header-display":"","ast-banner-title-visibility":"","ast-main-header-display":"","ast-hfb-above-header-display":"","ast-hfb-below-header-display":"","ast-hfb-mobile-header-display":"","site-post-title":"","ast-breadcrumbs-content":"","ast-featured-img":"","footer-sml-layout":"","ast-disable-related-posts":"","theme-transparent-header-meta":"","adv-header-id-meta":"","stick-header-meta":"","header-above-stick-meta":"","header-main-stick-meta":"","header-below-stick-meta":"","astra-migrate-meta-layouts":"default","ast-page-background-enabled":"default","ast-page-background-meta":{"desktop":{"background-color":"var(--ast-global-color-4)","background-image":"","background-repeat":"repeat","background-position":"center center","background-size":"auto","background-attachment":"scroll","background-type":"","background-media":"","overlay-type":"","overlay-color":"","overlay-opacity":"","overlay-gradient":""},"tablet":{"background-color":"","background-image":"","background-repeat":"repeat","background-position":"center center","background-size":"auto","background-attachment":"scroll","background-type":"","background-media":"","overlay-type":"","overlay-color":"","overlay-opacity":"","overlay-gradient":""},"mobile":{"background-color":"","background-image":"","background-repeat":"repeat","background-position":"center center","background-size":"auto","background-attachment":"scroll","background-type":"","background-media":"","overlay-type":"","overlay-color":"","overlay-opacity":"","overlay-gradient":""}},"ast-content-background-meta":{"desktop":{"background-color":"var(--ast-global-color-5)","background-image":"","background-repeat":"repeat","background-position":"center center","background-size":"auto","background-attachment":"scroll","background-type":"","background-media":"","overlay-type":"","overlay-color":"","overlay-opacity":"","overlay-gradient":""},"tablet":{"background-color":"var(--ast-global-color-5)","background-image":"","background-repeat":"repeat","background-position":"center center","background-size":"auto","background-attachment":"scroll","background-type":"","background-media":"","overlay-type":"","overlay-color":"","overlay-opacity":"","overlay-gradient":""},"mobile":{"background-color":"var(--ast-global-color-5)","background-image":"","background-repeat":"repeat","background-position":"center center","background-size":"auto","background-attachment":"scroll","background-type":"","background-media":"","overlay-type":"","overlay-color":"","overlay-opacity":"","overlay-gradient":""}}},"product_brand":[],"product_cat":[8],"product_tag":[93,83,99,1802,87,91,95,72],"class_list":{"0":"post-29831","1":"product","2":"type-product","3":"status-publish","5":"product_cat-lucky","6":"product_tag-custom-tattoo-guns","7":"product_tag-custom-tattoo-machines","8":"product_tag-handmade-tattoo-machines","9":"product_tag-maquinas-de-tatuaje-de-bobina","10":"product_tag-professional-tattoo-machines","11":"product_tag-tattoo-equipment","12":"product_tag-tattoo-guns","13":"product_tag-tattoo-machine-coils","14":"pa_brand-rightstuff","15":"desktop-align-center","16":"tablet-align-left","17":"mobile-align-left","18":"ast-product-gallery-layout-horizontal-slider","19":"ast-product-tabs-layout-horizontal","21":"first","22":"outofstock","23":"taxable","24":"shipping-taxable","25":"purchasable","26":"product-type-simple"},"_links":{"self":[{"href":"https:\/\/rightstuff.eu\/pl\/wp-json\/wp\/v2\/product\/29831","targetHints":{"allow":["GET"]}}],"collection":[{"href":"https:\/\/rightstuff.eu\/pl\/wp-json\/wp\/v2\/product"}],"about":[{"href":"https:\/\/rightstuff.eu\/pl\/wp-json\/wp\/v2\/types\/product"}],"replies":[{"embeddable":true,"href":"https:\/\/rightstuff.eu\/pl\/wp-json\/wp\/v2\/comments?post=29831"}],"version-history":[{"count":0,"href":"https:\/\/rightstuff.eu\/pl\/wp-json\/wp\/v2\/product\/29831\/revisions"}],"wp:attachment":[{"href":"https:\/\/rightstuff.eu\/pl\/wp-json\/wp\/v2\/media?parent=29831"}],"wp:term":[{"taxonomy":"product_brand","embeddable":true,"href":"https:\/\/rightstuff.eu\/pl\/wp-json\/wp\/v2\/product_brand?post=29831"},{"taxonomy":"product_cat","embeddable":true,"href":"https:\/\/rightstuff.eu\/pl\/wp-json\/wp\/v2\/product_cat?post=29831"},{"taxonomy":"product_tag","embeddable":true,"href":"https:\/\/rightstuff.eu\/pl\/wp-json\/wp\/v2\/product_tag?post=29831"}],"curies":[{"name":"wp","href":"https:\/\/api.w.org\/{rel}","templated":true}]}}