{"id":29771,"date":"2017-03-31T15:03:34","date_gmt":"2017-03-31T13:03:34","guid":{"rendered":"https:\/\/rightstuff.eu\/shop\/tattoo_machines\/dozzer\/minidozzer-trueliner-alu\/"},"modified":"2024-12-25T14:09:44","modified_gmt":"2024-12-25T13:09:44","slug":"minidozzer-trueliner-alu","status":"publish","type":"product","link":"https:\/\/rightstuff.eu\/pl\/produkt\/minidozzer-trueliner-alu\/","title":{"rendered":"miniDOZZER TrueLiner ALU maszynka do tatua\u017cu"},"content":{"rendered":"<p>Do\u015bwiadczeni arty\u015bci, pracuj\u0105cy w bran\u017cy tatua\u017cu od wielu lat, b\u0119d\u0105 zadowoleni z tej lekkiej (150gr) aluminiowej miniDOZZER TrueLiner ALU Tattoo Machine. Ten nowoczesny sprz\u0119t jest naprawd\u0119 bezkompromisowym rozwi\u0105zaniem dla profesjonalist\u00f3w. Urz\u0105dzenie to r\u00f3wnomiernie tworzy dowolne linie w jednym przebiegu, ale wymaga do\u015bwiadczonych i zdyscyplinowanych r\u0105k. Nie zna problem\u00f3w podczas pracy z ig\u0142ami 7 -14 Rl. Urz\u0105dzenie do tworzenia obraz\u00f3w na sk\u00f3rze o d\u0142ugim skoku jest stworzone do pracy g\u0142\u00f3wnie z delikatn\u0105, cienk\u0105 sk\u00f3r\u0105. Kiedy m\u0142oda kobieta prosi mistrza o zrobienie jej pewnego tatua\u017cu, a obraz ma wiele szczeg\u00f3\u0142\u00f3w i linii, artysta z pewno\u015bci\u0105 u\u017cyje tego narz\u0119dzia. Ten liner jest zamkni\u0119ty w solidnej, ale lekkiej oprawie. Jej 26-milimetrowe zwoje najlepszej jako\u015bci maj\u0105 dziewi\u0119\u0107 zwoj\u00f3w.<\/p>\n<p>Zamawiaj\u0105c True Liner w Right Stuff, otrzymujesz urz\u0105dzenie dostrojone i gotowe do u\u017cycia. Jednak, jak ka\u017cda inna maszyna do tatua\u017cu, narz\u0119dzie mo\u017ce wymaga\u0107 dok\u0142adniejszego dostrojenia. Urz\u0105dzenie pracuje z cz\u0119stotliwo\u015bci\u0105 140 Hz i napi\u0119ciem 6, 6 V, kiedy jest nieobci\u0105\u017cone.<\/p>","protected":false},"excerpt":{"rendered":"<p>Maszyna do tatua\u017cu zwojowego<\/p>\n<p>Rama jest wykonana z jednego kawa\u0142ka aluminium lotniczego 7075.<br \/>\nWysokiej jako\u015bci cewki - 26 mm * 9 zwoj\u00f3w<br \/>\nOkucia z czernionej stali<br \/>\nPreferowane ig\u0142y 7-14rl<br \/>\nD\u0142ugi skok<br \/>\nDzia\u0142a 140hz przy napi\u0119ciu 6,6 V - bez obci\u0105\u017cenia<\/p>\n<p>Waga maszynki do tatua\u017cu 150gr.<\/p>","protected":false},"featured_media":57030,"comment_status":"open","ping_status":"closed","template":"","meta":{"site-sidebar-layout":"default","site-content-layout":"","ast-site-content-layout":"default","site-content-style":"default","site-sidebar-style":"default","ast-global-header-display":"","ast-banner-title-visibility":"","ast-main-header-display":"","ast-hfb-above-header-display":"","ast-hfb-below-header-display":"","ast-hfb-mobile-header-display":"","site-post-title":"","ast-breadcrumbs-content":"","ast-featured-img":"","footer-sml-layout":"","ast-disable-related-posts":"","theme-transparent-header-meta":"default","adv-header-id-meta":"","stick-header-meta":"default","header-above-stick-meta":"","header-main-stick-meta":"","header-below-stick-meta":"","astra-migrate-meta-layouts":"set","ast-page-background-enabled":"default","ast-page-background-meta":{"desktop":{"background-color":"var(--ast-global-color-4)","background-image":"","background-repeat":"repeat","background-position":"center center","background-size":"auto","background-attachment":"scroll","background-type":"","background-media":"","overlay-type":"","overlay-color":"","overlay-opacity":"","overlay-gradient":""},"tablet":{"background-color":"","background-image":"","background-repeat":"repeat","background-position":"center center","background-size":"auto","background-attachment":"scroll","background-type":"","background-media":"","overlay-type":"","overlay-color":"","overlay-opacity":"","overlay-gradient":""},"mobile":{"background-color":"","background-image":"","background-repeat":"repeat","background-position":"center center","background-size":"auto","background-attachment":"scroll","background-type":"","background-media":"","overlay-type":"","overlay-color":"","overlay-opacity":"","overlay-gradient":""}},"ast-content-background-meta":{"desktop":{"background-color":"var(--ast-global-color-5)","background-image":"","background-repeat":"repeat","background-position":"center center","background-size":"auto","background-attachment":"scroll","background-type":"","background-media":"","overlay-type":"","overlay-color":"","overlay-opacity":"","overlay-gradient":""},"tablet":{"background-color":"var(--ast-global-color-5)","background-image":"","background-repeat":"repeat","background-position":"center center","background-size":"auto","background-attachment":"scroll","background-type":"","background-media":"","overlay-type":"","overlay-color":"","overlay-opacity":"","overlay-gradient":""},"mobile":{"background-color":"var(--ast-global-color-5)","background-image":"","background-repeat":"repeat","background-position":"center center","background-size":"auto","background-attachment":"scroll","background-type":"","background-media":"","overlay-type":"","overlay-color":"","overlay-opacity":"","overlay-gradient":""}}},"product_brand":[],"product_cat":[32],"product_tag":[82,93,83,99,1801,87,91,95,72],"class_list":{"0":"post-29771","1":"product","2":"type-product","3":"status-publish","4":"has-post-thumbnail","6":"product_cat-dozzer","7":"product_tag-coil-tattoo-machines","8":"product_tag-custom-tattoo-guns","9":"product_tag-custom-tattoo-machines","10":"product_tag-handmade-tattoo-machines","11":"product_tag-machines-a-tatouer-les-bobines","12":"product_tag-professional-tattoo-machines","13":"product_tag-tattoo-equipment","14":"product_tag-tattoo-guns","15":"product_tag-tattoo-machine-coils","16":"pa_brand-rightstuff","17":"desktop-align-center","18":"tablet-align-left","19":"mobile-align-left","20":"ast-product-gallery-layout-horizontal-slider","21":"ast-product-tabs-layout-horizontal","23":"first","24":"instock","25":"taxable","26":"shipping-taxable","27":"purchasable","28":"product-type-simple"},"_links":{"self":[{"href":"https:\/\/rightstuff.eu\/pl\/wp-json\/wp\/v2\/product\/29771","targetHints":{"allow":["GET"]}}],"collection":[{"href":"https:\/\/rightstuff.eu\/pl\/wp-json\/wp\/v2\/product"}],"about":[{"href":"https:\/\/rightstuff.eu\/pl\/wp-json\/wp\/v2\/types\/product"}],"replies":[{"embeddable":true,"href":"https:\/\/rightstuff.eu\/pl\/wp-json\/wp\/v2\/comments?post=29771"}],"version-history":[{"count":0,"href":"https:\/\/rightstuff.eu\/pl\/wp-json\/wp\/v2\/product\/29771\/revisions"}],"wp:featuredmedia":[{"embeddable":true,"href":"https:\/\/rightstuff.eu\/pl\/wp-json\/wp\/v2\/media\/57030"}],"wp:attachment":[{"href":"https:\/\/rightstuff.eu\/pl\/wp-json\/wp\/v2\/media?parent=29771"}],"wp:term":[{"taxonomy":"product_brand","embeddable":true,"href":"https:\/\/rightstuff.eu\/pl\/wp-json\/wp\/v2\/product_brand?post=29771"},{"taxonomy":"product_cat","embeddable":true,"href":"https:\/\/rightstuff.eu\/pl\/wp-json\/wp\/v2\/product_cat?post=29771"},{"taxonomy":"product_tag","embeddable":true,"href":"https:\/\/rightstuff.eu\/pl\/wp-json\/wp\/v2\/product_tag?post=29771"}],"curies":[{"name":"wp","href":"https:\/\/api.w.org\/{rel}","templated":true}]}}