{"id":29713,"date":"2017-03-07T15:54:40","date_gmt":"2017-03-07T14:54:40","guid":{"rendered":"https:\/\/rightstuff.eu\/?post_type=product&#038;p=29713"},"modified":"2025-01-22T01:37:09","modified_gmt":"2025-01-22T00:37:09","slug":"tattoo-power-supply-rs-power","status":"publish","type":"product","link":"https:\/\/rightstuff.eu\/pl\/produkt\/tattoo-power-supply-rs-power\/","title":{"rendered":"Zasilanie -RS Power"},"content":{"rendered":"<h4>Zasilacz do tatua\u017cu RS Power v.3 to doskona\u0142y wyb\u00f3r dla ka\u017cdego profesjonalnego tatua\u017cysty. Ten zasilacz zosta\u0142 zaprojektowany tak, aby zapewni\u0107 niezawodne i sta\u0142e zasilanie maszyny do tatua\u017cu, co pozwoli Ci pracowa\u0107 z precyzj\u0105 i dok\u0142adno\u015bci\u0105. RS Power v.3 posiada cyfrowy wy\u015bwietlacz, kt\u00f3ry pozwala \u0142atwo dostosowa\u0107 ustawienia napi\u0119cia i nat\u0119\u017cenia pr\u0105du do potrzeb. Posiada r\u00f3wnie\u017c prze\u0142\u0105cznik no\u017cny u\u0142atwiaj\u0105cy sterowanie oraz kabel z klipsem u\u0142atwiaj\u0105cy pod\u0142\u0105czenie do maszyny do tatua\u017cu. RS Power v.3 jest wykonany z trwa\u0142ych materia\u0142\u00f3w i ma s\u0142u\u017cy\u0107 przez lata. Jest r\u00f3wnie\u017c lekka i kompaktowa, co u\u0142atwia jej transport i przechowywanie. Dzi\u0119ki niezawodnemu dzia\u0142aniu i \u0142atwym w u\u017cyciu funkcjom, RS Power v.3 jest doskona\u0142ym wyborem dla ka\u017cdego profesjonalnego tatua\u017cysty.<\/h4>","protected":false},"excerpt":{"rendered":"<h2><\/h2>\n<p><strong>RS Power -v.3<\/strong><\/p>\n<p><strong>Wy\u015bwietlacz cyfrowy<\/strong> - \"wolty\"<\/p>\n<p>2 -Presety<\/p>\n<p>2 - Tryby prze\u0142\u0105cznika no\u017cnego<\/p>\n<p>Wykonane ze stali i aluminium<\/p>\n<p>Podstawa magnetyczna<\/p>\n<p>Zakres pracy: 1,8-19 V, pr\u0105d szczytowy 4,5 A, ci\u0105g\u0142y 3 A<\/p>\n<p>Waga: 315gr<\/p>\n<p>Rozmiar (bez adaptera) 66*66*63mm<\/p>\n<p>Adapter zasilania (wtyczka UE) w zestawie.<\/p>\n<p>Gwarancja: 2 lata na zasilacz, 1 rok na adapter<\/p>","protected":false},"featured_media":50393,"comment_status":"open","ping_status":"closed","template":"","meta":{"site-sidebar-layout":"default","site-content-layout":"default","ast-site-content-layout":"default","site-content-style":"default","site-sidebar-style":"default","ast-global-header-display":"","ast-banner-title-visibility":"","ast-main-header-display":"","ast-hfb-above-header-display":"","ast-hfb-below-header-display":"","ast-hfb-mobile-header-display":"","site-post-title":"","ast-breadcrumbs-content":"","ast-featured-img":"","footer-sml-layout":"","ast-disable-related-posts":"","theme-transparent-header-meta":"default","adv-header-id-meta":"","stick-header-meta":"default","header-above-stick-meta":"","header-main-stick-meta":"","header-below-stick-meta":"","astra-migrate-meta-layouts":"set","ast-page-background-enabled":"default","ast-page-background-meta":{"desktop":{"background-color":"var(--ast-global-color-4)","background-image":"","background-repeat":"repeat","background-position":"center center","background-size":"auto","background-attachment":"scroll","background-type":"","background-media":"","overlay-type":"","overlay-color":"","overlay-opacity":"","overlay-gradient":""},"tablet":{"background-color":"","background-image":"","background-repeat":"repeat","background-position":"center center","background-size":"auto","background-attachment":"scroll","background-type":"","background-media":"","overlay-type":"","overlay-color":"","overlay-opacity":"","overlay-gradient":""},"mobile":{"background-color":"","background-image":"","background-repeat":"repeat","background-position":"center center","background-size":"auto","background-attachment":"scroll","background-type":"","background-media":"","overlay-type":"","overlay-color":"","overlay-opacity":"","overlay-gradient":""}},"ast-content-background-meta":{"desktop":{"background-color":"var(--ast-global-color-5)","background-image":"","background-repeat":"repeat","background-position":"center center","background-size":"auto","background-attachment":"scroll","background-type":"","background-media":"","overlay-type":"","overlay-color":"","overlay-opacity":"","overlay-gradient":""},"tablet":{"background-color":"var(--ast-global-color-5)","background-image":"","background-repeat":"repeat","background-position":"center center","background-size":"auto","background-attachment":"scroll","background-type":"","background-media":"","overlay-type":"","overlay-color":"","overlay-opacity":"","overlay-gradient":""},"mobile":{"background-color":"var(--ast-global-color-5)","background-image":"","background-repeat":"repeat","background-position":"center center","background-size":"auto","background-attachment":"scroll","background-type":"","background-media":"","overlay-type":"","overlay-color":"","overlay-opacity":"","overlay-gradient":""}}},"product_brand":[],"product_cat":[54],"product_tag":[55,88,90,91,70,57,92,56,94,69],"class_list":{"0":"post-29713","1":"product","2":"type-product","3":"status-publish","4":"has-post-thumbnail","6":"product_cat-power-supply","7":"product_tag-power-supply","8":"product_tag-professional-tattoo-kit","9":"product_tag-tattoo-accessories","10":"product_tag-tattoo-equipment","11":"product_tag-tattoo-kits","12":"product_tag-tattoo-power-supply","13":"product_tag-tattoo-machines-parts","14":"product_tag-tattoo-power","15":"product_tag-tattoo-sets","16":"product_tag-tattoo-supplies","17":"pa_brand-rightstuff","18":"desktop-align-center","19":"tablet-align-left","20":"mobile-align-left","21":"ast-product-gallery-layout-horizontal-slider","22":"ast-product-tabs-layout-horizontal","24":"first","25":"outofstock","26":"taxable","27":"shipping-taxable","28":"purchasable","29":"product-type-simple"},"_links":{"self":[{"href":"https:\/\/rightstuff.eu\/pl\/wp-json\/wp\/v2\/product\/29713","targetHints":{"allow":["GET"]}}],"collection":[{"href":"https:\/\/rightstuff.eu\/pl\/wp-json\/wp\/v2\/product"}],"about":[{"href":"https:\/\/rightstuff.eu\/pl\/wp-json\/wp\/v2\/types\/product"}],"replies":[{"embeddable":true,"href":"https:\/\/rightstuff.eu\/pl\/wp-json\/wp\/v2\/comments?post=29713"}],"version-history":[{"count":0,"href":"https:\/\/rightstuff.eu\/pl\/wp-json\/wp\/v2\/product\/29713\/revisions"}],"wp:featuredmedia":[{"embeddable":true,"href":"https:\/\/rightstuff.eu\/pl\/wp-json\/wp\/v2\/media\/50393"}],"wp:attachment":[{"href":"https:\/\/rightstuff.eu\/pl\/wp-json\/wp\/v2\/media?parent=29713"}],"wp:term":[{"taxonomy":"product_brand","embeddable":true,"href":"https:\/\/rightstuff.eu\/pl\/wp-json\/wp\/v2\/product_brand?post=29713"},{"taxonomy":"product_cat","embeddable":true,"href":"https:\/\/rightstuff.eu\/pl\/wp-json\/wp\/v2\/product_cat?post=29713"},{"taxonomy":"product_tag","embeddable":true,"href":"https:\/\/rightstuff.eu\/pl\/wp-json\/wp\/v2\/product_tag?post=29713"}],"curies":[{"name":"wp","href":"https:\/\/api.w.org\/{rel}","templated":true}]}}