{"id":29647,"date":"2017-02-03T08:04:19","date_gmt":"2017-02-03T05:04:19","guid":{"rendered":"https:\/\/rightstuff.eu\/shop\/tattoo_machines\/rotary_tattoo_machines\/rotary-tattoo-machine-keg-variable-gold\/"},"modified":"2025-12-20T15:54:07","modified_gmt":"2025-12-20T14:54:07","slug":"direct-drive-rotary-tattoo-machine","status":"publish","type":"product","link":"https:\/\/rightstuff.eu\/pl\/produkt\/direct-drive-rotary-tattoo-machine\/","title":{"rendered":"Maszyna do tatua\u017cu obrotowego - KEG Variable (z\u0142ota)"},"content":{"rendered":"<p>Naprawd\u0119 pi\u0119kny zwyczaj <a href=\"https:\/\/rightstuff.eu\/blog\/tattoo-machine-is-another-story\/\">obrotowa maszynka do tatua\u017cu z nap\u0119dem bezpo\u015brednim<\/a>\u00a0przez s\u0142ynnego undergroundowego projektanta. Po premierze urz\u0105dzenie to natychmiast sta\u0142o si\u0119 legend\u0105 w spo\u0142eczno\u015bci tatuator\u00f3w. Maszynka zosta\u0142a zaprojektowana przez profesjonalist\u00f3w dla profesjonalist\u00f3w - co oznacza, \u017ce wymaga od u\u017cytkownika du\u017cego poziomu wra\u017cliwo\u015bci, aby pracowa\u0107 z bardzo szczeg\u00f3\u0142owymi tatua\u017cami.<\/p>\n<p>Jego rama wykonana jest z najwy\u017cszej jako\u015bci kawa\u0142ka aluminium, dzi\u0119ki czemu jest znacznie l\u017cejszy ni\u017c typy wykonane z pojedynczego kawa\u0142ka stali i wa\u017cy zaledwie 140 gram\u00f3w, co czyni go idealnym do d\u0142ugich godzin pracy.<\/p>\n<p>Obs\u0142uguje zmienny skok od 1 mm do 5 mm, dzi\u0119ki czemu mo\u017cna go \u0142atwo u\u017cywa\u0107 jako Liner, Shader lub Color Packer. Urz\u0105dzenie zosta\u0142o wyposa\u017cone w wykonany na zam\u00f3wienie silnik, dost\u0119pny wy\u0142\u0105cznie w tej serii, pracuj\u0105cy przy napi\u0119ciu 6-13 V, z pr\u0119dko\u015bci\u0105 8000 obr\/min i nap\u0119dem bezpo\u015brednim, co czyni go besti\u0105 w\u015br\u00f3d innych silnik\u00f3w do maszynek do tatua\u017cu.<\/p>\n<p>Wynaleziona przez niemieckiego wynalazc\u0119 Manfreda Kohrsa w 1978 roku maszyna rotacyjna to zaawansowane narz\u0119dzie u\u017cywane przez wielu tatua\u017cyst\u00f3w. Cho\u0107 jeszcze kilka lat temu by\u0142a mniej popularna w bran\u017cy, ostatnio popyt na ni\u0105 jest nie do pozazdroszczenia. Powodem jest wygoda i \u0142atwo\u015b\u0107 u\u017cycia.<\/p>\n<p>Maszyna rotacyjna jest nap\u0119dzana silnikiem, kt\u00f3ry obraca si\u0119 w ruchu pionowym. Pr\u0119t z ig\u0142\u0105 jest po\u0142\u0105czony z silnikiem, kt\u00f3ry porusza ig\u0142\u0119 zar\u00f3wno w g\u00f3r\u0119, jak i w d\u00f3\u0142. Maszyny rotacyjne s\u0105 bardziej sp\u00f3jne ni\u017c maszyny do tatua\u017cu zwojowego. Dzieje si\u0119 tak dlatego, \u017ce nie wymagaj\u0105 one \u017cadnego strojenia - procedury, w kt\u00f3rej artysta musi dostosowa\u0107 kszta\u0142t i g\u0142\u0119boko\u015b\u0107 ig\u0142y oraz dostarczy\u0107 napi\u0119cie zasilania.<\/p>\n<p>Maszyna rotacyjna jest mniej konfigurowalna i profesjonalni arty\u015bci cz\u0119sto na ni\u0105 narzekaj\u0105. Wymaga te\u017c odpowiedniej wiedzy i umiej\u0119tno\u015bci. Maszyny rotacyjne s\u0105 r\u00f3wnie\u017c autoklawowane i maj\u0105 wysoki poziom dezynfekcji. Z tego powodu arty\u015bci wol\u0105 u\u017cywa\u0107 obrotowych maszyn do tatua\u017cu.<\/p>\n<p>Maszyna rotacyjna jest mniej popularna ni\u017c tradycyjna maszyna do tatua\u017cu i ma znacznie mniej mo\u017cliwo\u015bci dostosowania i opcji. Przez profesjonalist\u00f3w mo\u017ce to by\u0107 uwa\u017cane za wad\u0119. Jednak jest to naprawd\u0119 \u015bwietne narz\u0119dzie dla pocz\u0105tkuj\u0105cych.<\/p>\n<p>Jedn\u0105 z najlepszych cech rotacyjnej maszynki do tatua\u017cu jest to, \u017ce nie wydaje ona \u017cadnych d\u017awi\u0119k\u00f3w. Jest to rzeczywi\u015bcie pozytywna cecha dla <a href=\"https:\/\/facebook.com\/rghtstuff\" target=\"_blank\" rel=\"noopener\">maszynka do tatua\u017cu<\/a>. Brz\u0119cz\u0105cy d\u017awi\u0119k dochodz\u0105cy z maszynki jest do\u015b\u0107 g\u0142o\u015bny i irytuj\u0105cy dla wielu artyst\u00f3w i klient\u00f3w. W rzeczywisto\u015bci, poniewa\u017c tatuowanie zajmuje znaczn\u0105 ilo\u015b\u0107 czasu, ha\u0142as z maszynki do tatua\u017cu jest do\u015b\u0107 uci\u0105\u017cliwy, szczeg\u00f3lnie dla klient\u00f3w, kt\u00f3rzy nie s\u0105 przyzwyczajeni do tak d\u0142ugiego i monotonnego d\u017awi\u0119ku.<\/p>\n<p>Maszyna zwojowa wibruje podczas pracy, natomiast maszyna rotacyjna nie porusza si\u0119 zbytnio. S\u0105 one bardzo wygodne w trzymaniu i u\u017cywaniu, poniewa\u017c nie wibruj\u0105. Zbyt silne wibracje cz\u0119sto powoduj\u0105 problemy z d\u0142o\u0144mi i nadgarstkami artyst\u00f3w. Niekt\u00f3rzy arty\u015bci skar\u017c\u0105 si\u0119, \u017ce stracili czucie i odczuwaj\u0105 podra\u017cnienia w nadgarstkach i d\u0142oniach. Te dolegliwo\u015bci dotycz\u0105 raczej maszynek spiralnych, a nie obrotowych.<\/p>\n<p>Maszyny rotacyjne s\u0105 znacznie l\u017cejsze ni\u017c ci\u0119\u017ckie maszyny do tatua\u017cu z cewk\u0105. Niekt\u00f3rzy uwa\u017caj\u0105 jednak, \u017ce waga maszyny spiralnej zapewnia artystom wi\u0119ksz\u0105 kontrol\u0119 nad maszyn\u0105 i pozwala im na bardziej precyzyjn\u0105 prac\u0119.<\/p>\n<p>Jest to wa\u017cna cz\u0119\u015b\u0107 maszyny rotacyjnej. Potrzebujesz du\u017cej wprawy i wiedzy, \u017ceby u\u017cywa\u0107 maszyny rotacyjnej. Poniewa\u017c jest ona lekka, musisz uwa\u017ca\u0107, \u017ceby nie wy\u015blizgn\u0119\u0142a si\u0119 z r\u0119ki.<\/p>\n<p>Pr\u0119dko\u015b\u0107 jest wa\u017cnym aspektem w przypadku maszyn rotacyjnych. Poniewa\u017c jest to lekka maszynka, b\u0119dziesz musia\u0142 by\u0107 bardzo ostro\u017cny podczas pracy. Pami\u0119taj, \u017ce tatuowanie to precyzyjne dzie\u0142o sztuki. Ma\u0142y b\u0142\u0105d mo\u017ce zrujnowa\u0107 ca\u0142y wygl\u0105d, a klienci mog\u0105 by\u0107 niezadowoleni.<\/p>\n<p>Zw\u0142aszcza na tym konkurencyjnym rynku, gdzie tatuowanie sta\u0142o si\u0119 szale\u0144stwem w\u015br\u00f3d m\u0142odych ludzi, nie mo\u017cesz oczekiwa\u0107, \u017ce przyci\u0105gniesz klient\u00f3w i przychody z negatywnymi recenzjami i s\u0142abymi ocenami. Chocia\u017c na rynku dost\u0119pnych jest kilka \u015brodk\u00f3w do usuwania tatua\u017cy, kt\u00f3rych mo\u017cesz u\u017cy\u0107 do usuni\u0119cia b\u0142\u0119d\u00f3w, nie mo\u017cesz cofn\u0105\u0107 z\u0142ych do\u015bwiadcze\u0144 klient\u00f3w.<\/p>","protected":false},"excerpt":{"rendered":"<h3>Obrotowa maszynka do tatua\u017cu z nap\u0119dem bezpo\u015brednim<\/h3>\n<p>Zmienny skok od 1mm do 5mm<br \/>\n8000 OBR\/MIN<br \/>\nPreferowane napi\u0119cie 6-13 V<\/p>\n<p>Zalecane ig\u0142y: Do 18 Liner, do 39 Mag<\/p>\n<p>Przew\u00f3d z klipsem + z\u0142\u0105cze RCA<br \/>\nKorpus aluminiowy<br \/>\nWaga 140 gr.<\/p>","protected":false},"featured_media":49275,"comment_status":"open","ping_status":"closed","template":"","meta":{"site-sidebar-layout":"default","site-content-layout":"","ast-site-content-layout":"default","site-content-style":"default","site-sidebar-style":"default","ast-global-header-display":"","ast-banner-title-visibility":"","ast-main-header-display":"","ast-hfb-above-header-display":"","ast-hfb-below-header-display":"","ast-hfb-mobile-header-display":"","site-post-title":"","ast-breadcrumbs-content":"","ast-featured-img":"","footer-sml-layout":"","ast-disable-related-posts":"","theme-transparent-header-meta":"default","adv-header-id-meta":"","stick-header-meta":"default","header-above-stick-meta":"","header-main-stick-meta":"","header-below-stick-meta":"","astra-migrate-meta-layouts":"set","ast-page-background-enabled":"default","ast-page-background-meta":{"desktop":{"background-color":"var(--ast-global-color-4)","background-image":"","background-repeat":"repeat","background-position":"center center","background-size":"auto","background-attachment":"scroll","background-type":"","background-media":"","overlay-type":"","overlay-color":"","overlay-opacity":"","overlay-gradient":""},"tablet":{"background-color":"","background-image":"","background-repeat":"repeat","background-position":"center center","background-size":"auto","background-attachment":"scroll","background-type":"","background-media":"","overlay-type":"","overlay-color":"","overlay-opacity":"","overlay-gradient":""},"mobile":{"background-color":"","background-image":"","background-repeat":"repeat","background-position":"center center","background-size":"auto","background-attachment":"scroll","background-type":"","background-media":"","overlay-type":"","overlay-color":"","overlay-opacity":"","overlay-gradient":""}},"ast-content-background-meta":{"desktop":{"background-color":"var(--ast-global-color-5)","background-image":"","background-repeat":"repeat","background-position":"center center","background-size":"auto","background-attachment":"scroll","background-type":"","background-media":"","overlay-type":"","overlay-color":"","overlay-opacity":"","overlay-gradient":""},"tablet":{"background-color":"var(--ast-global-color-5)","background-image":"","background-repeat":"repeat","background-position":"center center","background-size":"auto","background-attachment":"scroll","background-type":"","background-media":"","overlay-type":"","overlay-color":"","overlay-opacity":"","overlay-gradient":""},"mobile":{"background-color":"var(--ast-global-color-5)","background-image":"","background-repeat":"repeat","background-position":"center center","background-size":"auto","background-attachment":"scroll","background-type":"","background-media":"","overlay-type":"","overlay-color":"","overlay-opacity":"","overlay-gradient":""}}},"product_brand":[],"product_cat":[1995],"product_tag":[101,93,83,74,100,99,87,98,48,1806,97,1792,91,95,23,72],"class_list":{"0":"post-29647","1":"product","2":"type-product","3":"status-publish","4":"has-post-thumbnail","6":"product_cat-variable","7":"product_tag-custom-rotary-machines","8":"product_tag-custom-tattoo-guns","9":"product_tag-custom-tattoo-machines","10":"product_tag-direct-drive-tattoo-machine","11":"product_tag-handmade-rotary-tattoo-machines","12":"product_tag-handmade-tattoo-machines","13":"product_tag-professional-tattoo-machines","14":"product_tag-rotary-tattoo-guns","15":"product_tag-rotary-tattoo-machine","16":"product_tag-rotary-tattoo-machines","17":"product_tag-rotary-tattoo-pen","18":"product_tag-rotary-tattoomaschinen","19":"product_tag-tattoo-equipment","20":"product_tag-tattoo-guns","21":"product_tag-tattoo-machine","22":"product_tag-tattoo-machine-coils","23":"pa_brand-rightstuff","24":"desktop-align-center","25":"tablet-align-left","26":"mobile-align-left","27":"ast-product-gallery-layout-horizontal-slider","28":"ast-product-tabs-layout-horizontal","30":"first","31":"instock","32":"sale","33":"taxable","34":"shipping-taxable","35":"purchasable","36":"product-type-simple"},"_links":{"self":[{"href":"https:\/\/rightstuff.eu\/pl\/wp-json\/wp\/v2\/product\/29647","targetHints":{"allow":["GET"]}}],"collection":[{"href":"https:\/\/rightstuff.eu\/pl\/wp-json\/wp\/v2\/product"}],"about":[{"href":"https:\/\/rightstuff.eu\/pl\/wp-json\/wp\/v2\/types\/product"}],"replies":[{"embeddable":true,"href":"https:\/\/rightstuff.eu\/pl\/wp-json\/wp\/v2\/comments?post=29647"}],"version-history":[{"count":0,"href":"https:\/\/rightstuff.eu\/pl\/wp-json\/wp\/v2\/product\/29647\/revisions"}],"wp:featuredmedia":[{"embeddable":true,"href":"https:\/\/rightstuff.eu\/pl\/wp-json\/wp\/v2\/media\/49275"}],"wp:attachment":[{"href":"https:\/\/rightstuff.eu\/pl\/wp-json\/wp\/v2\/media?parent=29647"}],"wp:term":[{"taxonomy":"product_brand","embeddable":true,"href":"https:\/\/rightstuff.eu\/pl\/wp-json\/wp\/v2\/product_brand?post=29647"},{"taxonomy":"product_cat","embeddable":true,"href":"https:\/\/rightstuff.eu\/pl\/wp-json\/wp\/v2\/product_cat?post=29647"},{"taxonomy":"product_tag","embeddable":true,"href":"https:\/\/rightstuff.eu\/pl\/wp-json\/wp\/v2\/product_tag?post=29647"}],"curies":[{"name":"wp","href":"https:\/\/api.w.org\/{rel}","templated":true}]}}