{"id":29608,"date":"2017-01-25T16:41:03","date_gmt":"2017-01-25T15:41:03","guid":{"rendered":"https:\/\/rightstuff.eu\/shop\/tattoo_machines\/rotary_tattoo_machines\/pen-tattoo-machine-hornet-black\/"},"modified":"2025-01-22T01:37:10","modified_gmt":"2025-01-22T00:37:10","slug":"tattoo-pen-machine-horn-blk","status":"publish","type":"product","link":"https:\/\/rightstuff.eu\/pl\/produkt\/tattoo-pen-machine-horn-blk\/","title":{"rendered":"Maszynka do tatua\u017cu Hornet (czarny)"},"content":{"rendered":"<h2>maszyna do robienia tatua\u017cy<\/h2>\n<p>Tatua\u017cy\u015bci, kt\u00f3rzy cz\u0119sto pracuj\u0105 z klientami zamawiaj\u0105cymi body painting i <a href=\"https:\/\/rightstuff.eu\/blog\/tattoo-drawing-body\/\">makija\u017c permanentny<\/a> spodoba si\u0119 ta czarna aluminiowa maszyna do tatua\u017cu Hornet. Konstrukcja urz\u0105dzenia naprawd\u0119 przypomina gruby, masywny d\u0142ugopis. Aby wykona\u0107 swoj\u0105 prac\u0119, mistrz musi trzyma\u0107 j\u0105 w r\u0119ku tak, jak trzyma si\u0119 d\u0142ugopis i dzia\u0142a ona doskonale.<\/p>\n<p>Urz\u0105dzenie korzysta z tego samego \u017ar\u00f3d\u0142a zasilania, co tradycyjne urz\u0105dzenie do tworzenia obraz\u00f3w na sk\u00f3rze, pracuj\u0105c pod napi\u0119ciem 4, 5 -13 V, ale jest tak wszechstronne, jak klasyczny d\u0142ugopis. Kto\u015b rozpozna w tej maszynie marker, ale profesjonalista powie ci - jest to wygodna, lekka (145 gram\u00f3w) maszynka z pi\u00f3rem do tatua\u017cu, kt\u00f3ra wykonuje nawet dok\u0142adne linie i cieniuje obszary sk\u00f3ry.<\/p>\n<p>Wsp\u00f3\u0142pracuje ze wszystkimi wk\u0142adami wyprodukowanymi dla maszyn tego typu. Pr\u0119dko\u015b\u0107 obrotowa silnika, 8000 RPM, jest wystarczaj\u0105co du\u017ca, aby tworzy\u0107 trwa\u0142e linie, cieniowa\u0107 obraz szybko i bezbole\u015bnie. Maszyna pi\u00f3rkowa lepiej sprawdza si\u0119 w roli shadera. Pocz\u0105tkuj\u0105cy powinni lepiej wykonywa\u0107 za jego pomoc\u0105 mniejsze obrazy na sk\u00f3rze. Profesjonali\u015bci mog\u0105 tworzy\u0107 wi\u0119ksze tatua\u017ce.<\/p>","protected":false},"excerpt":{"rendered":"<h3>Pi\u00f3ro do tatua\u017cu Szersze\u0144<\/h3>\n<p>Kompatybilny z wszystkimi standardowymi wk\u0142adami<\/p>\n<p>Skok 3,2 mm<br \/>\nZmienna g\u0142\u0119boko\u015b\u0107 ig\u0142y do 4 mm<br \/>\n8000 OBR\/MIN<br \/>\nPreferowane napi\u0119cie 4,5-13 V<\/p>\n<p>Po\u0142\u0105czenie RCA<br \/>\nKorpus aluminiowy<br \/>\nWaga 145 gr.<\/p>","protected":false},"featured_media":56851,"comment_status":"open","ping_status":"closed","template":"","meta":{"site-sidebar-layout":"default","site-content-layout":"default","ast-site-content-layout":"default","site-content-style":"default","site-sidebar-style":"default","ast-global-header-display":"","ast-banner-title-visibility":"","ast-main-header-display":"","ast-hfb-above-header-display":"","ast-hfb-below-header-display":"","ast-hfb-mobile-header-display":"","site-post-title":"","ast-breadcrumbs-content":"","ast-featured-img":"","footer-sml-layout":"","ast-disable-related-posts":"","theme-transparent-header-meta":"default","adv-header-id-meta":"","stick-header-meta":"default","header-above-stick-meta":"","header-main-stick-meta":"","header-below-stick-meta":"","astra-migrate-meta-layouts":"set","ast-page-background-enabled":"default","ast-page-background-meta":{"desktop":{"background-color":"var(--ast-global-color-4)","background-image":"","background-repeat":"repeat","background-position":"center center","background-size":"auto","background-attachment":"scroll","background-type":"","background-media":"","overlay-type":"","overlay-color":"","overlay-opacity":"","overlay-gradient":""},"tablet":{"background-color":"","background-image":"","background-repeat":"repeat","background-position":"center center","background-size":"auto","background-attachment":"scroll","background-type":"","background-media":"","overlay-type":"","overlay-color":"","overlay-opacity":"","overlay-gradient":""},"mobile":{"background-color":"","background-image":"","background-repeat":"repeat","background-position":"center center","background-size":"auto","background-attachment":"scroll","background-type":"","background-media":"","overlay-type":"","overlay-color":"","overlay-opacity":"","overlay-gradient":""}},"ast-content-background-meta":{"desktop":{"background-color":"var(--ast-global-color-5)","background-image":"","background-repeat":"repeat","background-position":"center center","background-size":"auto","background-attachment":"scroll","background-type":"","background-media":"","overlay-type":"","overlay-color":"","overlay-opacity":"","overlay-gradient":""},"tablet":{"background-color":"var(--ast-global-color-5)","background-image":"","background-repeat":"repeat","background-position":"center center","background-size":"auto","background-attachment":"scroll","background-type":"","background-media":"","overlay-type":"","overlay-color":"","overlay-opacity":"","overlay-gradient":""},"mobile":{"background-color":"var(--ast-global-color-5)","background-image":"","background-repeat":"repeat","background-position":"center center","background-size":"auto","background-attachment":"scroll","background-type":"","background-media":"","overlay-type":"","overlay-color":"","overlay-opacity":"","overlay-gradient":""}}},"product_brand":[],"product_cat":[1803],"product_tag":[101,93,100,99,53,1799,50,87,98,48,97,1792,71,91,95,52,41,51],"class_list":{"0":"post-29608","1":"product","2":"type-product","3":"status-publish","4":"has-post-thumbnail","6":"product_cat-pen-tattoo-machines","7":"product_tag-custom-rotary-machines","8":"product_tag-custom-tattoo-guns","9":"product_tag-handmade-rotary-tattoo-machines","10":"product_tag-handmade-tattoo-machines","11":"product_tag-hornet-tattoo-machine","12":"product_tag-macchinette-rotative-per-tatuaggi","13":"product_tag-pen-tattoo-machine","14":"product_tag-professional-tattoo-machines","15":"product_tag-rotary-tattoo-guns","16":"product_tag-rotary-tattoo-machine","17":"product_tag-rotary-tattoo-pen","18":"product_tag-rotary-tattoomaschinen","19":"product_tag-tattoo-cartridges","20":"product_tag-tattoo-equipment","21":"product_tag-tattoo-guns","22":"product_tag-tattoo-machine-pen","23":"product_tag-tattoo-machines","24":"product_tag-tattoo-pen","25":"desktop-align-center","26":"tablet-align-left","27":"mobile-align-left","28":"ast-product-gallery-layout-horizontal-slider","29":"ast-product-single-variable","30":"ast-product-tabs-layout-horizontal","32":"first","33":"instock","34":"sale","35":"taxable","36":"shipping-taxable","37":"purchasable","38":"product-type-variable"},"_links":{"self":[{"href":"https:\/\/rightstuff.eu\/pl\/wp-json\/wp\/v2\/product\/29608","targetHints":{"allow":["GET"]}}],"collection":[{"href":"https:\/\/rightstuff.eu\/pl\/wp-json\/wp\/v2\/product"}],"about":[{"href":"https:\/\/rightstuff.eu\/pl\/wp-json\/wp\/v2\/types\/product"}],"replies":[{"embeddable":true,"href":"https:\/\/rightstuff.eu\/pl\/wp-json\/wp\/v2\/comments?post=29608"}],"version-history":[{"count":0,"href":"https:\/\/rightstuff.eu\/pl\/wp-json\/wp\/v2\/product\/29608\/revisions"}],"wp:featuredmedia":[{"embeddable":true,"href":"https:\/\/rightstuff.eu\/pl\/wp-json\/wp\/v2\/media\/56851"}],"wp:attachment":[{"href":"https:\/\/rightstuff.eu\/pl\/wp-json\/wp\/v2\/media?parent=29608"}],"wp:term":[{"taxonomy":"product_brand","embeddable":true,"href":"https:\/\/rightstuff.eu\/pl\/wp-json\/wp\/v2\/product_brand?post=29608"},{"taxonomy":"product_cat","embeddable":true,"href":"https:\/\/rightstuff.eu\/pl\/wp-json\/wp\/v2\/product_cat?post=29608"},{"taxonomy":"product_tag","embeddable":true,"href":"https:\/\/rightstuff.eu\/pl\/wp-json\/wp\/v2\/product_tag?post=29608"}],"curies":[{"name":"wp","href":"https:\/\/api.w.org\/{rel}","templated":true}]}}