{"id":29314,"date":"2016-08-08T14:18:10","date_gmt":"2016-08-08T14:18:10","guid":{"rendered":"https:\/\/rightstuff.eu\/shop\/tattoo_machines\/bone\/bone-liner-chrome\/"},"modified":"2025-01-22T01:37:10","modified_gmt":"2025-01-22T00:37:10","slug":"bone-liner-chrome","status":"publish","type":"product","link":"https:\/\/rightstuff.eu\/pl\/produkt\/bone-liner-chrome\/","title":{"rendered":"Maszynka do tatua\u017cu BONE Liner Chrome"},"content":{"rendered":"<p>Maszynka do tatua\u017cu BONE Liner Chrome to doskona\u0142e stalowe narz\u0119dzie, kt\u00f3re tworzy r\u00f3wne linie i kontury. Czasy, w kt\u00f3rych tatuowanie by\u0142o bolesnym procesem, ju\u017c min\u0119\u0142y - dzi\u015b ka\u017cda osoba, kt\u00f3ra chce uzyska\u0107 \u0142adny obraz wykonany specjalnym tuszem, nie odczuje \u017cadnych nieprzyjemnych emocji.<\/p>\n<p>G\u0142\u00f3wn\u0105 zasad\u0105 jego dzia\u0142ania jest kr\u00f3tkie, mocne uderzenie i szybki powr\u00f3t. Ig\u0142a szybko wnika pod sk\u00f3r\u0119, dzi\u0119ki czemu farba nie rozci\u0105ga si\u0119 zbytnio pod sk\u00f3r\u0105, a artysta wykonuje precyzyjny szkic. Podczas wykonywania konturu tatua\u017cu za pomoc\u0105 tego linera, nale\u017cy trzyma\u0107 maszyn\u0119 w pozycji pionowej. Zawsze poci\u0105gaj za tatuowan\u0105 sk\u00f3r\u0119. Nie nadwyr\u0119\u017caj r\u0119ki podczas pracy z linerem, bo r\u0119ka szybko si\u0119 zm\u0119czy. Maszynk\u0119 do tatua\u017cu nale\u017cy prowadzi\u0107 do przodu - jest to nieuniknione, aby uzyska\u0107 wyra\u017any i idealny szkic tatua\u017cu.<\/p>\n<p>Wa\u017cy 180 gram\u00f3w - jest wystarczaj\u0105co lekki, aby nie odczuwa\u0107 \u017cadnych niedogodno\u015bci podczas wielogodzinnego u\u017cytkowania. Wyposa\u017cony jest w 25-milimetrowe, 8-zwojowe cewki najlepszej jako\u015bci. Napi\u0119cie urz\u0105dzenia wynosi 6, 6 V - urz\u0105dzenie pracuje z cz\u0119stotliwo\u015bci\u0105 160 Hz.<\/p>","protected":false},"excerpt":{"rendered":"<p>Rama jest wykonana z jednego kawa\u0142ka stali<\/p>\n<p>Wysokiej jako\u015bci zwoje - 25 mm * 8 owini\u0119\u0107<\/p>\n<p>Osprz\u0119t z czernionej stali<\/p>\n<p>Preferowane ig\u0142y 3-7RL<\/p>\n<p>\u015aredni udar<\/p>\n<p>Dzia\u0142a 160hz przy napi\u0119ciu 6,6 V - bez obci\u0105\u017cenia<\/p>\n<p>Waga maszynki do tatua\u017cu 180gr.<\/p>","protected":false},"featured_media":0,"comment_status":"open","ping_status":"closed","template":"","meta":{"site-sidebar-layout":"","site-content-layout":"","ast-site-content-layout":"default","site-content-style":"default","site-sidebar-style":"default","ast-global-header-display":"","ast-banner-title-visibility":"","ast-main-header-display":"","ast-hfb-above-header-display":"","ast-hfb-below-header-display":"","ast-hfb-mobile-header-display":"","site-post-title":"","ast-breadcrumbs-content":"","ast-featured-img":"","footer-sml-layout":"","ast-disable-related-posts":"","theme-transparent-header-meta":"","adv-header-id-meta":"","stick-header-meta":"","header-above-stick-meta":"","header-main-stick-meta":"","header-below-stick-meta":"","astra-migrate-meta-layouts":"default","ast-page-background-enabled":"default","ast-page-background-meta":{"desktop":{"background-color":"var(--ast-global-color-4)","background-image":"","background-repeat":"repeat","background-position":"center center","background-size":"auto","background-attachment":"scroll","background-type":"","background-media":"","overlay-type":"","overlay-color":"","overlay-opacity":"","overlay-gradient":""},"tablet":{"background-color":"","background-image":"","background-repeat":"repeat","background-position":"center center","background-size":"auto","background-attachment":"scroll","background-type":"","background-media":"","overlay-type":"","overlay-color":"","overlay-opacity":"","overlay-gradient":""},"mobile":{"background-color":"","background-image":"","background-repeat":"repeat","background-position":"center center","background-size":"auto","background-attachment":"scroll","background-type":"","background-media":"","overlay-type":"","overlay-color":"","overlay-opacity":"","overlay-gradient":""}},"ast-content-background-meta":{"desktop":{"background-color":"var(--ast-global-color-5)","background-image":"","background-repeat":"repeat","background-position":"center center","background-size":"auto","background-attachment":"scroll","background-type":"","background-media":"","overlay-type":"","overlay-color":"","overlay-opacity":"","overlay-gradient":""},"tablet":{"background-color":"var(--ast-global-color-5)","background-image":"","background-repeat":"repeat","background-position":"center center","background-size":"auto","background-attachment":"scroll","background-type":"","background-media":"","overlay-type":"","overlay-color":"","overlay-opacity":"","overlay-gradient":""},"mobile":{"background-color":"var(--ast-global-color-5)","background-image":"","background-repeat":"repeat","background-position":"center center","background-size":"auto","background-attachment":"scroll","background-type":"","background-media":"","overlay-type":"","overlay-color":"","overlay-opacity":"","overlay-gradient":""}}},"product_brand":[],"product_cat":[21],"product_tag":[82,93,83,46,99,43,1800,87,1791,91,95,72],"class_list":{"0":"post-29314","1":"product","2":"type-product","3":"status-publish","5":"product_cat-bone","6":"product_tag-coil-tattoo-machines","7":"product_tag-custom-tattoo-guns","8":"product_tag-custom-tattoo-machines","9":"product_tag-fastliner","10":"product_tag-handmade-tattoo-machines","11":"product_tag-liner-tattoo-machine","12":"product_tag-macchinetta-per-tatuaggio-a-bobina","13":"product_tag-professional-tattoo-machines","14":"product_tag-spulen-tattoomaschinen","15":"product_tag-tattoo-equipment","16":"product_tag-tattoo-guns","17":"product_tag-tattoo-machine-coils","18":"pa_brand-rightstuff","19":"desktop-align-center","20":"tablet-align-left","21":"mobile-align-left","22":"ast-product-gallery-layout-horizontal-slider","23":"ast-product-tabs-layout-horizontal","25":"first","26":"outofstock","27":"sale","28":"taxable","29":"shipping-taxable","30":"purchasable","31":"product-type-simple"},"_links":{"self":[{"href":"https:\/\/rightstuff.eu\/pl\/wp-json\/wp\/v2\/product\/29314","targetHints":{"allow":["GET"]}}],"collection":[{"href":"https:\/\/rightstuff.eu\/pl\/wp-json\/wp\/v2\/product"}],"about":[{"href":"https:\/\/rightstuff.eu\/pl\/wp-json\/wp\/v2\/types\/product"}],"replies":[{"embeddable":true,"href":"https:\/\/rightstuff.eu\/pl\/wp-json\/wp\/v2\/comments?post=29314"}],"version-history":[{"count":0,"href":"https:\/\/rightstuff.eu\/pl\/wp-json\/wp\/v2\/product\/29314\/revisions"}],"wp:attachment":[{"href":"https:\/\/rightstuff.eu\/pl\/wp-json\/wp\/v2\/media?parent=29314"}],"wp:term":[{"taxonomy":"product_brand","embeddable":true,"href":"https:\/\/rightstuff.eu\/pl\/wp-json\/wp\/v2\/product_brand?post=29314"},{"taxonomy":"product_cat","embeddable":true,"href":"https:\/\/rightstuff.eu\/pl\/wp-json\/wp\/v2\/product_cat?post=29314"},{"taxonomy":"product_tag","embeddable":true,"href":"https:\/\/rightstuff.eu\/pl\/wp-json\/wp\/v2\/product_tag?post=29314"}],"curies":[{"name":"wp","href":"https:\/\/api.w.org\/{rel}","templated":true}]}}