{"id":29284,"date":"2016-08-03T13:08:15","date_gmt":"2016-08-03T10:08:15","guid":{"rendered":"https:\/\/rightstuff.eu\/shop\/tattoo_machines\/rotary_tattoo_machines\/keg-rotary-tattoo-machine-variable-blue\/"},"modified":"2025-01-22T01:37:10","modified_gmt":"2025-01-22T00:37:10","slug":"keg-rotary-tattoo-machine-variable-blue","status":"publish","type":"product","link":"https:\/\/rightstuff.eu\/pl\/produkt\/keg-rotary-tattoo-machine-variable-blue\/","title":{"rendered":"Maszyna do tatua\u017cu obrotowego -KEG Variable (Niebieski)"},"content":{"rendered":"<p>Tworz\u0105c tatua\u017c, mistrz u\u017cywa maszynki rotacyjnej lub indukcyjnej. Najprostszym przyk\u0142adem urz\u0105dzenia obrotowego jest samodzielnie wykonane urz\u0105dzenie do malowania sk\u00f3ry, wykonane z d\u0142ugopisu i ma\u0142ego silnika. Right Stuff oferuje profesjonalistom posiadaj\u0105cym swoje salony tatua\u017cu lub artystom, maj\u0105cym pewne przemy\u015blenia na temat dochodowego biznesu tatua\u017cu na niebiesko <a href=\"https:\/\/rightstuff.eu\/blog\/best-rotary-tattoo-machines\/\">maszyna do tatua\u017cu rotacyjnego<\/a> - Zmienna KEG.<\/p>\n<p>Jest to najprostsze w obs\u0142udze urz\u0105dzenie: ta maszynka jest skutecznym urz\u0105dzeniem do rysowania konturu tatua\u017cu. Korzystaj\u0105c z niej, mistrz z \u0142atwo\u015bci\u0105 osi\u0105gnie wysok\u0105 dok\u0142adno\u015b\u0107 rysowania linii tatua\u017cu! Maszynka rotacyjna poprawia charakterystyk\u0119 jako\u015bciow\u0105 nanoszonych obraz\u00f3w. Ze wzgl\u0119du na du\u017c\u0105 pr\u0119dko\u015b\u0107 ruchu ig\u0142y, poziom bolesnych wra\u017ce\u0144 zmniejsza si\u0119, a klient czuje si\u0119 zrelaksowany. Ten model prawie nie wibruje podczas pracy - artysta nie czuje si\u0119 zm\u0119czony podczas tworzenia obrazu na sk\u00f3rze.<\/p>\n<p>Ten aluminiowy, niebieski model wa\u017cy zaledwie 140 gram\u00f3w. Skok maszyny waha si\u0119 od 1 do 5 milimetr\u00f3w. Urz\u0105dzenie pracuje z pr\u0119dko\u015bci\u0105 8000 obrot\u00f3w na minut\u0119 i napi\u0119ciem 6-13 V.<\/p>","protected":false},"excerpt":{"rendered":"<p>Maszyna do tatua\u017cu obrotowego<\/p>\n<p>Nap\u0119d bezpo\u015bredni<\/p>\n<p>Zmienny skok od 1mm do 5mm<br \/>\n8000 OBR\/MIN<br \/>\nPreferowane napi\u0119cie 6-13 V<\/p>\n<p>Zalecane ig\u0142y: Do 18 Liner, do 39 Mag<\/p>\n<p>Przew\u00f3d z klipsem + z\u0142\u0105cze RCA<br \/>\nKorpus aluminiowy<br \/>\nWaga 140 gr.<\/p>","protected":false},"featured_media":56877,"comment_status":"open","ping_status":"closed","template":"","meta":{"site-sidebar-layout":"default","site-content-layout":"","ast-site-content-layout":"default","site-content-style":"default","site-sidebar-style":"default","ast-global-header-display":"","ast-banner-title-visibility":"","ast-main-header-display":"","ast-hfb-above-header-display":"","ast-hfb-below-header-display":"","ast-hfb-mobile-header-display":"","site-post-title":"","ast-breadcrumbs-content":"","ast-featured-img":"","footer-sml-layout":"","ast-disable-related-posts":"","theme-transparent-header-meta":"default","adv-header-id-meta":"","stick-header-meta":"default","header-above-stick-meta":"","header-main-stick-meta":"","header-below-stick-meta":"","astra-migrate-meta-layouts":"set","ast-page-background-enabled":"default","ast-page-background-meta":{"desktop":{"background-color":"var(--ast-global-color-4)","background-image":"","background-repeat":"repeat","background-position":"center center","background-size":"auto","background-attachment":"scroll","background-type":"","background-media":"","overlay-type":"","overlay-color":"","overlay-opacity":"","overlay-gradient":""},"tablet":{"background-color":"","background-image":"","background-repeat":"repeat","background-position":"center center","background-size":"auto","background-attachment":"scroll","background-type":"","background-media":"","overlay-type":"","overlay-color":"","overlay-opacity":"","overlay-gradient":""},"mobile":{"background-color":"","background-image":"","background-repeat":"repeat","background-position":"center center","background-size":"auto","background-attachment":"scroll","background-type":"","background-media":"","overlay-type":"","overlay-color":"","overlay-opacity":"","overlay-gradient":""}},"ast-content-background-meta":{"desktop":{"background-color":"var(--ast-global-color-5)","background-image":"","background-repeat":"repeat","background-position":"center center","background-size":"auto","background-attachment":"scroll","background-type":"","background-media":"","overlay-type":"","overlay-color":"","overlay-opacity":"","overlay-gradient":""},"tablet":{"background-color":"var(--ast-global-color-5)","background-image":"","background-repeat":"repeat","background-position":"center center","background-size":"auto","background-attachment":"scroll","background-type":"","background-media":"","overlay-type":"","overlay-color":"","overlay-opacity":"","overlay-gradient":""},"mobile":{"background-color":"var(--ast-global-color-5)","background-image":"","background-repeat":"repeat","background-position":"center center","background-size":"auto","background-attachment":"scroll","background-type":"","background-media":"","overlay-type":"","overlay-color":"","overlay-opacity":"","overlay-gradient":""}}},"product_brand":[],"product_cat":[1995],"product_tag":[101,93,83,74,100,99,87,98,48,97,1792,91,95,23,72],"class_list":{"0":"post-29284","1":"product","2":"type-product","3":"status-publish","4":"has-post-thumbnail","6":"product_cat-variable","7":"product_tag-custom-rotary-machines","8":"product_tag-custom-tattoo-guns","9":"product_tag-custom-tattoo-machines","10":"product_tag-direct-drive-tattoo-machine","11":"product_tag-handmade-rotary-tattoo-machines","12":"product_tag-handmade-tattoo-machines","13":"product_tag-professional-tattoo-machines","14":"product_tag-rotary-tattoo-guns","15":"product_tag-rotary-tattoo-machine","16":"product_tag-rotary-tattoo-pen","17":"product_tag-rotary-tattoomaschinen","18":"product_tag-tattoo-equipment","19":"product_tag-tattoo-guns","20":"product_tag-tattoo-machine","21":"product_tag-tattoo-machine-coils","22":"pa_brand-rightstuff","23":"desktop-align-center","24":"tablet-align-left","25":"mobile-align-left","26":"ast-product-gallery-layout-horizontal-slider","27":"ast-product-tabs-layout-horizontal","29":"first","30":"instock","31":"sale","32":"taxable","33":"shipping-taxable","34":"purchasable","35":"product-type-simple"},"_links":{"self":[{"href":"https:\/\/rightstuff.eu\/pl\/wp-json\/wp\/v2\/product\/29284","targetHints":{"allow":["GET"]}}],"collection":[{"href":"https:\/\/rightstuff.eu\/pl\/wp-json\/wp\/v2\/product"}],"about":[{"href":"https:\/\/rightstuff.eu\/pl\/wp-json\/wp\/v2\/types\/product"}],"replies":[{"embeddable":true,"href":"https:\/\/rightstuff.eu\/pl\/wp-json\/wp\/v2\/comments?post=29284"}],"version-history":[{"count":0,"href":"https:\/\/rightstuff.eu\/pl\/wp-json\/wp\/v2\/product\/29284\/revisions"}],"wp:featuredmedia":[{"embeddable":true,"href":"https:\/\/rightstuff.eu\/pl\/wp-json\/wp\/v2\/media\/56877"}],"wp:attachment":[{"href":"https:\/\/rightstuff.eu\/pl\/wp-json\/wp\/v2\/media?parent=29284"}],"wp:term":[{"taxonomy":"product_brand","embeddable":true,"href":"https:\/\/rightstuff.eu\/pl\/wp-json\/wp\/v2\/product_brand?post=29284"},{"taxonomy":"product_cat","embeddable":true,"href":"https:\/\/rightstuff.eu\/pl\/wp-json\/wp\/v2\/product_cat?post=29284"},{"taxonomy":"product_tag","embeddable":true,"href":"https:\/\/rightstuff.eu\/pl\/wp-json\/wp\/v2\/product_tag?post=29284"}],"curies":[{"name":"wp","href":"https:\/\/api.w.org\/{rel}","templated":true}]}}