{"id":28942,"date":"2016-01-21T21:00:45","date_gmt":"2016-01-21T18:00:45","guid":{"rendered":"https:\/\/rightstuff.eu\/shop\/tattoo_machines\/rotary_tattoo_machines\/keg-rotary-tattoo-machine-variableblack\/"},"modified":"2025-02-15T20:19:00","modified_gmt":"2025-02-15T19:19:00","slug":"keg-rotary-tattoo-machine-variableblack","status":"publish","type":"product","link":"https:\/\/rightstuff.eu\/pl\/produkt\/keg-rotary-tattoo-machine-variableblack\/","title":{"rendered":"Rotacyjna maszynka do tatua\u017cu - KEG Variable (czarna)"},"content":{"rendered":"<p>Oggi i negozi di tatuaggi lavorano ovunque: gli artisti moderni possono eseguire l'immagine della pelle pi\u00f9 complicata. Jednak wymiary i forma tatua\u017cu zale\u017c\u0105 od miejsca, w kt\u00f3rym zostanie on wykonany. Obraz musi odzwierciedla\u0107 kontury cia\u0142a i nie mo\u017ce by\u0107 zbyt du\u017cy. Je\u015bli rysunek ma wiele szczeg\u00f3\u0142\u00f3w, wybierz obraz wi\u0119kszy, a nast\u0119pnie przesu\u0144 szczeg\u00f3\u0142y.<\/p>\n<p>Ten KEG nero to urz\u0105dzenie do tatua\u017cu zmiennego, kt\u00f3re tworzy doskona\u0142e obrazy na sk\u00f3rze. Jego rotor obs\u0142uguje urz\u0105dzenie i zapewnia jego prac\u0119. Pot\u0119\u017cna jednostka obrotowa o pr\u0119dko\u015bci 8000 obrot\u00f3w na minut\u0119 wytwarza niskie poziomy rumoru i wibracji. Urz\u0105dzenie wykonane jest z legendarnego aluminium (140 gram\u00f3w) i dzia\u0142a przy napi\u0119ciu 6,6 V.<\/p>\n<p>Aby uzyska\u0107 po\u017c\u0105dany efekt, mistrz tatua\u017cu musi raz na jaki\u015b czas odwr\u00f3ci\u0107 t\u0119 sam\u0105 powierzchni\u0119 sk\u00f3ry. R\u00f3\u017cnica mi\u0119dzy jednym narz\u0119dziem obrotowym a jednym obrotowym. Wykonuj\u0105c ci\u0119cie o grubo\u015bci od 1 do 5 mm, artysta nie musi szybko wyrzuca\u0107 urz\u0105dzenia. W przeciwnym razie mo\u017ce doj\u015b\u0107 do zniszczenia sk\u00f3ry i usuni\u0119cia zabli\u017anie\u0144. U\u017cycie tego narz\u0119dzia i podobnych urz\u0105dze\u0144 jest zalecane dla pocz\u0105tkuj\u0105cych tatuator\u00f3w lub do wykonania trwa\u0142ego zabiegu.<\/p>","protected":false},"excerpt":{"rendered":"<p>Nap\u0119d bezpo\u015bredni <a href=\"https:\/\/rightstuff.eu\/blog\/rotary-vs-spulen-tattoo-maschinen%ef%bf%bc\/\">Tatua\u017c obrotowy<\/a> maszyna<\/p>\n<p>Macchina rotativa del tatuaggio di azionamento diretto<\/p>\n<p>Zmienny skok od 1mm do 5mm<br \/>\n8000 OBR\/MIN<br \/>\nPreferowane napi\u0119cie 6-13 V<\/p>\n<p>Zalecane ig\u0142y: Do 18 Liner, do 39 Mag<\/p>\n<p>Przew\u00f3d z klipsem + z\u0142\u0105cze RCA<br \/>\nKorpus aluminiowy<br \/>\nWaga 140 gr.<\/p>","protected":false},"featured_media":56874,"comment_status":"open","ping_status":"closed","template":"","meta":{"site-sidebar-layout":"default","site-content-layout":"","ast-site-content-layout":"default","site-content-style":"default","site-sidebar-style":"default","ast-global-header-display":"","ast-banner-title-visibility":"","ast-main-header-display":"","ast-hfb-above-header-display":"","ast-hfb-below-header-display":"","ast-hfb-mobile-header-display":"","site-post-title":"","ast-breadcrumbs-content":"","ast-featured-img":"","footer-sml-layout":"","ast-disable-related-posts":"","theme-transparent-header-meta":"default","adv-header-id-meta":"","stick-header-meta":"default","header-above-stick-meta":"","header-main-stick-meta":"","header-below-stick-meta":"","astra-migrate-meta-layouts":"set","ast-page-background-enabled":"default","ast-page-background-meta":{"desktop":{"background-color":"var(--ast-global-color-4)","background-image":"","background-repeat":"repeat","background-position":"center center","background-size":"auto","background-attachment":"scroll","background-type":"","background-media":"","overlay-type":"","overlay-color":"","overlay-opacity":"","overlay-gradient":""},"tablet":{"background-color":"","background-image":"","background-repeat":"repeat","background-position":"center center","background-size":"auto","background-attachment":"scroll","background-type":"","background-media":"","overlay-type":"","overlay-color":"","overlay-opacity":"","overlay-gradient":""},"mobile":{"background-color":"","background-image":"","background-repeat":"repeat","background-position":"center center","background-size":"auto","background-attachment":"scroll","background-type":"","background-media":"","overlay-type":"","overlay-color":"","overlay-opacity":"","overlay-gradient":""}},"ast-content-background-meta":{"desktop":{"background-color":"var(--ast-global-color-5)","background-image":"","background-repeat":"repeat","background-position":"center center","background-size":"auto","background-attachment":"scroll","background-type":"","background-media":"","overlay-type":"","overlay-color":"","overlay-opacity":"","overlay-gradient":""},"tablet":{"background-color":"var(--ast-global-color-5)","background-image":"","background-repeat":"repeat","background-position":"center center","background-size":"auto","background-attachment":"scroll","background-type":"","background-media":"","overlay-type":"","overlay-color":"","overlay-opacity":"","overlay-gradient":""},"mobile":{"background-color":"var(--ast-global-color-5)","background-image":"","background-repeat":"repeat","background-position":"center center","background-size":"auto","background-attachment":"scroll","background-type":"","background-media":"","overlay-type":"","overlay-color":"","overlay-opacity":"","overlay-gradient":""}}},"product_brand":[],"product_cat":[1995],"product_tag":[101,93,83,74,100,99,87,98,48,97,1792,91,95,23,72],"class_list":{"0":"post-28942","1":"product","2":"type-product","3":"status-publish","4":"has-post-thumbnail","6":"product_cat-variable","7":"product_tag-custom-rotary-machines","8":"product_tag-custom-tattoo-guns","9":"product_tag-custom-tattoo-machines","10":"product_tag-direct-drive-tattoo-machine","11":"product_tag-handmade-rotary-tattoo-machines","12":"product_tag-handmade-tattoo-machines","13":"product_tag-professional-tattoo-machines","14":"product_tag-rotary-tattoo-guns","15":"product_tag-rotary-tattoo-machine","16":"product_tag-rotary-tattoo-pen","17":"product_tag-rotary-tattoomaschinen","18":"product_tag-tattoo-equipment","19":"product_tag-tattoo-guns","20":"product_tag-tattoo-machine","21":"product_tag-tattoo-machine-coils","22":"pa_brand-rightstuff","23":"desktop-align-center","24":"tablet-align-left","25":"mobile-align-left","26":"ast-product-gallery-layout-horizontal-slider","27":"ast-product-tabs-layout-horizontal","29":"first","30":"outofstock","31":"sale","32":"taxable","33":"shipping-taxable","34":"purchasable","35":"product-type-simple"},"_links":{"self":[{"href":"https:\/\/rightstuff.eu\/pl\/wp-json\/wp\/v2\/product\/28942","targetHints":{"allow":["GET"]}}],"collection":[{"href":"https:\/\/rightstuff.eu\/pl\/wp-json\/wp\/v2\/product"}],"about":[{"href":"https:\/\/rightstuff.eu\/pl\/wp-json\/wp\/v2\/types\/product"}],"replies":[{"embeddable":true,"href":"https:\/\/rightstuff.eu\/pl\/wp-json\/wp\/v2\/comments?post=28942"}],"version-history":[{"count":0,"href":"https:\/\/rightstuff.eu\/pl\/wp-json\/wp\/v2\/product\/28942\/revisions"}],"wp:featuredmedia":[{"embeddable":true,"href":"https:\/\/rightstuff.eu\/pl\/wp-json\/wp\/v2\/media\/56874"}],"wp:attachment":[{"href":"https:\/\/rightstuff.eu\/pl\/wp-json\/wp\/v2\/media?parent=28942"}],"wp:term":[{"taxonomy":"product_brand","embeddable":true,"href":"https:\/\/rightstuff.eu\/pl\/wp-json\/wp\/v2\/product_brand?post=28942"},{"taxonomy":"product_cat","embeddable":true,"href":"https:\/\/rightstuff.eu\/pl\/wp-json\/wp\/v2\/product_cat?post=28942"},{"taxonomy":"product_tag","embeddable":true,"href":"https:\/\/rightstuff.eu\/pl\/wp-json\/wp\/v2\/product_tag?post=28942"}],"curies":[{"name":"wp","href":"https:\/\/api.w.org\/{rel}","templated":true}]}}