{"id":28939,"date":"2016-01-21T21:00:10","date_gmt":"2016-01-21T18:00:10","guid":{"rendered":"https:\/\/rightstuff.eu\/shop\/tattoo_machines\/rotary_tattoo_machines\/keg-rotary-tattoo-variable-red\/"},"modified":"2026-03-20T15:29:43","modified_gmt":"2026-03-20T14:29:43","slug":"keg-rotary-tattoo-variable-red","status":"publish","type":"product","link":"https:\/\/rightstuff.eu\/pl\/produkt\/keg-rotary-tattoo-variable-red\/","title":{"rendered":"KEG - obrotowa maszyna do tatua\u017cu Zmienna (czerwona)"},"content":{"rendered":"<p>Urz\u0105dzenia obrotowe do tatua\u017cy r\u00f3\u017cni\u0105 si\u0119 od <a href=\"https:\/\/rightstuff.eu\/blog\/tattoo-instruments\/\">maszyny indukcyjne<\/a> dzi\u0119ki obecno\u015bci ma\u0142ego wirnika o du\u017cej mocy. Dzi\u0119ki tej specjalnej funkcji artysta mo\u017ce \u0142atwo dostosowa\u0107 pr\u0119dko\u015b\u0107 ruchu ig\u0142y, a tak\u017ce si\u0142\u0119 jej uderzenia. Ig\u0142a najprostszego urz\u0105dzenia rotacyjnego, zanurzona w specjalnej farbie, wnika w sk\u00f3r\u0119 na oko\u0142o 2 mm z pr\u0119dko\u015bci\u0105 od 50 do 1000 razy na minut\u0119. Red KEG - rotacyjna maszynka do tatua\u017cu Variable pracuje z pr\u0119dko\u015bci\u0105 8 000 RMP i wykonuje od 1 do 5 mm uderze\u0144! Oznacza to, \u017ce klient nigdy nie odczuwa b\u00f3lu. Ze wzgl\u0119du na szybk\u0105 prac\u0119 urz\u0105dzenie lekko wibruje. Osoba pracuj\u0105ca z t\u0105 maszyn\u0105 nie odczuwa zm\u0119czenia, a klient r\u00f3wnie\u017c si\u0119 relaksuje. Urz\u0105dzenie to lepiej sprawdza si\u0119 przy wykonywaniu kresek i makija\u017cu permanentnego. Cieniowanie za jego pomoc\u0105 to d\u0142u\u017csza procedura, kt\u00f3ra mo\u017ce powodowa\u0107 lekki b\u00f3l.<\/p>\n<p>To urz\u0105dzenie z nap\u0119dem bezpo\u015brednim dzia\u0142a przy napi\u0119ciu 6-13 V. Dzi\u0119ki niewielkiej wadze (145 g) wielu profesjonalist\u00f3w i artyst\u00f3w, kt\u00f3rzy dopiero rozpoczynaj\u0105 prac\u0119 z tatua\u017cami, wybiera t\u0119 kompaktow\u0105 maszyn\u0119.<\/p>","protected":false},"excerpt":{"rendered":"<p>Rotacyjna maszynka do tatua\u017cu z nap\u0119dem bezpo\u015brednim<\/p>\n<p><span id=\"ouHighlight__27_33TO0_6\" class=\"\">Maszyna<\/span><span id=\"noHighlight_0.990307191206219\"> \u00e0 <\/span><span id=\"ouHighlight__20_25TO10_16\" class=\"\">tatouer<\/span><span id=\"noHighlight_0.6734024697989509\"> <\/span><span id=\"ouHighlight__13_18TO18_25\" class=\"\">rotacyjny<\/span><span id=\"noHighlight_0.7291035904189412\"> <\/span><span id=\"ouHighlight__7_11TO27_38\" class=\"\">entra\u00eenement<\/span><span id=\"noHighlight_0.6310912431932147\"> <\/span><span id=\"ouHighlight__0_5TO40_45\" class=\"\">bezpo\u015bredni<\/span><\/p>\n<p>Zmienny skok od 1mm do 5mm<br \/>\n8000 OBR\/MIN<br \/>\nPreferowane napi\u0119cie 6-13 V<\/p>\n<p>Zalecane ig\u0142y: Do 18 Liner, do 39 Mag<\/p>\n<p>Przew\u00f3d z klipsem + z\u0142\u0105cze RCA<br \/>\nKorpus aluminiowy<br \/>\nWaga 140 gr.<\/p>","protected":false},"featured_media":56888,"comment_status":"open","ping_status":"closed","template":"","meta":{"site-sidebar-layout":"default","site-content-layout":"","ast-site-content-layout":"default","site-content-style":"default","site-sidebar-style":"default","ast-global-header-display":"","ast-banner-title-visibility":"","ast-main-header-display":"","ast-hfb-above-header-display":"","ast-hfb-below-header-display":"","ast-hfb-mobile-header-display":"","site-post-title":"","ast-breadcrumbs-content":"","ast-featured-img":"","footer-sml-layout":"","ast-disable-related-posts":"","theme-transparent-header-meta":"default","adv-header-id-meta":"","stick-header-meta":"default","header-above-stick-meta":"","header-main-stick-meta":"","header-below-stick-meta":"","astra-migrate-meta-layouts":"set","ast-page-background-enabled":"default","ast-page-background-meta":{"desktop":{"background-color":"var(--ast-global-color-4)","background-image":"","background-repeat":"repeat","background-position":"center center","background-size":"auto","background-attachment":"scroll","background-type":"","background-media":"","overlay-type":"","overlay-color":"","overlay-opacity":"","overlay-gradient":""},"tablet":{"background-color":"","background-image":"","background-repeat":"repeat","background-position":"center center","background-size":"auto","background-attachment":"scroll","background-type":"","background-media":"","overlay-type":"","overlay-color":"","overlay-opacity":"","overlay-gradient":""},"mobile":{"background-color":"","background-image":"","background-repeat":"repeat","background-position":"center center","background-size":"auto","background-attachment":"scroll","background-type":"","background-media":"","overlay-type":"","overlay-color":"","overlay-opacity":"","overlay-gradient":""}},"ast-content-background-meta":{"desktop":{"background-color":"var(--ast-global-color-5)","background-image":"","background-repeat":"repeat","background-position":"center center","background-size":"auto","background-attachment":"scroll","background-type":"","background-media":"","overlay-type":"","overlay-color":"","overlay-opacity":"","overlay-gradient":""},"tablet":{"background-color":"var(--ast-global-color-5)","background-image":"","background-repeat":"repeat","background-position":"center center","background-size":"auto","background-attachment":"scroll","background-type":"","background-media":"","overlay-type":"","overlay-color":"","overlay-opacity":"","overlay-gradient":""},"mobile":{"background-color":"var(--ast-global-color-5)","background-image":"","background-repeat":"repeat","background-position":"center center","background-size":"auto","background-attachment":"scroll","background-type":"","background-media":"","overlay-type":"","overlay-color":"","overlay-opacity":"","overlay-gradient":""}}},"product_brand":[],"product_cat":[1995],"product_tag":[101,93,83,74,100,99,43,87,98,48,97,1792,1797,45,91,95,72,96],"class_list":{"0":"post-28939","1":"product","2":"type-product","3":"status-publish","4":"has-post-thumbnail","6":"product_cat-variable","7":"product_tag-custom-rotary-machines","8":"product_tag-custom-tattoo-guns","9":"product_tag-custom-tattoo-machines","10":"product_tag-direct-drive-tattoo-machine","11":"product_tag-handmade-rotary-tattoo-machines","12":"product_tag-handmade-tattoo-machines","13":"product_tag-liner-tattoo-machine","14":"product_tag-professional-tattoo-machines","15":"product_tag-rotary-tattoo-guns","16":"product_tag-rotary-tattoo-machine","17":"product_tag-rotary-tattoo-pen","18":"product_tag-rotary-tattoomaschinen","19":"product_tag-rotative-machines-a-tatouer","20":"product_tag-shader-tattoo-machine","21":"product_tag-tattoo-equipment","22":"product_tag-tattoo-guns","23":"product_tag-tattoo-machine-coils","24":"product_tag-tattoo-shading-guns","25":"pa_brand-rightstuff","26":"desktop-align-center","27":"tablet-align-left","28":"mobile-align-left","29":"ast-product-gallery-layout-horizontal-slider","30":"ast-product-tabs-layout-horizontal","32":"first","33":"instock","34":"sale","35":"taxable","36":"shipping-taxable","37":"purchasable","38":"product-type-simple"},"_links":{"self":[{"href":"https:\/\/rightstuff.eu\/pl\/wp-json\/wp\/v2\/product\/28939","targetHints":{"allow":["GET"]}}],"collection":[{"href":"https:\/\/rightstuff.eu\/pl\/wp-json\/wp\/v2\/product"}],"about":[{"href":"https:\/\/rightstuff.eu\/pl\/wp-json\/wp\/v2\/types\/product"}],"replies":[{"embeddable":true,"href":"https:\/\/rightstuff.eu\/pl\/wp-json\/wp\/v2\/comments?post=28939"}],"version-history":[{"count":0,"href":"https:\/\/rightstuff.eu\/pl\/wp-json\/wp\/v2\/product\/28939\/revisions"}],"wp:featuredmedia":[{"embeddable":true,"href":"https:\/\/rightstuff.eu\/pl\/wp-json\/wp\/v2\/media\/56888"}],"wp:attachment":[{"href":"https:\/\/rightstuff.eu\/pl\/wp-json\/wp\/v2\/media?parent=28939"}],"wp:term":[{"taxonomy":"product_brand","embeddable":true,"href":"https:\/\/rightstuff.eu\/pl\/wp-json\/wp\/v2\/product_brand?post=28939"},{"taxonomy":"product_cat","embeddable":true,"href":"https:\/\/rightstuff.eu\/pl\/wp-json\/wp\/v2\/product_cat?post=28939"},{"taxonomy":"product_tag","embeddable":true,"href":"https:\/\/rightstuff.eu\/pl\/wp-json\/wp\/v2\/product_tag?post=28939"}],"curies":[{"name":"wp","href":"https:\/\/api.w.org\/{rel}","templated":true}]}}