{"id":28819,"date":"2015-11-12T14:00:36","date_gmt":"2015-11-12T11:00:36","guid":{"rendered":"https:\/\/rightstuff.eu\/shop\/machines\/rotary\/keg-slide-rotary-tattoo-machine-red\/"},"modified":"2026-01-27T18:02:27","modified_gmt":"2026-01-27T17:02:27","slug":"keg-slide-rotary-tattoo-machine-red","status":"publish","type":"product","link":"https:\/\/rightstuff.eu\/pl\/produkt\/keg-slide-rotary-tattoo-machine-red\/","title":{"rendered":"KEG - obrotowa maszyna do tatua\u017cu (czerwona)"},"content":{"rendered":"<p>Od czasu, gdy Samuel O`Reilly, s\u0142ynny mistrz tatua\u017cu, stworzy\u0142 <a href=\"https:\/\/rightstuff.eu\/blog\/expensive-tattoo-guns\/\">elektryczny pistolet do tatua\u017cu<\/a> W 1891 roku na ca\u0142ym \u015bwiecie zacz\u0119\u0142y pojawia\u0107 si\u0119 nowe urz\u0105dzenia do tatua\u017cu. Urz\u0105dzenie do tatua\u017cu Slide Rotary jest jednym z najbardziej znanych. Dzia\u0142a za pomoc\u0105 mimo\u015brodu, kt\u00f3ry zamienia obr\u00f3t silnika w ruch powrotny igie\u0142. Dzia\u0142a z niewielkim brz\u0119czeniem, podczas gdy maszyna indukcyjna robi to z g\u0142o\u015bnym trzaskiem.<\/p>\n<p>Poniewa\u017c w procesie pracy tego urz\u0105dzenia obrotowego nie wyst\u0119puje udarowy moment obrotowy, wibracje s\u0105 ni\u017csze. Pozwala to tatua\u017cy\u015bcie na wykonanie drobnych szczeg\u00f3\u0142\u00f3w obrazu, zmniejszaj\u0105c prawdopodobie\u0144stwo b\u0142\u0119du. Jest to bardzo wa\u017cna zaleta, szczeg\u00f3lnie dla pocz\u0105tkuj\u0105cych. Korzystaj\u0105c z maszynki rotacyjnej, mo\u017cesz u\u017cywa\u0107 kategorii softline\/hardline, co sprawia, \u017ce praca mistrza jest bardziej komfortowa, a tak\u017ce zmniejsza ryzyko zranienia klienta. Przede wszystkim pistolety rotacyjne s\u0105 u\u017cywane do wielokolorowych, artystycznych prac, gdzie pr\u0119dko\u015b\u0107 i g\u0119sto\u015b\u0107 linii nie s\u0105 g\u0142\u00f3wnymi czynnikami.<\/p>","protected":false},"excerpt":{"rendered":"<p>Maszynka do tatua\u017cu Slide Rotary<\/p>\n<p>Skok 4,2 mm<br \/>\n8000 OBR\/MIN<br \/>\nPreferowane napi\u0119cie 6-13 V<\/p>\n<p>Zalecane ig\u0142y: Do 9 Liner, Do 23 Mag<br \/>\nKorpus aluminiowy<br \/>\nWaga 120 gr.<br \/>\nPrzew\u00f3d z klipsem i RCA<\/p>","protected":false},"featured_media":56915,"comment_status":"open","ping_status":"closed","template":"","meta":{"site-sidebar-layout":"default","site-content-layout":"","ast-site-content-layout":"default","site-content-style":"default","site-sidebar-style":"default","ast-global-header-display":"","ast-banner-title-visibility":"","ast-main-header-display":"","ast-hfb-above-header-display":"","ast-hfb-below-header-display":"","ast-hfb-mobile-header-display":"","site-post-title":"","ast-breadcrumbs-content":"","ast-featured-img":"","footer-sml-layout":"","ast-disable-related-posts":"","theme-transparent-header-meta":"default","adv-header-id-meta":"","stick-header-meta":"default","header-above-stick-meta":"","header-main-stick-meta":"","header-below-stick-meta":"","astra-migrate-meta-layouts":"set","ast-page-background-enabled":"default","ast-page-background-meta":{"desktop":{"background-color":"var(--ast-global-color-4)","background-image":"","background-repeat":"repeat","background-position":"center center","background-size":"auto","background-attachment":"scroll","background-type":"","background-media":"","overlay-type":"","overlay-color":"","overlay-opacity":"","overlay-gradient":""},"tablet":{"background-color":"","background-image":"","background-repeat":"repeat","background-position":"center center","background-size":"auto","background-attachment":"scroll","background-type":"","background-media":"","overlay-type":"","overlay-color":"","overlay-opacity":"","overlay-gradient":""},"mobile":{"background-color":"","background-image":"","background-repeat":"repeat","background-position":"center center","background-size":"auto","background-attachment":"scroll","background-type":"","background-media":"","overlay-type":"","overlay-color":"","overlay-opacity":"","overlay-gradient":""}},"ast-content-background-meta":{"desktop":{"background-color":"var(--ast-global-color-5)","background-image":"","background-repeat":"repeat","background-position":"center center","background-size":"auto","background-attachment":"scroll","background-type":"","background-media":"","overlay-type":"","overlay-color":"","overlay-opacity":"","overlay-gradient":""},"tablet":{"background-color":"var(--ast-global-color-5)","background-image":"","background-repeat":"repeat","background-position":"center center","background-size":"auto","background-attachment":"scroll","background-type":"","background-media":"","overlay-type":"","overlay-color":"","overlay-opacity":"","overlay-gradient":""},"mobile":{"background-color":"var(--ast-global-color-5)","background-image":"","background-repeat":"repeat","background-position":"center center","background-size":"auto","background-attachment":"scroll","background-type":"","background-media":"","overlay-type":"","overlay-color":"","overlay-opacity":"","overlay-gradient":""}}},"product_brand":[],"product_cat":[1996],"product_tag":[101,93,83,100,99,87,98,48,97,1792,91,95,72,41],"class_list":{"0":"post-28819","1":"product","2":"type-product","3":"status-publish","4":"has-post-thumbnail","6":"product_cat-slide","7":"product_tag-custom-rotary-machines","8":"product_tag-custom-tattoo-guns","9":"product_tag-custom-tattoo-machines","10":"product_tag-handmade-rotary-tattoo-machines","11":"product_tag-handmade-tattoo-machines","12":"product_tag-professional-tattoo-machines","13":"product_tag-rotary-tattoo-guns","14":"product_tag-rotary-tattoo-machine","15":"product_tag-rotary-tattoo-pen","16":"product_tag-rotary-tattoomaschinen","17":"product_tag-tattoo-equipment","18":"product_tag-tattoo-guns","19":"product_tag-tattoo-machine-coils","20":"product_tag-tattoo-machines","21":"pa_brand-rightstuff","22":"desktop-align-center","23":"tablet-align-left","24":"mobile-align-left","25":"ast-product-gallery-layout-horizontal-slider","26":"ast-product-tabs-layout-horizontal","28":"first","29":"instock","30":"sale","31":"taxable","32":"shipping-taxable","33":"purchasable","34":"product-type-simple"},"_links":{"self":[{"href":"https:\/\/rightstuff.eu\/pl\/wp-json\/wp\/v2\/product\/28819","targetHints":{"allow":["GET"]}}],"collection":[{"href":"https:\/\/rightstuff.eu\/pl\/wp-json\/wp\/v2\/product"}],"about":[{"href":"https:\/\/rightstuff.eu\/pl\/wp-json\/wp\/v2\/types\/product"}],"replies":[{"embeddable":true,"href":"https:\/\/rightstuff.eu\/pl\/wp-json\/wp\/v2\/comments?post=28819"}],"version-history":[{"count":0,"href":"https:\/\/rightstuff.eu\/pl\/wp-json\/wp\/v2\/product\/28819\/revisions"}],"wp:featuredmedia":[{"embeddable":true,"href":"https:\/\/rightstuff.eu\/pl\/wp-json\/wp\/v2\/media\/56915"}],"wp:attachment":[{"href":"https:\/\/rightstuff.eu\/pl\/wp-json\/wp\/v2\/media?parent=28819"}],"wp:term":[{"taxonomy":"product_brand","embeddable":true,"href":"https:\/\/rightstuff.eu\/pl\/wp-json\/wp\/v2\/product_brand?post=28819"},{"taxonomy":"product_cat","embeddable":true,"href":"https:\/\/rightstuff.eu\/pl\/wp-json\/wp\/v2\/product_cat?post=28819"},{"taxonomy":"product_tag","embeddable":true,"href":"https:\/\/rightstuff.eu\/pl\/wp-json\/wp\/v2\/product_tag?post=28819"}],"curies":[{"name":"wp","href":"https:\/\/api.w.org\/{rel}","templated":true}]}}