{"id":28818,"date":"2015-11-12T14:00:36","date_gmt":"2015-11-12T11:00:36","guid":{"rendered":"https:\/\/rightstuff.eu\/shop\/machines\/rotary\/keg-slide-rotary-tattoo-machine-blck\/"},"modified":"2026-01-27T18:02:03","modified_gmt":"2026-01-27T17:02:03","slug":"keg-slide-rotary-tattoo-machine-blck","status":"publish","type":"product","link":"https:\/\/rightstuff.eu\/pl\/produkt\/keg-slide-rotary-tattoo-machine-blck\/","title":{"rendered":"KEG Slide Obrotowa maszyna do tatua\u017cu (czarna)"},"content":{"rendered":"<p>Ludzko\u015b\u0107 zacz\u0119\u0142a u\u017cywa\u0107 mechanizm\u00f3w obrotowych tysi\u0105ce lat temu - jeszcze przed czasami, gdy wszyscy byli pewni, \u017ce nasza Ziemia jest p\u0142aska. We wczesnym \u015bredniowieczu i kilkaset lat wcze\u015bniej na polach obraca\u0142y si\u0119 wiatraki - by\u0142y to najbardziej prymitywne mechanizmy wirnikowe.<\/p>\n<p>Dzi\u015b najmniejszy silnik obrotowy doskonale zadomowi\u0142 si\u0119 w \u015bwiecie artystycznych tatua\u017cy. Na przyk\u0142ad KEG Slide <a href=\"https:\/\/rightstuff.eu\/blog\/different-types-rotary-tattoo-machines-explained\/\">Maszyna do tatua\u017cu obrotowego<\/a> (Czarny) jest jasnym przedstawicielem tych urz\u0105dze\u0144.<\/p>\n<p>W tym zespole \u0142o\u017cysko nap\u0119dza niewielki element zwany suwakiem lub sworzniem. Spr\u0119\u017cyna powrotna pozwala temu elementowi p\u0142ynnie przesuwa\u0107 si\u0119 w g\u00f3r\u0119 i w d\u00f3\u0142, zapewniaj\u0105c stabilny skok ig\u0142y 3, 6 mm. Pracuj\u0105c z pr\u0119dko\u015bci\u0105 8000 RM i napi\u0119ciem 6-13 V, ta lekka aluminiowa maszyna wa\u017cy zaledwie 120 gram\u00f3w.<\/p>\n<p>Maszyny rotacyjne szybko zyskuj\u0105 na popularno\u015bci, stopniowo zast\u0119puj\u0105c klasyczne urz\u0105dzenia indukcyjne do tworzenia obraz\u00f3w sk\u00f3ry - tatua\u017cy. Sekret ich sukcesu jest bardzo prosty: zapewniaj\u0105 wyj\u0105tkow\u0105 wszechstronno\u015b\u0107 w zr\u00f3wnowa\u017conej cenie.<\/p>","protected":false},"excerpt":{"rendered":"<p>Maszyna do tatua\u017cu obrotowego<\/p>\n<p>4.2 mm stroke<br \/>\n8000 OBR\/MIN<br \/>\nPreferowane napi\u0119cie 6-13 V<\/p>\n<p>Zalecane ig\u0142y: Do 9 Liner, Do 23 Mag<br \/>\nKorpus aluminiowy<br \/>\nWaga 120 gr.<br \/>\nPrzew\u00f3d z klipsem i RCA<\/p>","protected":false},"featured_media":56893,"comment_status":"open","ping_status":"closed","template":"","meta":{"site-sidebar-layout":"default","site-content-layout":"","ast-site-content-layout":"default","site-content-style":"default","site-sidebar-style":"default","ast-global-header-display":"","ast-banner-title-visibility":"","ast-main-header-display":"","ast-hfb-above-header-display":"","ast-hfb-below-header-display":"","ast-hfb-mobile-header-display":"","site-post-title":"","ast-breadcrumbs-content":"","ast-featured-img":"","footer-sml-layout":"","ast-disable-related-posts":"","theme-transparent-header-meta":"default","adv-header-id-meta":"","stick-header-meta":"default","header-above-stick-meta":"","header-main-stick-meta":"","header-below-stick-meta":"","astra-migrate-meta-layouts":"set","ast-page-background-enabled":"default","ast-page-background-meta":{"desktop":{"background-color":"var(--ast-global-color-4)","background-image":"","background-repeat":"repeat","background-position":"center center","background-size":"auto","background-attachment":"scroll","background-type":"","background-media":"","overlay-type":"","overlay-color":"","overlay-opacity":"","overlay-gradient":""},"tablet":{"background-color":"","background-image":"","background-repeat":"repeat","background-position":"center center","background-size":"auto","background-attachment":"scroll","background-type":"","background-media":"","overlay-type":"","overlay-color":"","overlay-opacity":"","overlay-gradient":""},"mobile":{"background-color":"","background-image":"","background-repeat":"repeat","background-position":"center center","background-size":"auto","background-attachment":"scroll","background-type":"","background-media":"","overlay-type":"","overlay-color":"","overlay-opacity":"","overlay-gradient":""}},"ast-content-background-meta":{"desktop":{"background-color":"var(--ast-global-color-5)","background-image":"","background-repeat":"repeat","background-position":"center center","background-size":"auto","background-attachment":"scroll","background-type":"","background-media":"","overlay-type":"","overlay-color":"","overlay-opacity":"","overlay-gradient":""},"tablet":{"background-color":"var(--ast-global-color-5)","background-image":"","background-repeat":"repeat","background-position":"center center","background-size":"auto","background-attachment":"scroll","background-type":"","background-media":"","overlay-type":"","overlay-color":"","overlay-opacity":"","overlay-gradient":""},"mobile":{"background-color":"var(--ast-global-color-5)","background-image":"","background-repeat":"repeat","background-position":"center center","background-size":"auto","background-attachment":"scroll","background-type":"","background-media":"","overlay-type":"","overlay-color":"","overlay-opacity":"","overlay-gradient":""}}},"product_brand":[],"product_cat":[1996],"product_tag":[101,93,83,100,99,87,98,48,1806,97,1792,91,95,23,72],"class_list":{"0":"post-28818","1":"product","2":"type-product","3":"status-publish","4":"has-post-thumbnail","6":"product_cat-slide","7":"product_tag-custom-rotary-machines","8":"product_tag-custom-tattoo-guns","9":"product_tag-custom-tattoo-machines","10":"product_tag-handmade-rotary-tattoo-machines","11":"product_tag-handmade-tattoo-machines","12":"product_tag-professional-tattoo-machines","13":"product_tag-rotary-tattoo-guns","14":"product_tag-rotary-tattoo-machine","15":"product_tag-rotary-tattoo-machines","16":"product_tag-rotary-tattoo-pen","17":"product_tag-rotary-tattoomaschinen","18":"product_tag-tattoo-equipment","19":"product_tag-tattoo-guns","20":"product_tag-tattoo-machine","21":"product_tag-tattoo-machine-coils","22":"pa_brand-rightstuff","23":"desktop-align-center","24":"tablet-align-left","25":"mobile-align-left","26":"ast-product-gallery-layout-horizontal-slider","27":"ast-product-tabs-layout-horizontal","29":"first","30":"instock","31":"sale","32":"taxable","33":"shipping-taxable","34":"purchasable","35":"product-type-simple"},"_links":{"self":[{"href":"https:\/\/rightstuff.eu\/pl\/wp-json\/wp\/v2\/product\/28818","targetHints":{"allow":["GET"]}}],"collection":[{"href":"https:\/\/rightstuff.eu\/pl\/wp-json\/wp\/v2\/product"}],"about":[{"href":"https:\/\/rightstuff.eu\/pl\/wp-json\/wp\/v2\/types\/product"}],"replies":[{"embeddable":true,"href":"https:\/\/rightstuff.eu\/pl\/wp-json\/wp\/v2\/comments?post=28818"}],"version-history":[{"count":0,"href":"https:\/\/rightstuff.eu\/pl\/wp-json\/wp\/v2\/product\/28818\/revisions"}],"wp:featuredmedia":[{"embeddable":true,"href":"https:\/\/rightstuff.eu\/pl\/wp-json\/wp\/v2\/media\/56893"}],"wp:attachment":[{"href":"https:\/\/rightstuff.eu\/pl\/wp-json\/wp\/v2\/media?parent=28818"}],"wp:term":[{"taxonomy":"product_brand","embeddable":true,"href":"https:\/\/rightstuff.eu\/pl\/wp-json\/wp\/v2\/product_brand?post=28818"},{"taxonomy":"product_cat","embeddable":true,"href":"https:\/\/rightstuff.eu\/pl\/wp-json\/wp\/v2\/product_cat?post=28818"},{"taxonomy":"product_tag","embeddable":true,"href":"https:\/\/rightstuff.eu\/pl\/wp-json\/wp\/v2\/product_tag?post=28818"}],"curies":[{"name":"wp","href":"https:\/\/api.w.org\/{rel}","templated":true}]}}