{"id":28729,"date":"2015-09-29T11:23:07","date_gmt":"2015-09-29T11:23:07","guid":{"rendered":"https:\/\/rightstuff.eu\/shop\/machines\/bone\/bone-cpr-liner-p-m\/"},"modified":"2025-01-22T01:37:12","modified_gmt":"2025-01-22T00:37:12","slug":"bone-cpr-liner-p-m","status":"publish","type":"product","link":"https:\/\/rightstuff.eu\/pl\/produkt\/bone-cpr-liner-p-m\/","title":{"rendered":"Maszynka do tatua\u017cu BONE Liner P.M Bronze"},"content":{"rendered":"<p>Szukasz maszynki do tatua\u017cu, kt\u00f3ra zapewni Ci niesamowite rezultaty? Ta maszynka to r\u0119cznie robione urz\u0105dzenie skonfigurowane jako Liner. Wysoka jako\u015b\u0107 tatua\u017cu i dobra praca s\u0105 gwarantowane przez 135 Hz przy 6,6 V i r\u00f3\u017cnorodno\u015b\u0107 igie\u0142 od 3 do 9 RL z bardzo d\u0142ugimi poci\u0105gni\u0119ciami.<\/p>\n<p>Kszta\u0142t maszynki jest idealny do wygodnej pracy, trwa\u0142o\u015b\u0107 zapewniaj\u0105 okucia z niebieskiej stali i wykonana z jednego kawa\u0142ka br\u0105zu rama. Ca\u0142kowita waga urz\u0105dzenia wynosi 180 g. 8-mio zwojowe i 26-milimetrowe cewki zapewniaj\u0105 doskona\u0142e rezultaty zar\u00f3wno pocz\u0105tkuj\u0105cym, jak i weteranom. Najwy\u017cej oceniana maszynka, dobry wyb\u00f3r dla dobrze wygl\u0105daj\u0105cego tatua\u017cu. Walka z tym linerem sprawia, \u017ce praca jest \u0142atwiejsza i przyjemniejsza, daj\u0105c mo\u017cliwo\u015b\u0107 skoncentrowania si\u0119 na sztuce. W sumie urz\u0105dzenie daje doskona\u0142e rezultaty z czystym i dok\u0142adnym tatua\u017cem. Mo\u017cesz kupi\u0107 ten liner za nisk\u0105 cen\u0119, ale otrzymujesz idealn\u0105 maszyn\u0119 do tworzenia arcydzie\u0142.<\/p>\n<p>&nbsp;<\/p>\n<p>Mo\u017cesz r\u00f3wnie\u017c kupi\u0107 <a href=\"https:\/\/rightstuff.eu\/product-category\/needles\/\">Ig\u0142y do maszynki do tatua\u017cu BONE Liner P.M Bronze<\/a> oraz <a href=\"https:\/\/rightstuff.eu\/product-tag\/tattoo-supplies\/\">Wysoka jako\u015b\u0107 dostaw<\/a>:<\/p>\n<p><a href=\"https:\/\/rightstuff.eu\/product-category\/needles\/\"><img decoding=\"async\" src=\"https:\/\/rightstuff.eu\/wp-content\/uploads\/2013\/12\/11m2-300x225.jpg\" alt=\"\" title=\"\"><\/a><br \/>\n<a href=\"https:\/\/rightstuff.eu\/product-tag\/tattoo-supplies\/\"><img decoding=\"async\" src=\"https:\/\/rightstuff.eu\/wp-content\/uploads\/2016\/05\/IMG_1099-300x225.jpg\" alt=\"\" title=\"\"><\/a><\/p>","protected":false},"excerpt":{"rendered":"<p>Maszyna do tatua\u017cu zwojowego<\/p>\n<p>Rama jest wykonana z jednego kawa\u0142ka br\u0105zu.<\/p>\n<p>Wysokiej jako\u015bci zwoje - 26 mm * 8 zwoj\u00f3w<\/p>\n<p>Okucia z czernionej stali<\/p>\n<p>Ig\u0142y preferowane 3-9RL<\/p>\n<p>Bardzo d\u0142ugi skok<\/p>\n<p>Pracuje z cz\u0119stotliwo\u015bci\u0105 135hz przy napi\u0119ciu 6,6 V - bez obci\u0105\u017cenia<\/p>\n<p>Waga maszynki do tatua\u017cu 180gr.<\/p>","protected":false},"featured_media":49295,"comment_status":"open","ping_status":"closed","template":"","meta":{"site-sidebar-layout":"","site-content-layout":"","ast-site-content-layout":"default","site-content-style":"default","site-sidebar-style":"default","ast-global-header-display":"","ast-banner-title-visibility":"","ast-main-header-display":"","ast-hfb-above-header-display":"","ast-hfb-below-header-display":"","ast-hfb-mobile-header-display":"","site-post-title":"","ast-breadcrumbs-content":"","ast-featured-img":"","footer-sml-layout":"","ast-disable-related-posts":"","theme-transparent-header-meta":"","adv-header-id-meta":"","stick-header-meta":"","header-above-stick-meta":"","header-main-stick-meta":"","header-below-stick-meta":"","astra-migrate-meta-layouts":"default","ast-page-background-enabled":"default","ast-page-background-meta":{"desktop":{"background-color":"var(--ast-global-color-4)","background-image":"","background-repeat":"repeat","background-position":"center center","background-size":"auto","background-attachment":"scroll","background-type":"","background-media":"","overlay-type":"","overlay-color":"","overlay-opacity":"","overlay-gradient":""},"tablet":{"background-color":"","background-image":"","background-repeat":"repeat","background-position":"center center","background-size":"auto","background-attachment":"scroll","background-type":"","background-media":"","overlay-type":"","overlay-color":"","overlay-opacity":"","overlay-gradient":""},"mobile":{"background-color":"","background-image":"","background-repeat":"repeat","background-position":"center center","background-size":"auto","background-attachment":"scroll","background-type":"","background-media":"","overlay-type":"","overlay-color":"","overlay-opacity":"","overlay-gradient":""}},"ast-content-background-meta":{"desktop":{"background-color":"var(--ast-global-color-5)","background-image":"","background-repeat":"repeat","background-position":"center center","background-size":"auto","background-attachment":"scroll","background-type":"","background-media":"","overlay-type":"","overlay-color":"","overlay-opacity":"","overlay-gradient":""},"tablet":{"background-color":"var(--ast-global-color-5)","background-image":"","background-repeat":"repeat","background-position":"center center","background-size":"auto","background-attachment":"scroll","background-type":"","background-media":"","overlay-type":"","overlay-color":"","overlay-opacity":"","overlay-gradient":""},"mobile":{"background-color":"var(--ast-global-color-5)","background-image":"","background-repeat":"repeat","background-position":"center center","background-size":"auto","background-attachment":"scroll","background-type":"","background-media":"","overlay-type":"","overlay-color":"","overlay-opacity":"","overlay-gradient":""}}},"product_brand":[],"product_cat":[21],"product_tag":[1804,93,83,46,99,1800,87,1791,91,95,72,41],"class_list":{"0":"post-28729","1":"product","2":"type-product","3":"status-publish","4":"has-post-thumbnail","6":"product_cat-bone","7":"product_tag-beginner-tattoo-kits","8":"product_tag-custom-tattoo-guns","9":"product_tag-custom-tattoo-machines","10":"product_tag-fastliner","11":"product_tag-handmade-tattoo-machines","12":"product_tag-macchinetta-per-tatuaggio-a-bobina","13":"product_tag-professional-tattoo-machines","14":"product_tag-spulen-tattoomaschinen","15":"product_tag-tattoo-equipment","16":"product_tag-tattoo-guns","17":"product_tag-tattoo-machine-coils","18":"product_tag-tattoo-machines","19":"pa_brand-rightstuff","20":"desktop-align-center","21":"tablet-align-left","22":"mobile-align-left","23":"ast-product-gallery-layout-horizontal-slider","24":"ast-product-tabs-layout-horizontal","26":"first","27":"instock","28":"sale","29":"taxable","30":"shipping-taxable","31":"purchasable","32":"product-type-simple"},"_links":{"self":[{"href":"https:\/\/rightstuff.eu\/pl\/wp-json\/wp\/v2\/product\/28729","targetHints":{"allow":["GET"]}}],"collection":[{"href":"https:\/\/rightstuff.eu\/pl\/wp-json\/wp\/v2\/product"}],"about":[{"href":"https:\/\/rightstuff.eu\/pl\/wp-json\/wp\/v2\/types\/product"}],"replies":[{"embeddable":true,"href":"https:\/\/rightstuff.eu\/pl\/wp-json\/wp\/v2\/comments?post=28729"}],"version-history":[{"count":0,"href":"https:\/\/rightstuff.eu\/pl\/wp-json\/wp\/v2\/product\/28729\/revisions"}],"wp:featuredmedia":[{"embeddable":true,"href":"https:\/\/rightstuff.eu\/pl\/wp-json\/wp\/v2\/media\/49295"}],"wp:attachment":[{"href":"https:\/\/rightstuff.eu\/pl\/wp-json\/wp\/v2\/media?parent=28729"}],"wp:term":[{"taxonomy":"product_brand","embeddable":true,"href":"https:\/\/rightstuff.eu\/pl\/wp-json\/wp\/v2\/product_brand?post=28729"},{"taxonomy":"product_cat","embeddable":true,"href":"https:\/\/rightstuff.eu\/pl\/wp-json\/wp\/v2\/product_cat?post=28729"},{"taxonomy":"product_tag","embeddable":true,"href":"https:\/\/rightstuff.eu\/pl\/wp-json\/wp\/v2\/product_tag?post=28729"}],"curies":[{"name":"wp","href":"https:\/\/api.w.org\/{rel}","templated":true}]}}