{"id":28728,"date":"2015-09-29T11:23:04","date_gmt":"2015-09-29T11:23:04","guid":{"rendered":"https:\/\/rightstuff.eu\/shop\/machines\/bone\/bone-cpr-liner\/"},"modified":"2025-01-22T01:37:12","modified_gmt":"2025-01-22T00:37:12","slug":"bone-cpr-liner","status":"publish","type":"product","link":"https:\/\/rightstuff.eu\/pl\/produkt\/bone-cpr-liner\/","title":{"rendered":"Maszynka do tatua\u017cu BONE Liner Br\u0105zowa"},"content":{"rendered":"<p>Potrzebujesz idealnej maszynki do tatua\u017cu, aby wykona\u0107 naprawd\u0119 fajne tatua\u017ce? Je\u015bli szukasz najwy\u017cszej jako\u015bci urz\u0105dzenia w najni\u017cszej cenie, to w\u0142a\u015bnie tutaj! Nie b\u0119dziesz rozczarowany swoim wyborem.<\/p>\n<p>To <a href=\"https:\/\/rightstuff.eu\/shop\/tattoo-machines\/lucky\/lucky-trueliner-alu-tattoo-machine\/\">maszynka do tatua\u017cu liner<\/a> Wykonany z jednego kawa\u0142ka br\u0105zu z okuciami z niebieskiej stali. Maszyna ma klasyczny design. Ma \u015bredni skok i preferuje ig\u0142y 3-7RL. Jej waga wynosi 180 g, dzi\u0119ki czemu mo\u017cna z ni\u0105 pracowa\u0107 przez d\u0142ugi czas. Pracuje z cz\u0119stotliwo\u015bci\u0105 160 Hz przy 6,6 V bez obci\u0105\u017cenia. Zbudowana z 8-warstwowych, najwy\u017cszej jako\u015bci cewek 26 mm, ta maszynka do tatua\u017cu jest w swojej w\u0142asnej lidze.<\/p>\n<p>Nazywana maszyn\u0105 do perfekcyjnej podszewki, by\u0142a u\u017cywana przez Freddy'ego Negrete, znanego artyst\u0119. Maszyna jest produkowana r\u0119cznie przez Big 5 i Rupert w Kalifornii. Jedn\u0105 z tych maszyn mo\u017cna zobaczy\u0107 w s\u0142ynnym programie telewizyjnym o nazwie Tattoo Rescue.<\/p>","protected":false},"excerpt":{"rendered":"<p>Maszynka do tatua\u017cu liner.<\/p>\n<p>Rama jest wykonana z jednego kawa\u0142ka br\u0105zu.<\/p>\n<p>Wysokiej jako\u015bci zwoje - 26 mm * 8 zwoj\u00f3w<\/p>\n<p>Okucia z czernionej stali<\/p>\n<p>Preferowane ig\u0142y 3-7RL<\/p>\n<p>\u015aredni udar<\/p>\n<p>Dzia\u0142a 160hz przy napi\u0119ciu 6,6 V - bez obci\u0105\u017cenia<\/p>\n<p>Waga maszynki do tatua\u017cu 180gr.<\/p>","protected":false},"featured_media":49290,"comment_status":"open","ping_status":"closed","template":"","meta":{"site-sidebar-layout":"","site-content-layout":"","ast-site-content-layout":"default","site-content-style":"default","site-sidebar-style":"default","ast-global-header-display":"","ast-banner-title-visibility":"","ast-main-header-display":"","ast-hfb-above-header-display":"","ast-hfb-below-header-display":"","ast-hfb-mobile-header-display":"","site-post-title":"","ast-breadcrumbs-content":"","ast-featured-img":"","footer-sml-layout":"","ast-disable-related-posts":"","theme-transparent-header-meta":"","adv-header-id-meta":"","stick-header-meta":"","header-above-stick-meta":"","header-main-stick-meta":"","header-below-stick-meta":"","astra-migrate-meta-layouts":"default","ast-page-background-enabled":"default","ast-page-background-meta":{"desktop":{"background-color":"var(--ast-global-color-4)","background-image":"","background-repeat":"repeat","background-position":"center center","background-size":"auto","background-attachment":"scroll","background-type":"","background-media":"","overlay-type":"","overlay-color":"","overlay-opacity":"","overlay-gradient":""},"tablet":{"background-color":"","background-image":"","background-repeat":"repeat","background-position":"center center","background-size":"auto","background-attachment":"scroll","background-type":"","background-media":"","overlay-type":"","overlay-color":"","overlay-opacity":"","overlay-gradient":""},"mobile":{"background-color":"","background-image":"","background-repeat":"repeat","background-position":"center center","background-size":"auto","background-attachment":"scroll","background-type":"","background-media":"","overlay-type":"","overlay-color":"","overlay-opacity":"","overlay-gradient":""}},"ast-content-background-meta":{"desktop":{"background-color":"var(--ast-global-color-5)","background-image":"","background-repeat":"repeat","background-position":"center center","background-size":"auto","background-attachment":"scroll","background-type":"","background-media":"","overlay-type":"","overlay-color":"","overlay-opacity":"","overlay-gradient":""},"tablet":{"background-color":"var(--ast-global-color-5)","background-image":"","background-repeat":"repeat","background-position":"center center","background-size":"auto","background-attachment":"scroll","background-type":"","background-media":"","overlay-type":"","overlay-color":"","overlay-opacity":"","overlay-gradient":""},"mobile":{"background-color":"var(--ast-global-color-5)","background-image":"","background-repeat":"repeat","background-position":"center center","background-size":"auto","background-attachment":"scroll","background-type":"","background-media":"","overlay-type":"","overlay-color":"","overlay-opacity":"","overlay-gradient":""}}},"product_brand":[],"product_cat":[21],"product_tag":[82,93,83,46,99,43,1800,87,1791,91,95,72],"class_list":{"0":"post-28728","1":"product","2":"type-product","3":"status-publish","4":"has-post-thumbnail","6":"product_cat-bone","7":"product_tag-coil-tattoo-machines","8":"product_tag-custom-tattoo-guns","9":"product_tag-custom-tattoo-machines","10":"product_tag-fastliner","11":"product_tag-handmade-tattoo-machines","12":"product_tag-liner-tattoo-machine","13":"product_tag-macchinetta-per-tatuaggio-a-bobina","14":"product_tag-professional-tattoo-machines","15":"product_tag-spulen-tattoomaschinen","16":"product_tag-tattoo-equipment","17":"product_tag-tattoo-guns","18":"product_tag-tattoo-machine-coils","19":"pa_brand-rightstuff","20":"desktop-align-center","21":"tablet-align-left","22":"mobile-align-left","23":"ast-product-gallery-layout-horizontal-slider","24":"ast-product-tabs-layout-horizontal","26":"first","27":"instock","28":"sale","29":"taxable","30":"shipping-taxable","31":"purchasable","32":"product-type-simple"},"_links":{"self":[{"href":"https:\/\/rightstuff.eu\/pl\/wp-json\/wp\/v2\/product\/28728","targetHints":{"allow":["GET"]}}],"collection":[{"href":"https:\/\/rightstuff.eu\/pl\/wp-json\/wp\/v2\/product"}],"about":[{"href":"https:\/\/rightstuff.eu\/pl\/wp-json\/wp\/v2\/types\/product"}],"replies":[{"embeddable":true,"href":"https:\/\/rightstuff.eu\/pl\/wp-json\/wp\/v2\/comments?post=28728"}],"version-history":[{"count":0,"href":"https:\/\/rightstuff.eu\/pl\/wp-json\/wp\/v2\/product\/28728\/revisions"}],"wp:featuredmedia":[{"embeddable":true,"href":"https:\/\/rightstuff.eu\/pl\/wp-json\/wp\/v2\/media\/49290"}],"wp:attachment":[{"href":"https:\/\/rightstuff.eu\/pl\/wp-json\/wp\/v2\/media?parent=28728"}],"wp:term":[{"taxonomy":"product_brand","embeddable":true,"href":"https:\/\/rightstuff.eu\/pl\/wp-json\/wp\/v2\/product_brand?post=28728"},{"taxonomy":"product_cat","embeddable":true,"href":"https:\/\/rightstuff.eu\/pl\/wp-json\/wp\/v2\/product_cat?post=28728"},{"taxonomy":"product_tag","embeddable":true,"href":"https:\/\/rightstuff.eu\/pl\/wp-json\/wp\/v2\/product_tag?post=28728"}],"curies":[{"name":"wp","href":"https:\/\/api.w.org\/{rel}","templated":true}]}}