{"id":28727,"date":"2015-09-29T14:00:06","date_gmt":"2015-09-29T11:00:06","guid":{"rendered":"https:\/\/rightstuff.eu\/shop\/machines\/bone\/bone-cpr-shader\/"},"modified":"2025-01-22T01:37:12","modified_gmt":"2025-01-22T00:37:12","slug":"bone-cpr-shader","status":"publish","type":"product","link":"https:\/\/rightstuff.eu\/pl\/produkt\/bone-cpr-shader\/","title":{"rendered":"Maszynka do tatua\u017cu BONE Shader Br\u0105zowa"},"content":{"rendered":"<p>Istnieje wiele rodzaj\u00f3w maszynek do tatua\u017cu o r\u00f3\u017cnych mo\u017cliwo\u015bciach i funkcjach: maszyny do malowania, maszyny do kontur\u00f3w, shader\u00f3w i <a href=\"https:\/\/rightstuff.eu\/product-category\/tattoo-machines\/rotary-tattoo-machines\/\">obrotowe<\/a> . Do ka\u017cdego rodzaju pracy potrzebny jest inny sprz\u0119t i materia\u0142y, dlatego mistrzowie tatua\u017cu u\u017cywaj\u0105 r\u00f3\u017cnego rodzaju modeli.<\/p>\n<p>Na pocz\u0105tku musisz kupi\u0107 kilka uchwyt\u00f3w: podczas pracy z jednym, drugi jest sterylizowany. Narz\u0119dzia powinny by\u0107 wy\u0142\u0105cznie metalowe lub jednorazowe, aby dobrze kontaktowa\u0142y si\u0119 ze sk\u00f3r\u0105. Musisz kupi\u0107 <a href=\"https:\/\/rightstuff.eu\/product-tag\/tattoo-power-supply\/\">zasilacz<\/a> i klipsy, metalowy peda\u0142, ig\u0142y konturowe i plamy, pigmenty, czepki, jednorazowe nosy i r\u0119kawiczki, znieczulenie, wazelina. Powiniene\u015b wygodnie wyposa\u017cy\u0107 miejsce pracy, mie\u0107 st\u00f3\u0142, krzes\u0142o z regulowan\u0105 wysoko\u015bci\u0105, kanap\u0119 dla klient\u00f3w.<\/p>\n<p>Wa\u017cne jest, aby zwr\u00f3ci\u0107 uwag\u0119 na moc urz\u0105dzenia, mo\u017cesz kupi\u0107 od 5 do 9 V, ale im wy\u017csza warto\u015b\u0107, tym \u0142agodniej b\u0119dzie dzia\u0142a\u0107 sprz\u0119t. Aby u\u017cywa\u0107 urz\u0105dze\u0144 o wi\u0119kszej mocy, musisz mie\u0107 du\u017ce do\u015bwiadczenie, je\u015bli nie chcesz zrani\u0107 sk\u00f3ry.<\/p>\n<p>Urz\u0105dzenia typu indukcyjnego to tradycyjne wyposa\u017cenie profesjonalnego tatua\u017cysty, pozwalaj\u0105ce na wykonywanie szerokiego zakresu prac (rysowanie poci\u0105gni\u0119\u0107, cieniowanych linii itp.) oraz nanoszenie obrazu na pogrubione obszary sk\u00f3ry. Do rysowania tatua\u017cu s\u0142u\u017cy ig\u0142a przymocowana do pr\u0119ta, kt\u00f3ry jest przyci\u0105gany i odpychany przez p\u0142ytk\u0119 pod wp\u0142ywem dzia\u0142ania elektromagnesu. Ig\u0142a w procesie pracy mistrza tatua\u017cu porusza si\u0119 w linii prostej, ale ze wzgl\u0119du na silne wibracje jej skuteczno\u015b\u0107 jest nieco ograniczona.<\/p>\n<p>Kontur\u00f3wki - To urz\u0105dzenie jest znacznie szybsze i \u0142atwiejsze ni\u017c jego poprzednik, a ponadto, dzi\u0119ki cechom konstrukcyjnym, zapewnia ostre odbicie i powr\u00f3t ig\u0142y. Poniewa\u017c ig\u0142a szybko przechodzi pod sk\u00f3r\u0105 i wraca tak szybko, jak to mo\u017cliwe, mo\u017cliwe staje si\u0119 zapewnienie wysokiej ostro\u015bci obrazu podczas pracy, co zapobiega rozprzestrzenianiu si\u0119 tuszu pod sk\u00f3r\u0105. Kontur tatua\u017cu le\u017cy na sk\u00f3rze z r\u00f3wn\u0105, kontrastow\u0105 lini\u0105. Podczas pracy maszynka do kontur\u00f3w wydaje d\u017awi\u0119k podobny do brz\u0119czenia pszczo\u0142y. Nale\u017cy przestrzega\u0107 przeznaczenia kontur\u00f3wki podanego w instrukcji obs\u0142ugi i nie stosowa\u0107 jej do malowania obszar\u00f3w sk\u00f3ry. W przeciwnym razie istnieje du\u017ce prawdopodobie\u0144stwo trwa\u0142ego uszkodzenia powierzchni sk\u00f3ry klienta.<br \/>\nMalowanki - ig\u0142a, b\u0119d\u0105c w nask\u00f3rku, biegnie nieco do przodu, aby farba mog\u0142a si\u0119 rozproszy\u0107. W pracy powinno by\u0107 mniej wysi\u0142ku.<br \/>\nMaszyna cieniuj\u0105ca lub shadery s\u0105 przeznaczone do rysowania cieni.<\/p>","protected":false},"excerpt":{"rendered":"<p>Cieniowanie maszyny do tatua\u017cu.<\/p>\n<p>Rama jest wykonana z jednego kawa\u0142ka br\u0105zu.<\/p>\n<p>Wysokiej jako\u015bci zwoje - 26 mm * 8 zwoj\u00f3w<\/p>\n<p>Okucia z czernionej stali<\/p>\n<p>Preferowane ig\u0142y 7-15m<\/p>\n<p>Mi\u0119kkie uderzenie, \u015brednie uderzenie<\/p>\n<p>Dzia\u0142a na 105hz przy napi\u0119ciu 6,6 V - bez obci\u0105\u017cenia<\/p>\n<p>Waga maszynki do tatua\u017cu 180gr.<\/p>","protected":false},"featured_media":49299,"comment_status":"open","ping_status":"closed","template":"","meta":{"site-sidebar-layout":"","site-content-layout":"","ast-site-content-layout":"default","site-content-style":"default","site-sidebar-style":"default","ast-global-header-display":"","ast-banner-title-visibility":"","ast-main-header-display":"","ast-hfb-above-header-display":"","ast-hfb-below-header-display":"","ast-hfb-mobile-header-display":"","site-post-title":"","ast-breadcrumbs-content":"","ast-featured-img":"","footer-sml-layout":"","ast-disable-related-posts":"","theme-transparent-header-meta":"","adv-header-id-meta":"","stick-header-meta":"","header-above-stick-meta":"","header-main-stick-meta":"","header-below-stick-meta":"","astra-migrate-meta-layouts":"default","ast-page-background-enabled":"default","ast-page-background-meta":{"desktop":{"background-color":"var(--ast-global-color-4)","background-image":"","background-repeat":"repeat","background-position":"center center","background-size":"auto","background-attachment":"scroll","background-type":"","background-media":"","overlay-type":"","overlay-color":"","overlay-opacity":"","overlay-gradient":""},"tablet":{"background-color":"","background-image":"","background-repeat":"repeat","background-position":"center center","background-size":"auto","background-attachment":"scroll","background-type":"","background-media":"","overlay-type":"","overlay-color":"","overlay-opacity":"","overlay-gradient":""},"mobile":{"background-color":"","background-image":"","background-repeat":"repeat","background-position":"center center","background-size":"auto","background-attachment":"scroll","background-type":"","background-media":"","overlay-type":"","overlay-color":"","overlay-opacity":"","overlay-gradient":""}},"ast-content-background-meta":{"desktop":{"background-color":"var(--ast-global-color-5)","background-image":"","background-repeat":"repeat","background-position":"center center","background-size":"auto","background-attachment":"scroll","background-type":"","background-media":"","overlay-type":"","overlay-color":"","overlay-opacity":"","overlay-gradient":""},"tablet":{"background-color":"var(--ast-global-color-5)","background-image":"","background-repeat":"repeat","background-position":"center center","background-size":"auto","background-attachment":"scroll","background-type":"","background-media":"","overlay-type":"","overlay-color":"","overlay-opacity":"","overlay-gradient":""},"mobile":{"background-color":"var(--ast-global-color-5)","background-image":"","background-repeat":"repeat","background-position":"center center","background-size":"auto","background-attachment":"scroll","background-type":"","background-media":"","overlay-type":"","overlay-color":"","overlay-opacity":"","overlay-gradient":""}}},"product_brand":[],"product_cat":[21],"product_tag":[82,93,83,99,1800,87,45,89,1791,91,95,23,72,96],"class_list":{"0":"post-28727","1":"product","2":"type-product","3":"status-publish","4":"has-post-thumbnail","6":"product_cat-bone","7":"product_tag-coil-tattoo-machines","8":"product_tag-custom-tattoo-guns","9":"product_tag-custom-tattoo-machines","10":"product_tag-handmade-tattoo-machines","11":"product_tag-macchinetta-per-tatuaggio-a-bobina","12":"product_tag-professional-tattoo-machines","13":"product_tag-shader-tattoo-machine","14":"product_tag-shader-tattoo-machines","15":"product_tag-spulen-tattoomaschinen","16":"product_tag-tattoo-equipment","17":"product_tag-tattoo-guns","18":"product_tag-tattoo-machine","19":"product_tag-tattoo-machine-coils","20":"product_tag-tattoo-shading-guns","21":"pa_brand-rightstuff","22":"desktop-align-center","23":"tablet-align-left","24":"mobile-align-left","25":"ast-product-gallery-layout-horizontal-slider","26":"ast-product-tabs-layout-horizontal","28":"first","29":"outofstock","30":"sale","31":"taxable","32":"shipping-taxable","33":"purchasable","34":"product-type-simple"},"_links":{"self":[{"href":"https:\/\/rightstuff.eu\/pl\/wp-json\/wp\/v2\/product\/28727","targetHints":{"allow":["GET"]}}],"collection":[{"href":"https:\/\/rightstuff.eu\/pl\/wp-json\/wp\/v2\/product"}],"about":[{"href":"https:\/\/rightstuff.eu\/pl\/wp-json\/wp\/v2\/types\/product"}],"replies":[{"embeddable":true,"href":"https:\/\/rightstuff.eu\/pl\/wp-json\/wp\/v2\/comments?post=28727"}],"version-history":[{"count":0,"href":"https:\/\/rightstuff.eu\/pl\/wp-json\/wp\/v2\/product\/28727\/revisions"}],"wp:featuredmedia":[{"embeddable":true,"href":"https:\/\/rightstuff.eu\/pl\/wp-json\/wp\/v2\/media\/49299"}],"wp:attachment":[{"href":"https:\/\/rightstuff.eu\/pl\/wp-json\/wp\/v2\/media?parent=28727"}],"wp:term":[{"taxonomy":"product_brand","embeddable":true,"href":"https:\/\/rightstuff.eu\/pl\/wp-json\/wp\/v2\/product_brand?post=28727"},{"taxonomy":"product_cat","embeddable":true,"href":"https:\/\/rightstuff.eu\/pl\/wp-json\/wp\/v2\/product_cat?post=28727"},{"taxonomy":"product_tag","embeddable":true,"href":"https:\/\/rightstuff.eu\/pl\/wp-json\/wp\/v2\/product_tag?post=28727"}],"curies":[{"name":"wp","href":"https:\/\/api.w.org\/{rel}","templated":true}]}}