{"id":28697,"date":"2015-09-12T14:18:50","date_gmt":"2015-09-12T14:18:50","guid":{"rendered":"https:\/\/rightstuff.eu\/shop\/machines\/lucky\/lucky-cpr-shader\/"},"modified":"2025-01-22T01:37:13","modified_gmt":"2025-01-22T00:37:13","slug":"lucky-cpr-shader","status":"publish","type":"product","link":"https:\/\/rightstuff.eu\/pl\/produkt\/lucky-cpr-shader\/","title":{"rendered":"LUCKY Shader Tattoo Machine Bronze"},"content":{"rendered":"<p>Obecnie, wraz z rosn\u0105c\u0105 popularno\u015bci\u0105 tatua\u017cy i mo\u017cliwo\u015bci\u0105 uzyskania wysokich dochod\u00f3w, coraz wi\u0119cej os\u00f3b przejawia ch\u0119\u0107 zostania tatua\u017cyst\u0105. Jednak pocz\u0105tkuj\u0105cy pope\u0142niaj\u0105 b\u0142\u0105d, wykonuj\u0105c pierwsze prace na ciele i u\u017cywaj\u0105c amatorskiego sprz\u0119tu. Wielu z nich nigdy nie stanie si\u0119 prawdziwymi <a href=\"https:\/\/rightstuff.eu\/blog\/success-story-the-birth-of-the-rightstuf\/\">odnosz\u0105cy sukcesy w tatuowaniu<\/a> i nigdy nie zdob\u0119dziesz potrzebnej w tym biznesie umiej\u0119tno\u015bci. Je\u015bli traktujesz to rzemios\u0142o powa\u017cnie, zam\u00f3w br\u0105zow\u0105 maszynk\u0119 do tatua\u017cu LUCKY Shader. To profesjonalne urz\u0105dzenie pozwala mistrzowi nie tylko wykona\u0107 kilka kontur\u00f3w czy wytatuowa\u0107 na ciele pewne has\u0142a, ale stworzy\u0107 prawdziwe arcydzie\u0142a - du\u017ce kwadratowe kolorowe obrazy.<\/p>\n<p>Oczywi\u015bcie artysta musi by\u0107 utalentowany. Je\u015bli nie potrafisz dobrze rysowa\u0107, nigdy nie zostaniesz prawdziwym mistrzem tatua\u017cu. Tymczasem osoba zr\u0119czna, pracuj\u0105c z tym wytrzyma\u0142ym urz\u0105dzeniem wykonanym z br\u0105zu i stali, kt\u00f3re wa\u017cy 200 gram\u00f3w, odniesie sukces w swojej dzia\u0142alno\u015bci. Profesjonalny sprz\u0119t z cewkami o \u015brednicy 26 mm, pracuj\u0105cy pod napi\u0119ciem 6,6 V, wykorzystuje ig\u0142y o d\u0142ugo\u015bci od 7 do 15 M. Dzia\u0142a na cz\u0119stotliwo\u015bci 105 Hz. Pracuje z cz\u0119stotliwo\u015bci\u0105 105 Hz.<\/p>","protected":false},"excerpt":{"rendered":"<p>Maszyna do tatua\u017cu Shader<\/p>\n<p>Rama jest wykonana z jednego kawa\u0142ka br\u0105zu.<br \/>\nWysokiej jako\u015bci zwoje - 26 mm * 10 zwoj\u00f3w<br \/>\nOkucia z czernionej stali<br \/>\nPreferowane ig\u0142y 7-15m<br \/>\nD\u0142ugi skok<br \/>\nDzia\u0142a na 105hz przy napi\u0119ciu 6,6 V - bez obci\u0105\u017cenia<\/p>\n<p>Waga maszynki do tatua\u017cu 200gr.<\/p>\n<p>&nbsp;<\/p>","protected":false},"featured_media":49314,"comment_status":"open","ping_status":"closed","template":"","meta":{"site-sidebar-layout":"","site-content-layout":"","ast-site-content-layout":"default","site-content-style":"default","site-sidebar-style":"default","ast-global-header-display":"","ast-banner-title-visibility":"","ast-main-header-display":"","ast-hfb-above-header-display":"","ast-hfb-below-header-display":"","ast-hfb-mobile-header-display":"","site-post-title":"","ast-breadcrumbs-content":"","ast-featured-img":"","footer-sml-layout":"","ast-disable-related-posts":"","theme-transparent-header-meta":"","adv-header-id-meta":"","stick-header-meta":"","header-above-stick-meta":"","header-main-stick-meta":"","header-below-stick-meta":"","astra-migrate-meta-layouts":"default","ast-page-background-enabled":"default","ast-page-background-meta":{"desktop":{"background-color":"var(--ast-global-color-4)","background-image":"","background-repeat":"repeat","background-position":"center center","background-size":"auto","background-attachment":"scroll","background-type":"","background-media":"","overlay-type":"","overlay-color":"","overlay-opacity":"","overlay-gradient":""},"tablet":{"background-color":"","background-image":"","background-repeat":"repeat","background-position":"center center","background-size":"auto","background-attachment":"scroll","background-type":"","background-media":"","overlay-type":"","overlay-color":"","overlay-opacity":"","overlay-gradient":""},"mobile":{"background-color":"","background-image":"","background-repeat":"repeat","background-position":"center center","background-size":"auto","background-attachment":"scroll","background-type":"","background-media":"","overlay-type":"","overlay-color":"","overlay-opacity":"","overlay-gradient":""}},"ast-content-background-meta":{"desktop":{"background-color":"var(--ast-global-color-5)","background-image":"","background-repeat":"repeat","background-position":"center center","background-size":"auto","background-attachment":"scroll","background-type":"","background-media":"","overlay-type":"","overlay-color":"","overlay-opacity":"","overlay-gradient":""},"tablet":{"background-color":"var(--ast-global-color-5)","background-image":"","background-repeat":"repeat","background-position":"center center","background-size":"auto","background-attachment":"scroll","background-type":"","background-media":"","overlay-type":"","overlay-color":"","overlay-opacity":"","overlay-gradient":""},"mobile":{"background-color":"var(--ast-global-color-5)","background-image":"","background-repeat":"repeat","background-position":"center center","background-size":"auto","background-attachment":"scroll","background-type":"","background-media":"","overlay-type":"","overlay-color":"","overlay-opacity":"","overlay-gradient":""}}},"product_brand":[],"product_cat":[8],"product_tag":[82,93,83,99,1802,87,45,89,91,95,72,96],"class_list":{"0":"post-28697","1":"product","2":"type-product","3":"status-publish","4":"has-post-thumbnail","6":"product_cat-lucky","7":"product_tag-coil-tattoo-machines","8":"product_tag-custom-tattoo-guns","9":"product_tag-custom-tattoo-machines","10":"product_tag-handmade-tattoo-machines","11":"product_tag-maquinas-de-tatuaje-de-bobina","12":"product_tag-professional-tattoo-machines","13":"product_tag-shader-tattoo-machine","14":"product_tag-shader-tattoo-machines","15":"product_tag-tattoo-equipment","16":"product_tag-tattoo-guns","17":"product_tag-tattoo-machine-coils","18":"product_tag-tattoo-shading-guns","19":"pa_brand-rightstuff","20":"desktop-align-center","21":"tablet-align-left","22":"mobile-align-left","23":"ast-product-gallery-layout-horizontal-slider","24":"ast-product-tabs-layout-horizontal","26":"first","27":"instock","28":"sale","29":"taxable","30":"shipping-taxable","31":"purchasable","32":"product-type-simple"},"_links":{"self":[{"href":"https:\/\/rightstuff.eu\/pl\/wp-json\/wp\/v2\/product\/28697","targetHints":{"allow":["GET"]}}],"collection":[{"href":"https:\/\/rightstuff.eu\/pl\/wp-json\/wp\/v2\/product"}],"about":[{"href":"https:\/\/rightstuff.eu\/pl\/wp-json\/wp\/v2\/types\/product"}],"replies":[{"embeddable":true,"href":"https:\/\/rightstuff.eu\/pl\/wp-json\/wp\/v2\/comments?post=28697"}],"version-history":[{"count":0,"href":"https:\/\/rightstuff.eu\/pl\/wp-json\/wp\/v2\/product\/28697\/revisions"}],"wp:featuredmedia":[{"embeddable":true,"href":"https:\/\/rightstuff.eu\/pl\/wp-json\/wp\/v2\/media\/49314"}],"wp:attachment":[{"href":"https:\/\/rightstuff.eu\/pl\/wp-json\/wp\/v2\/media?parent=28697"}],"wp:term":[{"taxonomy":"product_brand","embeddable":true,"href":"https:\/\/rightstuff.eu\/pl\/wp-json\/wp\/v2\/product_brand?post=28697"},{"taxonomy":"product_cat","embeddable":true,"href":"https:\/\/rightstuff.eu\/pl\/wp-json\/wp\/v2\/product_cat?post=28697"},{"taxonomy":"product_tag","embeddable":true,"href":"https:\/\/rightstuff.eu\/pl\/wp-json\/wp\/v2\/product_tag?post=28697"}],"curies":[{"name":"wp","href":"https:\/\/api.w.org\/{rel}","templated":true}]}}