{"id":28695,"date":"2015-09-12T14:14:04","date_gmt":"2015-09-12T14:14:04","guid":{"rendered":"https:\/\/rightstuff.eu\/shop\/machines\/lucky\/lucky-cpr-trueliner\/"},"modified":"2025-01-22T01:37:13","modified_gmt":"2025-01-22T00:37:13","slug":"lucky-cpr-trueliner","status":"publish","type":"product","link":"https:\/\/rightstuff.eu\/pl\/produkt\/lucky-cpr-trueliner\/","title":{"rendered":"Maszynka do tatua\u017cu LUCKY TrueLiner Bronze"},"content":{"rendered":"<p>G\u0142\u00f3wnym zagro\u017ceniem podczas u\u017cywania shader\u00f3w lub mocnych liner\u00f3w do grubych pask\u00f3w jest rozmycie farby. LUCKY TrueLiner Bronze Tattoo Machine dzia\u0142a po prostu niesamowicie, \u0142\u0105cz\u0105c mocne i dok\u0142adne uderzenie, pozostawiaj\u0105c tusz na odpowiedniej g\u0142\u0119boko\u015bci! Ten liner pasuje do igie\u0142 9-18 Rl. Jest przeznaczony dla os\u00f3b, kt\u00f3re spokojnie i swobodnie, po prostu poci\u0105gaj\u0105c sk\u00f3r\u0119 jednym palcem, wykonuj\u0105 grube paski w jednym przej\u015bciu. Urz\u0105dzenie z idealnymi zwojami 26 mm i 9 owini\u0119ciami jest dobre dla igie\u0142 od 9 wzwy\u017c. To urz\u0105dzenie zapewnia niezr\u00f3wnan\u0105 stabilno\u015b\u0107 i pewno\u015b\u0107 w utrzymywaniu wyra\u017anych grubych linii. Zosta\u0142o zaprojektowane do pracy jednoprzebiegowej ze sk\u00f3r\u0105. <a href=\"https:\/\/rightstuff.eu\/blog\/become-tattoo-artist\/\">Arty\u015bci tatua\u017cu<\/a>Ci, kt\u00f3rzy napotkali problemy z konturowaniem grubych linii pracuj\u0105c z innymi pozycjami, zapomn\u0105 o swoich starych maszynach, gdy zaczn\u0105 pracowa\u0107 z t\u0105.<br \/>\nRama z br\u0105zu sprawia, \u017ce narz\u0119dzie jest do\u015b\u0107 ci\u0119\u017ckie - 200 gram\u00f3w. Jednak w\u0142a\u015bnie dzi\u0119ki temu materia\u0142owi \u017cywotno\u015b\u0107 maszyny jest niezwykle d\u0142uga. To narz\u0119dzie o d\u0142ugim skoku pracuje z cz\u0119stotliwo\u015bci\u0105 135 Hz i napi\u0119ciem 6,6 V.<\/p>","protected":false},"excerpt":{"rendered":"<p>Maszyna do tatua\u017cu zwojowego power liner<\/p>\n<p>Rama jest wykonana z jednego kawa\u0142ka br\u0105zu.<br \/>\nWysokiej jako\u015bci cewki - 26 mm * 9 zwoj\u00f3w<br \/>\nOkucia z czernionej stali<br \/>\nPreferowane ig\u0142y 9-18rl<br \/>\nD\u0142ugi skok<br \/>\nPracuje z cz\u0119stotliwo\u015bci\u0105 135hz przy napi\u0119ciu 6,6 V - bez obci\u0105\u017cenia<\/p>\n<p>Waga maszynki do tatua\u017cu 200gr.<\/p>","protected":false},"featured_media":49318,"comment_status":"open","ping_status":"closed","template":"","meta":{"site-sidebar-layout":"","site-content-layout":"","ast-site-content-layout":"default","site-content-style":"default","site-sidebar-style":"default","ast-global-header-display":"","ast-banner-title-visibility":"","ast-main-header-display":"","ast-hfb-above-header-display":"","ast-hfb-below-header-display":"","ast-hfb-mobile-header-display":"","site-post-title":"","ast-breadcrumbs-content":"","ast-featured-img":"","footer-sml-layout":"","ast-disable-related-posts":"","theme-transparent-header-meta":"","adv-header-id-meta":"","stick-header-meta":"","header-above-stick-meta":"","header-main-stick-meta":"","header-below-stick-meta":"","astra-migrate-meta-layouts":"default","ast-page-background-enabled":"default","ast-page-background-meta":{"desktop":{"background-color":"var(--ast-global-color-4)","background-image":"","background-repeat":"repeat","background-position":"center center","background-size":"auto","background-attachment":"scroll","background-type":"","background-media":"","overlay-type":"","overlay-color":"","overlay-opacity":"","overlay-gradient":""},"tablet":{"background-color":"","background-image":"","background-repeat":"repeat","background-position":"center center","background-size":"auto","background-attachment":"scroll","background-type":"","background-media":"","overlay-type":"","overlay-color":"","overlay-opacity":"","overlay-gradient":""},"mobile":{"background-color":"","background-image":"","background-repeat":"repeat","background-position":"center center","background-size":"auto","background-attachment":"scroll","background-type":"","background-media":"","overlay-type":"","overlay-color":"","overlay-opacity":"","overlay-gradient":""}},"ast-content-background-meta":{"desktop":{"background-color":"var(--ast-global-color-5)","background-image":"","background-repeat":"repeat","background-position":"center center","background-size":"auto","background-attachment":"scroll","background-type":"","background-media":"","overlay-type":"","overlay-color":"","overlay-opacity":"","overlay-gradient":""},"tablet":{"background-color":"var(--ast-global-color-5)","background-image":"","background-repeat":"repeat","background-position":"center center","background-size":"auto","background-attachment":"scroll","background-type":"","background-media":"","overlay-type":"","overlay-color":"","overlay-opacity":"","overlay-gradient":""},"mobile":{"background-color":"var(--ast-global-color-5)","background-image":"","background-repeat":"repeat","background-position":"center center","background-size":"auto","background-attachment":"scroll","background-type":"","background-media":"","overlay-type":"","overlay-color":"","overlay-opacity":"","overlay-gradient":""}}},"product_brand":[],"product_cat":[8],"product_tag":[82,93,83,99,1802,87,91,95,72],"class_list":{"0":"post-28695","1":"product","2":"type-product","3":"status-publish","4":"has-post-thumbnail","6":"product_cat-lucky","7":"product_tag-coil-tattoo-machines","8":"product_tag-custom-tattoo-guns","9":"product_tag-custom-tattoo-machines","10":"product_tag-handmade-tattoo-machines","11":"product_tag-maquinas-de-tatuaje-de-bobina","12":"product_tag-professional-tattoo-machines","13":"product_tag-tattoo-equipment","14":"product_tag-tattoo-guns","15":"product_tag-tattoo-machine-coils","16":"pa_brand-rightstuff","17":"desktop-align-center","18":"tablet-align-left","19":"mobile-align-left","20":"ast-product-gallery-layout-horizontal-slider","21":"ast-product-tabs-layout-horizontal","23":"first","24":"instock","25":"sale","26":"taxable","27":"shipping-taxable","28":"purchasable","29":"product-type-simple"},"_links":{"self":[{"href":"https:\/\/rightstuff.eu\/pl\/wp-json\/wp\/v2\/product\/28695","targetHints":{"allow":["GET"]}}],"collection":[{"href":"https:\/\/rightstuff.eu\/pl\/wp-json\/wp\/v2\/product"}],"about":[{"href":"https:\/\/rightstuff.eu\/pl\/wp-json\/wp\/v2\/types\/product"}],"replies":[{"embeddable":true,"href":"https:\/\/rightstuff.eu\/pl\/wp-json\/wp\/v2\/comments?post=28695"}],"version-history":[{"count":0,"href":"https:\/\/rightstuff.eu\/pl\/wp-json\/wp\/v2\/product\/28695\/revisions"}],"wp:featuredmedia":[{"embeddable":true,"href":"https:\/\/rightstuff.eu\/pl\/wp-json\/wp\/v2\/media\/49318"}],"wp:attachment":[{"href":"https:\/\/rightstuff.eu\/pl\/wp-json\/wp\/v2\/media?parent=28695"}],"wp:term":[{"taxonomy":"product_brand","embeddable":true,"href":"https:\/\/rightstuff.eu\/pl\/wp-json\/wp\/v2\/product_brand?post=28695"},{"taxonomy":"product_cat","embeddable":true,"href":"https:\/\/rightstuff.eu\/pl\/wp-json\/wp\/v2\/product_cat?post=28695"},{"taxonomy":"product_tag","embeddable":true,"href":"https:\/\/rightstuff.eu\/pl\/wp-json\/wp\/v2\/product_tag?post=28695"}],"curies":[{"name":"wp","href":"https:\/\/api.w.org\/{rel}","templated":true}]}}