{"id":1148,"date":"2015-09-05T07:51:08","date_gmt":"2015-09-05T05:51:08","guid":{"rendered":"https:\/\/rightstuff.eu\/shop\/machines\/lucky-blk-trueliner\/"},"modified":"2026-03-14T17:48:04","modified_gmt":"2026-03-14T16:48:04","slug":"lucky-blk-trueliner","status":"publish","type":"product","link":"https:\/\/rightstuff.eu\/pl\/produkt\/lucky-blk-trueliner\/","title":{"rendered":"Maszynka do tatua\u017cu LUCKY BLK TrueLiner"},"content":{"rendered":"<p>Profesjonali\u015bci sztuki tatua\u017cu, pracuj\u0105cy w tradycyjnym stylu, zawsze potrzebuj\u0105 naprawd\u0119 dobrego i skutecznego sprz\u0119tu - doskona\u0142ych urz\u0105dze\u0144 do du\u017cych grup igie\u0142. Nie powinien by\u0107 zbyt lekki ani zbyt ci\u0119\u017cki. Sprz\u0119t musi zapewnia\u0107 mocne uderzenie. Powinien by\u0107 podtrzymywany w klasycznym stylu i musi tworzy\u0107 precyzyjne, doskona\u0142e, absolutnie idealne linie w jednym przej\u015bciu. LUCKY BLK TrueLiner <a href=\"https:\/\/rightstuff.eu\/blog\/success-story-the-birth-of-the-rightstuf\/\">Maszynka do tatua\u017cu<\/a> spe\u0142nia wszystkie wymagania tych mistrz\u00f3w. Jest to pot\u0119\u017cne urz\u0105dzenie do tworzenia kontur\u00f3w obraz\u00f3w i szczeg\u00f3\u0142\u00f3w tatua\u017cu. Wykonana z czernionej stali, wa\u017cy 200 gram\u00f3w. Tymczasem jego kompaktowy rozmiar pozwala osobie zaanga\u017cowanej w proces tatuowania pracowa\u0107 bez napi\u0119cia, stresu i bez nadmiernego obci\u0105\u017cania r\u0105k.<\/p>\n<p>Ten wygodny, czarny True Liner o d\u0142ugim skoku jest \u0142atwy w obs\u0142udze, pracuje z cz\u0119stotliwo\u015bci\u0105 135 Hz i napi\u0119ciem 6,6 V. Jego doskonale wykonane cewki o \u015brednicy 26 mm maj\u0105 8 zwoj\u00f3w. Profesjonalista mo\u017ce u\u017cywa\u0107 go w swojej dzia\u0142alno\u015bci ka\u017cdego dnia. Urz\u0105dzenie jest przeznaczone do pracy z ig\u0142ami 9-18 Rl.<\/p>","protected":false},"excerpt":{"rendered":"<p>Maszyna do tatua\u017cu power liner<\/p>\n<p>Rama jest wykonana z jednego kawa\u0142ka stali<br \/>\nWysokiej jako\u015bci cewki - 26 mm * 9 zwoj\u00f3w<br \/>\nOsprz\u0119t z czernionej stali<br \/>\nPreferowane ig\u0142y 9-18rl<br \/>\nD\u0142ugi skok<br \/>\nPracuje z cz\u0119stotliwo\u015bci\u0105 135hz przy napi\u0119ciu 6,6 V - bez obci\u0105\u017cenia<\/p>\n<p>Waga maszynki do tatua\u017cu 200gr.<\/p>","protected":false},"featured_media":58739,"comment_status":"open","ping_status":"closed","template":"","meta":{"site-sidebar-layout":"default","site-content-layout":"","ast-site-content-layout":"default","site-content-style":"default","site-sidebar-style":"default","ast-global-header-display":"","ast-banner-title-visibility":"","ast-main-header-display":"","ast-hfb-above-header-display":"","ast-hfb-below-header-display":"","ast-hfb-mobile-header-display":"","site-post-title":"","ast-breadcrumbs-content":"","ast-featured-img":"","footer-sml-layout":"","ast-disable-related-posts":"","theme-transparent-header-meta":"default","adv-header-id-meta":"","stick-header-meta":"default","header-above-stick-meta":"","header-main-stick-meta":"","header-below-stick-meta":"","astra-migrate-meta-layouts":"set","ast-page-background-enabled":"default","ast-page-background-meta":{"desktop":{"background-color":"var(--ast-global-color-4)","background-image":"","background-repeat":"repeat","background-position":"center center","background-size":"auto","background-attachment":"scroll","background-type":"","background-media":"","overlay-type":"","overlay-color":"","overlay-opacity":"","overlay-gradient":""},"tablet":{"background-color":"","background-image":"","background-repeat":"repeat","background-position":"center center","background-size":"auto","background-attachment":"scroll","background-type":"","background-media":"","overlay-type":"","overlay-color":"","overlay-opacity":"","overlay-gradient":""},"mobile":{"background-color":"","background-image":"","background-repeat":"repeat","background-position":"center center","background-size":"auto","background-attachment":"scroll","background-type":"","background-media":"","overlay-type":"","overlay-color":"","overlay-opacity":"","overlay-gradient":""}},"ast-content-background-meta":{"desktop":{"background-color":"var(--ast-global-color-5)","background-image":"","background-repeat":"repeat","background-position":"center center","background-size":"auto","background-attachment":"scroll","background-type":"","background-media":"","overlay-type":"","overlay-color":"","overlay-opacity":"","overlay-gradient":""},"tablet":{"background-color":"var(--ast-global-color-5)","background-image":"","background-repeat":"repeat","background-position":"center center","background-size":"auto","background-attachment":"scroll","background-type":"","background-media":"","overlay-type":"","overlay-color":"","overlay-opacity":"","overlay-gradient":""},"mobile":{"background-color":"var(--ast-global-color-5)","background-image":"","background-repeat":"repeat","background-position":"center center","background-size":"auto","background-attachment":"scroll","background-type":"","background-media":"","overlay-type":"","overlay-color":"","overlay-opacity":"","overlay-gradient":""}}},"product_brand":[],"product_cat":[8],"product_tag":[82,93,83,99,1802,87,91,95,72],"class_list":{"0":"post-1148","1":"product","2":"type-product","3":"status-publish","4":"has-post-thumbnail","6":"product_cat-lucky","7":"product_tag-coil-tattoo-machines","8":"product_tag-custom-tattoo-guns","9":"product_tag-custom-tattoo-machines","10":"product_tag-handmade-tattoo-machines","11":"product_tag-maquinas-de-tatuaje-de-bobina","12":"product_tag-professional-tattoo-machines","13":"product_tag-tattoo-equipment","14":"product_tag-tattoo-guns","15":"product_tag-tattoo-machine-coils","16":"pa_brand-rightstuff","17":"desktop-align-center","18":"tablet-align-left","19":"mobile-align-left","20":"ast-product-gallery-layout-horizontal-slider","21":"ast-product-tabs-layout-horizontal","23":"first","24":"instock","25":"sale","26":"taxable","27":"shipping-taxable","28":"purchasable","29":"product-type-simple"},"_links":{"self":[{"href":"https:\/\/rightstuff.eu\/pl\/wp-json\/wp\/v2\/product\/1148","targetHints":{"allow":["GET"]}}],"collection":[{"href":"https:\/\/rightstuff.eu\/pl\/wp-json\/wp\/v2\/product"}],"about":[{"href":"https:\/\/rightstuff.eu\/pl\/wp-json\/wp\/v2\/types\/product"}],"replies":[{"embeddable":true,"href":"https:\/\/rightstuff.eu\/pl\/wp-json\/wp\/v2\/comments?post=1148"}],"version-history":[{"count":0,"href":"https:\/\/rightstuff.eu\/pl\/wp-json\/wp\/v2\/product\/1148\/revisions"}],"wp:featuredmedia":[{"embeddable":true,"href":"https:\/\/rightstuff.eu\/pl\/wp-json\/wp\/v2\/media\/58739"}],"wp:attachment":[{"href":"https:\/\/rightstuff.eu\/pl\/wp-json\/wp\/v2\/media?parent=1148"}],"wp:term":[{"taxonomy":"product_brand","embeddable":true,"href":"https:\/\/rightstuff.eu\/pl\/wp-json\/wp\/v2\/product_brand?post=1148"},{"taxonomy":"product_cat","embeddable":true,"href":"https:\/\/rightstuff.eu\/pl\/wp-json\/wp\/v2\/product_cat?post=1148"},{"taxonomy":"product_tag","embeddable":true,"href":"https:\/\/rightstuff.eu\/pl\/wp-json\/wp\/v2\/product_tag?post=1148"}],"curies":[{"name":"wp","href":"https:\/\/api.w.org\/{rel}","templated":true}]}}