{"id":1144,"date":"2015-09-05T07:49:18","date_gmt":"2015-09-05T04:49:18","guid":{"rendered":"https:\/\/rightstuff.eu\/shop\/machines\/lucky-blk-shader\/"},"modified":"2023-11-21T20:23:56","modified_gmt":"2023-11-21T19:23:56","slug":"lucky-blk-shader","status":"publish","type":"product","link":"https:\/\/rightstuff.eu\/pl\/produkt\/lucky-blk-shader\/","title":{"rendered":"LUCKY BLK Shader Tattoo Machine"},"content":{"rendered":"<p>Od <a href=\"https:\/\/rightstuff.eu\/blog\/getting-a-permanent-tattoo\/\">tatua\u017ce z czas\u00f3w staro\u017cytnych<\/a> by\u0142y stosowane przy u\u017cyciu ostrych przedmiot\u00f3w, takich jak fragmenty garnk\u00f3w, o\u015bci ryb, zaostrzone kije i z\u0119by zwierz\u0105t. Procedura by\u0142a bardzo bolesna i wymaga\u0142a wytrzyma\u0142o\u015bci i si\u0142y woli. Dlatego w\u0142a\u015bciciele tatua\u017cy byli uwa\u017cani za odwa\u017cnych i niezwykle silnych. Specjalna maszyna do tworzenia trwa\u0142ych obraz\u00f3w na sk\u00f3rze pojawi\u0142a si\u0119 w 1891 roku w Ameryce. Pierwsi mistrzowie u\u017cywali henny, ochry, w\u0119gla, a nawet sadzy - by\u0142y to \"atramenty\" pierwszych ameryka\u0144skich salon\u00f3w tatua\u017cu. P\u00f3\u017aniej pracowali nawet z prochem strzelniczym!<\/p>\n<p>Wsp\u00f3\u0142czesny sprz\u0119t do tatua\u017cu wykorzystuje nieszkodliwy specjalny tusz i farby. Na przyk\u0142ad, pracuj\u0105c ze stalow\u0105 maszynk\u0105 do tatua\u017cu LUCKY BLK Shader o d\u0142ugim skoku, artysta mo\u017ce stworzy\u0107 du\u017cy kwadratowy obraz sk\u00f3ry. Klient mo\u017ce przyj\u015b\u0107 do mistrza kilka razy, ale wynik b\u0119dzie doskona\u0142y. Tatua\u017c b\u0119dzie mia\u0142 realistyczny wygl\u0105d! Urz\u0105dzenie, kt\u00f3re wsp\u00f3\u0142pracuje z 7-15 ig\u0142ami, dzia\u0142a z cz\u0119stotliwo\u015bci\u0105 105 Hz i napi\u0119ciem 6,6 V, gdy jest roz\u0142adowane. Posiada 26 mm cewki z 10 owini\u0119ciami i wa\u017cy 200 g.<\/p>","protected":false},"excerpt":{"rendered":"<h1 class=\"product_title entry-title\">Maszynka do tatua\u017cu Shader<\/h1>\n<p>Rama jest wykonana z jednego kawa\u0142ka stali<br \/>\nWysokiej jako\u015bci zwoje - 26 mm * 10 zwoj\u00f3w<br \/>\nOsprz\u0119t z czernionej stali<br \/>\nPreferowane ig\u0142y 7-15m<br \/>\nD\u0142ugi skok<br \/>\nDzia\u0142a na 105hz przy napi\u0119ciu 6,6 V - bez obci\u0105\u017cenia<\/p>\n<p>Waga maszynki do tatua\u017cu 200gr.<\/p>","protected":false},"featured_media":49315,"comment_status":"open","ping_status":"closed","template":"","meta":{"site-sidebar-layout":"default","site-content-layout":"","ast-site-content-layout":"default","site-content-style":"default","site-sidebar-style":"default","ast-global-header-display":"","ast-banner-title-visibility":"","ast-main-header-display":"","ast-hfb-above-header-display":"","ast-hfb-below-header-display":"","ast-hfb-mobile-header-display":"","site-post-title":"","ast-breadcrumbs-content":"","ast-featured-img":"","footer-sml-layout":"","ast-disable-related-posts":"","theme-transparent-header-meta":"default","adv-header-id-meta":"","stick-header-meta":"default","header-above-stick-meta":"","header-main-stick-meta":"","header-below-stick-meta":"","astra-migrate-meta-layouts":"set","ast-page-background-enabled":"default","ast-page-background-meta":{"desktop":{"background-color":"var(--ast-global-color-4)","background-image":"","background-repeat":"repeat","background-position":"center center","background-size":"auto","background-attachment":"scroll","background-type":"","background-media":"","overlay-type":"","overlay-color":"","overlay-opacity":"","overlay-gradient":""},"tablet":{"background-color":"","background-image":"","background-repeat":"repeat","background-position":"center center","background-size":"auto","background-attachment":"scroll","background-type":"","background-media":"","overlay-type":"","overlay-color":"","overlay-opacity":"","overlay-gradient":""},"mobile":{"background-color":"","background-image":"","background-repeat":"repeat","background-position":"center center","background-size":"auto","background-attachment":"scroll","background-type":"","background-media":"","overlay-type":"","overlay-color":"","overlay-opacity":"","overlay-gradient":""}},"ast-content-background-meta":{"desktop":{"background-color":"var(--ast-global-color-5)","background-image":"","background-repeat":"repeat","background-position":"center center","background-size":"auto","background-attachment":"scroll","background-type":"","background-media":"","overlay-type":"","overlay-color":"","overlay-opacity":"","overlay-gradient":""},"tablet":{"background-color":"var(--ast-global-color-5)","background-image":"","background-repeat":"repeat","background-position":"center center","background-size":"auto","background-attachment":"scroll","background-type":"","background-media":"","overlay-type":"","overlay-color":"","overlay-opacity":"","overlay-gradient":""},"mobile":{"background-color":"var(--ast-global-color-5)","background-image":"","background-repeat":"repeat","background-position":"center center","background-size":"auto","background-attachment":"scroll","background-type":"","background-media":"","overlay-type":"","overlay-color":"","overlay-opacity":"","overlay-gradient":""}}},"product_brand":[],"product_cat":[8],"product_tag":[82,93,83,99,1802,87,89,91,95,72,96],"class_list":{"0":"post-1144","1":"product","2":"type-product","3":"status-publish","4":"has-post-thumbnail","6":"product_cat-lucky","7":"product_tag-coil-tattoo-machines","8":"product_tag-custom-tattoo-guns","9":"product_tag-custom-tattoo-machines","10":"product_tag-handmade-tattoo-machines","11":"product_tag-maquinas-de-tatuaje-de-bobina","12":"product_tag-professional-tattoo-machines","13":"product_tag-shader-tattoo-machines","14":"product_tag-tattoo-equipment","15":"product_tag-tattoo-guns","16":"product_tag-tattoo-machine-coils","17":"product_tag-tattoo-shading-guns","18":"pa_brand-rightstuff","19":"desktop-align-center","20":"tablet-align-left","21":"mobile-align-left","22":"ast-product-gallery-layout-horizontal-slider","23":"ast-product-tabs-layout-horizontal","25":"first","26":"outofstock","27":"sale","28":"taxable","29":"shipping-taxable","30":"purchasable","31":"product-type-simple"},"_links":{"self":[{"href":"https:\/\/rightstuff.eu\/pl\/wp-json\/wp\/v2\/product\/1144","targetHints":{"allow":["GET"]}}],"collection":[{"href":"https:\/\/rightstuff.eu\/pl\/wp-json\/wp\/v2\/product"}],"about":[{"href":"https:\/\/rightstuff.eu\/pl\/wp-json\/wp\/v2\/types\/product"}],"replies":[{"embeddable":true,"href":"https:\/\/rightstuff.eu\/pl\/wp-json\/wp\/v2\/comments?post=1144"}],"version-history":[{"count":0,"href":"https:\/\/rightstuff.eu\/pl\/wp-json\/wp\/v2\/product\/1144\/revisions"}],"wp:featuredmedia":[{"embeddable":true,"href":"https:\/\/rightstuff.eu\/pl\/wp-json\/wp\/v2\/media\/49315"}],"wp:attachment":[{"href":"https:\/\/rightstuff.eu\/pl\/wp-json\/wp\/v2\/media?parent=1144"}],"wp:term":[{"taxonomy":"product_brand","embeddable":true,"href":"https:\/\/rightstuff.eu\/pl\/wp-json\/wp\/v2\/product_brand?post=1144"},{"taxonomy":"product_cat","embeddable":true,"href":"https:\/\/rightstuff.eu\/pl\/wp-json\/wp\/v2\/product_cat?post=1144"},{"taxonomy":"product_tag","embeddable":true,"href":"https:\/\/rightstuff.eu\/pl\/wp-json\/wp\/v2\/product_tag?post=1144"}],"curies":[{"name":"wp","href":"https:\/\/api.w.org\/{rel}","templated":true}]}}