{"id":1126,"date":"2015-09-04T23:00:04","date_gmt":"2015-09-04T20:00:04","guid":{"rendered":"https:\/\/rightstuff.eu\/?post_type=product&#038;p=1126"},"modified":"2025-01-22T01:37:13","modified_gmt":"2025-01-22T00:37:13","slug":"minidozzer-fastliner","status":"publish","type":"product","link":"https:\/\/rightstuff.eu\/pl\/produkt\/minidozzer-fastliner\/","title":{"rendered":"miniDOZZER FastLiner Br\u0105zowa Maszynka do Tatua\u017cu"},"content":{"rendered":"<p>Bieg\u0142y mistrz wsp\u00f3\u0142czesnego tatua\u017cu musi profesjonalnie obs\u0142ugiwa\u0107 wszystkie rodzaje tatua\u017cy. <a href=\"https:\/\/rightstuff.eu\/product-tag\/tattoo-supplies\/\">produkowany sprz\u0119t<\/a> dla tatua\u017cyst\u00f3w. G\u0142\u00f3wne trzy urz\u0105dzenia u\u017cywane przez osob\u0119 zaanga\u017cowan\u0105 w biznes i sztuk\u0119 tworzenia obraz\u00f3w na sk\u00f3rze to liner, shader i malarz.<\/p>\n<p>Gdy artysta chce szybko stworzy\u0107 ma\u0142y tatua\u017c, mo\u017ce pracowa\u0107 z miniDOZZER FastLiner Custom Tattoo Machine. To urz\u0105dzenie, wykonuj\u0105ce \u015brednie poci\u0105gni\u0119cia, pomaga mistrzowi tworzy\u0107 wyra\u017ane linie wysokiej jako\u015bci. Pracuj\u0105c z tym urz\u0105dzeniem, artysta mo\u017ce stworzy\u0107 uroczy, schludny malunek na ciele w mniej ni\u017c godzin\u0119.<\/p>\n<p>Ten nowoczesny liner Right Stuff z ram\u0105 z br\u0105zu, przeznaczony do szybkiego tworzenia idealnych kontur\u00f3w, jest u\u017cywany razem z ig\u0142ami 3 - 9 Rl. Maszyna pracuje z cz\u0119stotliwo\u015bci\u0105 160 Hz i napi\u0119ciem 6,6 V. Jej 26-milimetrowe cewki maj\u0105 osiem zwoj\u00f3w.<\/p>","protected":false},"excerpt":{"rendered":"<p>Rama jest wykonana z jednego kawa\u0142ka br\u0105zu.<br \/>\nWysokiej jako\u015bci cewki - 26 mm<br \/>\nOsprz\u0119t z czernionej stali<br \/>\nIg\u0142y preferowane 3-9RL<br \/>\n\u015aredni udar<br \/>\nDzia\u0142a 160hz przy napi\u0119ciu 6,6 V - bez obci\u0105\u017cenia<\/p>\n<p>Waga maszynki do tatua\u017cu 210gr.<\/p>","protected":false},"featured_media":49306,"comment_status":"open","ping_status":"closed","template":"","meta":{"site-sidebar-layout":"","site-content-layout":"","ast-site-content-layout":"default","site-content-style":"default","site-sidebar-style":"default","ast-global-header-display":"","ast-banner-title-visibility":"","ast-main-header-display":"","ast-hfb-above-header-display":"","ast-hfb-below-header-display":"","ast-hfb-mobile-header-display":"","site-post-title":"","ast-breadcrumbs-content":"","ast-featured-img":"","footer-sml-layout":"","ast-disable-related-posts":"","theme-transparent-header-meta":"","adv-header-id-meta":"","stick-header-meta":"","header-above-stick-meta":"","header-main-stick-meta":"","header-below-stick-meta":"","astra-migrate-meta-layouts":"default","ast-page-background-enabled":"default","ast-page-background-meta":{"desktop":{"background-color":"var(--ast-global-color-4)","background-image":"","background-repeat":"repeat","background-position":"center center","background-size":"auto","background-attachment":"scroll","background-type":"","background-media":"","overlay-type":"","overlay-color":"","overlay-opacity":"","overlay-gradient":""},"tablet":{"background-color":"","background-image":"","background-repeat":"repeat","background-position":"center center","background-size":"auto","background-attachment":"scroll","background-type":"","background-media":"","overlay-type":"","overlay-color":"","overlay-opacity":"","overlay-gradient":""},"mobile":{"background-color":"","background-image":"","background-repeat":"repeat","background-position":"center center","background-size":"auto","background-attachment":"scroll","background-type":"","background-media":"","overlay-type":"","overlay-color":"","overlay-opacity":"","overlay-gradient":""}},"ast-content-background-meta":{"desktop":{"background-color":"var(--ast-global-color-5)","background-image":"","background-repeat":"repeat","background-position":"center center","background-size":"auto","background-attachment":"scroll","background-type":"","background-media":"","overlay-type":"","overlay-color":"","overlay-opacity":"","overlay-gradient":""},"tablet":{"background-color":"var(--ast-global-color-5)","background-image":"","background-repeat":"repeat","background-position":"center center","background-size":"auto","background-attachment":"scroll","background-type":"","background-media":"","overlay-type":"","overlay-color":"","overlay-opacity":"","overlay-gradient":""},"mobile":{"background-color":"var(--ast-global-color-5)","background-image":"","background-repeat":"repeat","background-position":"center center","background-size":"auto","background-attachment":"scroll","background-type":"","background-media":"","overlay-type":"","overlay-color":"","overlay-opacity":"","overlay-gradient":""}}},"product_brand":[],"product_cat":[32],"product_tag":[82,93,83,99,1801,87,91,95,72],"class_list":{"0":"post-1126","1":"product","2":"type-product","3":"status-publish","4":"has-post-thumbnail","6":"product_cat-dozzer","7":"product_tag-coil-tattoo-machines","8":"product_tag-custom-tattoo-guns","9":"product_tag-custom-tattoo-machines","10":"product_tag-handmade-tattoo-machines","11":"product_tag-machines-a-tatouer-les-bobines","12":"product_tag-professional-tattoo-machines","13":"product_tag-tattoo-equipment","14":"product_tag-tattoo-guns","15":"product_tag-tattoo-machine-coils","16":"pa_brand-rightstuff","17":"desktop-align-center","18":"tablet-align-left","19":"mobile-align-left","20":"ast-product-gallery-layout-horizontal-slider","21":"ast-product-tabs-layout-horizontal","23":"first","24":"instock","25":"sale","26":"taxable","27":"shipping-taxable","28":"purchasable","29":"product-type-simple"},"_links":{"self":[{"href":"https:\/\/rightstuff.eu\/pl\/wp-json\/wp\/v2\/product\/1126","targetHints":{"allow":["GET"]}}],"collection":[{"href":"https:\/\/rightstuff.eu\/pl\/wp-json\/wp\/v2\/product"}],"about":[{"href":"https:\/\/rightstuff.eu\/pl\/wp-json\/wp\/v2\/types\/product"}],"replies":[{"embeddable":true,"href":"https:\/\/rightstuff.eu\/pl\/wp-json\/wp\/v2\/comments?post=1126"}],"version-history":[{"count":0,"href":"https:\/\/rightstuff.eu\/pl\/wp-json\/wp\/v2\/product\/1126\/revisions"}],"wp:featuredmedia":[{"embeddable":true,"href":"https:\/\/rightstuff.eu\/pl\/wp-json\/wp\/v2\/media\/49306"}],"wp:attachment":[{"href":"https:\/\/rightstuff.eu\/pl\/wp-json\/wp\/v2\/media?parent=1126"}],"wp:term":[{"taxonomy":"product_brand","embeddable":true,"href":"https:\/\/rightstuff.eu\/pl\/wp-json\/wp\/v2\/product_brand?post=1126"},{"taxonomy":"product_cat","embeddable":true,"href":"https:\/\/rightstuff.eu\/pl\/wp-json\/wp\/v2\/product_cat?post=1126"},{"taxonomy":"product_tag","embeddable":true,"href":"https:\/\/rightstuff.eu\/pl\/wp-json\/wp\/v2\/product_tag?post=1126"}],"curies":[{"name":"wp","href":"https:\/\/api.w.org\/{rel}","templated":true}]}}