{"id":1125,"date":"2015-09-04T20:00:43","date_gmt":"2015-09-04T20:00:43","guid":{"rendered":"https:\/\/rightstuff.eu\/?post_type=product&#038;p=1125"},"modified":"2023-11-24T16:36:01","modified_gmt":"2023-11-24T15:36:01","slug":"minidozzer-trueliner","status":"publish","type":"product","link":"https:\/\/rightstuff.eu\/pl\/produkt\/minidozzer-trueliner\/","title":{"rendered":"miniDOZZER TrueLiner Br\u0105zowa Maszynka do Tatua\u017cu"},"content":{"rendered":"<p>Arty\u015bci, kt\u00f3rzy dopiero stawiaj\u0105 pierwsze nie\u015bmia\u0142e kroki w biznesie, kt\u00f3ry nazywa si\u0119 tatuowaniem, cz\u0119sto pope\u0142niaj\u0105 najwi\u0119kszy b\u0142\u0105d. Zaczynaj\u0105 oszcz\u0119dza\u0107 na sprz\u0119cie, a nawet pr\u00f3buj\u0105 zast\u0105pi\u0107 urz\u0105dzenia produkowane komercyjnie w\u0142asnor\u0119cznie. Chc\u0105c pom\u00f3c ka\u017cdemu mistrzowi, zajmuj\u0105cemu si\u0119 malowaniem na sk\u00f3rze, sklep Right Stuff proponuje im zam\u00f3wienie niedrogiej maszynki do tatua\u017cu miniDOZZER TrueLiner. W przeciwie\u0144stwie do bardzo tanich, lekkich, nieprofesjonalnych urz\u0105dze\u0144, to urz\u0105dzenie wykazuje d\u0142u\u017csz\u0105 \u017cywotno\u015b\u0107 i najlepsz\u0105 jako\u015b\u0107 w tworzeniu r\u00f3wnych linii i wyra\u017anych obraz\u00f3w bez rozmycia.<\/p>\n<p>Ten przedmiot ze zwojami 26 mm i 9 owini\u0119ciami, kt\u00f3rego rama jest wykonana z patynowanego br\u0105zu, wa\u017cy 220 gram\u00f3w. Na pocz\u0105tku mo\u017ce ci si\u0119 to wydawa\u0107 nieco ci\u0119\u017ckie. Jednak to urz\u0105dzenie zosta\u0142o zaprojektowane w\u0142a\u015bnie dla Twojej wygody, wi\u0119c wkr\u00f3tce b\u0119dziesz cieszy\u0107 si\u0119 maszyn\u0105. Podczas tworzenia konturu tatua\u017cu dla klienta nie poczujesz \u017cadnych wibracji lub tylko bardzo lekkie dr\u017cenie. U\u017cywaj igie\u0142 7-14 Rl z tym linerem; pracuj z cz\u0119stotliwo\u015bci\u0105 140 Hz i napi\u0119ciem 6,5 V.<\/p>","protected":false},"excerpt":{"rendered":"<p>Rama jest wykonana z jednego kawa\u0142ka br\u0105zu.<\/p>\n<p>Kolor mo\u017ce r\u00f3\u017cni\u0107 si\u0119 od pokazanego na zdj\u0119ciu<br \/>\nWysokiej jako\u015bci cewki - 26 mm * 9 zwoj\u00f3w<br \/>\nOsprz\u0119t z czernionej stali<br \/>\nPreferowane ig\u0142y 7-14rl<br \/>\nD\u0142ugi skok<br \/>\nDzia\u0142a z cz\u0119stotliwo\u015bci\u0105 140 Hz przy napi\u0119ciu 6,5 V - bez obci\u0105\u017cenia<\/p>\n<p>Waga maszynki do tatua\u017cu 200 gr.<\/p>","protected":false},"featured_media":49311,"comment_status":"open","ping_status":"closed","template":"","meta":{"site-sidebar-layout":"default","site-content-layout":"","ast-site-content-layout":"default","site-content-style":"default","site-sidebar-style":"default","ast-global-header-display":"","ast-banner-title-visibility":"","ast-main-header-display":"","ast-hfb-above-header-display":"","ast-hfb-below-header-display":"","ast-hfb-mobile-header-display":"","site-post-title":"","ast-breadcrumbs-content":"","ast-featured-img":"","footer-sml-layout":"","ast-disable-related-posts":"","theme-transparent-header-meta":"default","adv-header-id-meta":"","stick-header-meta":"default","header-above-stick-meta":"","header-main-stick-meta":"","header-below-stick-meta":"","astra-migrate-meta-layouts":"set","ast-page-background-enabled":"default","ast-page-background-meta":{"desktop":{"background-color":"var(--ast-global-color-4)","background-image":"","background-repeat":"repeat","background-position":"center center","background-size":"auto","background-attachment":"scroll","background-type":"","background-media":"","overlay-type":"","overlay-color":"","overlay-opacity":"","overlay-gradient":""},"tablet":{"background-color":"","background-image":"","background-repeat":"repeat","background-position":"center center","background-size":"auto","background-attachment":"scroll","background-type":"","background-media":"","overlay-type":"","overlay-color":"","overlay-opacity":"","overlay-gradient":""},"mobile":{"background-color":"","background-image":"","background-repeat":"repeat","background-position":"center center","background-size":"auto","background-attachment":"scroll","background-type":"","background-media":"","overlay-type":"","overlay-color":"","overlay-opacity":"","overlay-gradient":""}},"ast-content-background-meta":{"desktop":{"background-color":"var(--ast-global-color-5)","background-image":"","background-repeat":"repeat","background-position":"center center","background-size":"auto","background-attachment":"scroll","background-type":"","background-media":"","overlay-type":"","overlay-color":"","overlay-opacity":"","overlay-gradient":""},"tablet":{"background-color":"var(--ast-global-color-5)","background-image":"","background-repeat":"repeat","background-position":"center center","background-size":"auto","background-attachment":"scroll","background-type":"","background-media":"","overlay-type":"","overlay-color":"","overlay-opacity":"","overlay-gradient":""},"mobile":{"background-color":"var(--ast-global-color-5)","background-image":"","background-repeat":"repeat","background-position":"center center","background-size":"auto","background-attachment":"scroll","background-type":"","background-media":"","overlay-type":"","overlay-color":"","overlay-opacity":"","overlay-gradient":""}}},"product_brand":[],"product_cat":[32],"product_tag":[82,93,83,99,1801,87,91,95,72],"class_list":{"0":"post-1125","1":"product","2":"type-product","3":"status-publish","4":"has-post-thumbnail","6":"product_cat-dozzer","7":"product_tag-coil-tattoo-machines","8":"product_tag-custom-tattoo-guns","9":"product_tag-custom-tattoo-machines","10":"product_tag-handmade-tattoo-machines","11":"product_tag-machines-a-tatouer-les-bobines","12":"product_tag-professional-tattoo-machines","13":"product_tag-tattoo-equipment","14":"product_tag-tattoo-guns","15":"product_tag-tattoo-machine-coils","16":"pa_brand-rightstuff","17":"desktop-align-center","18":"tablet-align-left","19":"mobile-align-left","20":"ast-product-gallery-layout-horizontal-slider","21":"ast-product-tabs-layout-horizontal","23":"first","24":"instock","25":"sale","26":"taxable","27":"shipping-taxable","28":"purchasable","29":"product-type-simple"},"_links":{"self":[{"href":"https:\/\/rightstuff.eu\/pl\/wp-json\/wp\/v2\/product\/1125","targetHints":{"allow":["GET"]}}],"collection":[{"href":"https:\/\/rightstuff.eu\/pl\/wp-json\/wp\/v2\/product"}],"about":[{"href":"https:\/\/rightstuff.eu\/pl\/wp-json\/wp\/v2\/types\/product"}],"replies":[{"embeddable":true,"href":"https:\/\/rightstuff.eu\/pl\/wp-json\/wp\/v2\/comments?post=1125"}],"version-history":[{"count":0,"href":"https:\/\/rightstuff.eu\/pl\/wp-json\/wp\/v2\/product\/1125\/revisions"}],"wp:featuredmedia":[{"embeddable":true,"href":"https:\/\/rightstuff.eu\/pl\/wp-json\/wp\/v2\/media\/49311"}],"wp:attachment":[{"href":"https:\/\/rightstuff.eu\/pl\/wp-json\/wp\/v2\/media?parent=1125"}],"wp:term":[{"taxonomy":"product_brand","embeddable":true,"href":"https:\/\/rightstuff.eu\/pl\/wp-json\/wp\/v2\/product_brand?post=1125"},{"taxonomy":"product_cat","embeddable":true,"href":"https:\/\/rightstuff.eu\/pl\/wp-json\/wp\/v2\/product_cat?post=1125"},{"taxonomy":"product_tag","embeddable":true,"href":"https:\/\/rightstuff.eu\/pl\/wp-json\/wp\/v2\/product_tag?post=1125"}],"curies":[{"name":"wp","href":"https:\/\/api.w.org\/{rel}","templated":true}]}}