{"id":1124,"date":"2015-09-04T23:00:43","date_gmt":"2015-09-04T20:00:43","guid":{"rendered":"https:\/\/rightstuff.eu\/?post_type=product&#038;p=1124"},"modified":"2025-01-22T01:37:13","modified_gmt":"2025-01-22T00:37:13","slug":"dozzer-colorpacker","status":"publish","type":"product","link":"https:\/\/rightstuff.eu\/pl\/produkt\/dozzer-colorpacker\/","title":{"rendered":"Maszynka do tatua\u017cu DOZZER ColorPacker"},"content":{"rendered":"<p>Ludzko\u015b\u0107 wymy\u015bli\u0142a tatua\u017ce wieki temu - pierwsi mistrzowie tej starej, ale wyj\u0105tkowej sztuki wykorzystywali w swojej pracy wy\u0142\u0105cznie naturalne farby i ograniczone odcienie kolor\u00f3w. Dzi\u015b sztuka ta, b\u0119d\u0105ca jednocze\u015bnie \u015bwietnym biznesem i hobby dla wielu artyst\u00f3w, cieszy si\u0119 ogromn\u0105 popularno\u015bci\u0105. Dzi\u0119ki nowoczesnym, wygodnym w <a href=\"https:\/\/rightstuff.eu\/product-tag\/tattoo-supplies\/\">sprz\u0119t u\u017cytkowy<\/a> i specjalny tusz we wszystkich odcieniach, tatua\u017c zosta\u0142 przekszta\u0142cony w najbardziej atrakcyjne dzie\u0142o sztuki. Widz\u0105c faceta z cia\u0142em pokrytym fantastycznymi trwa\u0142ymi obrazami, powiniene\u015b wiedzie\u0107 - mistrz, kt\u00f3ry stworzy\u0142 to arcydzie\u0142o, m\u00f3g\u0142 u\u017cy\u0107 podobnego urz\u0105dzenia DOZZER ColorPacker Tattoo Machine.<\/p>\n<p>Pracuj\u0105c z tym urz\u0105dzeniem, artysta mo\u017ce z \u0142atwo\u015bci\u0105 cieniowa\u0107 obraz, wybieraj\u0105c farby o wymaganych kolorach. \u0106wicz\u0105c wykonywanie kolorowych tatua\u017cy i u\u017cywaj\u0105c igie\u0142 7 M i wi\u0119cej, b\u0119dziesz cieszy\u0107 si\u0119 tym urz\u0105dzeniem, kt\u00f3re wa\u017cy 210 gram\u00f3w i ma 26 mm dziesi\u0119\u0107 zwoj\u00f3w.<\/p>","protected":false},"excerpt":{"rendered":"<p>Rama jest wykonana z jednego kawa\u0142ka br\u0105zu.<br \/>\nWysokiej jako\u015bci zwoje - 25 mm * 10 owini\u0119\u0107<br \/>\nOsprz\u0119t z czernionej stali<br \/>\nPreferowane ig\u0142y 7m i w g\u00f3r\u0119<br \/>\nD\u0142ugi skok<br \/>\nDzia\u0142a z cz\u0119stotliwo\u015bci\u0105 95 Hz przy napi\u0119ciu 4,0 V - bez obci\u0105\u017cenia<\/p>\n<p>Waga maszynki do tatua\u017cu 210gr.<\/p>","protected":false},"featured_media":49303,"comment_status":"open","ping_status":"closed","template":"","meta":{"site-sidebar-layout":"","site-content-layout":"","ast-site-content-layout":"default","site-content-style":"default","site-sidebar-style":"default","ast-global-header-display":"","ast-banner-title-visibility":"","ast-main-header-display":"","ast-hfb-above-header-display":"","ast-hfb-below-header-display":"","ast-hfb-mobile-header-display":"","site-post-title":"","ast-breadcrumbs-content":"","ast-featured-img":"","footer-sml-layout":"","ast-disable-related-posts":"","theme-transparent-header-meta":"","adv-header-id-meta":"","stick-header-meta":"","header-above-stick-meta":"","header-main-stick-meta":"","header-below-stick-meta":"","astra-migrate-meta-layouts":"default","ast-page-background-enabled":"default","ast-page-background-meta":{"desktop":{"background-color":"var(--ast-global-color-4)","background-image":"","background-repeat":"repeat","background-position":"center center","background-size":"auto","background-attachment":"scroll","background-type":"","background-media":"","overlay-type":"","overlay-color":"","overlay-opacity":"","overlay-gradient":""},"tablet":{"background-color":"","background-image":"","background-repeat":"repeat","background-position":"center center","background-size":"auto","background-attachment":"scroll","background-type":"","background-media":"","overlay-type":"","overlay-color":"","overlay-opacity":"","overlay-gradient":""},"mobile":{"background-color":"","background-image":"","background-repeat":"repeat","background-position":"center center","background-size":"auto","background-attachment":"scroll","background-type":"","background-media":"","overlay-type":"","overlay-color":"","overlay-opacity":"","overlay-gradient":""}},"ast-content-background-meta":{"desktop":{"background-color":"var(--ast-global-color-5)","background-image":"","background-repeat":"repeat","background-position":"center center","background-size":"auto","background-attachment":"scroll","background-type":"","background-media":"","overlay-type":"","overlay-color":"","overlay-opacity":"","overlay-gradient":""},"tablet":{"background-color":"var(--ast-global-color-5)","background-image":"","background-repeat":"repeat","background-position":"center center","background-size":"auto","background-attachment":"scroll","background-type":"","background-media":"","overlay-type":"","overlay-color":"","overlay-opacity":"","overlay-gradient":""},"mobile":{"background-color":"var(--ast-global-color-5)","background-image":"","background-repeat":"repeat","background-position":"center center","background-size":"auto","background-attachment":"scroll","background-type":"","background-media":"","overlay-type":"","overlay-color":"","overlay-opacity":"","overlay-gradient":""}}},"product_brand":[],"product_cat":[32],"product_tag":[82,93,83,99,1801,87,91,95,72],"class_list":{"0":"post-1124","1":"product","2":"type-product","3":"status-publish","4":"has-post-thumbnail","6":"product_cat-dozzer","7":"product_tag-coil-tattoo-machines","8":"product_tag-custom-tattoo-guns","9":"product_tag-custom-tattoo-machines","10":"product_tag-handmade-tattoo-machines","11":"product_tag-machines-a-tatouer-les-bobines","12":"product_tag-professional-tattoo-machines","13":"product_tag-tattoo-equipment","14":"product_tag-tattoo-guns","15":"product_tag-tattoo-machine-coils","16":"pa_brand-rightstuff","17":"desktop-align-center","18":"tablet-align-left","19":"mobile-align-left","20":"ast-product-gallery-layout-horizontal-slider","21":"ast-product-tabs-layout-horizontal","23":"first","24":"instock","25":"sale","26":"taxable","27":"shipping-taxable","28":"purchasable","29":"product-type-simple"},"_links":{"self":[{"href":"https:\/\/rightstuff.eu\/pl\/wp-json\/wp\/v2\/product\/1124","targetHints":{"allow":["GET"]}}],"collection":[{"href":"https:\/\/rightstuff.eu\/pl\/wp-json\/wp\/v2\/product"}],"about":[{"href":"https:\/\/rightstuff.eu\/pl\/wp-json\/wp\/v2\/types\/product"}],"replies":[{"embeddable":true,"href":"https:\/\/rightstuff.eu\/pl\/wp-json\/wp\/v2\/comments?post=1124"}],"version-history":[{"count":0,"href":"https:\/\/rightstuff.eu\/pl\/wp-json\/wp\/v2\/product\/1124\/revisions"}],"wp:featuredmedia":[{"embeddable":true,"href":"https:\/\/rightstuff.eu\/pl\/wp-json\/wp\/v2\/media\/49303"}],"wp:attachment":[{"href":"https:\/\/rightstuff.eu\/pl\/wp-json\/wp\/v2\/media?parent=1124"}],"wp:term":[{"taxonomy":"product_brand","embeddable":true,"href":"https:\/\/rightstuff.eu\/pl\/wp-json\/wp\/v2\/product_brand?post=1124"},{"taxonomy":"product_cat","embeddable":true,"href":"https:\/\/rightstuff.eu\/pl\/wp-json\/wp\/v2\/product_cat?post=1124"},{"taxonomy":"product_tag","embeddable":true,"href":"https:\/\/rightstuff.eu\/pl\/wp-json\/wp\/v2\/product_tag?post=1124"}],"curies":[{"name":"wp","href":"https:\/\/api.w.org\/{rel}","templated":true}]}}